{"id":1079,"date":"2024-02-26T08:14:08","date_gmt":"2024-02-26T07:14:08","guid":{"rendered":"https:\/\/blogsaverroes.juntadeandalucia.es\/ceipramonycajal\/?page_id=1079"},"modified":"2024-11-03T23:38:21","modified_gmt":"2024-11-03T22:38:21","slug":"planes-y-proyectos-educativos","status":"publish","type":"page","link":"https:\/\/blogsaverroes.juntadeandalucia.es\/ceipramonycajal\/planes-y-proyectos-educativos\/","title":{"rendered":"Planes y proyectos educativos"},"content":{"rendered":"<!--themify_builder_content-->\n<div id=\"themify_builder_content-1079\" data-postid=\"1079\" class=\"themify_builder_content themify_builder_content-1079 themify_builder tf_clear\">\n                    <div  data-css_id=\"r423235\" data-lazy=\"1\" class=\"module_row themify_builder_row fullwidth tb_r423235 tb_first tf_w\">\n                        <div class=\"row_inner gutter-none col_align_middle tb_col_count_4 tf_box tf_rel\">\n                        <div  data-lazy=\"1\" class=\"module_column tb-column col4-1 tb_xwf3235 first\">\n        <span class=\"builder_row_cover tf_abs\"><\/span>            <!-- module text -->\n<div  class=\"module module-text tb_8g2v236  repeat \" data-lazy=\"1\">\n        <div  class=\"tb_text_wrap\">\n        <h3>Plan de Trabajo de la Biblioteca<\/h3>\n<p>\u00a0<\/p>    <\/div>\n<\/div>\n<!-- \/module text --><!-- module buttons -->\n<div  class=\"module module-buttons tb_3c09237 buttons-horizontal solid  circle\" data-lazy=\"1\">\n        <div class=\"module-buttons-item tf_in_flx\">\n                        <a href=\"https:\/\/blogsaverroes.juntadeandalucia.es\/ceipramonhernandez\/files\/2022\/11\/Plan-de-Trabajo-\" class=\"ui builder_button tf_in_flx red\" target=\"_blank\" rel=\"noopener\">\n                                                VER                                        <\/a>\n                <\/div>\n            <\/div>\n<!-- \/module buttons -->\n<!-- module text -->\n<div  class=\"module module-text tb_59dr238  repeat \" data-lazy=\"1\">\n        <div  class=\"tb_text_wrap\">\n        <h3>\u00a0<\/h3>\n<h3>Coordinadora:<\/h3>\n<h3>Lidia Redondo Ru\u00edz<\/h3>    <\/div>\n<\/div>\n<!-- \/module text -->        <\/div>\n                    <div  data-lazy=\"1\" class=\"module_column tb-column col4-1 tb_8kfe238\">\n        <span class=\"builder_row_cover tf_abs\"><\/span>            <!-- module text -->\n<div  class=\"module module-text tb_hxpx238  repeat \" data-lazy=\"1\">\n        <div  class=\"tb_text_wrap\">\n        <h3>Transformaci\u00f3n Digital Educativa (TDE)<\/h3>\n<p>\u00a0<\/p>    <\/div>\n<\/div>\n<!-- \/module text --><!-- module buttons -->\n<div  class=\"module module-buttons tb_5x74239 buttons-horizontal solid  circle\" data-lazy=\"1\">\n        <div class=\"module-buttons-item tf_in_flx\">\n                        <a href=\"https:\/\/drive.google.com\/file\/d\/1AmJ6493de1WAixlRs_ruvSrZITQNT\" class=\"ui builder_button tf_in_flx yellow\" target=\"_blank\" rel=\"noopener\">\n                                                VER                                        <\/a>\n                <\/div>\n            <\/div>\n<!-- \/module buttons -->\n<!-- module text -->\n<div  class=\"module module-text tb_x5wd239  repeat \" data-lazy=\"1\">\n        <div  class=\"tb_text_wrap\">\n        <h3>\u00a0<\/h3>\n<h3>Coordinador:<\/h3>\n<h3>Encarnaci\u00f3n Mu\u00f1oz Castillo\u00a0<\/h3>    <\/div>\n<\/div>\n<!-- \/module text -->        <\/div>\n                    <div  data-lazy=\"1\" class=\"module_column tb-column col4-1 tb_qs10239\">\n        <span class=\"builder_row_cover tf_abs\"><\/span>            <!-- module text -->\n<div  class=\"module module-text tb_8qt9240  repeat \" data-lazy=\"1\">\n        <div  class=\"tb_text_wrap\">\n        <h3>Plan de Salud Laboral y P.R.L.<\/h3>\n<p>\u00a0<\/p>    <\/div>\n<\/div>\n<!-- \/module text --><!-- module buttons -->\n<div  class=\"module module-buttons tb_pzmf240 buttons-horizontal solid  circle\" data-lazy=\"1\">\n        <div class=\"module-buttons-item tf_in_flx\">\n                        <a href=\"https:\/\/blogsaverroes.juntadeandalucia.es\/ceipramonycajal\/files\/2024\/0\" class=\"ui builder_button tf_in_flx purple\" target=\"_blank\" rel=\"noopener\">\n                                                VER                                        <\/a>\n                <\/div>\n            <\/div>\n<!-- \/module buttons -->\n<!-- module text -->\n<div  class=\"module module-text tb_b5cw240  repeat \" data-lazy=\"1\">\n        <div  class=\"tb_text_wrap\">\n        <h3>\u00a0<\/h3>\n<h3>Coordinadora:<\/h3>\n<h3>Ra\u00fal Francisco Romero Mu\u00f1\u00edz<\/h3>    <\/div>\n<\/div>\n<!-- \/module text -->        <\/div>\n                    <div  data-lazy=\"1\" class=\"module_column tb-column col4-1 tb_aoqu914 last\">\n        <span class=\"builder_row_cover tf_abs\"><\/span>            <!-- module text -->\n<div  class=\"module module-text tb_fb8h914  repeat \" data-lazy=\"1\">\n        <div  class=\"tb_text_wrap\">\n        <h3>Red Andaluza Escuela: &#8220;Espacio de Paz&#8221;<\/h3>    <\/div>\n<\/div>\n<!-- \/module text --><!-- module buttons -->\n<div  class=\"module module-buttons tb_j1jm440 buttons-horizontal solid  circle\" data-lazy=\"1\">\n        <div class=\"module-buttons-item tf_in_flx\">\n                        <a href=\"https:\/\/drive.google.com\/file\/d\/1lqw-Qv4HuGYEDM66XFoxZwIw7w3KJBET\/preview\" class=\"ui builder_button tf_in_flx green\" target=\"_blank\" rel=\"noopener\">\n                                                VER                                        <\/a>\n                <\/div>\n            <\/div>\n<!-- \/module buttons -->\n<!-- module text -->\n<div  class=\"module module-text tb_27ir915  repeat \" data-lazy=\"1\">\n        <div  class=\"tb_text_wrap\">\n        <h3>\u00a0<\/h3>\n<h3>Coordinadora:<\/h3>\n<h3>Lidia Redondo Ru\u00edz<\/h3>    <\/div>\n<\/div>\n<!-- \/module text -->        <\/div>\n                        <\/div>\n        <\/div>\n                        <div  data-css_id=\"7jl5854\" data-lazy=\"1\" class=\"module_row themify_builder_row fullwidth tb_7jl5854 tf_w\">\n                        <div class=\"row_inner gutter-none col_align_middle tb_col_count_4 tf_box tf_rel\">\n                        <div  data-lazy=\"1\" class=\"module_column tb-column col4-1 tb_25i1686 first\">\n        <span class=\"builder_row_cover tf_abs\"><\/span>            <!-- module text -->\n<div  class=\"module module-text tb_5m7i686  repeat \" data-lazy=\"1\">\n        <div  class=\"tb_text_wrap\">\n        <h3>Plan de apertura de centros docentes<\/h3>\n<p>\u00a0<\/p>    <\/div>\n<\/div>\n<!-- \/module text --><!-- module buttons -->\n<div  class=\"module module-buttons tb_6mj2686 buttons-horizontal solid  circle\" data-lazy=\"1\">\n        <div class=\"module-buttons-item tf_in_flx\">\n                        <a href=\"https:\/\/blogsaverroes.juntadeandalucia.es\/ceipramonherna\" class=\"ui builder_button tf_in_flx red\" target=\"_blank\" rel=\"noopener\">\n                                                VER                                        <\/a>\n                <\/div>\n            <\/div>\n<!-- \/module buttons -->\n<!-- module text -->\n<div  class=\"module module-text tb_bmbf686  repeat \" data-lazy=\"1\">\n        <div  class=\"tb_text_wrap\">\n        <h3>\u00a0<\/h3>\n<h3>Coordinadora:<\/h3>\n<h3>Encarnaci\u00f3n Mu\u00f1oz Castillo<\/h3>    <\/div>\n<\/div>\n<!-- \/module text -->        <\/div>\n                    <div  data-lazy=\"1\" class=\"module_column tb-column col4-1 tb_h7yn511\">\n        <span class=\"builder_row_cover tf_abs\"><\/span>            <!-- module text -->\n<div  class=\"module module-text tb_1xru511  repeat \" data-lazy=\"1\">\n        <div  class=\"tb_text_wrap\">\n        <h3>PROGRAMA CIMA<\/h3>    <\/div>\n<\/div>\n<!-- \/module text --><!-- module text -->\n<div  class=\"module module-text tb_iy72511  repeat \" data-lazy=\"1\">\n        <div  class=\"tb_text_wrap\">\n        <h3>\u00a0<\/h3>\n<h3>Coordinadora:<\/h3>\n<h3>M\u00aa del Carmen Laguna Luque<\/h3>    <\/div>\n<\/div>\n<!-- \/module text -->        <\/div>\n                    <div  data-lazy=\"1\" class=\"module_column tb-column col4-1 tb_ynio858\">\n        <span class=\"builder_row_cover tf_abs\"><\/span>            <!-- module text -->\n<div  class=\"module module-text tb_k7lu858  repeat \" data-lazy=\"1\">\n        <div  class=\"tb_text_wrap\">\n        <h3><span style=\"color: #ffffff;\"><a style=\"color: #ffffff;\" role=\"button\">Pr\u00e1cticum Grado Maestro<\/a><\/span><\/h3>    <\/div>\n<\/div>\n<!-- \/module text --><!-- module text -->\n<div  class=\"module module-text tb_rpb9858  repeat \" data-lazy=\"1\">\n        <div  class=\"tb_text_wrap\">\n        <h3>\u00a0<\/h3>\n<h3>Coordinadora:<\/h3>\n<h3>Encarnaci\u00f3n Mu\u00f1oz Castillo<\/h3>    <\/div>\n<\/div>\n<!-- \/module text -->        <\/div>\n                    <div  data-lazy=\"1\" class=\"module_column tb-column col4-1 tb_6pzu605 last\">\n        <span class=\"builder_row_cover tf_abs\"><\/span>            <!-- module text -->\n<div  class=\"module module-text tb_a5w1605  repeat \" data-lazy=\"1\">\n        <div  class=\"tb_text_wrap\">\n        <h3>Plan de igualdad de g\u00e9nero entre hombres y mujeres<\/h3>\n<p>\u00a0<\/p>    <\/div>\n<\/div>\n<!-- \/module text --><!-- module buttons -->\n<div  class=\"module module-buttons tb_mgjo606 buttons-horizontal solid  circle\" data-lazy=\"1\">\n        <div class=\"module-buttons-item tf_in_flx\">\n                        <a href=\"https:\/\/docs.google.com\/document\/d\/1_fk4SumAUu7oLMEdi7wUTJUlU5fITUpaOlQL5myUj\" class=\"ui builder_button tf_in_flx yellow\" target=\"_blank\" rel=\"noopener\">\n                                                VER                                        <\/a>\n                <\/div>\n            <\/div>\n<!-- \/module buttons -->\n<!-- module text -->\n<div  class=\"module module-text tb_s4jl606  repeat \" data-lazy=\"1\">\n        <div  class=\"tb_text_wrap\">\n        <h3>\u00a0<\/h3>\n<h3>Coordinadora:<\/h3>\n<h3>M\u00aa Rosario Luque Cobos<\/h3>    <\/div>\n<\/div>\n<!-- \/module text -->        <\/div>\n                        <\/div>\n        <\/div>\n        <\/div>\n<!--\/themify_builder_content-->","protected":false},"excerpt":{"rendered":"<p>Plan de Trabajo de la Biblioteca \u00a0 VER \u00a0 Coordinadora: Lidia Redondo Ru\u00edz Transformaci\u00f3n Digital Educativa (TDE) \u00a0 VER \u00a0 Coordinador: Encarnaci\u00f3n Mu\u00f1oz Castillo\u00a0 Plan de Salud Laboral y P.R.L. \u00a0 VER \u00a0 Coordinadora: Ra\u00fal Francisco Romero Mu\u00f1\u00edz Red Andaluza Escuela: &#8220;Espacio de Paz&#8221; VER \u00a0 Coordinadora: Lidia Redondo Ru\u00edz Plan de apertura de centros [&hellip;]<\/p>\n","protected":false},"author":5333,"featured_media":0,"parent":0,"menu_order":0,"comment_status":"closed","ping_status":"closed","template":"","meta":{"ngg_post_thumbnail":0,"footnotes":""},"aioseo_notices":[],"_links":{"self":[{"href":"https:\/\/blogsaverroes.juntadeandalucia.es\/ceipramonycajal\/wp-json\/wp\/v2\/pages\/1079"}],"collection":[{"href":"https:\/\/blogsaverroes.juntadeandalucia.es\/ceipramonycajal\/wp-json\/wp\/v2\/pages"}],"about":[{"href":"https:\/\/blogsaverroes.juntadeandalucia.es\/ceipramonycajal\/wp-json\/wp\/v2\/types\/page"}],"author":[{"embeddable":true,"href":"https:\/\/blogsaverroes.juntadeandalucia.es\/ceipramonycajal\/wp-json\/wp\/v2\/users\/5333"}],"replies":[{"embeddable":true,"href":"https:\/\/blogsaverroes.juntadeandalucia.es\/ceipramonycajal\/wp-json\/wp\/v2\/comments?post=1079"}],"version-history":[{"count":19,"href":"https:\/\/blogsaverroes.juntadeandalucia.es\/ceipramonycajal\/wp-json\/wp\/v2\/pages\/1079\/revisions"}],"predecessor-version":[{"id":1713,"href":"https:\/\/blogsaverroes.juntadeandalucia.es\/ceipramonycajal\/wp-json\/wp\/v2\/pages\/1079\/revisions\/1713"}],"wp:attachment":[{"href":"https:\/\/blogsaverroes.juntadeandalucia.es\/ceipramonycajal\/wp-json\/wp\/v2\/media?parent=1079"}],"curies":[{"name":"wp","href":"https:\/\/api.w.org\/{rel}","templated":true}]}}