{"id":840,"date":"2020-12-18T08:38:52","date_gmt":"2020-12-18T07:38:52","guid":{"rendered":"https:\/\/blogsaverroes.juntadeandalucia.es\/pre\/plantilla-pencil\/?page_id=840"},"modified":"2024-08-29T17:51:20","modified_gmt":"2024-08-29T16:51:20","slug":"ampa","status":"publish","type":"page","link":"https:\/\/blogsaverroes.juntadeandalucia.es\/ceipramonycajal\/ampa\/","title":{"rendered":"AMPA"},"content":{"rendered":"<!--themify_builder_content-->\n<div id=\"themify_builder_content-840\" data-postid=\"840\" class=\"themify_builder_content themify_builder_content-840 themify_builder tf_clear\">\n                    <div  data-css_id=\"4o0o85\" data-lazy=\"1\" class=\"module_row themify_builder_row fullwidth tb_4o0o85 tb_first tf_w\">\n                        <div class=\"row_inner col_align_top tb_col_count_1 tf_box tf_rel\">\n                        <div  data-lazy=\"1\" class=\"module_column tb-column col-full tb_l8l085 first\">\n                            <div  data-lazy=\"1\" class=\"module_subrow themify_builder_sub_row tf_w gutter-narrow col_align_top tb_col_count_2 tb_jomk86\">\n                <div  data-lazy=\"1\" class=\"module_column sub_column col2-1 tb_ic1j86 first\">\n                    <!-- module image -->\n<div  class=\"module module-image tb_xsek87 image-full-overlay rounded  tf_mw\" data-lazy=\"1\">\n        <div class=\"image-wrap tf_rel tf_mw\">\n            <img loading=\"lazy\" decoding=\"async\" width=\"777\" height=\"778\" src=\"https:\/\/blogsaverroes.juntadeandalucia.es\/ceipramonycajal\/files\/2024\/08\/306780755_1010412333234518_4561036964347027246_n.jpg\" class=\"wp-post-image wp-image-1653\" title=\"306780755_1010412333234518_4561036964347027246_n\" alt=\"306780755_1010412333234518_4561036964347027246_n\" srcset=\"https:\/\/blogsaverroes.juntadeandalucia.es\/ceipramonycajal\/files\/2024\/08\/306780755_1010412333234518_4561036964347027246_n.jpg 777w, https:\/\/blogsaverroes.juntadeandalucia.es\/ceipramonycajal\/files\/2024\/08\/306780755_1010412333234518_4561036964347027246_n-300x300.jpg 300w, https:\/\/blogsaverroes.juntadeandalucia.es\/ceipramonycajal\/files\/2024\/08\/306780755_1010412333234518_4561036964347027246_n-150x150.jpg 150w, https:\/\/blogsaverroes.juntadeandalucia.es\/ceipramonycajal\/files\/2024\/08\/306780755_1010412333234518_4561036964347027246_n-768x769.jpg 768w\" sizes=\"(max-width: 777px) 100vw, 777px\" \/>    \n        <\/div>\n    <!-- \/image-wrap -->\n    \n        <\/div>\n<!-- \/module image -->        <\/div>\n                    <div  data-lazy=\"1\" class=\"module_column sub_column col2-1 tb_x43287 last\">\n                    <!-- module text -->\n<div  class=\"module module-text tb_s2yo88  repeat \" data-lazy=\"1\">\n    <h3 class=\"module-title\">Saludo de la AMPA<\/h3>    <div  class=\"tb_text_wrap\">\n        <p style=\"text-align: justify;\">Queridas familias, \u00a0os damos la bienvenida al colegio, somos\u00a0 la asociaci\u00f3n de madres y padres de este colegio. \u00a0La ampa, de forma activa y en plena armon\u00eda colabora con la comunidad educativa que lo compone.\u00a0<\/p>\n<p style=\"text-align: justify;\">La AMPA es un instrumento de vital importancia en el colegio. Prestamos apoyo ante cualquier circunstancia y colaboramos en todas las actividades que se desarrollan en \u00e9l:<\/p>\n<ul style=\"text-align: justify;\">\n<li>Organizamos la visita de sus Majestades los Reyes Magos<\/li>\n<li>Aportamos el desayunos molinero el d\u00eda de Andaluc\u00eda<\/li>\n<li>Organizamos la Semana Santa Chica.<\/li>\n<li>Organizamos la Fiesta de Fin de Curso.<\/li>\n<\/ul>\n<p style=\"text-align: justify;\">Por otro lado, tenemos la Escuela de M\u00fasica de la AMPA, en la cual, son m\u00e1s de 70 ni\u00f1os los que forman parte de ella aprendiendo, amando y disfrutando de la m\u00fasica. Los ni\u00f1os comienzan con tres a\u00f1os y est\u00e1n a lo largo de su etapa educativa. Realizan conciertos en Navidad, Semana Santa y fin de curso.<\/p>\n<p style=\"text-align: justify;\">Disponemos de clases de ingl\u00e9s para todos los niveles, impartidos por una maestra nativa de la lengua inglesa.<\/p>\n<p style=\"text-align: justify;\">Colabora con nosotros las Clases de Baile de \u201cKaty Reyes\u201d, iniciando a los ni\u00f1os al arte del baile flamenco. Y tambi\u00e9n, las Clases de Zumba de \u201cLuz Mar\u00eda\u201d. Por formar parte de la asociaci\u00f3n, se realiza descuento.<\/p>\n<p style=\"text-align: justify;\">La Escuela de F\u00fatbol, el Club de Baloncesto y la Escuela de P\u00e1del forman parte de nuestras colaboraciones, haciendo descuento por pertenecer a la asociaci\u00f3n.<\/p>\n<p style=\"text-align: justify;\">Tambi\u00e9n, hemos conseguido aportar al colegio en esto \u00faltimos a\u00f1os, dos tablet y un intercomunicador para los ni\u00f1os con necesidades especiales educativas, centr\u00e1ndonos en su bienestar y desarrollo. Para nosotros, este alumnado es nuestra prioridad. En estos momentos, estamos colaborando con el colegio para terminar el aula espec\u00edfica y as\u00ed beneficiar a los ni\u00f1os.<\/p>\n<p style=\"text-align: justify;\">Aportamos colecciones completas de libros para la biblioteca de ambos edificios, desde hace varios a\u00f1os.<\/p>\n<p style=\"text-align: justify;\">Durante la pandemia, aportamos purificadores con filtros HEPA en ambos colegios, realizando una gran rifa y pidiendo colaboraciones con los comerciantes de nuestro pueblo.<\/p>\n<p style=\"text-align: justify;\">Logramos en colaboraci\u00f3n con el ayuntamiento y colegio, reabrir el aula matinal que estaba cerrada. Era un servicio fundamental que se hab\u00eda perdido y con esfuerzo, se consigui\u00f3 poner en marcha de nuevo.<\/p>\n<p style=\"text-align: justify;\">Formamos parte del Consejo Escolar, con un representante de la AMPA y tambi\u00e9n como padres.<\/p>\n<p style=\"text-align: justify;\">Tenemos n\u00famero de tel\u00e9fono m\u00f3vil, correo electr\u00f3nico y estamos en redes sociales para facilitar la comunicaci\u00f3n ante cualquier necesidad que teng\u00e1is.<\/p>\n<p style=\"text-align: justify;\"><strong>La cuota son 12\u20ac por familia<\/strong>. Para los ni\u00f1os de 1\u00ba a 6\u00ba se le entrega una agenda escolar, ya que la necesitan y para los ni\u00f1os de Infantil, un regalito.<\/p>\n<p style=\"text-align: justify;\">\u00a0Os animamos y pedimos vuestra colaboraci\u00f3n para que podamos seguir disfrutando y realizando nuestro proyecto que es para y por nuestros ni\u00f1os.<\/p>\n<p style=\"text-align: justify;\">Os esperamos a todos,<\/p>\n<p style=\"text-align: justify;\"><strong>La Junta Directiva del AMPA.<\/strong><\/p>\n<p style=\"text-align: justify;\"><a href=\"_wp_link_placeholder\" data-wplink-edit=\"true\">#laampasomostod@s.<\/a><\/p>\n<p style=\"text-align: justify;\"><a href=\"_wp_link_placeholder\">#laampaestaporyparanuestr@ni\u00f1@s<\/a><\/p>    <\/div>\n<\/div>\n<!-- \/module text -->        <\/div>\n                    <\/div>\n                <\/div>\n                        <\/div>\n        <\/div>\n        <\/div>\n<!--\/themify_builder_content-->","protected":false},"excerpt":{"rendered":"<p>Saludo de la AMPA Queridas familias, \u00a0os damos la bienvenida al colegio, somos\u00a0 la asociaci\u00f3n de madres y padres de este colegio. \u00a0La ampa, de forma activa y en plena armon\u00eda colabora con la comunidad educativa que lo compone.\u00a0 La AMPA es un instrumento de vital importancia en el colegio. Prestamos apoyo ante cualquier circunstancia [&hellip;]<\/p>\n","protected":false},"author":5389,"featured_media":0,"parent":0,"menu_order":0,"comment_status":"closed","ping_status":"closed","template":"","meta":{"ngg_post_thumbnail":0,"footnotes":""},"aioseo_notices":[],"_links":{"self":[{"href":"https:\/\/blogsaverroes.juntadeandalucia.es\/ceipramonycajal\/wp-json\/wp\/v2\/pages\/840"}],"collection":[{"href":"https:\/\/blogsaverroes.juntadeandalucia.es\/ceipramonycajal\/wp-json\/wp\/v2\/pages"}],"about":[{"href":"https:\/\/blogsaverroes.juntadeandalucia.es\/ceipramonycajal\/wp-json\/wp\/v2\/types\/page"}],"author":[{"embeddable":true,"href":"https:\/\/blogsaverroes.juntadeandalucia.es\/ceipramonycajal\/wp-json\/wp\/v2\/users\/5389"}],"replies":[{"embeddable":true,"href":"https:\/\/blogsaverroes.juntadeandalucia.es\/ceipramonycajal\/wp-json\/wp\/v2\/comments?post=840"}],"version-history":[{"count":13,"href":"https:\/\/blogsaverroes.juntadeandalucia.es\/ceipramonycajal\/wp-json\/wp\/v2\/pages\/840\/revisions"}],"predecessor-version":[{"id":1666,"href":"https:\/\/blogsaverroes.juntadeandalucia.es\/ceipramonycajal\/wp-json\/wp\/v2\/pages\/840\/revisions\/1666"}],"wp:attachment":[{"href":"https:\/\/blogsaverroes.juntadeandalucia.es\/ceipramonycajal\/wp-json\/wp\/v2\/media?parent=840"}],"curies":[{"name":"wp","href":"https:\/\/api.w.org\/{rel}","templated":true}]}}