{"id":44,"date":"2015-03-13T08:42:15","date_gmt":"2015-03-13T08:42:15","guid":{"rendered":"http:\/\/blogsaverroes.juntadeandalucia.es\/pre\/ceip\/?page_id=44"},"modified":"2024-10-24T21:16:52","modified_gmt":"2024-10-24T19:16:52","slug":"planes-y-proyectos","status":"publish","type":"page","link":"https:\/\/blogsaverroes.juntadeandalucia.es\/ceiprealmentesa\/planes-y-proyectos\/","title":{"rendered":"Planes y Programas"},"content":{"rendered":"<p><img loading=\"lazy\" decoding=\"async\" class=\"alignnone size-medium wp-image-1667\" src=\"http:\/\/blogsaverroes.juntadeandalucia.es\/ceiprealmentesa\/files\/2015\/03\/planes-300x150.png\" alt=\"planes\" width=\"300\" height=\"150\" srcset=\"https:\/\/blogsaverroes.juntadeandalucia.es\/ceiprealmentesa\/files\/2015\/03\/planes-300x150.png 300w, https:\/\/blogsaverroes.juntadeandalucia.es\/ceiprealmentesa\/files\/2015\/03\/planes.png 640w\" sizes=\"(max-width: 300px) 100vw, 300px\" \/><\/p>\n<p>Los Planes y Proyectos que se desarrollan en nuestro centro son:<\/p>\n<p>&nbsp;<\/p>\n<ul>\n<li><b>Plan de igualdad. Coordinadora: Mar\u00eda Cristina Boyano Guzm\u00e1n,&nbsp;<\/b><\/li>\n<li><b>Escuela espacio de paz. Coordinador: D. Ra\u00fal Campos Mart\u00ednez<\/b><\/li>\n<li><strong>Biblioteca Escolar. Coordinadora: D\u00aa Eva Maria Gutierrez Carrillo<\/strong><\/li>\n<li><b>Crecer en Salud &#8211; CIMA. Coordinadora: D\u00aa Mar\u00eda del Mar Gallego Ortega<\/b><\/li>\n<li><b>TDE. Coordinador: <strong>D\u00aa Consolaci\u00f3n Carmona Dominguez<\/strong><\/b><\/li>\n<\/ul>\n<p>&nbsp;<\/p>\n","protected":false},"excerpt":{"rendered":"<p>Los Planes y Proyectos que se desarrollan en nuestro centro son: &nbsp; Plan de igualdad. Coordinadora: Mar\u00eda Cristina Boyano Guzm\u00e1n,&nbsp; Escuela espacio de paz. Coordinador: D. Ra\u00fal Campos Mart\u00ednez Biblioteca Escolar. Coordinadora: D\u00aa Eva&#46;&#46;&#46;<\/p>\n","protected":false},"author":1,"featured_media":0,"parent":0,"menu_order":0,"comment_status":"closed","ping_status":"closed","template":"page-cs.php","meta":{"ngg_post_thumbnail":0,"footnotes":"","_mc_calendar":[]},"aioseo_notices":[],"_links":{"self":[{"href":"https:\/\/blogsaverroes.juntadeandalucia.es\/ceiprealmentesa\/wp-json\/wp\/v2\/pages\/44"}],"collection":[{"href":"https:\/\/blogsaverroes.juntadeandalucia.es\/ceiprealmentesa\/wp-json\/wp\/v2\/pages"}],"about":[{"href":"https:\/\/blogsaverroes.juntadeandalucia.es\/ceiprealmentesa\/wp-json\/wp\/v2\/types\/page"}],"author":[{"embeddable":true,"href":"https:\/\/blogsaverroes.juntadeandalucia.es\/ceiprealmentesa\/wp-json\/wp\/v2\/users\/1"}],"replies":[{"embeddable":true,"href":"https:\/\/blogsaverroes.juntadeandalucia.es\/ceiprealmentesa\/wp-json\/wp\/v2\/comments?post=44"}],"version-history":[{"count":16,"href":"https:\/\/blogsaverroes.juntadeandalucia.es\/ceiprealmentesa\/wp-json\/wp\/v2\/pages\/44\/revisions"}],"predecessor-version":[{"id":3073,"href":"https:\/\/blogsaverroes.juntadeandalucia.es\/ceiprealmentesa\/wp-json\/wp\/v2\/pages\/44\/revisions\/3073"}],"wp:attachment":[{"href":"https:\/\/blogsaverroes.juntadeandalucia.es\/ceiprealmentesa\/wp-json\/wp\/v2\/media?parent=44"}],"curies":[{"name":"wp","href":"https:\/\/api.w.org\/{rel}","templated":true}]}}