{"id":49,"date":"2021-10-25T08:47:05","date_gmt":"2021-10-25T06:47:05","guid":{"rendered":"http:\/\/blogsaverroes.juntadeandalucia.es\/pre\/ceip\/?page_id=49"},"modified":"2024-10-24T21:29:48","modified_gmt":"2024-10-24T19:29:48","slug":"proyecto-educativo","status":"publish","type":"page","link":"https:\/\/blogsaverroes.juntadeandalucia.es\/ceiprealmentesa\/proyecto-educativo\/","title":{"rendered":"Proyecto Educativo"},"content":{"rendered":"<p><img loading=\"lazy\" decoding=\"async\" class=\"alignnone wp-image-1662\" src=\"http:\/\/blogsaverroes.juntadeandalucia.es\/ceiprealmentesa\/files\/2015\/03\/proyecto-300x266.png\" alt=\"proyecto\" width=\"231\" height=\"206\" srcset=\"https:\/\/blogsaverroes.juntadeandalucia.es\/ceiprealmentesa\/files\/2015\/03\/proyecto-300x266.png 300w, https:\/\/blogsaverroes.juntadeandalucia.es\/ceiprealmentesa\/files\/2015\/03\/proyecto.png 640w\" sizes=\"(max-width: 231px) 100vw, 231px\" \/><\/p>\n<p><a href=\"https:\/\/blogsaverroes.juntadeandalucia.es\/ceiprealmentesa\/files\/2024\/10\/P_EDUCATIVO_24.zip\">PROYECTO EDUCATIVO_2024-25<\/a><\/p>\n<p><a href=\"https:\/\/blogsaverroes.juntadeandalucia.es\/ceiprealmentesa\/files\/2024\/10\/ROF_24_25.pdf\">ROF_2024-25<\/a><\/p>\n<p><a href=\"https:\/\/blogsaverroes.juntadeandalucia.es\/ceiprealmentesa\/files\/2024\/10\/P.-GESTION_24_25.pdf\">PROYECTO DE GESTI\u00d3N_2024-25<\/a><\/p>\n<p><a href=\"https:\/\/blogsaverroes.juntadeandalucia.es\/ceiprealmentesa\/files\/2024\/10\/INFANTIL_PROGRAMACION.zip\">Programaci\u00f3n Infantil<\/a><\/p>\n<p><a href=\"https:\/\/blogsaverroes.juntadeandalucia.es\/ceiprealmentesa\/files\/2024\/10\/PRIMARIA_PROGRAMACION.zip\">Programaci\u00f3n Primaria<\/a><\/p>\n<p><a href=\"https:\/\/blogsaverroes.juntadeandalucia.es\/ceiprealmentesa\/files\/2024\/10\/ESO_PROGRAMACION.zip\">Programaci\u00f3n Secundaria<\/a><\/p>\n<p>&nbsp;<\/p>\n<p>&nbsp;<\/p>\n","protected":false},"excerpt":{"rendered":"<p>PROYECTO EDUCATIVO_2024-25 ROF_2024-25 PROYECTO DE GESTI\u00d3N_2024-25 Programaci\u00f3n Infantil Programaci\u00f3n Primaria Programaci\u00f3n Secundaria &nbsp; &nbsp;<\/p>\n","protected":false},"author":1,"featured_media":0,"parent":0,"menu_order":0,"comment_status":"closed","ping_status":"open","template":"page-cs.php","meta":{"ngg_post_thumbnail":0,"footnotes":"","_mc_calendar":[]},"aioseo_notices":[],"_links":{"self":[{"href":"https:\/\/blogsaverroes.juntadeandalucia.es\/ceiprealmentesa\/wp-json\/wp\/v2\/pages\/49"}],"collection":[{"href":"https:\/\/blogsaverroes.juntadeandalucia.es\/ceiprealmentesa\/wp-json\/wp\/v2\/pages"}],"about":[{"href":"https:\/\/blogsaverroes.juntadeandalucia.es\/ceiprealmentesa\/wp-json\/wp\/v2\/types\/page"}],"author":[{"embeddable":true,"href":"https:\/\/blogsaverroes.juntadeandalucia.es\/ceiprealmentesa\/wp-json\/wp\/v2\/users\/1"}],"replies":[{"embeddable":true,"href":"https:\/\/blogsaverroes.juntadeandalucia.es\/ceiprealmentesa\/wp-json\/wp\/v2\/comments?post=49"}],"version-history":[{"count":16,"href":"https:\/\/blogsaverroes.juntadeandalucia.es\/ceiprealmentesa\/wp-json\/wp\/v2\/pages\/49\/revisions"}],"predecessor-version":[{"id":3081,"href":"https:\/\/blogsaverroes.juntadeandalucia.es\/ceiprealmentesa\/wp-json\/wp\/v2\/pages\/49\/revisions\/3081"}],"wp:attachment":[{"href":"https:\/\/blogsaverroes.juntadeandalucia.es\/ceiprealmentesa\/wp-json\/wp\/v2\/media?parent=49"}],"curies":[{"name":"wp","href":"https:\/\/api.w.org\/{rel}","templated":true}]}}