{"id":14076,"date":"2021-10-07T17:33:43","date_gmt":"2021-10-07T15:33:43","guid":{"rendered":"https:\/\/blogsaverroes.juntadeandalucia.es\/ceipreinafabiola\/?page_id=14076"},"modified":"2021-10-07T17:33:43","modified_gmt":"2021-10-07T15:33:43","slug":"transformacion-digital-educativa-tde","status":"publish","type":"page","link":"https:\/\/blogsaverroes.juntadeandalucia.es\/ceipreinafabiola\/transformacion-digital-educativa-tde\/","title":{"rendered":"Transformaci\u00f3n Digital Educativa (TDE)"},"content":{"rendered":"<p>[one_sixth]<span style=\"color: #ffffff\">.<\/span>[\/one_sixth]<div class='two_third'>\n\t\t\t\t\t<p><img decoding=\"async\" class=\"aligncenter\" src=\"https:\/\/i0.wp.com\/blogsaverroes.juntadeandalucia.es\/delegacioneducaciongranada\/files\/2020\/11\/unnamed-13.png?resize=160%2C160&amp;ssl=1\"><\/p>\n<p style=\"text-align: justify\">El proceso de <strong>transformaci\u00f3n digital educativa<\/strong> en Andaluc\u00eda (#<span class=\"il\">TDE<\/span>) tiene por objetivo poner a disposici\u00f3n de los centros educativos una serie de recursos destinados a apoyar la labor del profesorado, de forma que las ideas innovadoras y las actuaciones creativas en cualquiera de los tres \u00e1mbitos (Organizaci\u00f3n de centro, Informaci\u00f3n y Comunicaci\u00f3n y Procesos de Ense\u00f1anza-Aprendizaje) contribuyan a afrontar los retos derivados de los cambios que nuestra sociedad actual requiere.<\/p>\n<p style=\"text-align: justify\">Este punto de partida implica adoptar nuevos planteamientos que mejoren los logros alcanzados con el Plan Escuela TIC 2.0 o el Programa para la digitalizaci\u00f3n de centros, #PRODIG,&nbsp; para avanzar hacia modelos m\u00e1s hol\u00edsticos y pr\u00f3ximos al entorno comunitario, tomando como referentes los Marcos Europeos para la Competencia Digital de centros educativos (DigCompOrg), del profesorado (DigCompEdu) y del alumnado y resto de sectores de la comunidad educativa (DigComp).<\/p>\n<p>&nbsp;<\/p>\n<header>\n<p class=\"titulo\">Enlce al <a class=\"ico_enlaceExt\" title=\"Se abre en una nueva ventana\" href=\"https:\/\/www.juntadeandalucia.es\/educacion\/portals\/web\/transformacion-digital-educativa\/inicio\" target=\"_blank\" rel=\"noopener noreferrer\">Portal #TDE<\/a><\/p>\n<\/header>\n\t\t\t\t<\/div>[one_sixth_last][\/one_sixth_last]<\/p>\n","protected":false},"excerpt":{"rendered":"<p>[one_sixth].[\/one_sixth][one_sixth_last][\/one_sixth_last]<\/p>\n","protected":false},"author":4543,"featured_media":0,"parent":0,"menu_order":2,"comment_status":"closed","ping_status":"closed","template":"page-c.php","meta":{"_et_pb_use_builder":"","_et_pb_old_content":"","_et_gb_content_width":"","ngg_post_thumbnail":0,"footnotes":""},"aioseo_notices":[],"_links":{"self":[{"href":"https:\/\/blogsaverroes.juntadeandalucia.es\/ceipreinafabiola\/wp-json\/wp\/v2\/pages\/14076"}],"collection":[{"href":"https:\/\/blogsaverroes.juntadeandalucia.es\/ceipreinafabiola\/wp-json\/wp\/v2\/pages"}],"about":[{"href":"https:\/\/blogsaverroes.juntadeandalucia.es\/ceipreinafabiola\/wp-json\/wp\/v2\/types\/page"}],"author":[{"embeddable":true,"href":"https:\/\/blogsaverroes.juntadeandalucia.es\/ceipreinafabiola\/wp-json\/wp\/v2\/users\/4543"}],"replies":[{"embeddable":true,"href":"https:\/\/blogsaverroes.juntadeandalucia.es\/ceipreinafabiola\/wp-json\/wp\/v2\/comments?post=14076"}],"version-history":[{"count":0,"href":"https:\/\/blogsaverroes.juntadeandalucia.es\/ceipreinafabiola\/wp-json\/wp\/v2\/pages\/14076\/revisions"}],"wp:attachment":[{"href":"https:\/\/blogsaverroes.juntadeandalucia.es\/ceipreinafabiola\/wp-json\/wp\/v2\/media?parent=14076"}],"curies":[{"name":"wp","href":"https:\/\/api.w.org\/{rel}","templated":true}]}}