{"id":5129,"date":"2017-01-05T17:35:39","date_gmt":"2017-01-05T16:35:39","guid":{"rendered":"http:\/\/blogsaverroes.juntadeandalucia.es\/ceipreinafabiola\/?page_id=5129"},"modified":"2017-01-05T17:35:39","modified_gmt":"2017-01-05T16:35:39","slug":"escuela-tic-2-0","status":"publish","type":"page","link":"https:\/\/blogsaverroes.juntadeandalucia.es\/ceipreinafabiola\/escuela-tic-2-0\/","title":{"rendered":"Escuela TIC 2.0"},"content":{"rendered":"<p>[one_sixth]<span style=\"color: #ffffff\">.<\/span>[\/one_sixth]<div class='two_third'>\n\t\t\t\t\t<p><img loading=\"lazy\" decoding=\"async\" class=\"aligncenter wp-image-4842\" src=\"https:\/\/blogsaverroes.juntadeandalucia.es\/ceipreinafabiola\/files\/2015\/03\/PTIC20.jpg\" alt=\"\" width=\"262\" height=\"157\"><\/p>\n<div class=\"hidden\">\n<p class=\"h1_info\" style=\"text-align: justify\">El <strong>Plan Escuela TIC 2.0<\/strong> es una estrategia para la mejora de la educaci\u00f3n, que interviene directamente en el proceso de adquisici\u00f3n de las competencias claves en&nbsp;las escuelas.<\/p>\n<p style=\"text-align: justify\">La tecnolog\u00eda no debe prevalecer sobre la Educaci\u00f3n sino que tiene que servir para mejorar la calidad de la Ense\u00f1anza. Las nuevas tecnolog\u00edas pasar\u00e1n de ser un apoyo a ser parte fundamental en el proceso de ense\u00f1anza y aprendizaje.<\/p>\n<h2 style=\"text-align: justify\">Objetivos<\/h2>\n<\/div>\n<div class=\"objetivos_tic\">\n<div class=\"pie_cga\" style=\"text-align: justify\">\n<ul>\n<li class=\"li_info\">Profundizar en la <strong>calidad en la Educaci\u00f3n <\/strong>y en la Igualdad de Oportunidades.<\/li>\n<li class=\"li_info\">Conseguir que las TIC se conviertan en <strong>herramientas did\u00e1cticas<\/strong> de uso habitual en el aula.<\/li>\n<li><strong>Mejorar las pr\u00e1cticas educativas <\/strong>para alcanzar un mayor desarrollo de las competencias del alumnado.<\/li>\n<\/ul>\n<h2>Otros Documentos de Inter\u00e9s<\/h2>\n<\/div>\n<ul>\n<li class=\"pie_cga\"><a href=\"https:\/\/www.dropbox.com\/s\/oipunfg6wxlcl9t\/Guia_formadores2016.pdf?dl=0\" target=\"_blank\" rel=\"noopener\">C\u00d3MO SER LEGAL EN INTERNET: UNA GU\u00cdA PARA FAMILIA Y PROFESORES<\/a>.<\/li>\n<li class=\"pie_cga\"><a href=\"https:\/\/www.dropbox.com\/s\/ittuyxrei40bb81\/Guia_menores2016.pdf?dl=0\" target=\"_blank\" rel=\"noopener\">C\u00d3MO SER LEGAL EN INTERNET: UNA GU\u00cdA PARA J\u00d3VENES<\/a>.<\/li>\n<li class=\"pie_cga\"><a href=\"http:\/\/www.juntadeandalucia.es\/educacion\/portalseneca\/c\/document_library\/get_file?uuid=c20387c5-ebde-4809-a5ce-3497b76abf43&amp;groupId=10128\" target=\"_blank\" rel=\"noopener\">Tr\u00edptico<\/a><a href=\"https:\/\/www.dropbox.com\/s\/ittuyxrei40bb81\/Guia_menores2016.pdf?dl=0\" target=\"_blank\" rel=\"noopener\">.<\/a><\/li>\n<li class=\"pie_cga\">Cartel \u201c<a href=\"http:\/\/www.juntadeandalucia.es\/educacion\/portalseneca\/c\/document_library\/get_file?uuid=2aa24a4b-ea22-438d-a319-79fb002d633d&amp;groupId=10128\" target=\"_blank\" rel=\"noopener\">Consejos b\u00e1sicos sobre seguridad digital<\/a>\u201c.<\/li>\n<li class=\"pie_cga\">Cartel \u201c<a href=\"http:\/\/www.juntadeandalucia.es\/educacion\/portalseneca\/c\/document_library\/get_file?uuid=875fd1ea-3f07-4442-b61b-76dcf164bf96&amp;groupId=10128\" target=\"_blank\" rel=\"noopener\">Correo y navegaci\u00f3n seguras<\/a>\u201c.<\/li>\n<li class=\"pie_cga\">Cartel \u201c<a href=\"http:\/\/www.juntadeandalucia.es\/educacion\/portalseneca\/c\/document_library\/get_file?uuid=c70d9a3f-94bf-47df-a33a-0f3ce927aafe&amp;groupId=10128\" target=\"_blank\" rel=\"noopener\">Seguridad en movilidad<\/a>\u201c.<\/li>\n<\/ul>\n<\/div>\n\t\t\t\t<\/div>[one_sixth_last][\/one_sixth_last]<\/p>\n<p>&nbsp;<\/p>\n<div class=\"objetivos_tic\">&nbsp;<\/div>\n","protected":false},"excerpt":{"rendered":"<p>[one_sixth].[\/one_sixth][one_sixth_last][\/one_sixth_last] &nbsp; &nbsp;<\/p>\n","protected":false},"author":4543,"featured_media":0,"parent":0,"menu_order":2,"comment_status":"closed","ping_status":"open","template":"page-c.php","meta":{"_et_pb_use_builder":"","_et_pb_old_content":"","_et_gb_content_width":"","ngg_post_thumbnail":0,"footnotes":""},"aioseo_notices":[],"_links":{"self":[{"href":"https:\/\/blogsaverroes.juntadeandalucia.es\/ceipreinafabiola\/wp-json\/wp\/v2\/pages\/5129"}],"collection":[{"href":"https:\/\/blogsaverroes.juntadeandalucia.es\/ceipreinafabiola\/wp-json\/wp\/v2\/pages"}],"about":[{"href":"https:\/\/blogsaverroes.juntadeandalucia.es\/ceipreinafabiola\/wp-json\/wp\/v2\/types\/page"}],"author":[{"embeddable":true,"href":"https:\/\/blogsaverroes.juntadeandalucia.es\/ceipreinafabiola\/wp-json\/wp\/v2\/users\/4543"}],"replies":[{"embeddable":true,"href":"https:\/\/blogsaverroes.juntadeandalucia.es\/ceipreinafabiola\/wp-json\/wp\/v2\/comments?post=5129"}],"version-history":[{"count":0,"href":"https:\/\/blogsaverroes.juntadeandalucia.es\/ceipreinafabiola\/wp-json\/wp\/v2\/pages\/5129\/revisions"}],"wp:attachment":[{"href":"https:\/\/blogsaverroes.juntadeandalucia.es\/ceipreinafabiola\/wp-json\/wp\/v2\/media?parent=5129"}],"curies":[{"name":"wp","href":"https:\/\/api.w.org\/{rel}","templated":true}]}}