{"id":845,"date":"2020-12-18T08:40:01","date_gmt":"2020-12-18T07:40:01","guid":{"rendered":"https:\/\/blogsaverroes.juntadeandalucia.es\/pre\/plantilla-pencil\/?page_id=845"},"modified":"2025-07-02T11:28:54","modified_gmt":"2025-07-02T10:28:54","slug":"aula-matinal","status":"publish","type":"page","link":"https:\/\/blogsaverroes.juntadeandalucia.es\/ceipreinafabiola\/aula-matinal\/","title":{"rendered":"Aula matinal"},"content":{"rendered":"<p>[et_pb_section fb_built=&#8221;1&#8243; _builder_version=&#8221;4.16&#8243; custom_padding=&#8221;0px||0px|&#8221; z_index_tablet=&#8221;500&#8243; box_shadow_horizontal_tablet=&#8221;0px&#8221; box_shadow_vertical_tablet=&#8221;0px&#8221; box_shadow_blur_tablet=&#8221;40px&#8221; box_shadow_spread_tablet=&#8221;0px&#8221; global_colors_info=&#8221;{}&#8221;][et_pb_row _builder_version=&#8221;4.16&#8243; background_size=&#8221;initial&#8221; background_position=&#8221;top_left&#8221; background_repeat=&#8221;repeat&#8221; global_colors_info=&#8221;{}&#8221;][et_pb_column type=&#8221;4_4&#8243; _builder_version=&#8221;4.16&#8243; custom_padding=&#8221;|||&#8221; global_colors_info=&#8221;{}&#8221; custom_padding__hover=&#8221;|||&#8221;][et_pb_image src=&#8221;https:\/\/blogsaverroes.juntadeandalucia.es\/ceipreinafabiola\/files\/2025\/06\/AULA-MATINAL-1-300&#215;183.png&#8221; title_text=&#8221;AULA-MATINAL-1&#8243; admin_label=&#8221;Imagen de la portada&#8221; _builder_version=&#8221;4.24.2&#8243; z_index_tablet=&#8221;500&#8243; box_shadow_horizontal_tablet=&#8221;0px&#8221; box_shadow_vertical_tablet=&#8221;0px&#8221; box_shadow_blur_tablet=&#8221;40px&#8221; box_shadow_spread_tablet=&#8221;0px&#8221; global_colors_info=&#8221;{}&#8221;][\/et_pb_image][et_pb_text content_last_edited=&#8221;off|desktop&#8221; admin_label=&#8221;Texto descriptivo&#8221; _builder_version=&#8221;4.24.2&#8243; hover_enabled=&#8221;0&#8243; z_index_tablet=&#8221;500&#8243; text_text_shadow_horizontal_length_tablet=&#8221;0px&#8221; text_text_shadow_vertical_length_tablet=&#8221;0px&#8221; text_text_shadow_blur_strength_tablet=&#8221;1px&#8221; link_text_shadow_horizontal_length_tablet=&#8221;0px&#8221; link_text_shadow_vertical_length_tablet=&#8221;0px&#8221; link_text_shadow_blur_strength_tablet=&#8221;1px&#8221; ul_text_shadow_horizontal_length_tablet=&#8221;0px&#8221; ul_text_shadow_vertical_length_tablet=&#8221;0px&#8221; ul_text_shadow_blur_strength_tablet=&#8221;1px&#8221; ol_text_shadow_horizontal_length_tablet=&#8221;0px&#8221; ol_text_shadow_vertical_length_tablet=&#8221;0px&#8221; ol_text_shadow_blur_strength_tablet=&#8221;1px&#8221; quote_text_shadow_horizontal_length_tablet=&#8221;0px&#8221; quote_text_shadow_vertical_length_tablet=&#8221;0px&#8221; quote_text_shadow_blur_strength_tablet=&#8221;1px&#8221; header_text_shadow_horizontal_length_tablet=&#8221;0px&#8221; header_text_shadow_vertical_length_tablet=&#8221;0px&#8221; header_text_shadow_blur_strength_tablet=&#8221;1px&#8221; header_2_text_shadow_horizontal_length_tablet=&#8221;0px&#8221; header_2_text_shadow_vertical_length_tablet=&#8221;0px&#8221; header_2_text_shadow_blur_strength_tablet=&#8221;1px&#8221; header_3_text_shadow_horizontal_length_tablet=&#8221;0px&#8221; header_3_text_shadow_vertical_length_tablet=&#8221;0px&#8221; header_3_text_shadow_blur_strength_tablet=&#8221;1px&#8221; header_4_text_shadow_horizontal_length_tablet=&#8221;0px&#8221; header_4_text_shadow_vertical_length_tablet=&#8221;0px&#8221; header_4_text_shadow_blur_strength_tablet=&#8221;1px&#8221; header_5_text_shadow_horizontal_length_tablet=&#8221;0px&#8221; header_5_text_shadow_vertical_length_tablet=&#8221;0px&#8221; header_5_text_shadow_blur_strength_tablet=&#8221;1px&#8221; header_6_text_shadow_horizontal_length_tablet=&#8221;0px&#8221; header_6_text_shadow_vertical_length_tablet=&#8221;0px&#8221; header_6_text_shadow_blur_strength_tablet=&#8221;1px&#8221; box_shadow_horizontal_tablet=&#8221;0px&#8221; box_shadow_vertical_tablet=&#8221;0px&#8221; box_shadow_blur_tablet=&#8221;40px&#8221; box_shadow_spread_tablet=&#8221;0px&#8221; global_colors_info=&#8221;{}&#8221; sticky_enabled=&#8221;0&#8243;]<\/p>\n<h2>Aula matinal<\/h2>\n<p style=\"text-align: justify\">El <strong>Aula Matinal<\/strong> abre de lunes a viernes, en horario de 7:30 h. hasta las 9:00 h., momento en el que da comienzo el horario lectivo.&nbsp;Durante este per\u00edodo de tiempo, los ni\u00f1os y ni\u00f1as realizan diversas actividades de car\u00e1cter l\u00fadico y educativo adecuadas a su edad y desarrollo madurativo. Entre otras muchas, se realizan actividades pl\u00e1sticas, dibujo, lectura, psicomotricidad, juegos populares, etc.<\/p>\n<p style=\"text-align: justify\">La atenci\u00f3n al alumnado de Aula Matinal se realiza por personal cualificado, entre cuyas funciones est\u00e1n las medidas de vigilancia y atenci\u00f3n educativa que precisen los menores en funci\u00f3n de su edad y necesidades.<\/p>\n<p style=\"text-align: justify\"><a href=\"https:\/\/educomex.es\/\" target=\"_blank\" rel=\"noopener noreferrer\"><img loading=\"lazy\" decoding=\"async\" class=\"alignright wp-image-4708\" src=\"http:\/\/blogsaverroes.juntadeandalucia.es\/ceipreinafabiola\/files\/2016\/12\/educomex.jpg\" alt=\"educomex\" width=\"126\" height=\"100\"><\/a><\/p>\n<ul>\n<li style=\"list-style-type: none\">\n<ul>\n<li style=\"text-align: justify\"><strong><a href=\"https:\/\/drive.google.com\/file\/d\/16vuy5SOO1psBhBmffdjNfxg8ugvcWj_f\/view?usp=sharing\" target=\"_blank\" rel=\"noopener noreferrer\">Informaci\u00f3n Aula Matinal (Educomex)<\/a><\/strong><\/li>\n<li style=\"text-align: justify\"><strong><a href=\"https:\/\/drive.google.com\/file\/d\/0BxAAm0RRTLUQZXRYbEdtcUx6VVk\/view?usp=sharing\" target=\"_blank\" rel=\"noopener noreferrer\">Proyecto Aula Matinal (Educomex)<\/a><\/strong><\/li>\n<\/ul>\n<\/li>\n<\/ul>\n<hr>\n<h3 style=\"text-align: left\">&nbsp;<\/h3>\n<p>[\/et_pb_text][et_pb_divider _builder_version=&#8221;4.24.2&#8243; _module_preset=&#8221;default&#8221; hover_enabled=&#8221;0&#8243; sticky_enabled=&#8221;0&#8243; show_divider=&#8221;off&#8221;][\/et_pb_divider][et_pb_text _builder_version=&#8221;4.24.2&#8243; _module_preset=&#8221;default&#8221; hover_enabled=&#8221;0&#8243; sticky_enabled=&#8221;0&#8243;]<\/p>\n<div class=\" d-lg-block mb-lg-0 ml-lg-0 mr-lg-0 mt-lg-0 pb-lg-0 pl-lg-0 pr-lg-0 pt-lg-0 text-lg-left\">\n<div id=\"fragment-502-zfnu\">\n<div class=\"fragment_401 pt-4 banner-video\">\n<h4 data-lfr-editable-id=\"fragment-title\" data-lfr-editable-type=\"text\">Normativa de aplicaci\u00f3n<\/h4>\n<\/div>\n<\/div>\n<\/div>\n<div class=\" d-lg-block mb-lg-0 ml-lg-0 mr-lg-0 mt-lg-0 pb-lg-0 pl-lg-0 pr-lg-0 pt-lg-0 text-lg-left\">\n<div id=\"fragment-0-tdoy\">\n<div id=\"p_p_id_com_liferay_asset_publisher_web_portlet_AssetPublisherPortlet_INSTANCE_tdoy_\" class=\"portlet-boundary portlet-boundary_com_liferay_asset_publisher_web_portlet_AssetPublisherPortlet_  portlet-static portlet-static-end portlet-decorate portlet-asset-publisher \"><span id=\"p_com_liferay_asset_publisher_web_portlet_AssetPublisherPortlet_INSTANCE_tdoy\"><\/span><\/p>\n<section id=\"portlet_com_liferay_asset_publisher_web_portlet_AssetPublisherPortlet_INSTANCE_tdoy\" class=\"portlet\">\n<div class=\"portlet-content\">\n<div class=\" portlet-content-container\">\n<div class=\"portlet-body\">\n<div class=\"listado-contenidos\">\n<ul>\n<li class=\"listado-contenidos__normativa__item\">\n<div class=\"journal-content-article \" data-analytics-asset-id=\"1766670\" data-analytics-asset-title=\"Resoluci\u00f3n de 4 de marzo de 2025 por la que se establece el calendario de actuaciones en el procedimiento de admisi\u00f3n del alumnado en los servicios complementarios de aula matinal, comedor escolar y actividades extraescolares para el curso escolar 2025\/26\" data-analytics-asset-type=\"web-content\">\n<article class=\"contenido-listado\"><span class=\"contenido-date\">10 mar 2025<\/span><\/p>\n<div class=\"contenido-title\"><a href=\"https:\/\/www.juntadeandalucia.es\/educacion\/portales\/web\/inspeccion-educativa\/w\/resolucion-de-4-de-marzo-de-2025-por-la-que-se-establece-el-calendario-de-actuaciones-en-el-procedimiento-de-admision-del-alumnado-en-los-servicios-complementarios-de-aula-matinal-comedor-escolar-y-actividades-extraescolares-para-el-curso-escolar-2025\/26?redirect=%2Feducacion%2Fportales%2Fweb%2Feducacion%2Ffamilias%2Fservicios-complementarios%2Faula-matinal\">Resoluci\u00f3n de 4 de marzo de 2025, de la Direcci\u00f3n General de Planificaci\u00f3n, Centros y Ense\u00f1anza Concertada, por la que se establece el calendario de actuaciones en el procedimiento de admisi\u00f3n del alumnado en los servicios complementarios de aula matinal, comedor escolar y actividades extraescolares para el curso escolar 2025\/26<\/a><\/div>\n<\/article>\n<\/div>\n<\/li>\n<\/ul>\n<\/div>\n<\/div>\n<\/div>\n<\/div>\n<\/section>\n<\/div>\n<\/div>\n<\/div>\n<p>[\/et_pb_text][\/et_pb_column][\/et_pb_row][\/et_pb_section]<\/p>\n","protected":false},"excerpt":{"rendered":"<p>Aula matinal El Aula Matinal abre de lunes a viernes, en horario de 7:30 h. hasta las 9:00 h., momento en el que da comienzo el horario lectivo.&nbsp;Durante este per\u00edodo de tiempo, los ni\u00f1os y ni\u00f1as realizan diversas actividades de car\u00e1cter l\u00fadico y educativo adecuadas a su edad y desarrollo madurativo. Entre otras muchas, se [&hellip;]<\/p>\n","protected":false},"author":7051,"featured_media":0,"parent":0,"menu_order":0,"comment_status":"closed","ping_status":"closed","template":"","meta":{"_et_pb_use_builder":"on","_et_pb_old_content":"","_et_gb_content_width":"","ngg_post_thumbnail":0,"footnotes":""},"aioseo_notices":[],"_links":{"self":[{"href":"https:\/\/blogsaverroes.juntadeandalucia.es\/ceipreinafabiola\/wp-json\/wp\/v2\/pages\/845"}],"collection":[{"href":"https:\/\/blogsaverroes.juntadeandalucia.es\/ceipreinafabiola\/wp-json\/wp\/v2\/pages"}],"about":[{"href":"https:\/\/blogsaverroes.juntadeandalucia.es\/ceipreinafabiola\/wp-json\/wp\/v2\/types\/page"}],"author":[{"embeddable":true,"href":"https:\/\/blogsaverroes.juntadeandalucia.es\/ceipreinafabiola\/wp-json\/wp\/v2\/users\/7051"}],"replies":[{"embeddable":true,"href":"https:\/\/blogsaverroes.juntadeandalucia.es\/ceipreinafabiola\/wp-json\/wp\/v2\/comments?post=845"}],"version-history":[{"count":6,"href":"https:\/\/blogsaverroes.juntadeandalucia.es\/ceipreinafabiola\/wp-json\/wp\/v2\/pages\/845\/revisions"}],"predecessor-version":[{"id":15943,"href":"https:\/\/blogsaverroes.juntadeandalucia.es\/ceipreinafabiola\/wp-json\/wp\/v2\/pages\/845\/revisions\/15943"}],"wp:attachment":[{"href":"https:\/\/blogsaverroes.juntadeandalucia.es\/ceipreinafabiola\/wp-json\/wp\/v2\/media?parent=845"}],"curies":[{"name":"wp","href":"https:\/\/api.w.org\/{rel}","templated":true}]}}