{"id":871,"date":"2020-12-18T08:57:29","date_gmt":"2020-12-18T07:57:29","guid":{"rendered":"https:\/\/blogsaverroes.juntadeandalucia.es\/pre\/plantilla-pencil\/?page_id=871"},"modified":"2026-04-23T17:43:55","modified_gmt":"2026-04-23T16:43:55","slug":"comedor-escolar","status":"publish","type":"page","link":"https:\/\/blogsaverroes.juntadeandalucia.es\/ceipreinafabiola\/comedor-escolar\/","title":{"rendered":"Comedor escolar"},"content":{"rendered":"<p>[et_pb_section fb_built=&#8221;1&#8243; admin_label=&#8221;Secci\u00f3n&#8221; _builder_version=&#8221;4.16&#8243; custom_padding=&#8221;0px||0px|&#8221; z_index_tablet=&#8221;500&#8243; box_shadow_horizontal_tablet=&#8221;0px&#8221; box_shadow_vertical_tablet=&#8221;0px&#8221; box_shadow_blur_tablet=&#8221;40px&#8221; box_shadow_spread_tablet=&#8221;0px&#8221; collapsed=&#8221;off&#8221; global_colors_info=&#8221;{}&#8221;][et_pb_row _builder_version=&#8221;4.16&#8243; background_size=&#8221;initial&#8221; background_position=&#8221;top_left&#8221; background_repeat=&#8221;repeat&#8221; global_colors_info=&#8221;{}&#8221;][et_pb_column type=&#8221;4_4&#8243; _builder_version=&#8221;4.16&#8243; custom_padding=&#8221;|||&#8221; global_colors_info=&#8221;{}&#8221; custom_padding__hover=&#8221;|||&#8221;][et_pb_image src=&#8221;https:\/\/blogsaverroes.juntadeandalucia.es\/ceipreinafabiola\/files\/2019\/09\/Comedor-sillas-300&#215;200.jpg&#8221; title_text=&#8221;btr&#8221; admin_label=&#8221;Imagen de la portada&#8221; _builder_version=&#8221;4.24.2&#8243; z_index_tablet=&#8221;500&#8243; box_shadow_horizontal_tablet=&#8221;0px&#8221; box_shadow_vertical_tablet=&#8221;0px&#8221; box_shadow_blur_tablet=&#8221;40px&#8221; box_shadow_spread_tablet=&#8221;0px&#8221; global_colors_info=&#8221;{}&#8221;][\/et_pb_image][et_pb_text admin_label=&#8221;Texto descriptivo&#8221; _builder_version=&#8221;4.24.2&#8243; hover_enabled=&#8221;0&#8243; z_index_tablet=&#8221;500&#8243; text_text_shadow_horizontal_length_tablet=&#8221;0px&#8221; text_text_shadow_vertical_length_tablet=&#8221;0px&#8221; text_text_shadow_blur_strength_tablet=&#8221;1px&#8221; link_text_shadow_horizontal_length_tablet=&#8221;0px&#8221; link_text_shadow_vertical_length_tablet=&#8221;0px&#8221; link_text_shadow_blur_strength_tablet=&#8221;1px&#8221; ul_text_shadow_horizontal_length_tablet=&#8221;0px&#8221; ul_text_shadow_vertical_length_tablet=&#8221;0px&#8221; ul_text_shadow_blur_strength_tablet=&#8221;1px&#8221; ol_text_shadow_horizontal_length_tablet=&#8221;0px&#8221; ol_text_shadow_vertical_length_tablet=&#8221;0px&#8221; ol_text_shadow_blur_strength_tablet=&#8221;1px&#8221; quote_text_shadow_horizontal_length_tablet=&#8221;0px&#8221; quote_text_shadow_vertical_length_tablet=&#8221;0px&#8221; quote_text_shadow_blur_strength_tablet=&#8221;1px&#8221; header_text_shadow_horizontal_length_tablet=&#8221;0px&#8221; header_text_shadow_vertical_length_tablet=&#8221;0px&#8221; header_text_shadow_blur_strength_tablet=&#8221;1px&#8221; header_2_text_shadow_horizontal_length_tablet=&#8221;0px&#8221; header_2_text_shadow_vertical_length_tablet=&#8221;0px&#8221; header_2_text_shadow_blur_strength_tablet=&#8221;1px&#8221; header_3_text_shadow_horizontal_length_tablet=&#8221;0px&#8221; header_3_text_shadow_vertical_length_tablet=&#8221;0px&#8221; header_3_text_shadow_blur_strength_tablet=&#8221;1px&#8221; header_4_text_shadow_horizontal_length_tablet=&#8221;0px&#8221; header_4_text_shadow_vertical_length_tablet=&#8221;0px&#8221; header_4_text_shadow_blur_strength_tablet=&#8221;1px&#8221; header_5_text_shadow_horizontal_length_tablet=&#8221;0px&#8221; header_5_text_shadow_vertical_length_tablet=&#8221;0px&#8221; header_5_text_shadow_blur_strength_tablet=&#8221;1px&#8221; header_6_text_shadow_horizontal_length_tablet=&#8221;0px&#8221; header_6_text_shadow_vertical_length_tablet=&#8221;0px&#8221; header_6_text_shadow_blur_strength_tablet=&#8221;1px&#8221; box_shadow_horizontal_tablet=&#8221;0px&#8221; box_shadow_vertical_tablet=&#8221;0px&#8221; box_shadow_blur_tablet=&#8221;40px&#8221; box_shadow_spread_tablet=&#8221;0px&#8221; global_colors_info=&#8221;{}&#8221; sticky_enabled=&#8221;0&#8243;]<\/p>\n<h2>Comedor escolar<\/h2>\n<p style=\"text-align: justify\">Los centros docentes p\u00fablicos prestan el servicio de comedor escolar para el alumnado durante un tiempo m\u00e1ximo de dos horas a partir de la finalizaci\u00f3n de la jornada lectiva de ma\u00f1ana, de 14.00 a 16:00 horas.<\/p>\n<p style=\"text-align: justify\">La atenci\u00f3n al alumnado en el comedor escolar se llevar\u00e1 a cabo por personal cualificado cuyas funciones son las siguientes:<\/p>\n<ul style=\"text-align: justify\">\n<li style=\"list-style-type: none\">\n<ul>\n<li style=\"list-style-type: none\">\n<ol style=\"list-style-type: lower-alpha\">\n<li style=\"text-align: left\">Atender y custodiar al alumnado durante las comidas y en el tiempo anterior y posterior a las mismas, as\u00ed como, en su caso, durante el traslado del alumnado al centro con comedor.<\/li>\n<li style=\"text-align: left\">Resolver las incidencias que pudieran presentarse durante ese per\u00edodo.<\/li>\n<li style=\"text-align: left\">Prestar especial atenci\u00f3n a la labor educativa del comedor: adquisici\u00f3n de h\u00e1bitos sociales e higi\u00e9nico-sanitarios y correcta utilizaci\u00f3n del menaje del comedor.<\/li>\n<li style=\"text-align: left\">Cualquier otra funci\u00f3n que le pueda ser encomendada por la persona que ejerce la direcci\u00f3n del centro, para el adecuado funcionamiento del comedor escolar.<\/li>\n<\/ol>\n<\/li>\n<\/ul>\n<\/li>\n<\/ul>\n<p style=\"text-align: justify\">&nbsp;<\/p>\n<p>La salida del comedor se har\u00e1 por la puerta del patio de recreo en los siguientes momentos:<\/p>\n<ul>\n<li style=\"list-style-type: none\">\n<ul>\n<li>de 14:45 a 15:00 h,<\/li>\n<li>a las 15:30 h, y<\/li>\n<li>de 15:45 a 16:00 h.<\/li>\n<\/ul>\n<\/li>\n<\/ul>\n<table style=\"border-color: #ffffff;background-color: #ffffff;width: 97.8436%\">\n<tbody>\n<tr style=\"border-color: #ffffff;background-color: #ffffff\">\n<td style=\"border-color: #ffffff;background-color: #ffffff;width: 42.5044%\"><div id=\"attachment_15433\" style=\"width: 410px\" class=\"wp-caption aligncenter\"><a href=\"http:\/\/colectividadeshgonzalez.com\/\" target=\"_blank\" rel=\"noopener\"><img loading=\"lazy\" decoding=\"async\" aria-describedby=\"caption-attachment-15433\" class=\"wp-image-15433\" src=\"https:\/\/blogsaverroes.juntadeandalucia.es\/ceipreinafabiola\/files\/2024\/08\/Comedor-catering-hermanos-gonzalez.png\" alt=\"\" width=\"400\" height=\"98\"><\/a><p id=\"caption-attachment-15433\" class=\"wp-caption-text\">Web de la empresa de comedor escolar<\/p><\/div><\/p>\n<p style=\"text-align: center\">&nbsp;<\/p>\n<\/td>\n<td style=\"border-color: #ffffff;background-color: #ffffff;width: 16.4904%\"><div id=\"attachment_12763\" style=\"width: 135px\" class=\"wp-caption alignnone\"><a href=\"https:\/\/drive.google.com\/file\/d\/1p_6LRSm-YL9SFcXOddYiflQJ4C0ecxRA\/view?usp=sharing\" target=\"_blank\" rel=\"noopener noreferrer\"><img loading=\"lazy\" decoding=\"async\" aria-describedby=\"caption-attachment-12763\" class=\"wp-image-12763\" style=\"margin-bottom: -1ex\" src=\"https:\/\/blogsaverroes.juntadeandalucia.es\/ceipreinafabiola\/files\/2019\/09\/informacion-comedor.jpg\" alt=\"\" width=\"125\" height=\"170\" srcset=\"https:\/\/blogsaverroes.juntadeandalucia.es\/ceipreinafabiola\/files\/2019\/09\/informacion-comedor.jpg 322w, https:\/\/blogsaverroes.juntadeandalucia.es\/ceipreinafabiola\/files\/2019\/09\/informacion-comedor-220x300.jpg 220w\" sizes=\"(max-width: 125px) 100vw, 125px\" \/><\/a><p id=\"caption-attachment-12763\" class=\"wp-caption-text\">Informaci\u00f3n de la empresa<\/p><\/div><\/td>\n<td style=\"border-color: #ffffff;background-color: #ffffff;width: 19.2239%\"><div id=\"attachment_15550\" style=\"width: 83px\" class=\"wp-caption aligncenter\"><a href=\"https:\/\/drive.google.com\/file\/d\/13Akd_KI1nDNWphF8sRz8rKXnYDDK-5V8\/view?usp=sharing\" target=\"_blank\" rel=\"noopener\"><img loading=\"lazy\" decoding=\"async\" aria-describedby=\"caption-attachment-15550\" class=\"alignnone wp-image-15550\" src=\"https:\/\/blogsaverroes.juntadeandalucia.es\/ceipreinafabiola\/files\/2024\/11\/Infografias-comedor.jpg\" alt=\"\" width=\"73\" height=\"170\" srcset=\"https:\/\/blogsaverroes.juntadeandalucia.es\/ceipreinafabiola\/files\/2024\/11\/Infografias-comedor.jpg 410w, https:\/\/blogsaverroes.juntadeandalucia.es\/ceipreinafabiola\/files\/2024\/11\/Infografias-comedor-128x300.jpg 128w\" sizes=\"(max-width: 73px) 100vw, 73px\" \/><\/a><p id=\"caption-attachment-15550\" class=\"wp-caption-text\">Infograf\u00edas<\/p><\/div><\/td>\n<td style=\"border-color: #ffffff;background-color: #ffffff;width: 21.6931%\"><div id=\"attachment_15446\" style=\"width: 156px\" class=\"wp-caption alignnone\"><a href=\"https:\/\/drive.google.com\/file\/d\/1-klUlCfIXIam75oc02iF1E6la8F1jUob\/view?usp=sharing\" target=\"_blank\" rel=\"noopener\"><img loading=\"lazy\" decoding=\"async\" aria-describedby=\"caption-attachment-15446\" class=\"alignnone wp-image-15446\" src=\"https:\/\/blogsaverroes.juntadeandalucia.es\/ceipreinafabiola\/files\/2024\/09\/menu-comedor.gif\" alt=\"\" width=\"146\" height=\"170\"><\/a><p id=\"caption-attachment-15446\" class=\"wp-caption-text\">Men\u00fas mensuales<\/p><\/div><\/td>\n<\/tr>\n<\/tbody>\n<\/table>\n<p>&nbsp;<\/p>\n<p>[\/et_pb_text][et_pb_divider _builder_version=&#8221;4.24.2&#8243; _module_preset=&#8221;default&#8221; global_colors_info=&#8221;{}&#8221;][\/et_pb_divider][et_pb_text _builder_version=&#8221;4.24.2&#8243; _module_preset=&#8221;default&#8221; hover_enabled=&#8221;0&#8243; global_colors_info=&#8221;{}&#8221; sticky_enabled=&#8221;0&#8243;]<\/p>\n<div class=\" d-lg-block mb-lg-0 ml-lg-0 mr-lg-0 mt-lg-0 pb-lg-0 pl-lg-0 pr-lg-0 pt-lg-0 text-lg-left\">\n<div id=\"fragment-502-yfqc\">\n<div class=\"fragment_401 pt-4 banner-video\">\n<h4 style=\"text-align: justify\" data-lfr-editable-id=\"fragment-title\" data-lfr-editable-type=\"text\">Normativa de aplicaci\u00f3n<\/h4>\n<\/div>\n<\/div>\n<\/div>\n<div class=\" d-lg-block mb-lg-0 ml-lg-0 mr-lg-0 mt-lg-0 pb-lg-0 pl-lg-0 pr-lg-0 pt-lg-0 text-lg-left\">\n<div id=\"fragment-0-onno\">\n<div id=\"p_p_id_com_liferay_asset_publisher_web_portlet_AssetPublisherPortlet_INSTANCE_onno_\" class=\"portlet-boundary portlet-boundary_com_liferay_asset_publisher_web_portlet_AssetPublisherPortlet_  portlet-static portlet-static-end portlet-decorate portlet-asset-publisher \">\n<p>&nbsp;<\/p>\n<section id=\"portlet_com_liferay_asset_publisher_web_portlet_AssetPublisherPortlet_INSTANCE_onno\" class=\"portlet\">\n<div class=\"portlet-content\">\n<div class=\" portlet-content-container\">\n<div class=\"portlet-body\">\n<div class=\"listado-contenidos\">\n<ul>\n<li class=\"listado-contenidos__normativa__item\" style=\"text-align: justify\">\n<div class=\"journal-content-article \" data-analytics-asset-id=\"1766670\" data-analytics-asset-title=\"Resoluci\u00f3n de 4 de marzo de 2025 por la que se establece el calendario de actuaciones en el procedimiento de admisi\u00f3n del alumnado en los servicios complementarios de aula matinal, comedor escolar y actividades extraescolares para el curso escolar 2025\/26\" data-analytics-asset-type=\"web-content\">\n<article class=\"contenido-listado\"><span class=\"contenido-date\">10 mar 2025<\/span><\/p>\n<div class=\"contenido-title\"><a href=\"https:\/\/www.juntadeandalucia.es\/educacion\/portales\/web\/inspeccion-educativa\/w\/resolucion-de-4-de-marzo-de-2025-por-la-que-se-establece-el-calendario-de-actuaciones-en-el-procedimiento-de-admision-del-alumnado-en-los-servicios-complementarios-de-aula-matinal-comedor-escolar-y-actividades-extraescolares-para-el-curso-escolar-2025\/26?redirect=%2Feducacion%2Fportales%2Fweb%2Feducacion%2Ffamilias%2Fservicios-complementarios%2Fcomedor-escolar\">Resoluci\u00f3n de 4 de marzo de 2025, de la Direcci\u00f3n General de Planificaci\u00f3n, Centros y Ense\u00f1anza Concertada, por la que se establece el calendario de actuaciones en el procedimiento de admisi\u00f3n del alumnado en los servicios complementarios de aula matinal, comedor escolar y actividades extraescolares para el curso escolar 2025\/26<\/a><\/div>\n<\/article>\n<\/div>\n<\/li>\n<li class=\"listado-contenidos__normativa__item\">\n<div class=\"journal-content-article \" data-analytics-asset-id=\"1200914\" data-analytics-asset-title=\"Acuerdo de 30 de julio de 2024 por el que se revisa la cuant\u00eda del precio p\u00fablico del servicio complementario de comedor escolar en los centros docentes p\u00fablicos de Andaluc\u00eda\" data-analytics-asset-type=\"web-content\">\n<article class=\"contenido-listado\"><span class=\"contenido-date\">02 ago 2024<\/span><\/p>\n<div class=\"contenido-title\" style=\"text-align: justify\"><a href=\"https:\/\/www.juntadeandalucia.es\/educacion\/portales\/web\/inspeccion-educativa\/w\/acuerdo-de-30-de-julio-de-2024-por-el-que-se-revisa-la-cuantia-del-precio-publico-del-servicio-complementario-de-comedor-escolar-en-los-centros-docentes-publicos-de-andalucia?redirect=%2Feducacion%2Fportales%2Fweb%2Feducacion%2Ffamilias%2Fservicios-complementarios%2Fcomedor-escolar\">Acuerdo de 30 de julio de 2024, del Consejo de Gobierno, por el que se revisa la cuant\u00eda del precio p\u00fablico del servicio complementario de comedor escolar en los centros docentes p\u00fablicos de Andaluc\u00eda, establecido en el apartado A) del Anexo I del Acuerdo del Consejo de Gobierno, de 27 de marzo de 2018, por el que se fija la cuant\u00eda de los precios p\u00fablicos por los servicios complementarios de aula matinal, comedor escolar y actividades extraescolares en los centros docentes p\u00fablicos y por el servicio de residencia en las residencias escolares de Andaluc\u00eda<\/a><\/div>\n<\/article>\n<\/div>\n<\/li>\n<\/ul>\n<\/div>\n<\/div>\n<\/div>\n<\/div>\n<\/section>\n<\/div>\n<\/div>\n<\/div>\n<p>[\/et_pb_text][\/et_pb_column][\/et_pb_row][\/et_pb_section]<\/p>\n","protected":false},"excerpt":{"rendered":"<p>Comedor escolar Los centros docentes p\u00fablicos prestan el servicio de comedor escolar para el alumnado durante un tiempo m\u00e1ximo de dos horas a partir de la finalizaci\u00f3n de la jornada lectiva de ma\u00f1ana, de 14.00 a 16:00 horas. La atenci\u00f3n al alumnado en el comedor escolar se llevar\u00e1 a cabo por personal cualificado cuyas funciones [&hellip;]<\/p>\n","protected":false},"author":7051,"featured_media":0,"parent":0,"menu_order":0,"comment_status":"closed","ping_status":"closed","template":"","meta":{"_et_pb_use_builder":"on","_et_pb_old_content":"","_et_gb_content_width":"","ngg_post_thumbnail":0,"footnotes":""},"aioseo_notices":[],"_links":{"self":[{"href":"https:\/\/blogsaverroes.juntadeandalucia.es\/ceipreinafabiola\/wp-json\/wp\/v2\/pages\/871"}],"collection":[{"href":"https:\/\/blogsaverroes.juntadeandalucia.es\/ceipreinafabiola\/wp-json\/wp\/v2\/pages"}],"about":[{"href":"https:\/\/blogsaverroes.juntadeandalucia.es\/ceipreinafabiola\/wp-json\/wp\/v2\/types\/page"}],"author":[{"embeddable":true,"href":"https:\/\/blogsaverroes.juntadeandalucia.es\/ceipreinafabiola\/wp-json\/wp\/v2\/users\/7051"}],"replies":[{"embeddable":true,"href":"https:\/\/blogsaverroes.juntadeandalucia.es\/ceipreinafabiola\/wp-json\/wp\/v2\/comments?post=871"}],"version-history":[{"count":8,"href":"https:\/\/blogsaverroes.juntadeandalucia.es\/ceipreinafabiola\/wp-json\/wp\/v2\/pages\/871\/revisions"}],"predecessor-version":[{"id":16331,"href":"https:\/\/blogsaverroes.juntadeandalucia.es\/ceipreinafabiola\/wp-json\/wp\/v2\/pages\/871\/revisions\/16331"}],"wp:attachment":[{"href":"https:\/\/blogsaverroes.juntadeandalucia.es\/ceipreinafabiola\/wp-json\/wp\/v2\/media?parent=871"}],"curies":[{"name":"wp","href":"https:\/\/api.w.org\/{rel}","templated":true}]}}