{"id":44,"date":"2015-03-13T08:42:15","date_gmt":"2015-03-13T08:42:15","guid":{"rendered":"http:\/\/blogsaverroes.juntadeandalucia.es\/pre\/ceip\/?page_id=44"},"modified":"2022-05-10T11:49:27","modified_gmt":"2022-05-10T11:49:27","slug":"planes-y-proyectos","status":"publish","type":"page","link":"https:\/\/blogsaverroes.juntadeandalucia.es\/ceipreinaisabel\/planes-y-proyectos\/","title":{"rendered":"Planes y Programas"},"content":{"rendered":"<p><a href=\"https:\/\/blogsaverroes.juntadeandalucia.es\/ceipreinaisabel\/files\/2020\/12\/planes-y-programas.png\"><img loading=\"lazy\" decoding=\"async\" class=\"size-medium wp-image-6108 aligncenter\" src=\"https:\/\/blogsaverroes.juntadeandalucia.es\/ceipreinaisabel\/files\/2020\/12\/planes-y-programas-300x122.png\" alt=\"\" width=\"300\" height=\"122\" srcset=\"https:\/\/blogsaverroes.juntadeandalucia.es\/ceipreinaisabel\/files\/2020\/12\/planes-y-programas-300x122.png 300w, https:\/\/blogsaverroes.juntadeandalucia.es\/ceipreinaisabel\/files\/2020\/12\/planes-y-programas-24x10.png 24w, https:\/\/blogsaverroes.juntadeandalucia.es\/ceipreinaisabel\/files\/2020\/12\/planes-y-programas-36x15.png 36w, https:\/\/blogsaverroes.juntadeandalucia.es\/ceipreinaisabel\/files\/2020\/12\/planes-y-programas-48x19.png 48w, https:\/\/blogsaverroes.juntadeandalucia.es\/ceipreinaisabel\/files\/2020\/12\/planes-y-programas.png 353w\" sizes=\"(max-width: 300px) 100vw, 300px\" \/><\/a><\/p>\n<p>Cada centro personaliza y adapta su Proyecto Educativo adheri\u00e9ndose a diferentes <strong>Planes y Programas<\/strong> promovidos desde la Consejer\u00eda de Educaci\u00f3n, Cultura y Deporte.<\/p>\n<p>Este apartado recoge la descripci\u00f3n, finalidades, actividades, coordinador\/a, etc. de estos Planes y Programas desarrollados por el Centro. A continuaci\u00f3n se muestran algunos de ellos.<\/p>\n<ul>\n<li><strong><a href=\"https:\/\/blogsaverroes.juntadeandalucia.es\/ceipreinaisabel\/files\/2020\/12\/blog-gafas-de-g\u00e9nero-3-300x300-1.jpg\"><img loading=\"lazy\" decoding=\"async\" class=\"alignnone wp-image-6107\" src=\"https:\/\/blogsaverroes.juntadeandalucia.es\/ceipreinaisabel\/files\/2020\/12\/blog-gafas-de-g\u00e9nero-3-300x300-1-300x300.jpg\" alt=\"\" width=\"100\" height=\"100\" srcset=\"https:\/\/blogsaverroes.juntadeandalucia.es\/ceipreinaisabel\/files\/2020\/12\/blog-gafas-de-g\u00e9nero-3-300x300-1.jpg 300w, https:\/\/blogsaverroes.juntadeandalucia.es\/ceipreinaisabel\/files\/2020\/12\/blog-gafas-de-g\u00e9nero-3-300x300-1-150x150.jpg 150w, https:\/\/blogsaverroes.juntadeandalucia.es\/ceipreinaisabel\/files\/2020\/12\/blog-gafas-de-g\u00e9nero-3-300x300-1-100x100.jpg 100w, https:\/\/blogsaverroes.juntadeandalucia.es\/ceipreinaisabel\/files\/2020\/12\/blog-gafas-de-g\u00e9nero-3-300x300-1-24x24.jpg 24w, https:\/\/blogsaverroes.juntadeandalucia.es\/ceipreinaisabel\/files\/2020\/12\/blog-gafas-de-g\u00e9nero-3-300x300-1-36x36.jpg 36w, https:\/\/blogsaverroes.juntadeandalucia.es\/ceipreinaisabel\/files\/2020\/12\/blog-gafas-de-g\u00e9nero-3-300x300-1-48x48.jpg 48w\" sizes=\"(max-width: 100px) 100vw, 100px\" \/><\/a>&nbsp; &nbsp; &nbsp;Plan de igualdad. <a href=\"https:\/\/blogsaverroes.juntadeandalucia.es\/ceipreinaisabel\/files\/2020\/12\/PLAN-DE-IGUALDAD-2020-21.pdf\">PLAN DE IGUALDAD 2020-21<\/a><\/strong><\/li>\n<\/ul>\n<p>&nbsp; &nbsp; &nbsp; &nbsp; &nbsp; &nbsp; &nbsp; &nbsp; &nbsp; &nbsp; &nbsp; &nbsp; &nbsp; &nbsp; &nbsp; &nbsp; &nbsp; &nbsp; &nbsp; &nbsp; &nbsp;<strong>Plan de igualdad <a href=\"https:\/\/blogsaverroes.juntadeandalucia.es\/ceipreinaisabel\/files\/2022\/05\/PLAN-DE-IGUALDAD-2021-2022.pdf\">PLAN DE IGUALDAD 2021-2022<\/a><\/strong><\/p>\n<p>&nbsp; &nbsp; &nbsp; &nbsp; <a href=\"https:\/\/blogsaverroes.juntadeandalucia.es\/ceipreinaisabel\/files\/2021\/03\/Nuevo-banner-ALDEA.jpg\"><img loading=\"lazy\" decoding=\"async\" class=\"alignnone wp-image-6315\" src=\"https:\/\/blogsaverroes.juntadeandalucia.es\/ceipreinaisabel\/files\/2021\/03\/Nuevo-banner-ALDEA-300x111.jpg\" alt=\"\" width=\"184\" height=\"68\" srcset=\"https:\/\/blogsaverroes.juntadeandalucia.es\/ceipreinaisabel\/files\/2021\/03\/Nuevo-banner-ALDEA-300x111.jpg 300w, https:\/\/blogsaverroes.juntadeandalucia.es\/ceipreinaisabel\/files\/2021\/03\/Nuevo-banner-ALDEA-1024x379.jpg 1024w, https:\/\/blogsaverroes.juntadeandalucia.es\/ceipreinaisabel\/files\/2021\/03\/Nuevo-banner-ALDEA-768x285.jpg 768w, https:\/\/blogsaverroes.juntadeandalucia.es\/ceipreinaisabel\/files\/2021\/03\/Nuevo-banner-ALDEA-1536x569.jpg 1536w, https:\/\/blogsaverroes.juntadeandalucia.es\/ceipreinaisabel\/files\/2021\/03\/Nuevo-banner-ALDEA-600x220.jpg 600w, https:\/\/blogsaverroes.juntadeandalucia.es\/ceipreinaisabel\/files\/2021\/03\/Nuevo-banner-ALDEA.jpg 1600w\" sizes=\"(max-width: 184px) 100vw, 184px\" \/><\/a><\/p>\n<ul>\n<li><strong>&nbsp; &nbsp; &nbsp; &nbsp; &nbsp; &nbsp; &nbsp; &nbsp; &nbsp; &nbsp; &nbsp; &nbsp; &nbsp; &nbsp;<\/strong><strong>&nbsp; &nbsp; Aldea. Ecoescuelas. <a href=\"https:\/\/blogsaverroes.juntadeandalucia.es\/ceipreinaisabel\/files\/2021\/03\/PLAN-DE-ACCION-2020-21-ECOESCUELAS.pdf\">PLAN DE ACCI\u00d3N 2020-21<\/a><\/strong><\/li>\n<\/ul>\n<p>&nbsp; &nbsp; &nbsp; &nbsp; &nbsp; &nbsp; &nbsp; &nbsp; &nbsp; &nbsp; &nbsp; &nbsp; &nbsp; &nbsp; &nbsp; &nbsp; &nbsp; &nbsp; &nbsp; &nbsp; &nbsp; &nbsp; <strong> Aldea. Ecoescuelas <a href=\"https:\/\/blogsaverroes.juntadeandalucia.es\/ceipreinaisabel\/files\/2022\/05\/PLAN-DE-ACCION-2021-22-ECOESCUELAS.pdf\">PLAN DE ACCI\u00d3N 2021-22<\/a><\/strong><\/p>\n<p>&nbsp; &nbsp; &nbsp; &nbsp; &nbsp; <a href=\"https:\/\/blogsaverroes.juntadeandalucia.es\/ceipreinaisabel\/files\/2021\/03\/Banner-portal-HVS.png\"><img loading=\"lazy\" decoding=\"async\" class=\"alignnone wp-image-6316\" src=\"https:\/\/blogsaverroes.juntadeandalucia.es\/ceipreinaisabel\/files\/2021\/03\/Banner-portal-HVS-300x114.png\" alt=\"\" width=\"179\" height=\"68\" srcset=\"https:\/\/blogsaverroes.juntadeandalucia.es\/ceipreinaisabel\/files\/2021\/03\/Banner-portal-HVS-300x114.png 300w, https:\/\/blogsaverroes.juntadeandalucia.es\/ceipreinaisabel\/files\/2021\/03\/Banner-portal-HVS-1024x390.png 1024w, https:\/\/blogsaverroes.juntadeandalucia.es\/ceipreinaisabel\/files\/2021\/03\/Banner-portal-HVS-768x292.png 768w, https:\/\/blogsaverroes.juntadeandalucia.es\/ceipreinaisabel\/files\/2021\/03\/Banner-portal-HVS-1536x584.png 1536w, https:\/\/blogsaverroes.juntadeandalucia.es\/ceipreinaisabel\/files\/2021\/03\/Banner-portal-HVS-2048x779.png 2048w, https:\/\/blogsaverroes.juntadeandalucia.es\/ceipreinaisabel\/files\/2021\/03\/Banner-portal-HVS.png 1600w\" sizes=\"(max-width: 179px) 100vw, 179px\" \/><\/a>&nbsp;<\/p>\n<p><strong>&nbsp; &nbsp; &nbsp; &nbsp; &nbsp; &nbsp; &nbsp; &nbsp; &nbsp; &nbsp; &nbsp; &nbsp; &nbsp; H\u00e1bitos de vida saludables <a href=\"https:\/\/blogsaverroes.juntadeandalucia.es\/ceipreinaisabel\/files\/2022\/05\/PLAN-ACTUACI\u00d3N-2021-22.pdf\">PLAN ACTUACI\u00d3N 2021-22<\/a><\/strong><\/p>\n<p><a href=\"https:\/\/blogsaverroes.juntadeandalucia.es\/ceipreinaisabel\/files\/2022\/05\/PLAN-ACTUACI\u00d3N-2021_22-CEIP-REINA-ISABEL.pdf\" target=\"_blank\" rel=\"noopener noreferrer\"><img loading=\"lazy\" decoding=\"async\" class=\"wp-image-7205 alignleft\" src=\"https:\/\/blogsaverroes.juntadeandalucia.es\/ceipreinaisabel\/files\/2022\/05\/Logo-Aula-de-Jaque-300x266.png\" alt=\"\" width=\"199\" height=\"176\" srcset=\"https:\/\/blogsaverroes.juntadeandalucia.es\/ceipreinaisabel\/files\/2022\/05\/Logo-Aula-de-Jaque-300x266.png 300w, https:\/\/blogsaverroes.juntadeandalucia.es\/ceipreinaisabel\/files\/2022\/05\/Logo-Aula-de-Jaque-1024x910.png 1024w, https:\/\/blogsaverroes.juntadeandalucia.es\/ceipreinaisabel\/files\/2022\/05\/Logo-Aula-de-Jaque-768x682.png 768w, https:\/\/blogsaverroes.juntadeandalucia.es\/ceipreinaisabel\/files\/2022\/05\/Logo-Aula-de-Jaque.png 1280w\" sizes=\"(max-width: 199px) 100vw, 199px\" \/><\/a><\/p>\n<p>&nbsp;<\/p>\n<p><a href=\"https:\/\/blogsaverroes.juntadeandalucia.es\/ceipreinaisabel\/files\/2021\/03\/aulaDjaque.png\"><img loading=\"lazy\" decoding=\"async\" class=\"wp-image-6317 aligncenter\" src=\"https:\/\/blogsaverroes.juntadeandalucia.es\/ceipreinaisabel\/files\/2021\/03\/aulaDjaque-300x63.png\" alt=\"\" width=\"181\" height=\"38\" srcset=\"https:\/\/blogsaverroes.juntadeandalucia.es\/ceipreinaisabel\/files\/2021\/03\/aulaDjaque-300x63.png 300w, https:\/\/blogsaverroes.juntadeandalucia.es\/ceipreinaisabel\/files\/2021\/03\/aulaDjaque.png 342w\" sizes=\"(max-width: 181px) 100vw, 181px\" \/><\/a> &nbsp;&nbsp; &nbsp;&nbsp; &nbsp;&nbsp; &nbsp;&nbsp; &nbsp;&nbsp; &nbsp;&nbsp; &nbsp;&nbsp; &nbsp;&nbsp; &nbsp;&nbsp; &nbsp;&nbsp; &nbsp;&nbsp;<\/p>\n<ul>\n<li><a href=\"https:\/\/blogsaverroes.juntadeandalucia.es\/ceipreinaisabel\/files\/2022\/05\/PLAN-ACTUACI\u00d3N-2021_22-CEIP-REINA-ISABEL.pdf\" target=\"_blank\" rel=\"noopener noreferrer\"><strong>AulaDjaque<\/strong><\/a><\/li>\n<\/ul>\n<p>&nbsp;<\/p>\n","protected":false},"excerpt":{"rendered":"<p>Cada centro personaliza y adapta su Proyecto Educativo adheri\u00e9ndose a diferentes Planes y Programas promovidos desde la Consejer\u00eda de Educaci\u00f3n, Cultura y Deporte. Este apartado&hellip;<\/p>\n","protected":false},"author":1,"featured_media":0,"parent":0,"menu_order":0,"comment_status":"open","ping_status":"closed","template":"","meta":{"ngg_post_thumbnail":0,"footnotes":"","_mc_calendar":[]},"aioseo_notices":[],"_links":{"self":[{"href":"https:\/\/blogsaverroes.juntadeandalucia.es\/ceipreinaisabel\/wp-json\/wp\/v2\/pages\/44"}],"collection":[{"href":"https:\/\/blogsaverroes.juntadeandalucia.es\/ceipreinaisabel\/wp-json\/wp\/v2\/pages"}],"about":[{"href":"https:\/\/blogsaverroes.juntadeandalucia.es\/ceipreinaisabel\/wp-json\/wp\/v2\/types\/page"}],"author":[{"embeddable":true,"href":"https:\/\/blogsaverroes.juntadeandalucia.es\/ceipreinaisabel\/wp-json\/wp\/v2\/users\/1"}],"replies":[{"embeddable":true,"href":"https:\/\/blogsaverroes.juntadeandalucia.es\/ceipreinaisabel\/wp-json\/wp\/v2\/comments?post=44"}],"version-history":[{"count":14,"href":"https:\/\/blogsaverroes.juntadeandalucia.es\/ceipreinaisabel\/wp-json\/wp\/v2\/pages\/44\/revisions"}],"predecessor-version":[{"id":7231,"href":"https:\/\/blogsaverroes.juntadeandalucia.es\/ceipreinaisabel\/wp-json\/wp\/v2\/pages\/44\/revisions\/7231"}],"wp:attachment":[{"href":"https:\/\/blogsaverroes.juntadeandalucia.es\/ceipreinaisabel\/wp-json\/wp\/v2\/media?parent=44"}],"curies":[{"name":"wp","href":"https:\/\/api.w.org\/{rel}","templated":true}]}}