{"id":870,"date":"2015-03-16T07:24:27","date_gmt":"2015-03-16T07:24:27","guid":{"rendered":"http:\/\/blogsaverroes.juntadeandalucia.es\/pre\/ceip\/?page_id=103"},"modified":"2025-02-06T11:45:10","modified_gmt":"2025-02-06T11:45:10","slug":"aula-matinal","status":"publish","type":"page","link":"https:\/\/blogsaverroes.juntadeandalucia.es\/ceipreinaisabel\/aula-matinal\/","title":{"rendered":"Aula Matinal"},"content":{"rendered":"<h4>&nbsp;<\/h4>\n<p>El <strong>Aula Matinal<\/strong> abre a las 7.30 horas de lunes a viernes, ofreciendo actividades diversas a los estudiantes hasta el comienzo del horario lectivo.<\/p>\n<p><strong>ACTIVIDADES<\/strong><\/p>\n<p style=\"text-align: center\"><strong>CURSO 2024\/2025<\/strong><\/p>\n<p>Podemos ver las im\u00e1genes de las actividades realizadas con el alumnado en el aula matinal.<\/p>\n<p>ngg_shortcode_0_placeholderEsta semana estamos trabajando el<strong> D\u00eda Mundial de los Derechos del Ni\u00f1o. <\/strong>El&nbsp;<b>20 de noviembre<\/b>&nbsp;es una ocasi\u00f3n especial para que todo el mundo conozca los derechos de los ni\u00f1os y para recordar la importancia de trabajar para conseguir el bienestar de todos los ni\u00f1os y las ni\u00f1as del mundo.<\/p>\n<p><a href=\"https:\/\/blogsaverroes.juntadeandalucia.es\/ceipreinaisabel\/files\/2022\/11\/IMG-20221117-WA0002.jpg\"><img loading=\"lazy\" decoding=\"async\" class=\"size-medium wp-image-9279 alignleft\" src=\"https:\/\/blogsaverroes.juntadeandalucia.es\/ceipreinaisabel\/files\/2022\/11\/IMG-20221117-WA0002-225x300.jpg\" alt=\"\" width=\"225\" height=\"300\" srcset=\"https:\/\/blogsaverroes.juntadeandalucia.es\/ceipreinaisabel\/files\/2022\/11\/IMG-20221117-WA0002-225x300.jpg 225w, https:\/\/blogsaverroes.juntadeandalucia.es\/ceipreinaisabel\/files\/2022\/11\/IMG-20221117-WA0002-768x1024.jpg 768w, https:\/\/blogsaverroes.juntadeandalucia.es\/ceipreinaisabel\/files\/2022\/11\/IMG-20221117-WA0002-1152x1536.jpg 1152w, https:\/\/blogsaverroes.juntadeandalucia.es\/ceipreinaisabel\/files\/2022\/11\/IMG-20221117-WA0002.jpg 1200w\" sizes=\"(max-width: 225px) 100vw, 225px\" \/><\/a><a href=\"https:\/\/blogsaverroes.juntadeandalucia.es\/ceipreinaisabel\/files\/2022\/11\/IMG-20221117-WA0001.jpg\"><img loading=\"lazy\" decoding=\"async\" class=\"size-medium wp-image-9278 aligncenter\" src=\"https:\/\/blogsaverroes.juntadeandalucia.es\/ceipreinaisabel\/files\/2022\/11\/IMG-20221117-WA0001-225x300.jpg\" alt=\"\" width=\"225\" height=\"300\" srcset=\"https:\/\/blogsaverroes.juntadeandalucia.es\/ceipreinaisabel\/files\/2022\/11\/IMG-20221117-WA0001-225x300.jpg 225w, https:\/\/blogsaverroes.juntadeandalucia.es\/ceipreinaisabel\/files\/2022\/11\/IMG-20221117-WA0001-768x1024.jpg 768w, https:\/\/blogsaverroes.juntadeandalucia.es\/ceipreinaisabel\/files\/2022\/11\/IMG-20221117-WA0001-1152x1536.jpg 1152w, https:\/\/blogsaverroes.juntadeandalucia.es\/ceipreinaisabel\/files\/2022\/11\/IMG-20221117-WA0001.jpg 1200w\" sizes=\"(max-width: 225px) 100vw, 225px\" \/><\/a><\/p>\n<h4><a href=\"https:\/\/blogsaverroes.juntadeandalucia.es\/ceipreinaisabel\/files\/2022\/11\/IMG-20221117-WA0000.jpg\"><img loading=\"lazy\" decoding=\"async\" class=\"alignnone size-medium wp-image-9277\" src=\"https:\/\/blogsaverroes.juntadeandalucia.es\/ceipreinaisabel\/files\/2022\/11\/IMG-20221117-WA0000-225x300.jpg\" alt=\"\" width=\"225\" height=\"300\" srcset=\"https:\/\/blogsaverroes.juntadeandalucia.es\/ceipreinaisabel\/files\/2022\/11\/IMG-20221117-WA0000-225x300.jpg 225w, https:\/\/blogsaverroes.juntadeandalucia.es\/ceipreinaisabel\/files\/2022\/11\/IMG-20221117-WA0000-768x1024.jpg 768w, https:\/\/blogsaverroes.juntadeandalucia.es\/ceipreinaisabel\/files\/2022\/11\/IMG-20221117-WA0000-1152x1536.jpg 1152w, https:\/\/blogsaverroes.juntadeandalucia.es\/ceipreinaisabel\/files\/2022\/11\/IMG-20221117-WA0000.jpg 1200w\" sizes=\"(max-width: 225px) 100vw, 225px\" \/><\/a><\/h4>\n<p>&nbsp;<\/p>\n","protected":false},"excerpt":{"rendered":"<p>&nbsp; El Aula Matinal abre a las 7.30 horas de lunes a viernes, ofreciendo actividades diversas a los estudiantes hasta el comienzo del horario lectivo.&hellip;<\/p>\n","protected":false},"author":1,"featured_media":0,"parent":0,"menu_order":0,"comment_status":"open","ping_status":"open","template":"","meta":{"ngg_post_thumbnail":0,"footnotes":"","_mc_calendar":[]},"aioseo_notices":[],"_links":{"self":[{"href":"https:\/\/blogsaverroes.juntadeandalucia.es\/ceipreinaisabel\/wp-json\/wp\/v2\/pages\/870"}],"collection":[{"href":"https:\/\/blogsaverroes.juntadeandalucia.es\/ceipreinaisabel\/wp-json\/wp\/v2\/pages"}],"about":[{"href":"https:\/\/blogsaverroes.juntadeandalucia.es\/ceipreinaisabel\/wp-json\/wp\/v2\/types\/page"}],"author":[{"embeddable":true,"href":"https:\/\/blogsaverroes.juntadeandalucia.es\/ceipreinaisabel\/wp-json\/wp\/v2\/users\/1"}],"replies":[{"embeddable":true,"href":"https:\/\/blogsaverroes.juntadeandalucia.es\/ceipreinaisabel\/wp-json\/wp\/v2\/comments?post=870"}],"version-history":[{"count":7,"href":"https:\/\/blogsaverroes.juntadeandalucia.es\/ceipreinaisabel\/wp-json\/wp\/v2\/pages\/870\/revisions"}],"predecessor-version":[{"id":19709,"href":"https:\/\/blogsaverroes.juntadeandalucia.es\/ceipreinaisabel\/wp-json\/wp\/v2\/pages\/870\/revisions\/19709"}],"wp:attachment":[{"href":"https:\/\/blogsaverroes.juntadeandalucia.es\/ceipreinaisabel\/wp-json\/wp\/v2\/media?parent=870"}],"curies":[{"name":"wp","href":"https:\/\/api.w.org\/{rel}","templated":true}]}}