{"id":2348,"date":"2024-02-01T12:39:14","date_gmt":"2024-02-01T12:39:14","guid":{"rendered":"https:\/\/blogsaverroes.juntadeandalucia.es\/ceipreinasofia\/?page_id=2348"},"modified":"2025-12-02T10:23:17","modified_gmt":"2025-12-02T10:23:17","slug":"proyecto-de-centro","status":"publish","type":"page","link":"https:\/\/blogsaverroes.juntadeandalucia.es\/ceipreinasofia\/proyecto-de-centro\/","title":{"rendered":"PLAN DE CENTRO"},"content":{"rendered":"<p>En este apartado podr\u00e1s consultar todos los documentos que conforman nuestro plan de centro.<\/p>\n<p><a href=\"https:\/\/blogsaverroes.juntadeandalucia.es\/ceipreinasofia\/files\/2025\/12\/ANALISIS-DEL-CONTEXTO.pdf\">ANALISIS DEL CONTEXTO<\/a><\/p>\n<p><a href=\"https:\/\/blogsaverroes.juntadeandalucia.es\/ceipreinasofia\/files\/2025\/12\/CRITERIOS-AGRUPAMIENTOS-Y-TUTORIAS.pdf\">CRITERIOS AGRUPAMIENTOS Y TUTOR\u00cdAS<\/a><\/p>\n<p><a href=\"https:\/\/blogsaverroes.juntadeandalucia.es\/ceipreinasofia\/files\/2025\/12\/CRITERIOS-ELABORACION-PROPUESTAS-PEDAGOGICAS-Y-PROGRAMACIONES.pdf\">CRITERIOS ELABORACION PROPUESTAS PEDAG\u00d3GICAS Y PROGRAMACIONES<\/a><\/p>\n<p><a href=\"https:\/\/blogsaverroes.juntadeandalucia.es\/ceipreinasofia\/files\/2025\/12\/CRITERIOS-PEDAGOGICOS-ORGANOS-COORDINACION-DOCENTE-Y-HORARIO.pdf\">CRITERIOS PEDAGOGICOS \u00d3RGANOS COORDINACI\u00d3N DOCENTE Y HORARIO<\/a><\/p>\n<p><a href=\"https:\/\/blogsaverroes.juntadeandalucia.es\/ceipreinasofia\/files\/2025\/12\/CRITERIOS-TIEMPO-ESCOLAR-EXTRAESCOLAR.pdf\">CRITERIOS TIEMPO ESCOLAR EXTRAESCOLAR<\/a><\/p>\n<p><a href=\"https:\/\/blogsaverroes.juntadeandalucia.es\/ceipreinasofia\/files\/2025\/12\/EFECTOS-DEL-CALOR-SOBRE-LA-SALUD-Y-PRIMEROS-AUXILIOS.pdf\">EFECTOS DEL CALOR SOBRE LA SALUD Y PRIMEROS AUXILIOS<\/a><\/p>\n<p><a href=\"https:\/\/blogsaverroes.juntadeandalucia.es\/ceipreinasofia\/files\/2025\/12\/EVALUACION-INFANTIL.pdf\">EVALUACION INFANTIL<\/a><\/p>\n<p><a href=\"https:\/\/blogsaverroes.juntadeandalucia.es\/ceipreinasofia\/files\/2025\/12\/EVALUACION-PRIMARIA.pdf\">EVALUACION PRIMARIA<\/a><\/p>\n<p><a href=\"https:\/\/blogsaverroes.juntadeandalucia.es\/ceipreinasofia\/files\/2025\/12\/LINEAS-GENERALES-ACTUACION-PEDAGOGICA.pdf\">LINEAS GENERALES ACTUACION PEDAGOGICA<\/a><\/p>\n<p><a href=\"https:\/\/blogsaverroes.juntadeandalucia.es\/ceipreinasofia\/files\/2025\/12\/OBJETIVOS-PROPIOS-PARA-LA-MEJORA-DEL-RENDIMIENTO-ACADEMICO.pdf\">OBJETIVOS PROPIOS PARA LA MEJORA DEL RENDIMIENTO ACAD\u00c9MICO<\/a><\/p>\n<p><a href=\"https:\/\/blogsaverroes.juntadeandalucia.es\/ceipreinasofia\/files\/2025\/12\/PLAN-ACTUACION-DIGITAL.pdf\">PLAN ACTUACI\u00d3N DIGITAL<\/a><\/p>\n<p><a href=\"https:\/\/blogsaverroes.juntadeandalucia.es\/ceipreinasofia\/files\/2025\/12\/PLAN-ANUAL-AMPA-2025-26.pdf\">PLAN ANUAL AMPA 2025-26<\/a><\/p>\n<p><a href=\"https:\/\/blogsaverroes.juntadeandalucia.es\/ceipreinasofia\/files\/2025\/12\/PLAN-ATENCION-DIVERSIDAD.pdf\">PLAN ATENCION DIVERSIDAD<\/a><\/p>\n<p><a href=\"https:\/\/blogsaverroes.juntadeandalucia.es\/ceipreinasofia\/files\/2025\/12\/PLAN-CENTRO-RELACION-DOCUMENTOS-Y-MODIFICACIONES.pdf\">PLAN CENTRO RELACION DOCUMENTOS Y MODIFICACIONES<\/a><\/p>\n<p><a href=\"https:\/\/blogsaverroes.juntadeandalucia.es\/ceipreinasofia\/files\/2025\/12\/PLAN-CONVIVENCIA.pdf\">PLAN CONVIVENCIA<\/a><\/p>\n<p><a href=\"https:\/\/blogsaverroes.juntadeandalucia.es\/ceipreinasofia\/files\/2025\/12\/PLAN-DE-ACTUACION-DE-LA-LECTURA.pdf\">PLAN DE ACTUACI\u00d3N DE LA LECTURA<\/a><\/p>\n<p><a href=\"https:\/\/blogsaverroes.juntadeandalucia.es\/ceipreinasofia\/files\/2025\/12\/PLAN-DE-FORMACION.pdf\">PLAN DE FORMACI\u00d3N<\/a><\/p>\n<p><a href=\"https:\/\/blogsaverroes.juntadeandalucia.es\/ceipreinasofia\/files\/2025\/12\/PLAN-DE-IGUALDAD.pdf\">PLAN DE IGUALDAD<\/a><\/p>\n<p><a href=\"https:\/\/blogsaverroes.juntadeandalucia.es\/ceipreinasofia\/files\/2025\/12\/PLAN-DE-TRABAJO-BIBLIOTECA.pdf\">PLAN DE TRABAJO BIBLIOTECA<\/a><\/p>\n<p><a href=\"https:\/\/blogsaverroes.juntadeandalucia.es\/ceipreinasofia\/files\/2025\/12\/PLAN-FOMENTO-RAZONAMIENTO-MATEMATICO.pdf\">PLAN FOMENTO RAZONAMIENTO MATEM\u00c1TICO<\/a><\/p>\n<p><a href=\"https:\/\/blogsaverroes.juntadeandalucia.es\/ceipreinasofia\/files\/2025\/12\/PLAN-MEJORA.pdf\">PLAN MEJORA<\/a><\/p>\n<p><a href=\"https:\/\/blogsaverroes.juntadeandalucia.es\/ceipreinasofia\/files\/2025\/12\/PLAN-ORIENTACION-ACCION-TUTORIAL.pdf\">PLAN ORIENTACION ACCION TUTORIAL<\/a><\/p>\n<p><a href=\"https:\/\/blogsaverroes.juntadeandalucia.es\/ceipreinasofia\/files\/2025\/12\/PLANES-ESTRATEGICOS.pdf\">PLANES ESTRATEGICOS<\/a><\/p>\n<p><a href=\"https:\/\/blogsaverroes.juntadeandalucia.es\/ceipreinasofia\/files\/2025\/12\/PROCEDIMIENTO-COMPROMISO-EDUCATIVO-Y-CONVIVENCIA.pdf\">PROCEDIMIENTO COMPROMISO EDUCATIVO Y CONVIVENCIA<\/a><\/p>\n<p><a href=\"https:\/\/blogsaverroes.juntadeandalucia.es\/ceipreinasofia\/files\/2025\/12\/PROCEDIMIENTOS-EVALUACION-INTERNA.pdf\">PROCEDIMIENTOS EVALUACION INTERNA<\/a><\/p>\n<p><a href=\"https:\/\/blogsaverroes.juntadeandalucia.es\/ceipreinasofia\/files\/2025\/12\/PROGRAMACION-FISIOTERAPIA.pdf\">PROGRAMACI\u00d3N FISIOTERAPIA<\/a><\/p>\n<p><a href=\"https:\/\/blogsaverroes.juntadeandalucia.es\/ceipreinasofia\/files\/2025\/12\/PROTOCOLO-CALOR.pdf\">PROTOCOLO CALOR<\/a><\/p>\n<p><a href=\"https:\/\/blogsaverroes.juntadeandalucia.es\/ceipreinasofia\/files\/2025\/12\/PROTOCOLO-REUNIONES-VIRTUALES.pdf\">PROTOCOLO REUNIONES VIRTUALES<\/a><\/p>\n<p><a href=\"https:\/\/blogsaverroes.juntadeandalucia.es\/ceipreinasofia\/files\/2025\/12\/PROYECTO-DE-GESTION.pdf\">PROYECTO DE GESTION<\/a><\/p>\n<p><a href=\"https:\/\/blogsaverroes.juntadeandalucia.es\/ceipreinasofia\/files\/2025\/12\/PTVAL.pdf\">PTVAL<\/a><\/p>\n<p>&nbsp;<\/p>\n","protected":false},"excerpt":{"rendered":"<p>En este apartado podr\u00e1s consultar todos los documentos que conforman nuestro plan de centro. ANALISIS DEL CONTEXTO CRITERIOS AGRUPAMIENTOS Y TUTOR\u00cdAS CRITERIOS ELABORACION PROPUESTAS PEDAG\u00d3GICAS Y PROGRAMACIONES CRITERIOS PEDAGOGICOS \u00d3RGANOS COORDINACI\u00d3N DOCENTE Y HORARIO CRITERIOS TIEMPO ESCOLAR EXTRAESCOLAR EFECTOS DEL CALOR SOBRE LA SALUD Y PRIMEROS AUXILIOS EVALUACION INFANTIL EVALUACION PRIMARIA LINEAS GENERALES ACTUACION PEDAGOGICA [&hellip;]<\/p>\n","protected":false},"author":7015,"featured_media":0,"parent":0,"menu_order":0,"comment_status":"closed","ping_status":"closed","template":"","meta":{"ngg_post_thumbnail":0,"footnotes":"","_mc_calendar":[]},"aioseo_notices":[],"_links":{"self":[{"href":"https:\/\/blogsaverroes.juntadeandalucia.es\/ceipreinasofia\/wp-json\/wp\/v2\/pages\/2348"}],"collection":[{"href":"https:\/\/blogsaverroes.juntadeandalucia.es\/ceipreinasofia\/wp-json\/wp\/v2\/pages"}],"about":[{"href":"https:\/\/blogsaverroes.juntadeandalucia.es\/ceipreinasofia\/wp-json\/wp\/v2\/types\/page"}],"author":[{"embeddable":true,"href":"https:\/\/blogsaverroes.juntadeandalucia.es\/ceipreinasofia\/wp-json\/wp\/v2\/users\/7015"}],"replies":[{"embeddable":true,"href":"https:\/\/blogsaverroes.juntadeandalucia.es\/ceipreinasofia\/wp-json\/wp\/v2\/comments?post=2348"}],"version-history":[{"count":8,"href":"https:\/\/blogsaverroes.juntadeandalucia.es\/ceipreinasofia\/wp-json\/wp\/v2\/pages\/2348\/revisions"}],"predecessor-version":[{"id":2783,"href":"https:\/\/blogsaverroes.juntadeandalucia.es\/ceipreinasofia\/wp-json\/wp\/v2\/pages\/2348\/revisions\/2783"}],"wp:attachment":[{"href":"https:\/\/blogsaverroes.juntadeandalucia.es\/ceipreinasofia\/wp-json\/wp\/v2\/media?parent=2348"}],"curies":[{"name":"wp","href":"https:\/\/api.w.org\/{rel}","templated":true}]}}