{"id":44,"date":"2015-03-13T08:42:15","date_gmt":"2015-03-13T08:42:15","guid":{"rendered":"http:\/\/blogsaverroes.juntadeandalucia.es\/pre\/ceip\/?page_id=44"},"modified":"2021-10-06T15:20:17","modified_gmt":"2021-10-06T15:20:17","slug":"planes-y-proyectos","status":"publish","type":"page","link":"https:\/\/blogsaverroes.juntadeandalucia.es\/ceipreinasofiamoron\/planes-y-proyectos\/","title":{"rendered":"Planes y Programas"},"content":{"rendered":"<div class=\"osc-res-tab tabbable   osc-tabs-left\"><div style=\"clear:both;width: 100%;\"><ul class=\"nav osc-res-nav nav-tabs osc-tabs-left-ul\" id=\"oscitas-restabs-1-planes-y-proyectos-65170\"><li class=\"active\"><a href=\"#ert_pane1-0\" data-toggle=\"tab\">Plan de igualdad<\/a><\/li><li class=\"\"><a href=\"#ert_pane1-1\" data-toggle=\"tab\">Escuela Espacio de Paz<\/a><\/li><li class=\"\"><a href=\"#ert_pane1-2\" data-toggle=\"tab\">Plan de LyB<\/a><\/li><li class=\"\"><a href=\"#ert_pane1-3\" data-toggle=\"tab\">Acompa\u00f1amiento<\/a><\/li><li class=\"\"><a href=\"#ert_pane1-4\" data-toggle=\"tab\">Creciendo en Salud<\/a><\/li><li class=\"active\"><a href=\"#ert_pane1-5\" data-toggle=\"tab\">Plan ALDEA<\/a><\/li><\/ul><\/div><div style=\"clear:both;width: 100%;\"><ul class=\"tab-content\" id=\"oscitas-restabcontent-1-planes-y-proyectos-65170\"><li class=\"tab-pane active\" id=\"ert_pane1-0\"><\/p>\n<p><a href=\"https:\/\/blogsaverroes.juntadeandalucia.es\/ceipreinasofiamoron\/files\/2016\/12\/somosiguales.jpg\"><img loading=\"lazy\" decoding=\"async\" class=\"aligncenter size-full wp-image-2151\" src=\"https:\/\/blogsaverroes.juntadeandalucia.es\/ceipreinasofiamoron\/files\/2016\/12\/somosiguales.jpg\" alt=\"\" width=\"487\" height=\"216\"><\/a><br \/>\nNuestro centro marca unas finalidades educativas basadas fundamentalmente en la formaci\u00f3n plena, dirigidas al desarrollo de las capacidades de manera integral, para ejercer cr\u00edticamente la igualdad, libertad, la tolerancia y la solidaridad dentro de una sociedad plural.<\/p>\n<p>Promovemos una educaci\u00f3n sin discriminaci\u00f3n de g\u00e9nero, desarrollando una autonom\u00eda personal basada en principios y valores.<\/p>\n<p>As\u00ed, la principal finalidad de nuestro proyecto es construir un <strong>\u201cespacio de igualdad\u201d<\/strong> integrado por todos los miembros que colaboran en la educaci\u00f3n de los alumno\/as.<\/p>\n<p><a href=\"https:\/\/drive.google.com\/open?id=0B0-4fsXQ-U17Wk1Bbm5KVXNkVU0\" target=\"_blank\" rel=\"noopener noreferrer\">Leer m\u00e1s.<\/a><\/p>\n<p>&nbsp;<\/p>\n<p><\/li><li class=\"tab-pane \" id=\"ert_pane1-1\"><br \/>\n<a href=\"https:\/\/blogsaverroes.juntadeandalucia.es\/ceipreinasofiamoron\/files\/2016\/12\/Paz.jpg\"><img loading=\"lazy\" decoding=\"async\" class=\"alignnone size-full wp-image-2161\" src=\"https:\/\/blogsaverroes.juntadeandalucia.es\/ceipreinasofiamoron\/files\/2016\/12\/Paz.jpg\" alt=\"\" width=\"600\" height=\"357\" srcset=\"https:\/\/blogsaverroes.juntadeandalucia.es\/ceipreinasofiamoron\/files\/2016\/12\/Paz.jpg 600w, https:\/\/blogsaverroes.juntadeandalucia.es\/ceipreinasofiamoron\/files\/2016\/12\/Paz-300x179.jpg 300w, https:\/\/blogsaverroes.juntadeandalucia.es\/ceipreinasofiamoron\/files\/2016\/12\/Paz-200x120.jpg 200w, https:\/\/blogsaverroes.juntadeandalucia.es\/ceipreinasofiamoron\/files\/2016\/12\/Paz-24x14.jpg 24w, https:\/\/blogsaverroes.juntadeandalucia.es\/ceipreinasofiamoron\/files\/2016\/12\/Paz-36x21.jpg 36w, https:\/\/blogsaverroes.juntadeandalucia.es\/ceipreinasofiamoron\/files\/2016\/12\/Paz-48x29.jpg 48w\" sizes=\"(max-width: 600px) 100vw, 600px\" \/><\/a><br \/>\nLa educaci\u00f3n cumple un importante papel hacia el <em><strong>pleno desarrollo de la Cultura de Paz y No-violencia<\/strong><\/em>, caracterizada por la convivencia y la participaci\u00f3n. Esta cultura est\u00e1 sostenida por los principios de libertad, justicia social, democracia, tolerancia y solidaridad, que rechaza la violencia, se dedica a prevenir los conflictos en sus ra\u00edces y busca soluciones positivas y alternativas a los grandes desaf\u00edos del mundo moderno. Cultura que se refleja y se inspira en el conjunto de valores, actitudes, tradiciones, comportamientos y estilos de vida que fomentan y permiten el ejercicio del derecho a la paz.<\/p>\n<p>Los <em><strong>objetivos<\/strong><\/em> que perseguimos con este programa son:<\/p>\n<ol>\n<li>Fomentar la mejora de la convivencia escolar, promoviendo la paz como&nbsp; acci\u00f3n individual y colectiva de todos los miembros de la Comunidad&nbsp; Educativa.<\/li>\n<li>Prevenir la violencia escolar, por medio de un programa de&nbsp; intervenci\u00f3n para la resoluci\u00f3n pac\u00edfica de todas aquellas situaciones o&nbsp; conflictos que surgen a diario en nuestras aulas.<\/li>\n<li>Formar a todos los alumnos\/as para el desarrollo de una cultura de tolerancia, paz, cooperaci\u00f3n y solidaridad, no s\u00f3lo dentro del centro sino tambi\u00e9n fuera de \u00e9l, es decir, en cualquier \u00e1mbito o situaci\u00f3n en que se encuentren.<\/li>\n<li>Educar en la igualdad partiendo de la diferencia, trabajando la coeducaci\u00f3n&nbsp;tanto en la escuela como fuera y la adquisici\u00f3n de h\u00e1bitos saludables a trav\u00e9s de los distintos programas y actividades, que lleven a una convivencia pac\u00edfica y a una formaci\u00f3n integra convirti\u00e9ndolos en ciudadanos del mundo cr\u00edticos, responsables, solidarios, democr\u00e1ticos, creativos y transformadores del mundo que le rodea y la sociedad en la que est\u00e1n inmersos.<\/li>\n<\/ol>\n<p><\/li><li class=\"tab-pane \" id=\"ert_pane1-2\"><\/p>\n<p><a href=\"https:\/\/blogsaverroes.juntadeandalucia.es\/ceipreinasofiamoron\/files\/2017\/02\/Biblioteca.jpg\"><img loading=\"lazy\" decoding=\"async\" class=\"alignleft size-full wp-image-2254\" src=\"https:\/\/blogsaverroes.juntadeandalucia.es\/ceipreinasofiamoron\/files\/2017\/02\/Biblioteca.jpg\" alt=\"\" width=\"267\" height=\"189\" srcset=\"https:\/\/blogsaverroes.juntadeandalucia.es\/ceipreinasofiamoron\/files\/2017\/02\/Biblioteca.jpg 267w, https:\/\/blogsaverroes.juntadeandalucia.es\/ceipreinasofiamoron\/files\/2017\/02\/Biblioteca-24x17.jpg 24w, https:\/\/blogsaverroes.juntadeandalucia.es\/ceipreinasofiamoron\/files\/2017\/02\/Biblioteca-36x25.jpg 36w, https:\/\/blogsaverroes.juntadeandalucia.es\/ceipreinasofiamoron\/files\/2017\/02\/Biblioteca-48x34.jpg 48w\" sizes=\"(max-width: 267px) 100vw, 267px\" \/><\/a><\/p>\n<p>El Claustro del C.E.I.P. REINA SOF\u00cdA se propuso hace unos a\u00f1os elaborar un Plan para el Fomento de la lectura y el desarrollo de la comprensi\u00f3n lectora y de esta forma potenciar la lectura entre el alumnado del Centro.<br \/>\nHemos elegido este LEMA: \u00ab\u00bfMI MEJOR AMIGO?&#8230; UN LIBRO\u201d. Consideramos que los ni\u00f1os\/as interiorizar\u00e1n f\u00e1cilmente este eslogan porque un enfoque de la lectura desde el punto de vista del ocio y el divertimento permitir\u00e1 que disfruten y aprendan con \u00e9l.<br \/>\n\u201cMe entretengo y me divierto con un amigo. Un libro, adem\u00e1s de eso, es un pozo sin fondo de conocimiento y saber \u2026\u201d<br \/>\nEste Plan ha sido elaborado con las aportaciones de todo el profesorado del Centro.<\/p>\n<p>Para conocer el Plan de Lectura y Biblioteca completo <a href=\"https:\/\/drive.google.com\/open?id=0B0-4fsXQ-U17aXpfcVNIZEYyT0E\" target=\"_blank\" rel=\"noopener noreferrer\">pincha aqu\u00ed<\/a><\/p>\n<p><\/li><li class=\"tab-pane \" id=\"ert_pane1-3\"><br \/>\n<a href=\"https:\/\/blogsaverroes.juntadeandalucia.es\/ceipreinasofiamoron\/files\/2016\/12\/Acompan\u0303amiento.jpg\"><img loading=\"lazy\" decoding=\"async\" class=\"alignleft size-full wp-image-2163\" src=\"https:\/\/blogsaverroes.juntadeandalucia.es\/ceipreinasofiamoron\/files\/2016\/12\/Acompan\u0303amiento.jpg\" alt=\"\" width=\"248\" height=\"203\" srcset=\"https:\/\/blogsaverroes.juntadeandalucia.es\/ceipreinasofiamoron\/files\/2016\/12\/Acompan\u0303amiento.jpg 248w, https:\/\/blogsaverroes.juntadeandalucia.es\/ceipreinasofiamoron\/files\/2016\/12\/Acompan\u0303amiento-24x20.jpg 24w, https:\/\/blogsaverroes.juntadeandalucia.es\/ceipreinasofiamoron\/files\/2016\/12\/Acompan\u0303amiento-36x29.jpg 36w, https:\/\/blogsaverroes.juntadeandalucia.es\/ceipreinasofiamoron\/files\/2016\/12\/Acompan\u0303amiento-48x39.jpg 48w\" sizes=\"(max-width: 248px) 100vw, 248px\" \/><\/a><\/p>\n<p>En virtud de las Instrucciones del 15 de noviembre de 2016, de la Direcci\u00f3n General de Participaci\u00f3n y Equidad, que regula dicho Programa, se han formado 4 grupos, uno por cada una de las unidades del tercer ciclo.<br \/>\nLos objetivos que planteamos con este Programa son:<\/p>\n<p>&nbsp;<\/p>\n<p>&nbsp;<\/p>\n<ul>\n<li>Favorecer la inclusi\u00f3n educativa y social del alumnado, facilitando t\u00e9cnicas y herramientas para un desenvolvimiento aut\u00f3nomo.<\/li>\n<li>Contribuir a la mejora del grado de adquisici\u00f3n de las competencias clave.<\/li>\n<li>Apoyar la transformaci\u00f3n social y cultural del centro y de la comunidad educativa.<\/li>\n<li>Establecer cauces de coordinaci\u00f3n, cooperaci\u00f3n y colaboraci\u00f3n entre todos los agentes implicados en el sistema educativo, docentes y no docentes, para prestar una respuesta integral al alumnado.<\/li>\n<\/ul>\n<p>El alumnado seleccionado, presenta dificultades para alcanzar las competencias clave, por lo que en las sesiones se abordar\u00e1n los siguientes bloques de contenidos:<\/p>\n<ul>\n<li style=\"list-style-type: none\">\n<ul>\n<li>Competencias y aprendizajes instrumentales b\u00e1sicos: comprensi\u00f3n lectora, expresi\u00f3n oral o escrita y c\u00e1lculo y resoluci\u00f3n de problemas.<\/li>\n<li>Estrategias, t\u00e9cnicas y h\u00e1bitos de estudio.<\/li>\n<li>El uso de las tecnolog\u00edas de la informaci\u00f3n y la comunicaci\u00f3n en la vida diaria.<\/li>\n<li>Coeducaci\u00f3n, normas para la convivencia, mediaci\u00f3n y resoluci\u00f3n pac\u00edfica de conflictos.<\/li>\n<li>Actividades motivadoras, funcionales y que faciliten el proceso de transferencia de los aprendizajes escolares.<\/li>\n<\/ul>\n<\/li>\n<\/ul>\n<p><\/li><li class=\"tab-pane \" id=\"ert_pane1-4\"><br \/>\n<a href=\"https:\/\/blogsaverroes.juntadeandalucia.es\/ceipreinasofiamoron\/files\/2016\/12\/creciendo-en-salud-e1481668959108.jpeg\"><img loading=\"lazy\" decoding=\"async\" class=\"aligncenter size-full wp-image-2157\" src=\"https:\/\/blogsaverroes.juntadeandalucia.es\/ceipreinasofiamoron\/files\/2016\/12\/creciendo-en-salud-e1481668959108.jpeg\" alt=\"\" width=\"600\" height=\"306\"><\/a><br \/>\nEl programa educativo Creciendo en Salud se realiza con una perspectiva sist\u00e9mica e integral, continuada en el tiempo, colaborativa, realista y con enfoques did\u00e1cticos e innovadores.<br \/>\nCon \u00e9l abordamos las cuatro dimensiones fundamentales en la promoci\u00f3n de salud en la escuela, como son:<\/p>\n<ul>\n<li style=\"list-style-type: none\">\n<ul>\n<li style=\"list-style-type: none\">\n<ul>\n<li style=\"list-style-type: none\">\n<ul>\n<li>El curr\u00edculo.<\/li>\n<li>El entorno psicosocial del centro.<\/li>\n<li>La familia.<\/li>\n<li>La colaboraci\u00f3n con los recursos comunitarios que protegen y promueven el valor \u201csalud\u201d, tanto individual como colectivamente.<\/li>\n<\/ul>\n<\/li>\n<\/ul>\n<\/li>\n<\/ul>\n<\/li>\n<\/ul>\n<p>Durante el curso escolar 2017-2018 se desarrollar\u00e1 en este programa el Plan de Consumo de Frutas y Hortalizas, a trav\u00e9s del cual podr\u00e1n consumir lotes de fruta en los recreos.<\/p>\n<p><a href=\"https:\/\/drive.google.com\/file\/d\/0B0-4fsXQ-U17MWxpQ2sySXk0ck0\/view?usp=sharing\" target=\"_blank\" rel=\"noopener noreferrer\">Leer m\u00e1s.<\/a><\/p>\n<p>Para conocer el plan de actuaci\u00f3n de este programa pincha <a href=\"https:\/\/drive.google.com\/file\/d\/0B0-4fsXQ-U17UlNMWVpRcU1FdzZZc2dBNllYOW1BTFZGWWs4\/view?usp=sharing\" target=\"_blank\" rel=\"noopener noreferrer\">aqu\u00ed<\/a>.<\/p>\n<p style=\"text-align: center\"><span style=\"text-decoration: underline\"><strong>H\u00c1BITOS DE VIDA SALUDABLE<\/strong><\/span><\/p>\n<p style=\"text-align: left\">Hace an\u0303os que la obesidad es considerada como una de las epidemias ma\u0301s graves de nuestra sociedad. La obesidad y el sobrepeso esta\u0301n relacionados con problemas de salud tan graves como las enfermedades cardiovasculares y cerebrovasculares entre otras.<br \/>\nAnalizando el Estudio de prevalencia de la obesidad infantil \u2013 Estudio ALADINO (Alimentacio\u0301n, Actividad fi\u0301sica, Desarrollo Infantil y Obesidad) de 2015, hemos podido comprobar que a partir de los 7 an\u0303os aumenta la prevalencia de sobrepeso en las nin\u0303as y la obesidad en los nin\u0303os, lo que coincide con los resultados del estudio ALADINO de 2011.<br \/>\nEs por ello que no nos podemos conformar con estos resultados, tenemos que seguir trabajando en la importancia que tiene la actividad fi\u0301sica, una buena higiene personal, el descanso y los ha\u0301bitos de alimentacio\u0301n saludable en una vida sana y equilibrada.<\/p>\n<p style=\"text-align: left\">Durante el curso 2018-2019 se llevar\u00e1 a cabo este programa en nuestro centro.<\/p>\n<p style=\"text-align: left\"><a href=\"https:\/\/drive.google.com\/file\/d\/1lJeq6pibcsOQIxe1he9Mlmy5I82Dzzee\/view?usp=sharing\" target=\"_blank\" rel=\"noopener noreferrer\">Para conocer por completo el plan de actuaci\u00f3n pincha aqu\u00ed.<\/a><\/p>\n<p>&nbsp;<\/p>\n<p><strong>PROGRAMA CRECIENDO EN SALUD CURSO 20\/21.<\/strong><\/p>\n<p>El programa educativo Creciendo en Salud se realiza con una perspectiva sist\u00e9mica e integral, continuada en el tiempo, colaborativa, realista y con enfoques did\u00e1cticos e innovadores.<\/p>\n<p>Con \u00e9l abordamos las cuatro dimensiones fundamentales en la promoci\u00f3n de salud en la escuela, como son:<\/p>\n<ul>\n<li>El curr\u00edculo.<\/li>\n<li>El entorno psicosocial del centro.<\/li>\n<li>La familia.<\/li>\n<li>La colaboraci\u00f3n con los recursos comunitarios que protegen y promueven el valor \u201csalud\u201d, tanto individual como colectivamente.<\/li>\n<\/ul>\n<p>&nbsp;<\/p>\n<p>A lo largo del presente curso 2020\/2021 se van a desarrollar actividades dentro del programa <strong>Creciendo en Salud<\/strong> que van a tener un especial sentido y sensibilidad, debido a la pandemia <strong>COVID-19<\/strong> que a nivel mundial estamos viviendo. El reto para todos los centros y docentes en la sociedad, es llevar a cabo <strong>protocolos de seguridad<\/strong>, que protejan nuestro entorno de ense\u00f1anza y aprendizaje que supone La Escuela. Esas medidas van a influenciar mucho el tipo de actividad a realizar en los centros y que requerir\u00e1 de <strong>imaginaci\u00f3n e implicaci\u00f3n de tod@s.<\/strong><\/p>\n<p>As\u00ed, cobra m\u00e1s relevancia que nunca, seguir trabajando en la importancia que tiene la actividad fi\u0301sica, una buena higiene personal, el descanso y los ha\u0301bitos de alimentacio\u0301n saludable en una vida sana y equilibrada. La situaci\u00f3n tambi\u00e9n precisa el que la <strong>l\u00ednea emocional<\/strong> del programa est\u00e9 presente a lo largo del presente curso.<\/p>\n<p>Durante el curso escolar 2020-2021 se desarrollar\u00e1 en este programa el Plan de <strong>Consumo de Frutas y Hortalizas<\/strong>, a trav\u00e9s del cual podr\u00e1n consumir lotes de fruta en los recreos.<\/p>\n<p>Para conocer por completo el plan de actuaci\u00f3n del curso 2020-2021 <a href=\"https:\/\/blogsaverroes.juntadeandalucia.es\/ceipreinasofiamoron\/files\/2020\/12\/PLAN-DE-ACTUACI\u00d3N.pdf\" target=\"_blank\" rel=\"noopener noreferrer\">pincha aqu\u00ed.<\/a><\/p>\n<p><\/li><li class=\"tab-pane active\" id=\"ert_pane1-5\"><\/p>\n<p><a href=\"https:\/\/blogsaverroes.juntadeandalucia.es\/ceipreinasofiamoron\/files\/2017\/11\/PROGRAMA-ALDEA.jpg\"><img loading=\"lazy\" decoding=\"async\" class=\"alignnone size-full wp-image-2612\" src=\"https:\/\/blogsaverroes.juntadeandalucia.es\/ceipreinasofiamoron\/files\/2017\/11\/PROGRAMA-ALDEA.jpg\" alt=\"\" width=\"600\" height=\"200\" srcset=\"https:\/\/blogsaverroes.juntadeandalucia.es\/ceipreinasofiamoron\/files\/2017\/11\/PROGRAMA-ALDEA.jpg 900w, https:\/\/blogsaverroes.juntadeandalucia.es\/ceipreinasofiamoron\/files\/2017\/11\/PROGRAMA-ALDEA-300x100.jpg 300w, https:\/\/blogsaverroes.juntadeandalucia.es\/ceipreinasofiamoron\/files\/2017\/11\/PROGRAMA-ALDEA-768x256.jpg 768w, https:\/\/blogsaverroes.juntadeandalucia.es\/ceipreinasofiamoron\/files\/2017\/11\/PROGRAMA-ALDEA-24x8.jpg 24w, https:\/\/blogsaverroes.juntadeandalucia.es\/ceipreinasofiamoron\/files\/2017\/11\/PROGRAMA-ALDEA-36x12.jpg 36w, https:\/\/blogsaverroes.juntadeandalucia.es\/ceipreinasofiamoron\/files\/2017\/11\/PROGRAMA-ALDEA-48x16.jpg 48w\" sizes=\"(max-width: 600px) 100vw, 600px\" \/><\/a><br \/>\nLa Consejer\u00eda de Educaci\u00f3n y la Consejer\u00eda de Medio Ambiente y Ordenaci\u00f3n del Terrirtorio ponen a disposici\u00f3n del sistema educativo andaluz el Programa Aldea, Educaci\u00f3n Ambiental para la Comunidad Educativa.<\/p>\n<p>El objetivo de este programa es promover el desarrollo integrado de iniciativas de educaci\u00f3n para la conservaci\u00f3n de los recursos naturales y el fomento del desarrollo sostenible, en el \u00e1mbito de la comunidad educativa andaluza.<\/p>\n<p><a href=\"https:\/\/drive.google.com\/file\/d\/1HsPQvrfLy-fxcY4EzTXliySLHJesX81a\/view?usp=sharing\" target=\"_blank\" rel=\"noopener noreferrer\">Leer m\u00e1s.<\/a><\/p>\n<p><\/li><\/ul><\/div><\/div>\n<p style=\"text-align: center\"><strong>PLAN DE TRANSFORMACI\u00d3N DIGITAL<\/strong><\/p>\n<p>Desde la Junta de Andaluc\u00eda se est\u00e1 estableciendo un conjunto de medidas y llevando a cabo una serie de actuaciones orientadas a la mejora y modernizaci\u00f3n de los centros haciendo uso de las tecnolog\u00edas digitales, contribuyendo as\u00ed a que el alumnado desarrolle su competencia digital.<\/p>\n<p>El Plan de Actuaci\u00f3n Digital es la herramienta de planificaci\u00f3n para el desarrollo del proceso de transformaci\u00f3n digital y tiene como objetivo general la planificaci\u00f3n y desarrollo de capacidades digitales eficaces para mejorar la calidad de la ense\u00f1anza relacionada con las tecnolog\u00edas digitales y favorecer el uso y dise\u00f1o de herramientas digitales aplicadas a las diferentes metodolog\u00edas did\u00e1cticas.<\/p>\n<p>Esta trasformaci\u00f3n digital educativa tiene como punto de partida el diagn\u00f3stico del centro y a partir de ah\u00ed, se desarrolla a trav\u00e9s del Plan de Actuaci\u00f3n Digital que engloba tres \u00e1mbitos de actuaci\u00f3n:<\/p>\n<ol>\n<li>Organizaci\u00f3n y gesti\u00f3n del centro docente.<\/li>\n<li>Procesos de ense\u00f1anza y aprendizaje.<\/li>\n<li>Desarrollo de capacidades digitales para mejorar la calidad de la ense\u00f1anza relacionada con las tecnolog\u00edas digitales.<\/li>\n<li><a href=\"https:\/\/blogsaverroes.juntadeandalucia.es\/ceipreinasofiamoron\/files\/2021\/10\/cd.jpeg\"><img loading=\"lazy\" decoding=\"async\" class=\"alignnone size-full wp-image-3327\" src=\"https:\/\/blogsaverroes.juntadeandalucia.es\/ceipreinasofiamoron\/files\/2021\/10\/cd.jpeg\" alt=\"\" width=\"293\" height=\"172\"><\/a><\/li>\n<\/ol>\n<p>&nbsp;<\/p>\n","protected":false},"excerpt":{"rendered":"<p>PLAN DE TRANSFORMACI\u00d3N DIGITAL Desde la Junta de Andaluc\u00eda se est\u00e1 estableciendo un conjunto de medidas y llevando a cabo una serie de actuaciones orientadas a la mejora y modernizaci\u00f3n de los centros haciendo&#46;&#46;&#46;<\/p>\n","protected":false},"author":1,"featured_media":0,"parent":0,"menu_order":0,"comment_status":"closed","ping_status":"closed","template":"page-cs.php","meta":{"ngg_post_thumbnail":0,"footnotes":"","_mc_calendar":[]},"aioseo_notices":[],"_links":{"self":[{"href":"https:\/\/blogsaverroes.juntadeandalucia.es\/ceipreinasofiamoron\/wp-json\/wp\/v2\/pages\/44"}],"collection":[{"href":"https:\/\/blogsaverroes.juntadeandalucia.es\/ceipreinasofiamoron\/wp-json\/wp\/v2\/pages"}],"about":[{"href":"https:\/\/blogsaverroes.juntadeandalucia.es\/ceipreinasofiamoron\/wp-json\/wp\/v2\/types\/page"}],"author":[{"embeddable":true,"href":"https:\/\/blogsaverroes.juntadeandalucia.es\/ceipreinasofiamoron\/wp-json\/wp\/v2\/users\/1"}],"replies":[{"embeddable":true,"href":"https:\/\/blogsaverroes.juntadeandalucia.es\/ceipreinasofiamoron\/wp-json\/wp\/v2\/comments?post=44"}],"version-history":[{"count":32,"href":"https:\/\/blogsaverroes.juntadeandalucia.es\/ceipreinasofiamoron\/wp-json\/wp\/v2\/pages\/44\/revisions"}],"predecessor-version":[{"id":3332,"href":"https:\/\/blogsaverroes.juntadeandalucia.es\/ceipreinasofiamoron\/wp-json\/wp\/v2\/pages\/44\/revisions\/3332"}],"wp:attachment":[{"href":"https:\/\/blogsaverroes.juntadeandalucia.es\/ceipreinasofiamoron\/wp-json\/wp\/v2\/media?parent=44"}],"curies":[{"name":"wp","href":"https:\/\/api.w.org\/{rel}","templated":true}]}}