{"id":49,"date":"2015-03-13T08:47:05","date_gmt":"2015-03-13T08:47:05","guid":{"rendered":"http:\/\/blogsaverroes.juntadeandalucia.es\/pre\/ceip\/?page_id=49"},"modified":"2022-07-03T10:16:01","modified_gmt":"2022-07-03T10:16:01","slug":"proyecto-educativo","status":"publish","type":"page","link":"https:\/\/blogsaverroes.juntadeandalucia.es\/ceipreinasofiamoron\/proyecto-educativo\/","title":{"rendered":"Proyecto Educativo"},"content":{"rendered":"<p><img loading=\"lazy\" decoding=\"async\" class=\"alignleft size-medium wp-image-1662\" src=\"http:\/\/blogsaverroes.juntadeandalucia.es\/ceipreinasofiamoron\/files\/2015\/03\/proyecto-300x266.png\" alt=\"proyecto\" width=\"300\" height=\"266\" srcset=\"https:\/\/blogsaverroes.juntadeandalucia.es\/ceipreinasofiamoron\/files\/2015\/03\/proyecto-300x266.png 300w, https:\/\/blogsaverroes.juntadeandalucia.es\/ceipreinasofiamoron\/files\/2015\/03\/proyecto.png 640w\" sizes=\"(max-width: 300px) 100vw, 300px\" \/><\/p>\n<p>&nbsp;<\/p>\n<p>Un centro se define en gran medida por su <strong>Proyecto Educativo<\/strong>. En \u00e9l se plasma el modelo educativo y la concreci\u00f3n de la normativa que un centro realiza respecto a las ense\u00f1anzas que imparte.&nbsp;Tambi\u00e9n se ha de tener en cuenta que&nbsp;algunos de los documentos que contiene pueden estar en revisi\u00f3n, ya que se han de adaptar a las nuevas normativas que van surgiendo.<\/p>\n<p>Al pinchar en los distintos apartados que lo componen acceder\u00e1n a los documentos.<\/p>\n<p>&nbsp;<\/p>\n<p><strong>A.- <a href=\"https:\/\/blogsaverroes.juntadeandalucia.es\/ceipreinasofiamoron\/files\/2022\/03\/PROYECTO-EDUCATIVO-PLAN-DE-CENTRO.pdf\">PROYECTO EDUCATIVO<\/a>:<\/strong><\/p>\n<p><strong>0. <\/strong><a href=\"https:\/\/blogsaverroes.juntadeandalucia.es\/ceipreinasofiamoron\/files\/2022\/03\/Punto-0.-1.pdf\">INTRODUCCI\u00d3N Y JUSTIFICACI\u00d3N <em>NORMATIVA<\/em><\/a><\/p>\n<ol>\n<li><a href=\"https:\/\/blogsaverroes.juntadeandalucia.es\/ceipreinasofiamoron\/files\/2022\/03\/PUNTO-1.pdf\">CARACTER\u00cdSTICAS DEL CENTRO Y SU ENTORNO<\/a><\/li>\n<li><a href=\"https:\/\/blogsaverroes.juntadeandalucia.es\/ceipreinasofiamoron\/files\/2022\/03\/PUNTO-2.pdf\">OBJETIVOS PROPIOS PARA LA MEJORA DEL RENDIMIENTO ESCOLAR<\/a><\/li>\n<li><a href=\"https:\/\/blogsaverroes.juntadeandalucia.es\/ceipreinasofiamoron\/files\/2022\/03\/punto-3.pdf\">L\u00cdNEAS GENERALES DE ACTUACI\u00d3N PEDAG\u00d3GICA<\/a><\/li>\n<li><a href=\"https:\/\/blogsaverroes.juntadeandalucia.es\/ceipreinasofiamoron\/files\/2022\/03\/punto-4.pdf\" target=\"_blank\" rel=\"noopener noreferrer\">CRITERIOS GENERALES PARA LA ELABORACI\u00d3N DE LAS PROGRAMACIONES DID\u00c1CTICAS<\/a><\/li>\n<li>C<a href=\"https:\/\/blogsaverroes.juntadeandalucia.es\/ceipreinasofiamoron\/files\/2022\/03\/Punto-5.pdf\">OORDINACI\u00d3N Y CONCRECI\u00d3N DE LOS CONTENIDOS CURRICULARES, AS\u00cd COMO EL TRATAMIENTO TRANSVERSAL EN LAS \u00c1REAS DE EDUCACI\u00d3N EN VALORES Y OTRAS ENSE\u00d1ANZAS, INTEGRANDO LA IGUALDAD DE G\u00c9NERO COMO OBJETIVO PRIMORDIAL<\/a><u><\/u><\/li>\n<li><a href=\"https:\/\/blogsaverroes.juntadeandalucia.es\/ceipreinasofiamoron\/files\/2022\/03\/Punto-6.pdf\">CRITERIOS PEDAG\u00d3GICO PARA LA DETERMINACI\u00d3N DEL HORARIO DE DEDICACI\u00d3N DE LAS PERSONAS RESPONSABLES DE LOS \u00d3RGANOS DE COORDINACI\u00d3N DOCENTE<\/a><\/li>\n<li><a href=\"https:\/\/blogsaverroes.juntadeandalucia.es\/ceipreinasofiamoron\/files\/2022\/07\/PROCED.-Y-CRITERIOS-DE-EV.-Y-PROMOCIO\u0301N.pdf\">PROCEDIMIENTOS Y CRITERIOS COMUNES DE EVALUACI\u00d3N Y PROMOCI\u00d3N DEL ALUMNADO<\/a><\/li>\n<li><a href=\"https:\/\/blogsaverroes.juntadeandalucia.es\/ceipreinasofiamoron\/files\/2022\/03\/punto-8.pdf\">CRITERIOS PARA ORGANIZAR Y DISTRIBUIR EL TIEMPO ESCOLAR Y OBJETIVOS DE INTERVENCI\u00d3N EN EL TIEMPO EXTRAESCOLAR<\/a><\/li>\n<li><a href=\"https:\/\/blogsaverroes.juntadeandalucia.es\/ceipreinasofiamoron\/files\/2022\/07\/DOCUMENTO-EVALUACIO\u0301N-INTERNA-PLAN-DE-CENTRO-2021-2022.pdf\">PROCEDIMIENTOS PARA LA EVALUACI\u00d3N INTERNA<\/a><\/li>\n<li><a href=\"https:\/\/blogsaverroes.juntadeandalucia.es\/ceipreinasofiamoron\/files\/2022\/03\/PUNTO-10.pdf\">PLAN DE ACCI\u00d3N TUTORIAL<\/a><\/li>\n<li><a href=\"https:\/\/blogsaverroes.juntadeandalucia.es\/ceipreinasofiamoron\/files\/2022\/03\/PUNTO-11.pdf\">PROCEDIMIENTO PARA SUSCRIBIR COMPROMISOS EDUCATIVOS Y DE CONVIVENCIA CON LAS FAMILIAS<\/a><\/li>\n<li><a href=\"https:\/\/blogsaverroes.juntadeandalucia.es\/ceipreinasofiamoron\/files\/2022\/03\/PUNTO-12.pdf\">PLAN DE CONVIVENCIA PARA PREVENIR LA APARICI\u00d3N DE CONDUCTAS CONTRARIAS A LAS NORMAS DE CONVIVENCIA Y FACILITAR UN ADECUADO CLIMA ESCOLAR<\/a><\/li>\n<li><a href=\"https:\/\/blogsaverroes.juntadeandalucia.es\/ceipreinasofiamoron\/files\/2022\/03\/PUNTO-13.pdf\">PLAN DE FORMACI\u00d3N DEL PROFESORADO<\/a><\/li>\n<li><a href=\"https:\/\/blogsaverroes.juntadeandalucia.es\/ceipreinasofiamoron\/files\/2022\/03\/PUNTO-14.pdf\">PLAN DE ATENCI\u00d3N A LA DIVERSIDAD<\/a><\/li>\n<li><a href=\"https:\/\/blogsaverroes.juntadeandalucia.es\/ceipreinasofiamoron\/files\/2022\/03\/PUNTO-15.pdf\">CRITERIOS PARA ESTABLECER LOS AGRUPAMIENTOS DEL ALUMNADO Y LA ASIGNACI\u00d3N DE LAS TUTOR\u00cdAS Y OTRAS ENSE\u00d1ANZAS<\/a><\/li>\n<\/ol>\n<p>&nbsp;<\/p>\n<p><a href=\"https:\/\/blogsaverroes.juntadeandalucia.es\/ceipreinasofiamoron\/files\/2022\/04\/ANEXO-I.-Concrecion-curricular-1\u00ba-ciclo.pdf\">ANEXO I. Concreci\u00f3n curricular 1\u00ba ciclo<\/a><\/p>\n<p><a href=\"https:\/\/blogsaverroes.juntadeandalucia.es\/ceipreinasofiamoron\/files\/2022\/04\/ANEXO-II.-Concrecion-curricular-2\u00ba-ciclo.pdf\">ANEXO II. Concreci\u00f3n curricular 2\u00ba ciclo<\/a><\/p>\n<p><a href=\"https:\/\/blogsaverroes.juntadeandalucia.es\/ceipreinasofiamoron\/files\/2022\/04\/ANEXO-III.-Concrecion-curricular-3\u00ba-ciclo.pdf\">ANEXO III. Concreci\u00f3n curricular 3\u00ba ciclo<\/a><\/p>\n<p><a href=\"https:\/\/blogsaverroes.juntadeandalucia.es\/ceipreinasofiamoron\/files\/2022\/04\/ANEXO-IV.-Concreciones-curriculares-Infantil.pdf\">ANEXO IV. Concreciones curriculares Infantil<\/a><\/p>\n<p><a href=\"https:\/\/blogsaverroes.juntadeandalucia.es\/ceipreinasofiamoron\/files\/2022\/04\/ANEXO-V.-Plan-de-convivencia.pdf\">ANEXO V. Plan de convivencia<\/a><\/p>\n<p><a href=\"https:\/\/blogsaverroes.juntadeandalucia.es\/ceipreinasofiamoron\/files\/2022\/04\/ANEXO-VI.-Plan-de-atencio\u0301n-a-la-diversidad.pdf\">ANEXO VI. Plan de atenci\u00f3n a la diversidad<\/a><\/p>\n<p><a href=\"https:\/\/blogsaverroes.juntadeandalucia.es\/ceipreinasofiamoron\/files\/2022\/04\/ANEXO-VII.-PROYECTO-TDE.pdf\">ANEXO VII. Proyecto de Transformaci\u00f3n Digital Educativa<\/a><\/p>\n<p>&nbsp;<\/p>\n<p>&nbsp;<\/p>\n","protected":false},"excerpt":{"rendered":"<p>&nbsp; Un centro se define en gran medida por su Proyecto Educativo. En \u00e9l se plasma el modelo educativo y la concreci\u00f3n de la normativa que un centro realiza respecto a las ense\u00f1anzas que&#46;&#46;&#46;<\/p>\n","protected":false},"author":1,"featured_media":0,"parent":0,"menu_order":0,"comment_status":"closed","ping_status":"open","template":"page-cs.php","meta":{"ngg_post_thumbnail":0,"footnotes":"","_mc_calendar":[]},"aioseo_notices":[],"_links":{"self":[{"href":"https:\/\/blogsaverroes.juntadeandalucia.es\/ceipreinasofiamoron\/wp-json\/wp\/v2\/pages\/49"}],"collection":[{"href":"https:\/\/blogsaverroes.juntadeandalucia.es\/ceipreinasofiamoron\/wp-json\/wp\/v2\/pages"}],"about":[{"href":"https:\/\/blogsaverroes.juntadeandalucia.es\/ceipreinasofiamoron\/wp-json\/wp\/v2\/types\/page"}],"author":[{"embeddable":true,"href":"https:\/\/blogsaverroes.juntadeandalucia.es\/ceipreinasofiamoron\/wp-json\/wp\/v2\/users\/1"}],"replies":[{"embeddable":true,"href":"https:\/\/blogsaverroes.juntadeandalucia.es\/ceipreinasofiamoron\/wp-json\/wp\/v2\/comments?post=49"}],"version-history":[{"count":43,"href":"https:\/\/blogsaverroes.juntadeandalucia.es\/ceipreinasofiamoron\/wp-json\/wp\/v2\/pages\/49\/revisions"}],"predecessor-version":[{"id":3521,"href":"https:\/\/blogsaverroes.juntadeandalucia.es\/ceipreinasofiamoron\/wp-json\/wp\/v2\/pages\/49\/revisions\/3521"}],"wp:attachment":[{"href":"https:\/\/blogsaverroes.juntadeandalucia.es\/ceipreinasofiamoron\/wp-json\/wp\/v2\/media?parent=49"}],"curies":[{"name":"wp","href":"https:\/\/api.w.org\/{rel}","templated":true}]}}