{"id":2153,"date":"2016-04-11T10:27:32","date_gmt":"2016-04-11T08:27:32","guid":{"rendered":"http:\/\/blogsaverroes.juntadeandalucia.es\/ceiprenidero\/?page_id=2153"},"modified":"2016-04-11T10:29:46","modified_gmt":"2016-04-11T08:29:46","slug":"datos-del-centro","status":"publish","type":"page","link":"https:\/\/blogsaverroes.juntadeandalucia.es\/ceiprenidero\/datos-del-centro\/","title":{"rendered":"Datos del centro"},"content":{"rendered":"<p>El C.E.I.P. Augusto Santiago Bellido est\u00e1 situado en la zona c\u00e9ntrica del casco urbano de la ciudad de V\u00e9lez-M\u00e1laga, en la calle Re\u00f1idero n\u00ba 9. Es en esta calle donde est\u00e1 la entrada principal del edificio, habiendo otra por la calle Tejeda. Consta de dos edificios con un total de 25 aulas y otras dependencias auxiliares: gimnasio, dos peque\u00f1os patios, biblioteca, aula de m\u00fasica, comedor escolar y sal\u00f3n de usos m\u00faltiples.<\/p>\n<p>Es una zona de viviendas antiguas y bastante poblada. El nivel cultural de la zona es muy variado, de modo que distintas identidades y niveles de cultura conviven en una misma comunidad de aprendizaje.<\/p>\n<p>Actualmente tenemos escolarizados 520 alumnos y alumnas, de los cuales 50 son inmigrantes de diferentes nacionalidades: Marroqu\u00ed, Argentina, Rumana, Boliviana, Ucraniana, Nigeriana, Colombiana, Paraguaya, \u2026 Este alumnado se ha visto incrementado a lo largo de los \u00faltimos cursos escolares, aunque en el curso actual se nota un peque\u00f1o descenso. El grupo m\u00e1s numeroso lo forman los inmigrantes de origen marroqu\u00ed.<\/p>\n<p>Nuestro Centro cuenta con 16 unidades de primaria, 7 de Infantil, dos unidades de Apoyo a la Integraci\u00f3n y una de Audici\u00f3n y Lenguaje; tambi\u00e9n contamos con una profesora de lenguaje de signos que trabaja con los alumnos con problemas auditivos que est\u00e1n integrados en las aulas ordinarias y con una profesora de ATAL compartida con otros dos centros.<\/p>\n<p>El edificio es bastante antiguo, aunque ha sufrido algunas reformas. Est\u00e1 dividido en dos pabellones que est\u00e1n separados por un patio. Despu\u00e9s de las \u00faltimas reformas, las aulas est\u00e1n en bastante buen estado y bien dotadas para el uso de las TIC. El centro presenta dos deficiencias importantes en sus instalaciones: un patio de recreo muy peque\u00f1o y numerosas barreras arquitect\u00f3nicas debidas al desnivel existente entre los dos pabellones del colegio.<\/p>\n<p>El centro participa en los siguientes proyectos:<\/p>\n<ul>\n<li>Programa de centro biling\u00fce (Ingl\u00e9s)<\/li>\n<li>Escuela \u201cEspacio de Paz\u201d<\/li>\n<li>Plan de Apertura de centros docentes<\/li>\n<li>Plan de igualdad<\/li>\n<li>Kioto Educa<\/li>\n<li>Familias Lectoras<\/li>\n<li>Escuela TIC 2.0<\/li>\n<\/ul>\n<p>&nbsp;<\/p>\n","protected":false},"excerpt":{"rendered":"<p>El C.E.I.P. Augusto Santiago Bellido est\u00e1 situado en la zona c\u00e9ntrica del casco urbano de la ciudad de V\u00e9lez-M\u00e1laga, en la calle Re\u00f1idero n\u00ba 9. Es en esta calle donde est\u00e1 la entrada principal&#46;&#46;&#46;<\/p>\n","protected":false},"author":3502,"featured_media":0,"parent":0,"menu_order":0,"comment_status":"open","ping_status":"open","template":"","meta":{"ngg_post_thumbnail":0,"footnotes":"","_mc_calendar":[]},"aioseo_notices":[],"_links":{"self":[{"href":"https:\/\/blogsaverroes.juntadeandalucia.es\/ceiprenidero\/wp-json\/wp\/v2\/pages\/2153"}],"collection":[{"href":"https:\/\/blogsaverroes.juntadeandalucia.es\/ceiprenidero\/wp-json\/wp\/v2\/pages"}],"about":[{"href":"https:\/\/blogsaverroes.juntadeandalucia.es\/ceiprenidero\/wp-json\/wp\/v2\/types\/page"}],"author":[{"embeddable":true,"href":"https:\/\/blogsaverroes.juntadeandalucia.es\/ceiprenidero\/wp-json\/wp\/v2\/users\/3502"}],"replies":[{"embeddable":true,"href":"https:\/\/blogsaverroes.juntadeandalucia.es\/ceiprenidero\/wp-json\/wp\/v2\/comments?post=2153"}],"version-history":[{"count":1,"href":"https:\/\/blogsaverroes.juntadeandalucia.es\/ceiprenidero\/wp-json\/wp\/v2\/pages\/2153\/revisions"}],"predecessor-version":[{"id":2155,"href":"https:\/\/blogsaverroes.juntadeandalucia.es\/ceiprenidero\/wp-json\/wp\/v2\/pages\/2153\/revisions\/2155"}],"wp:attachment":[{"href":"https:\/\/blogsaverroes.juntadeandalucia.es\/ceiprenidero\/wp-json\/wp\/v2\/media?parent=2153"}],"curies":[{"name":"wp","href":"https:\/\/api.w.org\/{rel}","templated":true}]}}