{"id":3070,"date":"2017-12-01T12:39:18","date_gmt":"2017-12-01T11:39:18","guid":{"rendered":"http:\/\/blogsaverroes.juntadeandalucia.es\/ceiprenidero\/?page_id=3070"},"modified":"2022-05-25T18:25:42","modified_gmt":"2022-05-25T16:25:42","slug":"corito-renidero","status":"publish","type":"page","link":"https:\/\/blogsaverroes.juntadeandalucia.es\/ceiprenidero\/corito-renidero\/","title":{"rendered":"Corito Re\u00f1idero"},"content":{"rendered":"<p>&nbsp;<\/p>\n<table style=\"width: 616.333px;height: 393px;border-color: #000000\" cellpadding=\"1\" border=\"1\">\n<tbody>\n<tr style=\"height: 49px\">\n<td style=\"height: 49px;width: 618.333px;text-align: center\" colspan=\"2\"><strong><span style=\"font-size: 18pt\">Actividades del Corito<\/span><\/strong><\/td>\n<\/tr>\n<tr style=\"height: 53px\">\n<td style=\"height: 53px;width: 521px;text-align: left\"><span style=\"font-size: 14pt\"><strong>I Encuentro de Coros Escolares de la Axarqu\u00eda<\/strong><\/span><\/td>\n<td style=\"height: 53px;width: 97.3334px\"><a href=\"https:\/\/blogsaverroes.juntadeandalucia.es\/ceiprenidero\/2019\/05\/01\/i-encuentro-de-coros-escolares-de-la-axarquia\/\"><img loading=\"lazy\" decoding=\"async\" src=\"https:\/\/blogsaverroes.juntadeandalucia.es\/ceiprenidero\/files\/2018\/12\/bot\u00f3n-cantando-2-e1544307593457.jpg\" alt=\"\" width=\"91\" height=\"100\"><\/a><\/td>\n<\/tr>\n<tr style=\"height: 53px\">\n<td style=\"height: 53px;width: 521px;text-align: left\"><span style=\"font-size: 14pt\"><strong>El Corito en el 25N<\/strong><\/span><\/td>\n<td style=\"height: 53px;width: 97.3334px\"><a href=\"https:\/\/blogsaverroes.juntadeandalucia.es\/ceiprenidero\/?p=4134&amp;preview=true\"><img loading=\"lazy\" decoding=\"async\" src=\"https:\/\/blogsaverroes.juntadeandalucia.es\/ceiprenidero\/files\/2018\/12\/bot\u00f3n-cantando-2-e1544307593457.jpg\" alt=\"\" width=\"91\" height=\"100\"><\/a><\/td>\n<\/tr>\n<tr style=\"height: 53px\">\n<td style=\"height: 53px;width: 521px\">\n<p style=\"text-align: left\"><strong><span style=\"line-height: 27px;font-size: 19px\"><span style=\"font-size: 14pt\">La Puerta Violeta: El Corito Re\u00f1idero y Rozal\u00e9n, juntos contra la violencia machista&nbsp; &nbsp; &nbsp; &nbsp; &nbsp; &nbsp; &nbsp; &nbsp; &nbsp; &nbsp; &nbsp; &nbsp; &nbsp; &nbsp; &nbsp; &nbsp; &nbsp; &nbsp; &nbsp; &nbsp; &nbsp; &nbsp; &nbsp; &nbsp; &nbsp;<\/span><\/span><\/strong><\/p>\n<\/td>\n<td style=\"height: 53px;width: 97.3334px\"><a href=\"https:\/\/blogsaverroes.juntadeandalucia.es\/ceiprenidero\/2017\/12\/01\/el-corito-renidero-contra-la-violencia-machista\/\"><img loading=\"lazy\" decoding=\"async\" src=\"https:\/\/blogsaverroes.juntadeandalucia.es\/ceiprenidero\/files\/2018\/12\/bot\u00f3n-cantando-2-e1544307593457.jpg\" alt=\"\" width=\"91\" height=\"100\"><\/a><\/td>\n<\/tr>\n<tr style=\"height: 71px\">\n<td style=\"height: 71px;width: 521px;text-align: justify\"><strong><span style=\"font-size: 14pt\">El Corito contra la homofobia &nbsp; &nbsp; &nbsp; &nbsp; &nbsp; &nbsp; &nbsp;&nbsp;<\/span><\/strong><\/td>\n<td style=\"height: 71px;width: 97.3334px\"><a href=\"https:\/\/blogsaverroes.juntadeandalucia.es\/ceiprenidero\/2017\/05\/25\/17-de-mayo-el-renidero-contra-la-homofobia\/\"><img loading=\"lazy\" decoding=\"async\" class=\"\" src=\"https:\/\/blogsaverroes.juntadeandalucia.es\/ceiprenidero\/files\/2018\/12\/bot\u00f3n-cantando-2-e1544307593457.jpg\" alt=\"\" width=\"96\" height=\"105\"><\/a><a href=\"https:\/\/blogsaverroes.juntadeandalucia.es\/ceiprenidero\/2017\/05\/25\/17-de-mayo-el-renidero-contra-la-homofobia\/\"><img loading=\"lazy\" decoding=\"async\" class=\"aligncenter\" src=\"http:\/\/blogsaverroes.juntadeandalucia.es\/ceiprenidero\/files\/2015\/05\/Boton-enlace-e1481052539742.png\" alt=\"\" width=\"80\" height=\"80\"><\/a><\/td>\n<\/tr>\n<tr style=\"height: 61.6667px\">\n<td style=\"height: 61.6667px;width: 521px;text-align: justify\"><strong><span style=\"line-height: 27px;font-size: 19px\">Tercer premio en el VI festival de la canci\u00f3n<\/span><\/strong><\/td>\n<td style=\"height: 61.6667px;width: 97.3334px\"><a href=\"https:\/\/blogsaverroes.juntadeandalucia.es\/ceiprenidero\/2016\/12\/04\/corito-renidero\/\"><img loading=\"lazy\" decoding=\"async\" class=\"\" src=\"https:\/\/blogsaverroes.juntadeandalucia.es\/ceiprenidero\/files\/2018\/12\/bot\u00f3n-cantando-2-e1544307593457.jpg\" alt=\"\" width=\"96\" height=\"105\"><\/a><\/td>\n<\/tr>\n<tr style=\"height: 61.6667px\">\n<td style=\"height: 61.6667px;width: 521px;text-align: justify\">&nbsp;<\/td>\n<td style=\"height: 61.6667px;width: 97.3334px\">&nbsp;<\/td>\n<\/tr>\n<\/tbody>\n<\/table>\n","protected":false},"excerpt":{"rendered":"<p>&nbsp; Actividades del Corito I Encuentro de Coros Escolares de la Axarqu\u00eda El Corito en el 25N La Puerta Violeta: El Corito Re\u00f1idero y Rozal\u00e9n, juntos contra la violencia machista&nbsp; &nbsp; &nbsp; &nbsp; &nbsp;&#46;&#46;&#46;<\/p>\n","protected":false},"author":3502,"featured_media":3293,"parent":0,"menu_order":0,"comment_status":"closed","ping_status":"closed","template":"","meta":{"ngg_post_thumbnail":0,"footnotes":"","_mc_calendar":[]},"aioseo_notices":[],"_links":{"self":[{"href":"https:\/\/blogsaverroes.juntadeandalucia.es\/ceiprenidero\/wp-json\/wp\/v2\/pages\/3070"}],"collection":[{"href":"https:\/\/blogsaverroes.juntadeandalucia.es\/ceiprenidero\/wp-json\/wp\/v2\/pages"}],"about":[{"href":"https:\/\/blogsaverroes.juntadeandalucia.es\/ceiprenidero\/wp-json\/wp\/v2\/types\/page"}],"author":[{"embeddable":true,"href":"https:\/\/blogsaverroes.juntadeandalucia.es\/ceiprenidero\/wp-json\/wp\/v2\/users\/3502"}],"replies":[{"embeddable":true,"href":"https:\/\/blogsaverroes.juntadeandalucia.es\/ceiprenidero\/wp-json\/wp\/v2\/comments?post=3070"}],"version-history":[{"count":30,"href":"https:\/\/blogsaverroes.juntadeandalucia.es\/ceiprenidero\/wp-json\/wp\/v2\/pages\/3070\/revisions"}],"predecessor-version":[{"id":4632,"href":"https:\/\/blogsaverroes.juntadeandalucia.es\/ceiprenidero\/wp-json\/wp\/v2\/pages\/3070\/revisions\/4632"}],"wp:featuredmedia":[{"embeddable":true,"href":"https:\/\/blogsaverroes.juntadeandalucia.es\/ceiprenidero\/wp-json\/wp\/v2\/media\/3293"}],"wp:attachment":[{"href":"https:\/\/blogsaverroes.juntadeandalucia.es\/ceiprenidero\/wp-json\/wp\/v2\/media?parent=3070"}],"curies":[{"name":"wp","href":"https:\/\/api.w.org\/{rel}","templated":true}]}}