{"id":141,"date":"2015-03-17T07:13:24","date_gmt":"2015-03-17T07:13:24","guid":{"rendered":"http:\/\/blogsaverroes.juntadeandalucia.es\/pre\/ceip\/?page_id=141"},"modified":"2026-02-27T13:39:40","modified_gmt":"2026-02-27T12:39:40","slug":"escolarizacion","status":"publish","type":"page","link":"https:\/\/blogsaverroes.juntadeandalucia.es\/ceipreyescatolicos\/escolarizacion\/","title":{"rendered":"Admisi\u00f3n y Escolarizaci\u00f3n 2026\/2027"},"content":{"rendered":"<h3 data-start=\"0\" data-end=\"42\">Admisi\u00f3n y Escolarizaci\u00f3n de alumnado \u2013 Curso 2026\/2027&nbsp;<\/h3>\n<p data-start=\"44\" data-end=\"404\">La <strong data-start=\"47\" data-end=\"109\">Consejer\u00eda de Desarrollo Educativo y Formaci\u00f3n Profesional<\/strong> convoca el <strong data-start=\"121\" data-end=\"163\">procedimiento de admisi\u00f3n del alumnado<\/strong> en centros docentes p\u00fablicos y privados concertados para cursar ense\u00f1anzas de <strong data-start=\"242\" data-end=\"366\">2.\u00ba Ciclo de Educaci\u00f3n Infantil y Educaci\u00f3n Primaria<\/strong>&nbsp;durante el <strong data-start=\"378\" data-end=\"403\">curso escolar 2026\/27<\/strong>.<\/p>\n<p data-start=\"406\" data-end=\"774\">El <strong data-start=\"409\" data-end=\"449\">plazo de presentaci\u00f3n de solicitudes<\/strong> para el curso <strong data-start=\"464\" data-end=\"477\">2026\/2027<\/strong> permanecer\u00e1 abierto <strong data-start=\"498\" data-end=\"540\">del 1 al 31 de marzo (ambos inclusive)<\/strong>. Con ello se inicia el proceso de escolarizaci\u00f3n en el que participa el alumnado que <strong data-start=\"639\" data-end=\"692\">se incorpora por primera vez al sistema educativo<\/strong> (nacidos\/as en <strong data-start=\"708\" data-end=\"716\">2023<\/strong>) y tambi\u00e9n el alumnado que <strong data-start=\"744\" data-end=\"773\">solicite cambio de centro<\/strong>.<\/p>\n<p data-start=\"406\" data-end=\"774\"><img fetchpriority=\"high\" decoding=\"async\" class=\"wp-image-4444 aligncenter\" src=\"https:\/\/blogsaverroes.juntadeandalucia.es\/ceipreyescatolicos\/files\/2026\/02\/\ud83d\udcdd-Periodo-de-matriculacion9.png\" alt=\"\" width=\"592\" height=\"418\" srcset=\"https:\/\/blogsaverroes.juntadeandalucia.es\/ceipreyescatolicos\/files\/2026\/02\/\ud83d\udcdd-Periodo-de-matriculacion9.png 2245w, https:\/\/blogsaverroes.juntadeandalucia.es\/ceipreyescatolicos\/files\/2026\/02\/\ud83d\udcdd-Periodo-de-matriculacion9-300x212.png 300w, https:\/\/blogsaverroes.juntadeandalucia.es\/ceipreyescatolicos\/files\/2026\/02\/\ud83d\udcdd-Periodo-de-matriculacion9-1024x724.png 1024w, https:\/\/blogsaverroes.juntadeandalucia.es\/ceipreyescatolicos\/files\/2026\/02\/\ud83d\udcdd-Periodo-de-matriculacion9-150x106.png 150w, https:\/\/blogsaverroes.juntadeandalucia.es\/ceipreyescatolicos\/files\/2026\/02\/\ud83d\udcdd-Periodo-de-matriculacion9-768x543.png 768w, https:\/\/blogsaverroes.juntadeandalucia.es\/ceipreyescatolicos\/files\/2026\/02\/\ud83d\udcdd-Periodo-de-matriculacion9-1536x1086.png 1536w, https:\/\/blogsaverroes.juntadeandalucia.es\/ceipreyescatolicos\/files\/2026\/02\/\ud83d\udcdd-Periodo-de-matriculacion9-2048x1448.png 2048w\" sizes=\"(max-width: 592px) 100vw, 592px\" \/><\/p>\n<p data-start=\"776\" data-end=\"874\">Siguiendo las instrucciones de la Consejer\u00eda, <strong data-start=\"822\" data-end=\"857\">recomendamos la <a href=\"https:\/\/secretariavirtual.juntadeandalucia.es\/secretariavirtual\/autenticacion\/autenticacioniANDE\/?\">teletramitaci\u00f3n<\/a><\/strong> de la solicitud.<\/p>\n<p data-start=\"876\" data-end=\"1014\">Para ello, est\u00e1 disponible el <a href=\"https:\/\/portales.ced.junta-andalucia.es\/educacion\/portales\/es\/web\/escolarizacion\/infantil-a-bachillerato\"><strong data-start=\"906\" data-end=\"934\">Portal de Escolarizaci\u00f3n<\/strong><\/a>, desde el que pueden realizar el tr\u00e1mite <strong data-start=\"976\" data-end=\"1013\">sin necesidad de acudir al centro<\/strong>.<\/p>\n<p data-start=\"1016\" data-end=\"1056\"><strong data-start=\"1016\" data-end=\"1056\">V\u00edas de presentaci\u00f3n de solicitudes:<\/strong><\/p>\n<ul data-start=\"1057\" data-end=\"1209\">\n<li data-start=\"1057\" data-end=\"1167\">\n<p data-start=\"1059\" data-end=\"1167\"><strong data-start=\"1059\" data-end=\"1074\">Telem\u00e1tica:<\/strong> mediante <a href=\"https:\/\/youtu.be\/a4SRXzZuLSw\"><strong data-start=\"1084\" data-end=\"1119\">autentificaci\u00f3n con Clave iANDE<\/strong><\/a> (tiene la <strong data-start=\"1130\" data-end=\"1147\">misma validez<\/strong> que la presencial).<\/p>\n<\/li>\n<li data-start=\"1168\" data-end=\"1209\">\n<p data-start=\"1170\" data-end=\"1209\"><strong data-start=\"1170\" data-end=\"1185\">Presencial:<\/strong> en el centro educativo.<\/p>\n<\/li>\n<\/ul>\n<p data-start=\"1211\" data-end=\"1372\">Adem\u00e1s, sigue disponible (con <strong data-start=\"1241\" data-end=\"1259\">nuevas mejoras<\/strong>) la <strong data-start=\"1264\" data-end=\"1295\">aplicaci\u00f3n para smartphones<\/strong> que permite <strong data-start=\"1308\" data-end=\"1329\">consultar centros<\/strong> y los <strong data-start=\"1336\" data-end=\"1371\">puntos del baremo por domicilio<\/strong>:<\/p>\n<h3 title=\"Descarga la app iEscolariza\">Descarga la app iEscolariza: Pulsa en la imagen correspondiente (Android \/ iOS) para descargar la app.<\/h3>\n<p data-start=\"1211\" data-end=\"1372\"><a href=\"https:\/\/apps.apple.com\/es\/app\/iescolariza\/id606516551\">&nbsp;<img decoding=\"async\" class=\"alignnone size-full wp-image-4431\" src=\"https:\/\/blogsaverroes.juntadeandalucia.es\/ceipreyescatolicos\/files\/2026\/02\/WhatsApp-Image-2026-02-27-at-10.37.39.jpeg\" alt=\"\" width=\"214\" height=\"70\" srcset=\"https:\/\/blogsaverroes.juntadeandalucia.es\/ceipreyescatolicos\/files\/2026\/02\/WhatsApp-Image-2026-02-27-at-10.37.39.jpeg 214w, https:\/\/blogsaverroes.juntadeandalucia.es\/ceipreyescatolicos\/files\/2026\/02\/WhatsApp-Image-2026-02-27-at-10.37.39-150x49.jpeg 150w\" sizes=\"(max-width: 214px) 100vw, 214px\" \/><\/a> <a href=\"https:\/\/play.google.com\/store\/apps\/details?id=es.juntadeandalucia.ced.escolarizacion&amp;hl=es\"><img decoding=\"async\" class=\"alignnone size-medium wp-image-4432\" src=\"https:\/\/blogsaverroes.juntadeandalucia.es\/ceipreyescatolicos\/files\/2026\/02\/WhatsApp-Image-2026-02-27-at-10.37.20.jpeg\" alt=\"\" width=\"209\" height=\"67\" srcset=\"https:\/\/blogsaverroes.juntadeandalucia.es\/ceipreyescatolicos\/files\/2026\/02\/WhatsApp-Image-2026-02-27-at-10.37.20.jpeg 209w, https:\/\/blogsaverroes.juntadeandalucia.es\/ceipreyescatolicos\/files\/2026\/02\/WhatsApp-Image-2026-02-27-at-10.37.20-150x48.jpeg 150w\" sizes=\"(max-width: 209px) 100vw, 209px\" \/><\/a><\/p>\n<p data-start=\"1374\" data-end=\"1627\">Asimismo, <strong data-start=\"1384\" data-end=\"1453\">hemos publicado en el tabl\u00f3n de anuncios del CEIP Reyes Cat\u00f3licos<\/strong> la <strong data-start=\"1457\" data-end=\"1499\">relaci\u00f3n de puestos escolares vacantes<\/strong> y la informaci\u00f3n relativa a las <strong data-start=\"1532\" data-end=\"1559\">direcciones catastrales<\/strong> incluidas en nuestra <strong data-start=\"1581\" data-end=\"1603\">\u00e1rea de influencia<\/strong> y <strong data-start=\"1606\" data-end=\"1626\">\u00e1reas lim\u00edtrofes<\/strong>.<\/p>\n<p data-start=\"1629\" data-end=\"1858\">Cuando la <strong data-start=\"1639\" data-end=\"1659\">oferta de plazas<\/strong> coincida o sea superior a la demanda, las solicitudes ser\u00e1n <strong data-start=\"1720\" data-end=\"1733\">admitidas<\/strong>. En caso de que <strong data-start=\"1750\" data-end=\"1792\">no sea posible atender toda la demanda<\/strong>, se proceder\u00e1 a la <strong data-start=\"1812\" data-end=\"1826\">baremaci\u00f3n<\/strong> de las solicitudes presentadas.<\/p>\n<p data-start=\"1860\" data-end=\"1880\"><strong data-start=\"1860\" data-end=\"1880\">M\u00e1s informaci\u00f3n <\/strong><strong>del Proceso en nuestro Centro:<\/strong><\/p>\n<ul data-start=\"1881\" data-end=\"2097\" data-is-last-node=\"\" data-is-only-node=\"\">\n<li data-start=\"1956\" data-end=\"2097\" data-is-last-node=\"\">\n<p data-start=\"1958\" data-end=\"2097\" data-is-last-node=\"\"><a href=\"https:\/\/blogsaverroes.juntadeandalucia.es\/ceipreyescatolicos\/files\/2026\/02\/Instrucciones-escolarizacion-2026-2027.pdf\"><strong data-start=\"1958\" data-end=\"2013\">INSTRUCCIONES ESCOLARIZACI\u00d3N VICECONSEJER\u00cdA 2026\/27<\/strong><\/a>&nbsp;sobre los procedimientos de <strong data-start=\"2042\" data-end=\"2070\">admisi\u00f3n y matriculaci\u00f3n<\/strong> para el <strong data-start=\"2079\" data-end=\"2096\">curso 2026\/27<\/strong>.<\/p>\n<\/li>\n<li data-start=\"1956\" data-end=\"2097\" data-is-last-node=\"\">\n<p data-start=\"1958\" data-end=\"2097\" data-is-last-node=\"\"><a href=\"https:\/\/blogsaverroes.juntadeandalucia.es\/ceipreyescatolicos\/files\/2025\/03\/Documento-publicacion-Plazas-y-Servicios-ofertados.pdf\">Documento publicaci\u00f3n &#8211; Plazas y Servicios ofertados.&nbsp;<\/a><\/p>\n<\/li>\n<li data-start=\"1956\" data-end=\"2097\" data-is-last-node=\"\">\n<p data-start=\"1958\" data-end=\"2097\" data-is-last-node=\"\"><a href=\"https:\/\/blogsaverroes.juntadeandalucia.es\/ceipreyescatolicos\/files\/2023\/03\/Callejero-Escolarizaci\u00f3n.pdf\">Callejero Escolarizaci\u00f3n<\/a><\/p>\n<\/li>\n<li data-start=\"1956\" data-end=\"2097\" data-is-last-node=\"\">\n<p data-start=\"1958\" data-end=\"2097\" data-is-last-node=\"\"><a href=\"https:\/\/blogsaverroes.juntadeandalucia.es\/ceipreyescatolicos\/files\/2023\/03\/Mapa-\u00c1rea-de-Influencia.pdf\">Mapa \u00c1rea de Influencia<\/a><\/p>\n<\/li>\n<\/ul>\n<ul>\n<li><a href=\"https:\/\/blogsaverroes.juntadeandalucia.es\/ceipreyescatolicos\/files\/2026\/02\/CRITERIOS-DE-BAREMACION-PUNTUACION.pdf\">CRITERIOS DE BAREMACI\u00d3N &#8211; PUNTUACI\u00d3N<\/a><\/li>\n<li><a href=\"https:\/\/blogsaverroes.juntadeandalucia.es\/ceipreyescatolicos\/files\/2026\/02\/NOTA-INFORMATIVA-FAMILIAS.pdf\">NOTA INFORMATIVA FAMILIAS<\/a><\/li>\n<\/ul>\n<p>Documento de solicitud en PDF: <a href=\"https:\/\/blogsaverroes.juntadeandalucia.es\/ceipreyescatolicos\/files\/2025\/03\/Anexo-III_.pdf\">_Anexo III_<\/a><\/p>\n<p>Con\u00f3cenos un poco:<\/p>\n<p><img loading=\"lazy\" decoding=\"async\" class=\"wp-image-4443 aligncenter\" src=\"https:\/\/blogsaverroes.juntadeandalucia.es\/ceipreyescatolicos\/files\/2026\/02\/1.png\" alt=\"\" width=\"943\" height=\"667\" srcset=\"https:\/\/blogsaverroes.juntadeandalucia.es\/ceipreyescatolicos\/files\/2026\/02\/1.png 1600w, https:\/\/blogsaverroes.juntadeandalucia.es\/ceipreyescatolicos\/files\/2026\/02\/1-300x212.png 300w, https:\/\/blogsaverroes.juntadeandalucia.es\/ceipreyescatolicos\/files\/2026\/02\/1-1024x724.png 1024w, https:\/\/blogsaverroes.juntadeandalucia.es\/ceipreyescatolicos\/files\/2026\/02\/1-150x106.png 150w, https:\/\/blogsaverroes.juntadeandalucia.es\/ceipreyescatolicos\/files\/2026\/02\/1-768x543.png 768w, https:\/\/blogsaverroes.juntadeandalucia.es\/ceipreyescatolicos\/files\/2026\/02\/1-1536x1086.png 1536w, https:\/\/blogsaverroes.juntadeandalucia.es\/ceipreyescatolicos\/files\/2026\/02\/1-2048x1448.png 2048w\" sizes=\"(max-width: 943px) 100vw, 943px\" \/><\/p>\n<p>&nbsp;<\/p>\n<p><img loading=\"lazy\" decoding=\"async\" class=\"aligncenter wp-image-4445 \" src=\"https:\/\/blogsaverroes.juntadeandalucia.es\/ceipreyescatolicos\/files\/2026\/02\/2.png\" alt=\"\" width=\"981\" height=\"693\" srcset=\"https:\/\/blogsaverroes.juntadeandalucia.es\/ceipreyescatolicos\/files\/2026\/02\/2.png 2245w, https:\/\/blogsaverroes.juntadeandalucia.es\/ceipreyescatolicos\/files\/2026\/02\/2-300x212.png 300w, https:\/\/blogsaverroes.juntadeandalucia.es\/ceipreyescatolicos\/files\/2026\/02\/2-1024x724.png 1024w, https:\/\/blogsaverroes.juntadeandalucia.es\/ceipreyescatolicos\/files\/2026\/02\/2-150x106.png 150w, https:\/\/blogsaverroes.juntadeandalucia.es\/ceipreyescatolicos\/files\/2026\/02\/2-768x543.png 768w, https:\/\/blogsaverroes.juntadeandalucia.es\/ceipreyescatolicos\/files\/2026\/02\/2-1536x1086.png 1536w, https:\/\/blogsaverroes.juntadeandalucia.es\/ceipreyescatolicos\/files\/2026\/02\/2-2048x1448.png 2048w\" sizes=\"(max-width: 981px) 100vw, 981px\" \/><\/p>\n<p>&nbsp;<\/p>\n<p>&nbsp;<\/p>\n<p>&nbsp;<\/p>\n<p>&nbsp;<\/p>\n","protected":false},"excerpt":{"rendered":"<p>Admisi\u00f3n y Escolarizaci\u00f3n de alumnado \u2013 Curso 2026\/2027&nbsp; La Consejer\u00eda de Desarrollo Educativo y Formaci\u00f3n Profesional convoca el procedimiento de admisi\u00f3n del alumnado en centros docentes p\u00fablicos y privados concertados para cursar ense\u00f1anzas de 2.\u00ba Ciclo de Educaci\u00f3n Infantil y&#46;&#46;&#46;<\/p>\n","protected":false},"author":1,"featured_media":4435,"parent":0,"menu_order":0,"comment_status":"open","ping_status":"open","template":"","meta":{"ngg_post_thumbnail":0,"footnotes":"","_mc_calendar":[]},"aioseo_notices":[],"_links":{"self":[{"href":"https:\/\/blogsaverroes.juntadeandalucia.es\/ceipreyescatolicos\/wp-json\/wp\/v2\/pages\/141"}],"collection":[{"href":"https:\/\/blogsaverroes.juntadeandalucia.es\/ceipreyescatolicos\/wp-json\/wp\/v2\/pages"}],"about":[{"href":"https:\/\/blogsaverroes.juntadeandalucia.es\/ceipreyescatolicos\/wp-json\/wp\/v2\/types\/page"}],"author":[{"embeddable":true,"href":"https:\/\/blogsaverroes.juntadeandalucia.es\/ceipreyescatolicos\/wp-json\/wp\/v2\/users\/1"}],"replies":[{"embeddable":true,"href":"https:\/\/blogsaverroes.juntadeandalucia.es\/ceipreyescatolicos\/wp-json\/wp\/v2\/comments?post=141"}],"version-history":[{"count":38,"href":"https:\/\/blogsaverroes.juntadeandalucia.es\/ceipreyescatolicos\/wp-json\/wp\/v2\/pages\/141\/revisions"}],"predecessor-version":[{"id":4447,"href":"https:\/\/blogsaverroes.juntadeandalucia.es\/ceipreyescatolicos\/wp-json\/wp\/v2\/pages\/141\/revisions\/4447"}],"wp:featuredmedia":[{"embeddable":true,"href":"https:\/\/blogsaverroes.juntadeandalucia.es\/ceipreyescatolicos\/wp-json\/wp\/v2\/media\/4435"}],"wp:attachment":[{"href":"https:\/\/blogsaverroes.juntadeandalucia.es\/ceipreyescatolicos\/wp-json\/wp\/v2\/media?parent=141"}],"curies":[{"name":"wp","href":"https:\/\/api.w.org\/{rel}","templated":true}]}}