{"id":2453,"date":"2021-04-27T15:55:16","date_gmt":"2021-04-27T14:55:16","guid":{"rendered":"https:\/\/blogsaverroes.juntadeandalucia.es\/ceipreyescatolicos\/?page_id=2453"},"modified":"2025-10-23T15:29:28","modified_gmt":"2025-10-23T14:29:28","slug":"premios-y-reconocimientos","status":"publish","type":"page","link":"https:\/\/blogsaverroes.juntadeandalucia.es\/ceipreyescatolicos\/premios-y-reconocimientos\/","title":{"rendered":"Premios y Reconocimientos"},"content":{"rendered":"<p style=\"text-align: justify\"><strong><span style=\"color: #0000ff\">LABEL FRANCE \u00c9DUCATION (2016 &#8211; 2019 &#8211; 2022 &#8211; 2025)<\/span><\/strong><\/p>\n<p><img decoding=\"async\" class=\"wp-image-2460 size-thumbnail alignleft\" src=\"https:\/\/blogsaverroes.juntadeandalucia.es\/ceipreyescatolicos\/files\/2021\/04\/Label-150x150.jpg\" alt=\"\" width=\"150\" height=\"150\" srcset=\"https:\/\/blogsaverroes.juntadeandalucia.es\/ceipreyescatolicos\/files\/2021\/04\/Label-150x150.jpg 150w, https:\/\/blogsaverroes.juntadeandalucia.es\/ceipreyescatolicos\/files\/2021\/04\/Label.jpg 225w\" sizes=\"(max-width: 150px) 100vw, 150px\" \/><\/p>\n<p id=\"aui-3-2-0PR1-1271\">El Label Franc\u00c9ducation es un reconocimiento a los centros educativos extranjeros que contribuyen a la difusi\u00f3n de la lengua y cultura francesas.<\/p>\n<p>Este sello reconoce y valoriza los centros educativos, ya sean p\u00fablicos o privados, que brindan a su alumnado una ense\u00f1anza reforzada en franc\u00e9s y que permiten a \u00e9stos descubrir otras materias en este idioma. Asimismo, est\u00e1 destinado a promover en el extranjero una ense\u00f1anza biling\u00fce en franc\u00e9s de alto nivel para los alumnos y sus padres.<\/p>\n<p>Con este reconocimiento el CEIP Reyes Cat\u00f3licos, cuya andadura en la ense\u00f1anza del franc\u00e9s y en franc\u00e9s como centro bilingue experimental se inicia en el curso 99\/00, pasa a formar parte de una red educativa internacional que cuenta con 157 centros escolares a los que se les reconoce y valoriza la ense\u00f1anza biling\u00fce franc\u00f3fona de excelencia impartida.<\/p>\n<p>Actualmente existen 17 centros educativos espa\u00f1oles con este galard\u00f3n, de los cuales 5 se localizan en Andaluc\u00eda, siendo el CEIP Reyes Cat\u00f3licos el primer centro de Espa\u00f1a centro de infantil y primaria en recibir este galard\u00f3n en Espa\u00f1a.<\/p>\n<p><a href=\"https:\/\/www.lavozdigital.es\/cadiz\/lvdi-francia-premia-colegio-reyes-catolicos-cadiz-difundir-lengua-y-cultura-201609091734_noticia.html\"><img fetchpriority=\"high\" decoding=\"async\" class=\"aligncenter wp-image-2457 \" src=\"https:\/\/blogsaverroes.juntadeandalucia.es\/ceipreyescatolicos\/files\/2021\/04\/Sello-Label.jpg\" alt=\"\" width=\"454\" height=\"256\" srcset=\"https:\/\/blogsaverroes.juntadeandalucia.es\/ceipreyescatolicos\/files\/2021\/04\/Sello-Label.jpg 1024w, https:\/\/blogsaverroes.juntadeandalucia.es\/ceipreyescatolicos\/files\/2021\/04\/Sello-Label-300x169.jpg 300w, https:\/\/blogsaverroes.juntadeandalucia.es\/ceipreyescatolicos\/files\/2021\/04\/Sello-Label-150x85.jpg 150w, https:\/\/blogsaverroes.juntadeandalucia.es\/ceipreyescatolicos\/files\/2021\/04\/Sello-Label-768x433.jpg 768w\" sizes=\"(max-width: 454px) 100vw, 454px\" \/><\/a><\/p>\n<p>Notas de prensa:<\/p>\n<ul>\n<li><a href=\"https:\/\/www.lavozdigital.es\/cadiz\/lvdi-francia-premia-colegio-reyes-catolicos-cadiz-difundir-lengua-y-cultura-201609091734_noticia.html\">https:\/\/www.lavozdigital.es\/cadiz\/lvdi-francia-premia-colegio-reyes-<\/a><a href=\"https:\/\/www.lavozdigital.es\/cadiz\/lvdi-francia-premia-colegio-reyes-catolicos-cadiz-difundir-lengua-y-cultura-201609091734_noticia.html\">catolicos-cadiz-difundir-lengua-y-cultura-201609091734_noticia.html<\/a><\/li>\n<li><a href=\"https:\/\/www.juntadeandalucia.es\/educacion\/portalaverroes\/noticias\/contenido\/el-ceip-reyes-catolicos-de-cadiz-reconocido-con-el-label-franceducation\">https:\/\/www.juntadeandalucia.es\/educacion\/portalaverroes\/noticias\/contenido\/el-ceip-reyes-catolicos-de-cadiz-reconocido-con-el-label-franceducation<\/a><\/li>\n<li><a href=\"https:\/\/www.diariobahiadecadiz.com\/noticias\/cadiz\/el-colegio-reyes-catolicos-obtiene-el-sello-labelfranceducation-solo-hay-17-centros-espanoles-con-esta-distincion-y-dos-son-gaditanos\/\">https:\/\/www.diariobahiadecadiz.com\/noticias\/cadiz\/el-colegio-reyes-catolicos-obtiene-el-sello-labelfranceducation-solo-hay-17-centros-espanoles-con-esta-distincion-y-dos-son-gaditanos\/<\/a><\/li>\n<li><a href=\"https:\/\/www.portaldecadiz.com\/cadiz\/22221-el-colegio-reyes-catolicos-de-cadiz-el-unico-de-primaria-de-espana-galardonado-con-el-labelfranceducation\">https:\/\/www.portaldecadiz.com\/cadiz\/22221-el-colegio-reyes-catolicos-de-cadiz-el-unico-de-primaria-de-espana-galardonado-con-el-labelfranceducation<\/a><\/li>\n<\/ul>\n<p style=\"text-align: center\">&nbsp;<\/p>\n<div class=\"kvgmc6g5 cxmmr5t8 oygrvhab hcukyx3x c1et5uql ii04i59q\">\n<div dir=\"auto\" style=\"text-align: justify\"><span style=\"color: #0000ff\"><strong>2\u00ba PREM<\/strong><\/span><span style=\"color: #0000ff\"><strong>IO BUENAS PR\u00c1CTICAS BILING\u00dcES ANDALUC\u00cdA 2019\/2020<\/strong><\/span><\/div>\n<div dir=\"auto\">&nbsp;<\/div>\n<\/div>\n<div class=\"o9v6fnle cxmmr5t8 oygrvhab hcukyx3x c1et5uql ii04i59q\">\n<div dir=\"auto\">CEIP R<a href=\"https:\/\/www.diariobahiadecadiz.com\/noticias\/cadiz\/el-colegio-reyes-catolicos-obtiene-el-sello-labelfranceducation-solo-hay-17-centros-espanoles-con-esta-distincion-y-dos-son-gaditanos\/\"><strong><span style=\"color: #0000ff\"><img decoding=\"async\" class=\"size-medium wp-image-2464 alignleft\" src=\"https:\/\/blogsaverroes.juntadeandalucia.es\/ceipreyescatolicos\/files\/2021\/04\/20201218-Premios-Buenas-Pr\u00e1cticas-300x177.jpeg\" alt=\"\" width=\"300\" height=\"177\" srcset=\"https:\/\/blogsaverroes.juntadeandalucia.es\/ceipreyescatolicos\/files\/2021\/04\/20201218-Premios-Buenas-Pr\u00e1cticas-300x177.jpeg 300w, https:\/\/blogsaverroes.juntadeandalucia.es\/ceipreyescatolicos\/files\/2021\/04\/20201218-Premios-Buenas-Pr\u00e1cticas-150x89.jpeg 150w, https:\/\/blogsaverroes.juntadeandalucia.es\/ceipreyescatolicos\/files\/2021\/04\/20201218-Premios-Buenas-Pr\u00e1cticas.jpeg 400w\" sizes=\"(max-width: 300px) 100vw, 300px\" \/><\/span><\/strong><\/a>eyes Cat\u00f3licos de C\u00e1diz recibe este premio por su pr\u00e1ctica <strong>\u201cLa quinta destreza de la <\/strong><strong>le<\/strong><strong>ngua: la interacci\u00f3n\u201d<\/strong>, que contribuye significativamente al fomento del pluriling\u00fcismo.<\/div>\n<\/div>\n<div dir=\"auto\">&nbsp;<\/div>\n<div dir=\"auto\">&nbsp;<\/div>\n<div dir=\"auto\">&nbsp;<\/div>\n<div dir=\"auto\">https:\/\/www.youtube.com\/watch?v=xkUfIS7ynyM<\/div>\n<div dir=\"auto\">&nbsp;<\/div>\n<div dir=\"auto\">Enlace Acto Entrega de premios: (minuto 15:20)&nbsp; <a href=\"https:\/\/youtu.be\/xkUfIS7ynyM\">https:\/\/youtu.be\/xkUfIS7ynyM<\/a><\/div>\n<div dir=\"auto\">&nbsp;<\/div>\n<div dir=\"auto\">Video presentaci\u00f3n del centro: <a href=\"https:\/\/fb.watch\/57T3TMfVro\/\">https:\/\/fb.watch\/57T3TMfVro\/<\/a><\/div>\n<div dir=\"auto\">&nbsp;<\/div>\n<div dir=\"auto\">Notas de prensa:<\/div>\n<ul>\n<li><a href=\"https:\/\/www.diariodecadiz.es\/cadiz\/premio-Colegio-Reyes-Catolicos-referente-idiomas_0_1529847388.html\">https:\/\/www.diariodecadiz.es\/cadiz\/premio-Colegio-Reyes-Catolicos-referente-idiomas_0_152984<\/a><a href=\"https:\/\/www.diariodecadiz.es\/cadiz\/premio-Colegio-Reyes-Catolicos-referente-idiomas_0_1529847388.html\">7388.html<\/a><\/li>\n<\/ul>\n<div dir=\"auto\">&nbsp;<\/div>\n<div dir=\"auto\">\n<h1 style=\"text-align: justify\"><span style=\"color: #0000ff\">PREMIOS VIDA SANA 2019 <\/span><\/h1>\n<p><img loading=\"lazy\" decoding=\"async\" class=\"size-medium wp-image-2469 alignleft\" src=\"https:\/\/blogsaverroes.juntadeandalucia.es\/ceipreyescatolicos\/files\/2021\/04\/fcaser-banner-vidasana2018_0-300x81.jpg\" alt=\"\" width=\"300\" height=\"81\" srcset=\"https:\/\/blogsaverroes.juntadeandalucia.es\/ceipreyescatolicos\/files\/2021\/04\/fcaser-banner-vidasana2018_0-300x81.jpg 300w, https:\/\/blogsaverroes.juntadeandalucia.es\/ceipreyescatolicos\/files\/2021\/04\/fcaser-banner-vidasana2018_0-150x40.jpg 150w, https:\/\/blogsaverroes.juntadeandalucia.es\/ceipreyescatolicos\/files\/2021\/04\/fcaser-banner-vidasana2018_0-768x207.jpg 768w, https:\/\/blogsaverroes.juntadeandalucia.es\/ceipreyescatolicos\/files\/2021\/04\/fcaser-banner-vidasana2018_0.jpg 1024w\" sizes=\"(max-width: 300px) 100vw, 300px\" \/><\/p>\n<h1 style=\"text-align: justify\"><span style=\"color: #0000ff\"><span style=\"color: #ff9900\">Fundaci\u00f3n<\/span> <span style=\"color: #339966\">Caser<\/span><\/span><\/h1>\n<\/div>\n<p><img loading=\"lazy\" decoding=\"async\" class=\"alignleft wp-image-2467 size-medium\" src=\"https:\/\/blogsaverroes.juntadeandalucia.es\/ceipreyescatolicos\/files\/2021\/04\/fcaser_pvs2019_0133-300x200.jpg\" alt=\"\" width=\"300\" height=\"200\" srcset=\"https:\/\/blogsaverroes.juntadeandalucia.es\/ceipreyescatolicos\/files\/2021\/04\/fcaser_pvs2019_0133-300x200.jpg 300w, https:\/\/blogsaverroes.juntadeandalucia.es\/ceipreyescatolicos\/files\/2021\/04\/fcaser_pvs2019_0133-150x100.jpg 150w, https:\/\/blogsaverroes.juntadeandalucia.es\/ceipreyescatolicos\/files\/2021\/04\/fcaser_pvs2019_0133.jpg 450w\" sizes=\"(max-width: 300px) 100vw, 300px\" \/><\/p>\n<p>Fundaci\u00f3n Caser y la Junta de Andaluc\u00eda celebraron el pasado 6 de junio el Acto de Entrega de los Premios Vida Sana 2019 en su tercera edici\u00f3n, unos premios que quieren promover el desarrollo de programas para la&nbsp;promoci\u00f3n de H\u00e1bitos de Vida Saludable y &nbsp;fomentar buenas pr\u00e1cticas educativas, en los centros docentes de Andaluc\u00eda.<\/p>\n<p>Este programa de fomento&nbsp;de H\u00e1bitos de Vida Saludable tiene dos modalidades, <strong>Creciendo en Salud<\/strong> dirigido a los alumnos de educaci\u00f3n infantil, educaci\u00f3n especial y educaci\u00f3n primaria; y la modalidad <strong>Forma Joven en el \u00c1mbito Educativo<\/strong>, dirigido a los alumnos de educaci\u00f3n secundaria.<\/p>\n<p>En esta ocasi\u00f3n se han recibido un total de <strong>122 proyecto<\/strong>s, 90 en la modalidad&nbsp;Creciendo en Salud, y 32&nbsp;en la modalidad Forma Joven en el \u00c1mbito Educativo.<\/p>\n<p>La entrega de los galardones se celebr\u00f3 en Sevilla en una ceremonia&nbsp;en la que asistieron diversas personalidades de la Junta de Andaluc\u00eda, grupo Caser y Fundaci\u00f3n Caser, as\u00ed como alumnos y docentes de los colegios e institutos finalistas y ganadores.<\/p>\n<p><iframe title=\"Premios Vida Sana 2019 - Fundaci\u00f3n Caser\" width=\"500\" height=\"281\" src=\"https:\/\/www.youtube.com\/embed\/5v3W-qdCSto?feature=oembed&#038;wmode=opaque\" frameborder=\"0\" allow=\"accelerometer; autoplay; clipboard-write; encrypted-media; gyroscope; picture-in-picture; web-share\" referrerpolicy=\"strict-origin-when-cross-origin\" allowfullscreen><\/iframe><\/p>\n<p>&nbsp;<\/p>\n<p>&nbsp;<\/p>\n<p><span style=\"color: #0000ff\"><strong>Premio Nacional Huertos Educativos Ecol\u00f3gicos 2017<\/strong><\/span><\/p>\n<p><img loading=\"lazy\" decoding=\"async\" class=\"alignnone size-medium wp-image-2473\" src=\"https:\/\/blogsaverroes.juntadeandalucia.es\/ceipreyescatolicos\/files\/2021\/04\/\u00edndice-300x32.png\" alt=\"\" width=\"300\" height=\"32\" srcset=\"https:\/\/blogsaverroes.juntadeandalucia.es\/ceipreyescatolicos\/files\/2021\/04\/\u00edndice-300x32.png 300w, https:\/\/blogsaverroes.juntadeandalucia.es\/ceipreyescatolicos\/files\/2021\/04\/\u00edndice-150x16.png 150w, https:\/\/blogsaverroes.juntadeandalucia.es\/ceipreyescatolicos\/files\/2021\/04\/\u00edndice.png 600w\" sizes=\"(max-width: 300px) 100vw, 300px\" \/><\/p>\n<h2><a href=\"https:\/\/www.juntadeandalucia.es\/educacion\/portalaverroes\/noticias\/contenido\/el-ceip-reyes-catolicos-de-cadiz-reconocido-con-el-label-franceducation\"><strong><span style=\"color: #0000ff\"><img loading=\"lazy\" decoding=\"async\" class=\"alignnone size-medium wp-image-2476\" src=\"https:\/\/blogsaverroes.juntadeandalucia.es\/ceipreyescatolicos\/files\/2021\/04\/triodoshippo-heroImageDesktop-300x120.jpg\" alt=\"\" width=\"300\" height=\"120\" srcset=\"https:\/\/blogsaverroes.juntadeandalucia.es\/ceipreyescatolicos\/files\/2021\/04\/triodoshippo-heroImageDesktop-300x120.jpg 300w, https:\/\/blogsaverroes.juntadeandalucia.es\/ceipreyescatolicos\/files\/2021\/04\/triodoshippo-heroImageDesktop-1024x410.jpg 1024w, https:\/\/blogsaverroes.juntadeandalucia.es\/ceipreyescatolicos\/files\/2021\/04\/triodoshippo-heroImageDesktop-150x60.jpg 150w, https:\/\/blogsaverroes.juntadeandalucia.es\/ceipreyescatolicos\/files\/2021\/04\/triodoshippo-heroImageDesktop-768x307.jpg 768w, https:\/\/blogsaverroes.juntadeandalucia.es\/ceipreyescatolicos\/files\/2021\/04\/triodoshippo-heroImageDesktop-1536x614.jpg 1536w, https:\/\/blogsaverroes.juntadeandalucia.es\/ceipreyescatolicos\/files\/2021\/04\/triodoshippo-heroImageDesktop-2048x819.jpg 2048w, https:\/\/blogsaverroes.juntadeandalucia.es\/ceipreyescatolicos\/files\/2021\/04\/triodoshippo-heroImageDesktop.jpg 1600w\" sizes=\"(max-width: 300px) 100vw, 300px\" \/><\/span><\/strong><\/a><\/h2>\n<h2>Primer premio en Educaci\u00f3n Infantil<\/h2>\n<h2>\u201c<a href=\"https:\/\/www.fundaciontriodos.es\/articulos\/2019\/ftes-premio-huertos-2017-2018\">ConCIENCIAdos con el Huerto\u201d <b>CEIP<\/b><b> Reyes Cat\u00f3licos. C\u00e1diz<\/b>.<\/a><\/h2>\n<p><img loading=\"lazy\" decoding=\"async\" class=\"size-medium wp-image-2472 alignleft\" src=\"https:\/\/blogsaverroes.juntadeandalucia.es\/ceipreyescatolicos\/files\/2021\/04\/triodoshippo-inlineImageFullWidth-300x211.jpg\" alt=\"\" width=\"300\" height=\"211\" srcset=\"https:\/\/blogsaverroes.juntadeandalucia.es\/ceipreyescatolicos\/files\/2021\/04\/triodoshippo-inlineImageFullWidth-300x211.jpg 300w, https:\/\/blogsaverroes.juntadeandalucia.es\/ceipreyescatolicos\/files\/2021\/04\/triodoshippo-inlineImageFullWidth-1024x721.jpg 1024w, https:\/\/blogsaverroes.juntadeandalucia.es\/ceipreyescatolicos\/files\/2021\/04\/triodoshippo-inlineImageFullWidth-150x106.jpg 150w, https:\/\/blogsaverroes.juntadeandalucia.es\/ceipreyescatolicos\/files\/2021\/04\/triodoshippo-inlineImageFullWidth-768x541.jpg 768w, https:\/\/blogsaverroes.juntadeandalucia.es\/ceipreyescatolicos\/files\/2021\/04\/triodoshippo-inlineImageFullWidth-1536x1082.jpg 1536w, https:\/\/blogsaverroes.juntadeandalucia.es\/ceipreyescatolicos\/files\/2021\/04\/triodoshippo-inlineImageFullWidth.jpg 1600w\" sizes=\"(max-width: 300px) 100vw, 300px\" \/><span dir=\"ltr\">El proyecto <\/span><span dir=\"ltr\">forma parte de una <\/span><span dir=\"ltr\">investigaci\u00f3n educativa <\/span><span dir=\"ltr\">de un a\u00f1o de duraci\u00f3n aprobado por la consej<\/span><span dir=\"ltr\">er\u00eda de Educaci\u00f3n de la Junta de <\/span><span dir=\"ltr\">Andaluc\u00eda que tiene el t\u00edtulo de \u201cEl huerto ecol\u00f3gico escolar como contexto para el <\/span><span dir=\"ltr\">desarrollo de la competencia cient\u00edfica en la etapa de <\/span><span dir=\"ltr\">infantil. Un estudio de caso\u201d y que <\/span><span dir=\"ltr\">se ha llevado a cabo <\/span><span dir=\"ltr\">en los niveles de 4 y 5 a\u00f1o<\/span><span dir=\"ltr\">s<\/span><span dir=\"ltr\">del centro escolar<\/span><span dir=\"ltr\">. <\/span><span dir=\"ltr\">En este proyecto <\/span><span dir=\"ltr\">han participado <\/span><span dir=\"ltr\">adem\u00e1s personal docente e investigador de la Universidad de C\u00e1diz de <\/span><span dir=\"ltr\">los Departamentos de Did\u00e1ctica de las Ciencias Experimentales y de la Did\u00e1ctica de la <\/span><span dir=\"ltr\">Lengua y la <\/span><span dir=\"ltr\">Literatura y han estado vinculados<\/span><span dir=\"ltr\">dos trabajos fin de grado de alumnado <\/span><span dir=\"ltr\">que ha<\/span><span dir=\"ltr\">n <\/span><span dir=\"ltr\">realizado su periodo de pr\u00e1cticum en las aulas de 5 a\u00f1os.<\/span><\/p>\n<div dir=\"auto\"><a href=\"https:\/\/www.mamaterra.info\/media\/PDF\/pdf_general\/pdf_premis2\/CEIP%20Reyes%20Catolicos.pdf\">Memoria del proyecto<\/a><\/div>\n<div dir=\"auto\">&nbsp;<\/div>\n<div dir=\"auto\">Notas de prensa:<\/div>\n<div dir=\"auto\">&nbsp;<\/div>\n<ul>\n<li><a href=\"https:\/\/www.diariodecadiz.es\/cadiz\/premio-colegio-reyes-catolicos-huerto-educacion-infantil_0_1292571404.html\">https:\/\/www.diariodecadiz.es\/cadiz\/premio-colegio-reyes-catolicos-huerto-educacion-infantil_0_1292571404.html<\/a><\/li>\n<\/ul>\n<div dir=\"auto\">&nbsp;<\/div>\n<div dir=\"auto\">&nbsp;<\/div>\n<div dir=\"auto\">&nbsp;<\/div>\n<div dir=\"auto\">&nbsp;<\/div>\n","protected":false},"excerpt":{"rendered":"<p>LABEL FRANCE \u00c9DUCATION (2016 &#8211; 2019 &#8211; 2022 &#8211; 2025) El Label Franc\u00c9ducation es un reconocimiento a los centros educativos extranjeros que contribuyen a la difusi\u00f3n de la lengua y cultura francesas. Este sello reconoce y valoriza los centros educativos,&#46;&#46;&#46;<\/p>\n","protected":false},"author":7641,"featured_media":0,"parent":0,"menu_order":0,"comment_status":"closed","ping_status":"closed","template":"","meta":{"ngg_post_thumbnail":0,"footnotes":"","_mc_calendar":[]},"aioseo_notices":[],"_links":{"self":[{"href":"https:\/\/blogsaverroes.juntadeandalucia.es\/ceipreyescatolicos\/wp-json\/wp\/v2\/pages\/2453"}],"collection":[{"href":"https:\/\/blogsaverroes.juntadeandalucia.es\/ceipreyescatolicos\/wp-json\/wp\/v2\/pages"}],"about":[{"href":"https:\/\/blogsaverroes.juntadeandalucia.es\/ceipreyescatolicos\/wp-json\/wp\/v2\/types\/page"}],"author":[{"embeddable":true,"href":"https:\/\/blogsaverroes.juntadeandalucia.es\/ceipreyescatolicos\/wp-json\/wp\/v2\/users\/7641"}],"replies":[{"embeddable":true,"href":"https:\/\/blogsaverroes.juntadeandalucia.es\/ceipreyescatolicos\/wp-json\/wp\/v2\/comments?post=2453"}],"version-history":[{"count":20,"href":"https:\/\/blogsaverroes.juntadeandalucia.es\/ceipreyescatolicos\/wp-json\/wp\/v2\/pages\/2453\/revisions"}],"predecessor-version":[{"id":4319,"href":"https:\/\/blogsaverroes.juntadeandalucia.es\/ceipreyescatolicos\/wp-json\/wp\/v2\/pages\/2453\/revisions\/4319"}],"wp:attachment":[{"href":"https:\/\/blogsaverroes.juntadeandalucia.es\/ceipreyescatolicos\/wp-json\/wp\/v2\/media?parent=2453"}],"curies":[{"name":"wp","href":"https:\/\/api.w.org\/{rel}","templated":true}]}}