{"id":2491,"date":"2021-04-29T11:09:18","date_gmt":"2021-04-29T10:09:18","guid":{"rendered":"https:\/\/blogsaverroes.juntadeandalucia.es\/ceipreyescatolicos\/?page_id=2491"},"modified":"2021-04-29T11:34:25","modified_gmt":"2021-04-29T10:34:25","slug":"proyecto-de-igualdad","status":"publish","type":"page","link":"https:\/\/blogsaverroes.juntadeandalucia.es\/ceipreyescatolicos\/proyecto-de-igualdad\/","title":{"rendered":"Proyecto de Igualdad"},"content":{"rendered":"<p><strong><img decoding=\"async\" class=\"alignnone size-medium wp-image-2164\" src=\"https:\/\/blogsaverroes.juntadeandalucia.es\/ceipreyescatolicos\/files\/2019\/11\/IGUALDAD-DE-GENERO-300x143.jpg\" alt=\"\" width=\"300\" height=\"143\" srcset=\"https:\/\/blogsaverroes.juntadeandalucia.es\/ceipreyescatolicos\/files\/2019\/11\/IGUALDAD-DE-GENERO-300x143.jpg 300w, https:\/\/blogsaverroes.juntadeandalucia.es\/ceipreyescatolicos\/files\/2019\/11\/IGUALDAD-DE-GENERO-24x11.jpg 24w, https:\/\/blogsaverroes.juntadeandalucia.es\/ceipreyescatolicos\/files\/2019\/11\/IGUALDAD-DE-GENERO-36x17.jpg 36w, https:\/\/blogsaverroes.juntadeandalucia.es\/ceipreyescatolicos\/files\/2019\/11\/IGUALDAD-DE-GENERO-48x23.jpg 48w, https:\/\/blogsaverroes.juntadeandalucia.es\/ceipreyescatolicos\/files\/2019\/11\/IGUALDAD-DE-GENERO.jpg 326w\" sizes=\"(max-width: 300px) 100vw, 300px\" \/><\/strong><\/p>\n<p><strong>Proyecto de Igualdad<\/strong><\/p>\n<p>Contribuye a fomentar, desde esta doble mirada a favor de las mujeres y a favor de los hombres, planteamientos cooperativos de \u201cyo gano, t\u00fa ganas\u201d, que configuran los pilares b\u00e1sicos de una sociedad igualitaria y justa.<\/p>\n<p>La revisi\u00f3n realizada en el curso 2018\/2019 nos adapta a las necesidades descrita por nuestra administraci\u00f3n y gestiona las diferentes actividades a realizar en el centro para la mejora de la convivencia y respeto de los diferentes g\u00e9neros que conviven en el centro y sobre todo a las personas.<\/p>\n<p><a href=\"https:\/\/coeducacionreyescatolicoscadiz.blogspot.com\/\">Blog de Coeducaci\u00f3n del Centro<\/a><\/p>\n<p>M\u00e1s informaci\u00f3n del Programa Consejer\u00eda de Educaci\u00f3n:<\/p>\n<ul>\n<li><a href=\"https:\/\/www.juntadeandalucia.es\/educacion\/portals\/web\/igualdad\/plan-igualdad\">https:\/\/www.juntadeandalucia.es\/educacion\/portals\/web\/igualdad\/plan-igualdad<\/a><\/li>\n<\/ul>\n<p>&nbsp;<\/p>\n<p><a href=\"https:\/\/www.juntadeandalucia.es\/educacion\/portals\/delegate\/content\/c8458d47-056d-4d79-a1bc-4d0129f567e2\/II_Plan_maquetado\">II Plan de Igualdad de la Consejer\u00eda de Educaci\u00f3n <\/a><\/p>\n","protected":false},"excerpt":{"rendered":"<p>Proyecto de Igualdad Contribuye a fomentar, desde esta doble mirada a favor de las mujeres y a favor de los hombres, planteamientos cooperativos de \u201cyo gano, t\u00fa ganas\u201d, que configuran los pilares b\u00e1sicos de una sociedad igualitaria y justa. La&#46;&#46;&#46;<\/p>\n","protected":false},"author":7641,"featured_media":2164,"parent":0,"menu_order":0,"comment_status":"closed","ping_status":"closed","template":"","meta":{"ngg_post_thumbnail":0,"footnotes":"","_mc_calendar":[]},"aioseo_notices":[],"_links":{"self":[{"href":"https:\/\/blogsaverroes.juntadeandalucia.es\/ceipreyescatolicos\/wp-json\/wp\/v2\/pages\/2491"}],"collection":[{"href":"https:\/\/blogsaverroes.juntadeandalucia.es\/ceipreyescatolicos\/wp-json\/wp\/v2\/pages"}],"about":[{"href":"https:\/\/blogsaverroes.juntadeandalucia.es\/ceipreyescatolicos\/wp-json\/wp\/v2\/types\/page"}],"author":[{"embeddable":true,"href":"https:\/\/blogsaverroes.juntadeandalucia.es\/ceipreyescatolicos\/wp-json\/wp\/v2\/users\/7641"}],"replies":[{"embeddable":true,"href":"https:\/\/blogsaverroes.juntadeandalucia.es\/ceipreyescatolicos\/wp-json\/wp\/v2\/comments?post=2491"}],"version-history":[{"count":5,"href":"https:\/\/blogsaverroes.juntadeandalucia.es\/ceipreyescatolicos\/wp-json\/wp\/v2\/pages\/2491\/revisions"}],"predecessor-version":[{"id":2526,"href":"https:\/\/blogsaverroes.juntadeandalucia.es\/ceipreyescatolicos\/wp-json\/wp\/v2\/pages\/2491\/revisions\/2526"}],"wp:featuredmedia":[{"embeddable":true,"href":"https:\/\/blogsaverroes.juntadeandalucia.es\/ceipreyescatolicos\/wp-json\/wp\/v2\/media\/2164"}],"wp:attachment":[{"href":"https:\/\/blogsaverroes.juntadeandalucia.es\/ceipreyescatolicos\/wp-json\/wp\/v2\/media?parent=2491"}],"curies":[{"name":"wp","href":"https:\/\/api.w.org\/{rel}","templated":true}]}}