{"id":2510,"date":"2021-04-29T11:17:05","date_gmt":"2021-04-29T10:17:05","guid":{"rendered":"https:\/\/blogsaverroes.juntadeandalucia.es\/ceipreyescatolicos\/?page_id=2510"},"modified":"2025-07-22T17:36:54","modified_gmt":"2025-07-22T16:36:54","slug":"materiales-por-curso","status":"publish","type":"page","link":"https:\/\/blogsaverroes.juntadeandalucia.es\/ceipreyescatolicos\/materiales-por-curso\/","title":{"rendered":"Material  Escolar Curso 2025\/2026"},"content":{"rendered":"<h2 data-start=\"0\" data-end=\"49\">Listados de material escolar \u2013 Curso 2025\/2026<\/h2>\n<p data-start=\"51\" data-end=\"70\">Estimadas familias:<\/p>\n<p data-start=\"72\" data-end=\"281\">Ya ten\u00e9is a vuestra disposici\u00f3n los <strong data-start=\"108\" data-end=\"140\">listados de material escolar<\/strong> para todas las etapas de nuestro centro de cara al pr\u00f3ximo curso 2025\/2026. Pod\u00e9is consultarlos y descargarlos desde los siguientes enlaces:<\/p>\n<ul data-start=\"283\" data-end=\"604\">\n<li data-start=\"283\" data-end=\"360\">\n<p data-start=\"285\" data-end=\"360\"><strong data-start=\"285\" data-end=\"323\">Educaci\u00f3n Infantil (3, 4 y 5 a\u00f1os)<\/strong><\/p>\n<ul data-start=\"283\" data-end=\"604\">\n<li data-start=\"283\" data-end=\"360\">\n<p data-start=\"285\" data-end=\"360\"><a href=\"https:\/\/blogsaverroes.juntadeandalucia.es\/ceipreyescatolicos\/files\/2025\/07\/MATERIAL-3-ANOS-CURSO-2025-2026.pdf\">MATERIAL 3 A\u00d1OS CURSO 2025-2026<\/a><\/p>\n<\/li>\n<li data-start=\"283\" data-end=\"360\">\n<p data-start=\"285\" data-end=\"360\"><a href=\"https:\/\/blogsaverroes.juntadeandalucia.es\/ceipreyescatolicos\/files\/2025\/07\/MATERIAL-4-ANOS-CURSO-2025-2026.pdf\">MATERIAL 4 A\u00d1OS CURSO 2025-2026<\/a><\/p>\n<\/li>\n<li data-start=\"283\" data-end=\"360\"><a href=\"https:\/\/blogsaverroes.juntadeandalucia.es\/ceipreyescatolicos\/files\/2025\/07\/MATERIAL-5-ANOS-CURSO-2025-2026.pdf\">MATERIAL 5 A\u00d1OS CURSO 2025-2026<\/a><\/li>\n<\/ul>\n<\/li>\n<li data-start=\"362\" data-end=\"441\">\n<p data-start=\"364\" data-end=\"441\"><strong data-start=\"364\" data-end=\"404\">Primer Ciclo de Primaria (1.\u00ba y 2.\u00ba)<\/strong><\/p>\n<ul data-start=\"283\" data-end=\"604\">\n<li data-start=\"362\" data-end=\"441\">\n<p data-start=\"364\" data-end=\"441\"><a href=\"https:\/\/blogsaverroes.juntadeandalucia.es\/ceipreyescatolicos\/files\/2025\/07\/MATERIAL-1o-PRIMARIA-CURSO-2025-2026.pdf\">MATERIAL 1\u00ba PRIMARIA CURSO 2025-2026<\/a><\/p>\n<\/li>\n<li data-start=\"362\" data-end=\"441\"><a href=\"https:\/\/blogsaverroes.juntadeandalucia.es\/ceipreyescatolicos\/files\/2025\/07\/MATERIAL-2o-PRIMARIA-CURSO-2025-2026.pdf\">MATERIAL 2\u00ba PRIMARIA CURSO 2025-2026<\/a><\/li>\n<\/ul>\n<\/li>\n<li data-start=\"443\" data-end=\"523\">\n<p data-start=\"445\" data-end=\"523\"><strong data-start=\"445\" data-end=\"486\">Segundo Ciclo de Primaria (3.\u00ba y 4.\u00ba)<\/strong><\/p>\n<ul data-start=\"283\" data-end=\"604\">\n<li data-start=\"443\" data-end=\"523\"><a href=\"https:\/\/blogsaverroes.juntadeandalucia.es\/ceipreyescatolicos\/files\/2025\/07\/MATERIAL-3o-PRIMARIA-CURSO-2025-2026.pdf\">MATERIAL 3\u00ba PRIMARIA CURSO 2025-2026<\/a><\/li>\n<li data-start=\"443\" data-end=\"523\"><a href=\"https:\/\/blogsaverroes.juntadeandalucia.es\/ceipreyescatolicos\/files\/2025\/07\/MATERIAL-4o-PRIMARIA-CURSO-2025-2026.pdf\">MATERIAL 4\u00ba PRIMARIA CURSO 2025-2026<\/a><\/li>\n<\/ul>\n<\/li>\n<li data-start=\"525\" data-end=\"604\">\n<p data-start=\"527\" data-end=\"604\"><strong data-start=\"527\" data-end=\"567\">Tercer Ciclo de Primaria (5.\u00ba y 6.\u00ba)<\/strong><\/p>\n<ul data-start=\"283\" data-end=\"604\">\n<li data-start=\"525\" data-end=\"604\"><a href=\"https:\/\/blogsaverroes.juntadeandalucia.es\/ceipreyescatolicos\/files\/2025\/07\/MATERIAL-5o-PRIMARIA-CURSO-2025-2026.pdf\">MATERIAL 5\u00ba PRIMARIA CURSO 2025-2026<\/a><\/li>\n<li data-start=\"525\" data-end=\"604\"><a href=\"https:\/\/blogsaverroes.juntadeandalucia.es\/ceipreyescatolicos\/files\/2025\/07\/MATERIAL-6o-PRIMARIA-CURSO-2025-2026.pdf\">MATERIAL 6\u00ba PRIMARIA CURSO 2025-2026<\/a><\/li>\n<\/ul>\n<\/li>\n<\/ul>\n","protected":false},"excerpt":{"rendered":"<p>Listados de material escolar \u2013 Curso 2025\/2026 Estimadas familias: Ya ten\u00e9is a vuestra disposici\u00f3n los listados de material escolar para todas las etapas de nuestro centro de cara al pr\u00f3ximo curso 2025\/2026. Pod\u00e9is consultarlos y descargarlos desde los siguientes enlaces:&#46;&#46;&#46;<\/p>\n","protected":false},"author":7641,"featured_media":4259,"parent":0,"menu_order":0,"comment_status":"closed","ping_status":"closed","template":"","meta":{"ngg_post_thumbnail":0,"footnotes":"","_mc_calendar":[]},"aioseo_notices":[],"_links":{"self":[{"href":"https:\/\/blogsaverroes.juntadeandalucia.es\/ceipreyescatolicos\/wp-json\/wp\/v2\/pages\/2510"}],"collection":[{"href":"https:\/\/blogsaverroes.juntadeandalucia.es\/ceipreyescatolicos\/wp-json\/wp\/v2\/pages"}],"about":[{"href":"https:\/\/blogsaverroes.juntadeandalucia.es\/ceipreyescatolicos\/wp-json\/wp\/v2\/types\/page"}],"author":[{"embeddable":true,"href":"https:\/\/blogsaverroes.juntadeandalucia.es\/ceipreyescatolicos\/wp-json\/wp\/v2\/users\/7641"}],"replies":[{"embeddable":true,"href":"https:\/\/blogsaverroes.juntadeandalucia.es\/ceipreyescatolicos\/wp-json\/wp\/v2\/comments?post=2510"}],"version-history":[{"count":8,"href":"https:\/\/blogsaverroes.juntadeandalucia.es\/ceipreyescatolicos\/wp-json\/wp\/v2\/pages\/2510\/revisions"}],"predecessor-version":[{"id":4262,"href":"https:\/\/blogsaverroes.juntadeandalucia.es\/ceipreyescatolicos\/wp-json\/wp\/v2\/pages\/2510\/revisions\/4262"}],"wp:featuredmedia":[{"embeddable":true,"href":"https:\/\/blogsaverroes.juntadeandalucia.es\/ceipreyescatolicos\/wp-json\/wp\/v2\/media\/4259"}],"wp:attachment":[{"href":"https:\/\/blogsaverroes.juntadeandalucia.es\/ceipreyescatolicos\/wp-json\/wp\/v2\/media?parent=2510"}],"curies":[{"name":"wp","href":"https:\/\/api.w.org\/{rel}","templated":true}]}}