{"id":2729,"date":"2021-05-28T20:33:47","date_gmt":"2021-05-28T19:33:47","guid":{"rendered":"https:\/\/blogsaverroes.juntadeandalucia.es\/ceipreyescatolicos\/?page_id=2729"},"modified":"2021-05-28T20:59:03","modified_gmt":"2021-05-28T19:59:03","slug":"google-suite-correo-alumnado","status":"publish","type":"page","link":"https:\/\/blogsaverroes.juntadeandalucia.es\/ceipreyescatolicos\/google-suite-correo-alumnado\/","title":{"rendered":"Google Suite &#8211; Correo alumnado"},"content":{"rendered":"<h1>INFORMACI\u00d3N CREACI\u00d3N DE CORREO ELECTR\u00d3NICO PARA EL ALUMNADO<\/h1>\n<p><img fetchpriority=\"high\" decoding=\"async\" class=\"alignright wp-image-2739 size-full\" src=\"https:\/\/blogsaverroes.juntadeandalucia.es\/ceipreyescatolicos\/files\/2021\/05\/curso-de-g-suite-for-education.jpg\" alt=\"\" width=\"470\" height=\"470\" srcset=\"https:\/\/blogsaverroes.juntadeandalucia.es\/ceipreyescatolicos\/files\/2021\/05\/curso-de-g-suite-for-education.jpg 470w, https:\/\/blogsaverroes.juntadeandalucia.es\/ceipreyescatolicos\/files\/2021\/05\/curso-de-g-suite-for-education-300x300.jpg 300w, https:\/\/blogsaverroes.juntadeandalucia.es\/ceipreyescatolicos\/files\/2021\/05\/curso-de-g-suite-for-education-150x150.jpg 150w, https:\/\/blogsaverroes.juntadeandalucia.es\/ceipreyescatolicos\/files\/2021\/05\/curso-de-g-suite-for-education-24x24.jpg 24w, https:\/\/blogsaverroes.juntadeandalucia.es\/ceipreyescatolicos\/files\/2021\/05\/curso-de-g-suite-for-education-36x36.jpg 36w, https:\/\/blogsaverroes.juntadeandalucia.es\/ceipreyescatolicos\/files\/2021\/05\/curso-de-g-suite-for-education-48x48.jpg 48w\" sizes=\"(max-width: 470px) 100vw, 470px\" \/><\/p>\n<p><strong>&nbsp;<\/strong><\/p>\n<p><strong>&nbsp;<\/strong>Estimadas familias,<\/p>\n<p style=\"text-align: justify\">El centro ha solicitado a la Consejer\u00eda de Educaci\u00f3n la activaci\u00f3n en la Plataforma Google Suite Education.<\/p>\n<p style=\"text-align: justify\">A trav\u00e9s de ella se van a crear correos electr\u00f3nicos para el profesorado y alumnado, todos dentro de la misma plataforma y bajo el mismo dominio, por lo que el uso es \u00fanicamente educativo.<\/p>\n<p style=\"text-align: justify\">Solo se le ha generado correos a las familias que han autorizado en Seneca la creaci\u00f3n del mismo. Si usted no lo hab\u00eda autorizado y no se le ha entregado el correo, debe:<\/p>\n<p style=\"text-align: justify\">&nbsp;<\/p>\n<ul style=\"text-align: justify\">\n<li>Entrar en Seneca, autorizar y comunicar al centro que lo ha realizado, para que podamos activar a su hijo\/a.<\/li>\n<\/ul>\n<p style=\"text-align: justify\">El dominio bajo el que se crea el correo es: <strong>@g.educaand.es<\/strong><\/p>\n<p style=\"text-align: justify\">El alumnado, al igual que los tutores legales tienen Pasen. El centro les ha activado las cuentas para poder generar su usuario y contrase\u00f1a, que les har\u00e1 falta para poder entrar en su nuevo correo.<\/p>\n<p style=\"text-align: justify\">El alumnado podr\u00e1 acceder a los servicios iniciando sesi\u00f3n en cualquiera de las aplicaciones de Google con sus credenciales, siendo el correo electr\u00f3nico su usuario de Pasen (p.ej. abcdefg123), seguido de @g.educaand.es, y su contrase\u00f1a la misma que la del usuario Pasen.<\/p>\n<h1>\u00bfCu\u00e1l es el usuario Pasen de cada ni\u00f1o\/a del centro?<\/h1>\n<p><strong>&nbsp;<\/strong>Es el formado por la primera letra de su nombre, las 3 primeras letras de su primer apellido, las 3 primeras letras de su segundo apellido y los tres \u00faltimos n\u00fameros de su DNI o los 4 d\u00edgitos de su fecha de nacimiento, todo en min\u00fasculas.<\/p>\n<p>Ejemplo:<\/p>\n<ul>\n<li><strong>A<\/strong>ntonio <strong>Mar<\/strong>t\u00ednez <strong>Sor<\/strong>ia , nacido el <strong>07<\/strong>\/<strong>11<\/strong>\/2005<\/li>\n<li>Usuario Pasen: <strong>amarsor0711<\/strong><\/li>\n<\/ul>\n<p><strong>&nbsp;<\/strong><\/p>\n<p>El n\u00famero de usuario y contrase\u00f1a Pasen lo facilitar\u00e1 el centro a cada alumno\/a.<\/p>\n<p>&nbsp;<\/p>\n<p>Siguiendo con el ejemplo anterior, le entregar\u00edamos a Antonio el siguiente documento:<\/p>\n<p>&nbsp;<\/p>\n<p><img decoding=\"async\" class=\"alignnone wp-image-2734\" src=\"https:\/\/blogsaverroes.juntadeandalucia.es\/ceipreyescatolicos\/files\/2021\/05\/google-1.jpg\" alt=\"\" width=\"600\" height=\"393\" srcset=\"https:\/\/blogsaverroes.juntadeandalucia.es\/ceipreyescatolicos\/files\/2021\/05\/google-1.jpg 952w, https:\/\/blogsaverroes.juntadeandalucia.es\/ceipreyescatolicos\/files\/2021\/05\/google-1-300x197.jpg 300w, https:\/\/blogsaverroes.juntadeandalucia.es\/ceipreyescatolicos\/files\/2021\/05\/google-1-150x98.jpg 150w, https:\/\/blogsaverroes.juntadeandalucia.es\/ceipreyescatolicos\/files\/2021\/05\/google-1-768x503.jpg 768w, https:\/\/blogsaverroes.juntadeandalucia.es\/ceipreyescatolicos\/files\/2021\/05\/google-1-24x16.jpg 24w, https:\/\/blogsaverroes.juntadeandalucia.es\/ceipreyescatolicos\/files\/2021\/05\/google-1-36x24.jpg 36w, https:\/\/blogsaverroes.juntadeandalucia.es\/ceipreyescatolicos\/files\/2021\/05\/google-1-48x31.jpg 48w\" sizes=\"(max-width: 600px) 100vw, 600px\" \/><\/p>\n<p>&nbsp;<\/p>\n<p>Antonio, para poder acceder a su correo de Gmail del centro tendr\u00e1 que irse a:<\/p>\n<p>&nbsp;<\/p>\n<ul>\n<li><a href=\"https:\/\/www.google.com\/intl\/es\/gmail\/about\/\">https:\/\/www.google.com\/intl\/es\/gmail\/about\/<\/a><\/li>\n<\/ul>\n<p>&nbsp;<\/p>\n<p>&nbsp;<\/p>\n<p>Ten\u00e9is que iniciar sesi\u00f3n y poner el nombre de correo electr\u00f3nico (usuario pasen@g.educaand.es):<\/p>\n<p>&nbsp;<\/p>\n<p><img decoding=\"async\" class=\"aligncenter wp-image-2733 size-full\" src=\"https:\/\/blogsaverroes.juntadeandalucia.es\/ceipreyescatolicos\/files\/2021\/05\/google-2.jpg\" alt=\"\" width=\"450\" height=\"540\" srcset=\"https:\/\/blogsaverroes.juntadeandalucia.es\/ceipreyescatolicos\/files\/2021\/05\/google-2.jpg 450w, https:\/\/blogsaverroes.juntadeandalucia.es\/ceipreyescatolicos\/files\/2021\/05\/google-2-250x300.jpg 250w, https:\/\/blogsaverroes.juntadeandalucia.es\/ceipreyescatolicos\/files\/2021\/05\/google-2-125x150.jpg 125w, https:\/\/blogsaverroes.juntadeandalucia.es\/ceipreyescatolicos\/files\/2021\/05\/google-2-20x24.jpg 20w, https:\/\/blogsaverroes.juntadeandalucia.es\/ceipreyescatolicos\/files\/2021\/05\/google-2-30x36.jpg 30w, https:\/\/blogsaverroes.juntadeandalucia.es\/ceipreyescatolicos\/files\/2021\/05\/google-2-40x48.jpg 40w\" sizes=\"(max-width: 450px) 100vw, 450px\" \/><\/p>\n<p>&nbsp;<\/p>\n<p>A continuaci\u00f3n, <strong>le damos a siguiente y ponemos la contrase\u00f1a<\/strong>, que es la misma que la que se os ha entregado con el pasen, <strong>en esta ocasi\u00f3n seria: LXLUDL<\/strong><\/p>\n<p><strong>&nbsp;<\/strong><\/p>\n<p>Le daremos a siguiente y ya entraremos en el correo.<\/p>\n<p>&nbsp;<\/p>\n<p>Primero nos indica que es un correo creado por la consejer\u00eda y despu\u00e9s tenemos que habilitar unos par\u00e1metros, seg\u00fan vuestras preferencias.<\/p>\n<p>&nbsp;<\/p>\n<h1>\u00bfQu\u00e9 sucede si la contrase\u00f1a de acceso se pierde o se olvida?<\/h1>\n<p><strong>&nbsp;<\/strong><\/p>\n<p>Al ser la misma contrase\u00f1a que se utiliza en S\u00e9neca\/Pasen, el restablecimiento de la misma se realizar\u00e1 por los procedimientos habituales (S\u00e9neca, autologin, etc.)<\/p>\n<p>&nbsp;<\/p>\n<p>&nbsp;<\/p>\n<h1>\u00bfC\u00f3mo se realiza el mantenimiento de las cuentas GSuite?<\/h1>\n<p><strong>&nbsp;<\/strong><\/p>\n<p>La modificaci\u00f3n o creaci\u00f3n de cuentas GSuite est\u00e1 vinculado con el Sistema de Informaci\u00f3n S\u00e9neca. Si cambia algo en S\u00e9neca (Nombre, Apellidos, usuario IdEA o contrase\u00f1a) se replicar\u00e1 en la GSuite en un m\u00e1ximo de 24 horas.<\/p>\n<p>&nbsp;<\/p>\n<h1>\u00bfPara que le sirve este correo al alumno\/a?<\/h1>\n<p><strong>&nbsp;<\/strong><\/p>\n<ul>\n<li>Adem\u00e1s de servirle como correo de trabajo personal a nivel educativo y tener un espacio ilimitado en la nube, el profesorado ira creando de manera progresiva aulas<\/li>\n<\/ul>\n<p>&nbsp;<\/p>\n<p>Para poder entrar en estas aulas hay 2 opciones:<\/p>\n<ol>\n<li>Que el docente os env\u00ede un c\u00f3digo de acceso<\/li>\n<li>Que los docentes a\u00f1adan al alumnado a trav\u00e9s del correo del alumno\/a.<\/li>\n<\/ol>\n<p>&nbsp;<\/p>\n<p>&nbsp;<\/p>\n<h1>Lo que tenemos que hacer antes de iniciar el trabajo en Classroom es VERIFICAR QUE PODEMOS ENTRAR EN EL CORREO.<\/h1>\n<p><strong>&nbsp;<\/strong><\/p>\n<p>Si no pudiera, debe ponerse en contacto con el centro para solucionarlo.<\/p>\n<p>&nbsp;<\/p>\n<p>Os adjuntamos el Documento <strong><span style=\"color: #0000ff\"><a href=\"https:\/\/blogsaverroes.juntadeandalucia.es\/ceipreyescatolicos\/files\/2021\/05\/Preguntas-y-respuestas_Servicio_GSuite.pdf\">Preguntas-y-respuestas_Servicio_GSuite<\/a><\/span>, <\/strong>para poder aclarar algunas preguntas.<\/p>\n<p>&nbsp;<\/p>\n<p>Un saludo<\/p>\n<p>&nbsp;<\/p>\n","protected":false},"excerpt":{"rendered":"<p>INFORMACI\u00d3N CREACI\u00d3N DE CORREO ELECTR\u00d3NICO PARA EL ALUMNADO &nbsp; &nbsp;Estimadas familias, El centro ha solicitado a la Consejer\u00eda de Educaci\u00f3n la activaci\u00f3n en la Plataforma Google Suite Education. A trav\u00e9s de ella se van a crear correos electr\u00f3nicos para el&#46;&#46;&#46;<\/p>\n","protected":false},"author":7641,"featured_media":0,"parent":0,"menu_order":0,"comment_status":"closed","ping_status":"closed","template":"","meta":{"ngg_post_thumbnail":0,"footnotes":"","_mc_calendar":[]},"aioseo_notices":[],"_links":{"self":[{"href":"https:\/\/blogsaverroes.juntadeandalucia.es\/ceipreyescatolicos\/wp-json\/wp\/v2\/pages\/2729"}],"collection":[{"href":"https:\/\/blogsaverroes.juntadeandalucia.es\/ceipreyescatolicos\/wp-json\/wp\/v2\/pages"}],"about":[{"href":"https:\/\/blogsaverroes.juntadeandalucia.es\/ceipreyescatolicos\/wp-json\/wp\/v2\/types\/page"}],"author":[{"embeddable":true,"href":"https:\/\/blogsaverroes.juntadeandalucia.es\/ceipreyescatolicos\/wp-json\/wp\/v2\/users\/7641"}],"replies":[{"embeddable":true,"href":"https:\/\/blogsaverroes.juntadeandalucia.es\/ceipreyescatolicos\/wp-json\/wp\/v2\/comments?post=2729"}],"version-history":[{"count":6,"href":"https:\/\/blogsaverroes.juntadeandalucia.es\/ceipreyescatolicos\/wp-json\/wp\/v2\/pages\/2729\/revisions"}],"predecessor-version":[{"id":2740,"href":"https:\/\/blogsaverroes.juntadeandalucia.es\/ceipreyescatolicos\/wp-json\/wp\/v2\/pages\/2729\/revisions\/2740"}],"wp:attachment":[{"href":"https:\/\/blogsaverroes.juntadeandalucia.es\/ceipreyescatolicos\/wp-json\/wp\/v2\/media?parent=2729"}],"curies":[{"name":"wp","href":"https:\/\/api.w.org\/{rel}","templated":true}]}}