{"id":2765,"date":"2021-06-07T21:46:19","date_gmt":"2021-06-07T20:46:19","guid":{"rendered":"https:\/\/blogsaverroes.juntadeandalucia.es\/ceipreyescatolicos\/?page_id=2765"},"modified":"2021-06-07T21:46:19","modified_gmt":"2021-06-07T20:46:19","slug":"ipasen-pasen","status":"publish","type":"page","link":"https:\/\/blogsaverroes.juntadeandalucia.es\/ceipreyescatolicos\/ipasen-pasen\/","title":{"rendered":"iPASEN \/ PASEN"},"content":{"rendered":"<header class=\"\"><strong>\u00bfQu\u00e9 es?<\/strong><strong>iPasen<\/strong> es la versi\u00f3n para m\u00f3viles y tabletas de<strong> PASEN<\/strong><\/p>\n<p><strong>PASEN<\/strong> es el m\u00f3dulo de S\u00e9neca que permite la comunicaci\u00f3n entre los centros educativos y las familias, tutores legales y alumnado, ofreciendo una serie de funcionalidades:<\/p>\n<p><strong>Funcionalidades:<\/strong><\/p>\n<p><strong>Consulta de<\/strong><\/p>\n<p>&#8211; Datos del centro educativo<br \/>\n&#8211; Horario escolar<br \/>\n&#8211; Calendario escolar<br \/>\n&#8211; Faltas de asistencia<br \/>\n&#8211; Calificaciones<br \/>\n&#8211; Actividades evaluables<\/p>\n<p>&#8211; Observaciones<br \/>\n&#8211; Tabl\u00f3n de anuncios<br \/>\n&#8211; Agenda personal<br \/>\n&#8211; Mensajer\u00eda interna<br \/>\n&#8211; Recepci\u00f3n de avisos por notificaciones&nbsp;<\/p>\n<h1 class=\"titulo\">Educaci\u00f3n moderniza la aplicaci\u00f3n iPASEN para mejorar la comunicaci\u00f3n entre las familias y los centros educativos andaluces<\/h1>\n<\/header>\n<div class=\"contenido_detalle\">\n<div class=\"wrapper_fecha\">La Consejer\u00eda de Educaci\u00f3n y Deporte ha actualizado la aplicaci\u00f3n iPASEN, una herramienta que facilita el seguimiento educativo del alumnado y permite mantener una comunicaci\u00f3n m\u00e1s pr\u00e1ctica y fluida con la comunidad docente. Se trata de una nueva versi\u00f3n con un rendimiento mejorado que incide de forma primordial en la usabilidad y la experiencia del usuario, As\u00ed lo ha explicado el consejero Javier Imbroda durante la presentaci\u00f3n en Sevilla de la nueva versi\u00f3n de la aplicaci\u00f3n, que contar\u00e1 con una nueva pantalla de inicio que centraliza y articula de forma m\u00e1s \u00e1gil la navegaci\u00f3n y operaciones m\u00e1s frecuentes para los usuarios. Adem\u00e1s, dispone de un nuevo dise\u00f1o gr\u00e1fico m\u00e1s ameno e intuitivo, y sobre todo, est\u00e1 dise\u00f1ada para poder de forma m\u00e1s r\u00e1pida y f\u00e1cil evolucionar e incluir en la app nuevas demandas de las familias y los docentes para mejorar la relaci\u00f3n entre los padres y madres y los centros docentes. La nueva versi\u00f3n de iPASEN estar\u00e1 disponible el pr\u00f3ximo 7 de junio en la AppStore y GooglePlay.<\/div>\n<\/div>\n<div>&nbsp;<\/div>\n<div>&nbsp;<\/div>\n<p><iframe src=\"https:\/\/www.youtube.com\/embed\/oZAcWLRNFQ0\" width=\"560\" height=\"315\" frameborder=\"0\"><\/iframe><\/p>\n<p>&nbsp;<\/p>\n<p>&nbsp;<\/p>\n<p>Pincha para acceder a<a href=\"https:\/\/www.juntadeandalucia.es\/educacion\/portalseneca\/web\/pasen\/inicio\"> Pasen<\/a><\/p>\n<p>&nbsp;<\/p>\n","protected":false},"excerpt":{"rendered":"<p>\u00bfQu\u00e9 es?iPasen es la versi\u00f3n para m\u00f3viles y tabletas de PASEN PASEN es el m\u00f3dulo de S\u00e9neca que permite la comunicaci\u00f3n entre los centros educativos y las familias, tutores legales y alumnado, ofreciendo una serie de funcionalidades: Funcionalidades: Consulta de&#46;&#46;&#46;<\/p>\n","protected":false},"author":7641,"featured_media":0,"parent":0,"menu_order":0,"comment_status":"closed","ping_status":"closed","template":"","meta":{"ngg_post_thumbnail":0,"footnotes":"","_mc_calendar":[]},"aioseo_notices":[],"_links":{"self":[{"href":"https:\/\/blogsaverroes.juntadeandalucia.es\/ceipreyescatolicos\/wp-json\/wp\/v2\/pages\/2765"}],"collection":[{"href":"https:\/\/blogsaverroes.juntadeandalucia.es\/ceipreyescatolicos\/wp-json\/wp\/v2\/pages"}],"about":[{"href":"https:\/\/blogsaverroes.juntadeandalucia.es\/ceipreyescatolicos\/wp-json\/wp\/v2\/types\/page"}],"author":[{"embeddable":true,"href":"https:\/\/blogsaverroes.juntadeandalucia.es\/ceipreyescatolicos\/wp-json\/wp\/v2\/users\/7641"}],"replies":[{"embeddable":true,"href":"https:\/\/blogsaverroes.juntadeandalucia.es\/ceipreyescatolicos\/wp-json\/wp\/v2\/comments?post=2765"}],"version-history":[{"count":4,"href":"https:\/\/blogsaverroes.juntadeandalucia.es\/ceipreyescatolicos\/wp-json\/wp\/v2\/pages\/2765\/revisions"}],"predecessor-version":[{"id":2769,"href":"https:\/\/blogsaverroes.juntadeandalucia.es\/ceipreyescatolicos\/wp-json\/wp\/v2\/pages\/2765\/revisions\/2769"}],"wp:attachment":[{"href":"https:\/\/blogsaverroes.juntadeandalucia.es\/ceipreyescatolicos\/wp-json\/wp\/v2\/media?parent=2765"}],"curies":[{"name":"wp","href":"https:\/\/api.w.org\/{rel}","templated":true}]}}