{"id":2774,"date":"2021-06-10T18:33:35","date_gmt":"2021-06-10T17:33:35","guid":{"rendered":"https:\/\/blogsaverroes.juntadeandalucia.es\/ceipreyescatolicos\/?page_id=2774"},"modified":"2021-06-10T18:37:19","modified_gmt":"2021-06-10T17:37:19","slug":"punto-de-recogida","status":"publish","type":"page","link":"https:\/\/blogsaverroes.juntadeandalucia.es\/ceipreyescatolicos\/punto-de-recogida\/","title":{"rendered":"Punto de Recogida"},"content":{"rendered":"<p>\u00bfQu\u00e9 es el punto de recogida?<\/p>\n<p>Toda la informaci\u00f3n <a href=\"https:\/\/blogsaverroes.juntadeandalucia.es\/iesategua\/files\/2020\/10\/1-Punto_de_recogida_familias.pdf\">AQU\u00cd<\/a><\/p>\n<p>&nbsp;<\/p>\n<p>Os dejamos informaci\u00f3n de c\u00f3mo acceder al <a href=\"https:\/\/seneca.juntadeandalucia.es\/seneca\/puntoderecogida\/index.html\">Punto de Recogida<\/a> a trav\u00e9s del iPasen:<\/p>\n<p>Punto de Recogida Nuevo iPasen<\/p>\n<p><iframe title=\"Punto de Recogida nuevo iPasen\" width=\"500\" height=\"281\" src=\"https:\/\/www.youtube.com\/embed\/Yxy6YJrNcq4?feature=oembed&#038;wmode=opaque\" frameborder=\"0\" allow=\"accelerometer; autoplay; clipboard-write; encrypted-media; gyroscope; picture-in-picture; web-share\" referrerpolicy=\"strict-origin-when-cross-origin\" allowfullscreen><\/iframe><\/p>\n<p>&nbsp;<\/p>\n<p>Punto de Recogida iPasen antiguo<\/p>\n<p><iframe title=\"Punto de Recogida iPasen (antiguo)\" width=\"500\" height=\"281\" src=\"https:\/\/www.youtube.com\/embed\/qDAU0Irq3cE?feature=oembed&#038;wmode=opaque\" frameborder=\"0\" allow=\"accelerometer; autoplay; clipboard-write; encrypted-media; gyroscope; picture-in-picture; web-share\" referrerpolicy=\"strict-origin-when-cross-origin\" allowfullscreen><\/iframe><\/p>\n<p>&nbsp;<\/p>\n","protected":false},"excerpt":{"rendered":"<p>\u00bfQu\u00e9 es el punto de recogida? Toda la informaci\u00f3n AQU\u00cd &nbsp; Os dejamos informaci\u00f3n de c\u00f3mo acceder al Punto de Recogida a trav\u00e9s del iPasen: Punto de Recogida Nuevo iPasen &nbsp; Punto de Recogida iPasen antiguo &nbsp;<\/p>\n","protected":false},"author":7641,"featured_media":0,"parent":0,"menu_order":0,"comment_status":"closed","ping_status":"closed","template":"","meta":{"ngg_post_thumbnail":0,"footnotes":"","_mc_calendar":[]},"aioseo_notices":[],"_links":{"self":[{"href":"https:\/\/blogsaverroes.juntadeandalucia.es\/ceipreyescatolicos\/wp-json\/wp\/v2\/pages\/2774"}],"collection":[{"href":"https:\/\/blogsaverroes.juntadeandalucia.es\/ceipreyescatolicos\/wp-json\/wp\/v2\/pages"}],"about":[{"href":"https:\/\/blogsaverroes.juntadeandalucia.es\/ceipreyescatolicos\/wp-json\/wp\/v2\/types\/page"}],"author":[{"embeddable":true,"href":"https:\/\/blogsaverroes.juntadeandalucia.es\/ceipreyescatolicos\/wp-json\/wp\/v2\/users\/7641"}],"replies":[{"embeddable":true,"href":"https:\/\/blogsaverroes.juntadeandalucia.es\/ceipreyescatolicos\/wp-json\/wp\/v2\/comments?post=2774"}],"version-history":[{"count":3,"href":"https:\/\/blogsaverroes.juntadeandalucia.es\/ceipreyescatolicos\/wp-json\/wp\/v2\/pages\/2774\/revisions"}],"predecessor-version":[{"id":2777,"href":"https:\/\/blogsaverroes.juntadeandalucia.es\/ceipreyescatolicos\/wp-json\/wp\/v2\/pages\/2774\/revisions\/2777"}],"wp:attachment":[{"href":"https:\/\/blogsaverroes.juntadeandalucia.es\/ceipreyescatolicos\/wp-json\/wp\/v2\/media?parent=2774"}],"curies":[{"name":"wp","href":"https:\/\/api.w.org\/{rel}","templated":true}]}}