{"id":2866,"date":"2021-09-08T14:17:18","date_gmt":"2021-09-08T13:17:18","guid":{"rendered":"https:\/\/blogsaverroes.juntadeandalucia.es\/ceipreyescatolicos\/?page_id=2866"},"modified":"2024-09-06T11:09:28","modified_gmt":"2024-09-06T10:09:28","slug":"carta-presentacion-empresa-de-comedor-escola","status":"publish","type":"page","link":"https:\/\/blogsaverroes.juntadeandalucia.es\/ceipreyescatolicos\/carta-presentacion-empresa-de-comedor-escola\/","title":{"rendered":"Carta Presentaci\u00f3n Empresa de Comedor Escolar"},"content":{"rendered":"<h2><img decoding=\"async\" class=\"size-medium wp-image-3812 alignleft\" src=\"https:\/\/blogsaverroes.juntadeandalucia.es\/ceipreyescatolicos\/files\/2024\/09\/comertel-300x158.png\" alt=\"\" width=\"300\" height=\"158\" srcset=\"https:\/\/blogsaverroes.juntadeandalucia.es\/ceipreyescatolicos\/files\/2024\/09\/comertel-300x158.png 300w, https:\/\/blogsaverroes.juntadeandalucia.es\/ceipreyescatolicos\/files\/2024\/09\/comertel-150x79.png 150w, https:\/\/blogsaverroes.juntadeandalucia.es\/ceipreyescatolicos\/files\/2024\/09\/comertel.png 309w\" sizes=\"(max-width: 300px) 100vw, 300px\" \/><\/h2>\n<h2>&nbsp;<\/h2>\n<h1>&nbsp;<\/h1>\n<h1><strong>&nbsp;&nbsp;&nbsp;&nbsp;&nbsp;&nbsp;&nbsp;&nbsp;&nbsp;&nbsp;&nbsp;&nbsp; <span style=\"color: #0000ff\">Carta Presentaci\u00f3n Empresa de Comedor Escolar<\/span><\/strong><\/h1>\n<p>&nbsp;<\/p>\n<p>&nbsp;<\/p>\n<h2>El motivo de esta circular es comunicarles que el pr\u00f3ximo curso 2024-2025 el Servicio de Comedor Escolar ser\u00e1 gestionado por COMERTEL, S.A; e informarles de las Condiciones Generales del Servicio:<\/h2>\n<p>&nbsp;<\/p>\n<h2>&#8211; <strong>Usuarios de Comedor:<\/strong><br \/>\nTodos los alumnos matriculados en el centro escolar y que hayan sido admitidos por la Consejer\u00eda de Desarrollo Educativo de la Junta de Andaluc\u00eda en el Servicio de Comedor y que no tengan deuda alguna con la empresa COMERTEL, S.A. en cursos anteriores.<\/h2>\n<p>&nbsp;<\/p>\n<h2>&#8211; <strong>ALTA en el Servicio de Comedor:<\/strong><br \/>\nTodos los usuarios deber\u00e1n solicitar la plaza por escrito, cumplimentando el modelo de inscripci\u00f3n al Servicio de Comedor que el centro escolar les facilitar\u00e1. En dicho formulario deber\u00e1n indicar los datos del usuario, de los progenitores o tutores y la domiciliaci\u00f3n bancaria.<\/h2>\n<p>&nbsp;<\/p>\n<h2>&#8211;<strong>Bonificaciones del Servicio de Comedor:<\/strong> Se tramitar\u00e1n a trav\u00e9s del centro escolar.<\/h2>\n<p>&nbsp;<\/p>\n<h2>&#8211; <strong>Tipos de COMPROMISO<\/strong>: La utilizaci\u00f3n del Servicio de Comedor podr\u00e1 ser solicitada por las familias por meses completos, por d\u00edas fijos todas las semanas o solamente por d\u00edas espor\u00e1dicos, ejerci\u00e9ndose la opci\u00f3n que desee al presentar la solicitud.<\/h2>\n<p>&nbsp;<\/p>\n<h2>&#8211; <strong>CAMBIOS DE COMPROMISO del Servicio de Comedor<\/strong>:<br \/>\nLa solicitud de modificaci\u00f3n de la opci\u00f3n inicialmente elegida para el Servicio de Comedor Escolar se comunicar\u00e1 a la Direcci\u00f3n del Centro Escolar, rellenando el documento correspondiente, y en segundo lugar a Comertel, adjuntando dicho documento con una antelaci\u00f3n de al menos una semana del inicio del mes en que se pretenda hacer el cambio de compromiso.<\/h2>\n<p>&nbsp;<\/p>\n<h2>&#8211; <strong>AUSENCIAS del Servicio de Comedor:<\/strong><br \/>\nLos usuarios podr\u00e1n avisar de sus ausencias del comedor, a trav\u00e9s de la App m\u00f3vil \u201cEl Gusto de Crecer\u201d y\/o la p\u00e1gina web (<a href=\"http:\/\/elgustodecrecer.comertel.es\">elgustodecrecer.comertel.es<\/a>), con una antelaci\u00f3n de tres d\u00edas, sin coste alguno para el usuario.<\/h2>\n<h2>Para acceder a las plataformas, tendr\u00e1n que registrarse a trav\u00e9s del men\u00fa Reg\u00edstrate.<\/h2>\n<h2>En ambas plataformas, existe un manual de instrucciones para realizar las comunicaciones correctamente.<br \/>\nLas comunicaciones de ausencias v\u00eda telef\u00f3nica, v\u00eda email o v\u00eda contacto de la p\u00e1gina de \u201cEl Gusto de Crecer\u201d no ser\u00e1n v\u00e1lidas.<\/h2>\n<h2><span style=\"color: #ff0000\">La v\u00eda de contacto de El Gusto de Crecer, \u00fanicamente se utilizar\u00e1 en caso de problema de acceso a la Plataforma. El resto de los asuntos relacionados con el Servicio de Comedor se atender\u00e1n a trav\u00e9s del mail <a style=\"color: #ff0000\" href=\"http:\/\/andaluciafacturacion@aramark.es.\">andaluciafacturacion@aramark.es.<\/a><\/span><\/h2>\n<h2>&nbsp;<\/h2>\n<h2><span style=\"color: #ff6600\">Las ausencias al Servicio de Comedor motivadas por enfermedad se podr\u00e1n justificarse remitiendo el INFORME DE ASISTENCIA A CONSULTA o JUSTIFICANTE DE ACCESO A DEMANDA DE ASISTENCIA, en un plazo m\u00e1ximo de 5 d\u00edas lectivos, empezando a contar desde el primer d\u00eda de la ausencia. No obstante, los 3 primeros d\u00edas naturales se cancelar\u00e1n con el justificante de asistencia m\u00e9dica y a partir del cuarto d\u00eda natural, ser\u00e1n las propias familias las que justificar\u00e1n las ausencias a trav\u00e9s de las plataformas de \u201cEl Gusto de Crecer\u201d, siguiendo el procedimiento ordinario.<\/span><\/h2>\n<p>&nbsp;<\/p>\n<h2>El mecanismo correcto para justificar las ausencias por causa de enfermedad ser\u00e1 el siguiente:<br \/>\n&#8211; Si el primer d\u00eda de enfermedad comienza en mi\u00e9rcoles, el justificante de asistencia m\u00e9dica le justificar\u00e1 los d\u00edas mi\u00e9rcoles, jueves y viernes.<br \/>\n&#8211; Si el primer d\u00eda de enfermedad comienza en jueves, el justificante de asistencia m\u00e9dica le justificar\u00e1 los d\u00edas jueves y viernes. En el caso de que el lunes o\/y d\u00edas venideros, el usuario no asista al Servicio de Comedor, tendr\u00e1 que realizar la comunicaci\u00f3n de la ausencia a trav\u00e9s de las plataformas de \u201cEl Gusto de Crecer\u201d.<br \/>\n&#8211; Si el primer d\u00eda de enfermedad comienza en viernes, el justificante de asistencia m\u00e9dica le justificar\u00e1 el d\u00eda viernes. En el caso de que el lunes o\/y d\u00edas venideros, el usuario no asista al Servicio de Comedor, tendr\u00e1 que realizar la comunicaci\u00f3n de la ausencia a trav\u00e9s de las plataformas de \u201cEl Gusto de Crecer\u201d.<\/h2>\n<p>&nbsp;<\/p>\n<h2><strong>&nbsp;&#8211; PRESENCIAS al Servicio de Comedor de forma puntual:<\/strong><br \/>\nLos d\u00edas no contratados y que se demande el Servicio de Comedor de forma puntual e imprevista, podr\u00e1n notificar la asistencia al Servicio de Comedor, enviando email a andaluciafacturacion@aramark.es antes de las 09:30 horas del mismo d\u00eda.<\/h2>\n<p>&nbsp;<\/p>\n<h2>&#8211; <strong>BAJA del Servicio de Comedor:<\/strong><br \/>\nLa solicitud de baja del Servicio de Comedor Escolar, tal como indica el Pliego de Prescripciones T\u00e9cnicas de la Agencia P\u00fablica de Educaci\u00f3n de la Junta de Andaluc\u00eda, se tramitar\u00e1 a trav\u00e9s de la Direcci\u00f3n del Centro Escolar, cumplimentando el documento correspondiente y con la antelaci\u00f3n de al menos una semana antes del inicio del mes en que se pretenda hacer efectiva la baja.<\/h2>\n<p>&nbsp;<\/p>\n<h2>&#8211; <strong>PERDIDA de condici\u00f3n del Servicio de Comedor:<\/strong><br \/>\nSe realizar\u00e1 cuando el\/la usuario no utilice el Servicio de Comedor durante cinco o m\u00e1s d\u00edas consecutivos sin causa justificada y\/o la familia del usuario tenga un impago de dos o m\u00e1s recibos.<\/h2>\n<p>&nbsp;<\/p>\n<h2>&#8211; <strong>FORMA DE PAGO del Servicio de Comedor:<\/strong><br \/>\nEl coste del men\u00fa es de 5,54 \u20ac por d\u00eda (IVA incluido), tal y como se aprob\u00f3 en BOJA n\u00ba 150 el pasado 30\/07\/2024.<\/h2>\n<h2>Por cada recibo devuelto correctamente girado, se cobrar\u00e1 un recargo de 3,00 \u20ac por gastos de devoluci\u00f3n.<br \/>\nEl cobro del Servicio de Comedor se realizar\u00e1 de forma VENCIDA entre el 5 y 10 del mes siguiente y por domiciliaci\u00f3n bancaria.<\/h2>\n<h2>Los meses de Septiembre y Octubre, se girar\u00e1n a principios y a mediados del mes de Noviembre respectivamente, una vez que recibamos las bonificaciones por parte de la Junta de Andaluc\u00eda.<\/h2>\n<p>&nbsp;<\/p>\n<h2><strong>&#8211; Elaboraci\u00f3n de los men\u00fas:<\/strong><\/h2>\n<h2>&nbsp;<\/h2>\n<h2>Dieta blanda:<br \/>\nLa hora m\u00e1xima para poder solicitar una dieta blanda es hasta el mismo d\u00eda y antes de las 09:30 horas. Se solicita v\u00eda telef\u00f3nica o v\u00eda email andaluciafacturacion@aramark.es<br \/>\nSolicitud de dietas por alergia y\/o intolerancia alimentaria:<br \/>\nCualquier solicitud de dieta por motivos de alergia y\/o intolerancia alimentaria, deber\u00e1 entregarse en el Centro Escolar el correspondiente Informe M\u00e9dico prescrito por un Especialista y el Centro Escolar ser\u00e1 quien le confirme el d\u00eda de inicio del nuevo men\u00fa elaborado por nuestro equipo de nutricionistas.<\/h2>\n<h2>&nbsp;<\/h2>\n<h2>Publicaci\u00f3n men\u00fas:<br \/>\nLos men\u00fas mensuales est\u00e1n disponibles (previo registro), a trav\u00e9s de la App m\u00f3vil (El Gusto de Crecer) y p\u00e1gina web (elgustodecrecer.comertel.es).<\/h2>\n<h2><strong>&#8211; Atenci\u00f3n al cliente:<\/strong><br \/>\nPara cualquier duda o aclaraci\u00f3n referente al Servicio de Comedor, pueden contactar con el departamento de Gesti\u00f3n de Cobros en el tel\u00e9fono 954 46 10 35 o bien, al email andaluciafacturacion@aramark.es donde ser\u00e1 atendido por uno de nuestros agentes en horario de lunes a jueves de 8hs a 17hs y viernes de 8hs a 15hs.<\/h2>\n<p>&nbsp;<\/p>\n<h2>Descargar Documento en PDF:<a href=\"https:\/\/blogsaverroes.juntadeandalucia.es\/ceipreyescatolicos\/files\/2024\/09\/Circular-a-Familias-Curso-2024-2025-COMERTEL.pdf\">Circular a Familias Curso 2024 &#8211; 2025 &#8211; COMERTEL<\/a><\/h2>\n<p>&nbsp;<\/p>\n","protected":false},"excerpt":{"rendered":"<p>&nbsp; &nbsp; &nbsp;&nbsp;&nbsp;&nbsp;&nbsp;&nbsp;&nbsp;&nbsp;&nbsp;&nbsp;&nbsp;&nbsp; Carta Presentaci\u00f3n Empresa de Comedor Escolar &nbsp; &nbsp; El motivo de esta circular es comunicarles que el pr\u00f3ximo curso 2024-2025 el Servicio de Comedor Escolar ser\u00e1 gestionado por COMERTEL, S.A; e informarles de las Condiciones Generales del&#46;&#46;&#46;<\/p>\n","protected":false},"author":7641,"featured_media":3812,"parent":0,"menu_order":0,"comment_status":"closed","ping_status":"closed","template":"","meta":{"ngg_post_thumbnail":0,"footnotes":"","_mc_calendar":[]},"aioseo_notices":[],"_links":{"self":[{"href":"https:\/\/blogsaverroes.juntadeandalucia.es\/ceipreyescatolicos\/wp-json\/wp\/v2\/pages\/2866"}],"collection":[{"href":"https:\/\/blogsaverroes.juntadeandalucia.es\/ceipreyescatolicos\/wp-json\/wp\/v2\/pages"}],"about":[{"href":"https:\/\/blogsaverroes.juntadeandalucia.es\/ceipreyescatolicos\/wp-json\/wp\/v2\/types\/page"}],"author":[{"embeddable":true,"href":"https:\/\/blogsaverroes.juntadeandalucia.es\/ceipreyescatolicos\/wp-json\/wp\/v2\/users\/7641"}],"replies":[{"embeddable":true,"href":"https:\/\/blogsaverroes.juntadeandalucia.es\/ceipreyescatolicos\/wp-json\/wp\/v2\/comments?post=2866"}],"version-history":[{"count":11,"href":"https:\/\/blogsaverroes.juntadeandalucia.es\/ceipreyescatolicos\/wp-json\/wp\/v2\/pages\/2866\/revisions"}],"predecessor-version":[{"id":3814,"href":"https:\/\/blogsaverroes.juntadeandalucia.es\/ceipreyescatolicos\/wp-json\/wp\/v2\/pages\/2866\/revisions\/3814"}],"wp:featuredmedia":[{"embeddable":true,"href":"https:\/\/blogsaverroes.juntadeandalucia.es\/ceipreyescatolicos\/wp-json\/wp\/v2\/media\/3812"}],"wp:attachment":[{"href":"https:\/\/blogsaverroes.juntadeandalucia.es\/ceipreyescatolicos\/wp-json\/wp\/v2\/media?parent=2866"}],"curies":[{"name":"wp","href":"https:\/\/api.w.org\/{rel}","templated":true}]}}