{"id":2924,"date":"2021-10-06T09:26:37","date_gmt":"2021-10-06T08:26:37","guid":{"rendered":"https:\/\/blogsaverroes.juntadeandalucia.es\/ceipreyescatolicos\/?page_id=2924"},"modified":"2021-10-06T09:26:37","modified_gmt":"2021-10-06T08:26:37","slug":"publicacion-listado-provisional-bonificaciones-servicios-del-centro-aula-matinal-comedor-actividades-extraescolares","status":"publish","type":"page","link":"https:\/\/blogsaverroes.juntadeandalucia.es\/ceipreyescatolicos\/publicacion-listado-provisional-bonificaciones-servicios-del-centro-aula-matinal-comedor-actividades-extraescolares\/","title":{"rendered":"Publicaci\u00f3n Listado Provisional Bonificaciones Servicios del Centro (Aula Matinal, Comedor, Actividades Extraescolares)"},"content":{"rendered":"<p>Estimadas familias,<\/p>\n<p>Se han <strong>publicado las Bonificaciones Provisionales<\/strong> solicitadas como usuarios del Plan de Familias (Aula Matinal, Comedor y Actividades Extraescolares).<\/p>\n<p>Pod\u00e9is verlas publicadas en el <strong>Tabl\u00f3n de Anuncios del Centro o en la Secretar\u00eda Virtual<\/strong> de la Junta de Andaluc\u00eda.<\/p>\n<p>Si vuestra bonificaci\u00f3n tiene un <strong>asterisco o presenta una incidencia<\/strong> deb\u00e9is poneros en <strong>contacto con la secretar\u00eda<\/strong> del centro para subsanar el error.<\/p>\n<p>Recordamos que ten\u00e9is <strong>10 d\u00edas h\u00e1biles para el proceso de subsunci\u00f3n<\/strong>, <strong>hasta el 20 de octubre<\/strong>. Las alegaciones fuera de plazo ser\u00e1n denegadas.<\/p>\n<p>&nbsp;<\/p>\n<p>El siguiente enlace os indica como verlas en las Secretaria Virtual de los Centros Educativos: <a href=\"https:\/\/blogsaverroes.juntadeandalucia.es\/ceipreyescatolicos\/files\/2021\/10\/Consulta-Bonificaciones-Secretar\u00eda-Virtual.pdf\">Consulta Bonificaciones Secretar\u00eda Virtual<\/a><\/p>\n<p>Pincha para acceder a<a href=\"https:\/\/www.juntadeandalucia.es\/educacion\/secretariavirtual\/accesoConsultas\/1181\/\"> la Secretaria Virtual de los Centros Educativos<\/a><\/p>\n<p>Un saludo<\/p>\n","protected":false},"excerpt":{"rendered":"<p>Estimadas familias, Se han publicado las Bonificaciones Provisionales solicitadas como usuarios del Plan de Familias (Aula Matinal, Comedor y Actividades Extraescolares). Pod\u00e9is verlas publicadas en el Tabl\u00f3n de Anuncios del Centro o en la Secretar\u00eda Virtual de la Junta de&#46;&#46;&#46;<\/p>\n","protected":false},"author":7641,"featured_media":2926,"parent":0,"menu_order":0,"comment_status":"closed","ping_status":"closed","template":"","meta":{"ngg_post_thumbnail":0,"footnotes":"","_mc_calendar":[]},"aioseo_notices":[],"_links":{"self":[{"href":"https:\/\/blogsaverroes.juntadeandalucia.es\/ceipreyescatolicos\/wp-json\/wp\/v2\/pages\/2924"}],"collection":[{"href":"https:\/\/blogsaverroes.juntadeandalucia.es\/ceipreyescatolicos\/wp-json\/wp\/v2\/pages"}],"about":[{"href":"https:\/\/blogsaverroes.juntadeandalucia.es\/ceipreyescatolicos\/wp-json\/wp\/v2\/types\/page"}],"author":[{"embeddable":true,"href":"https:\/\/blogsaverroes.juntadeandalucia.es\/ceipreyescatolicos\/wp-json\/wp\/v2\/users\/7641"}],"replies":[{"embeddable":true,"href":"https:\/\/blogsaverroes.juntadeandalucia.es\/ceipreyescatolicos\/wp-json\/wp\/v2\/comments?post=2924"}],"version-history":[{"count":2,"href":"https:\/\/blogsaverroes.juntadeandalucia.es\/ceipreyescatolicos\/wp-json\/wp\/v2\/pages\/2924\/revisions"}],"predecessor-version":[{"id":2928,"href":"https:\/\/blogsaverroes.juntadeandalucia.es\/ceipreyescatolicos\/wp-json\/wp\/v2\/pages\/2924\/revisions\/2928"}],"wp:featuredmedia":[{"embeddable":true,"href":"https:\/\/blogsaverroes.juntadeandalucia.es\/ceipreyescatolicos\/wp-json\/wp\/v2\/media\/2926"}],"wp:attachment":[{"href":"https:\/\/blogsaverroes.juntadeandalucia.es\/ceipreyescatolicos\/wp-json\/wp\/v2\/media?parent=2924"}],"curies":[{"name":"wp","href":"https:\/\/api.w.org\/{rel}","templated":true}]}}