{"id":2932,"date":"2021-10-07T11:03:30","date_gmt":"2021-10-07T10:03:30","guid":{"rendered":"https:\/\/blogsaverroes.juntadeandalucia.es\/ceipreyescatolicos\/?page_id=2932"},"modified":"2022-10-14T12:03:33","modified_gmt":"2022-10-14T11:03:33","slug":"consejo-escolar","status":"publish","type":"page","link":"https:\/\/blogsaverroes.juntadeandalucia.es\/ceipreyescatolicos\/consejo-escolar\/","title":{"rendered":"ELECCIONES CONSEJO ESCOLAR 2022\/2024"},"content":{"rendered":"<p><strong><u>ELECCIONES CONSEJO ESCOLAR 2022\/2024<\/u><\/strong><\/p>\n<p>Estimadas familias,<\/p>\n<p>&nbsp;La Constituci\u00f3n Espa\u00f1ola, en su art\u00edculo 27, establece que \u00abLos profesores, los padres y, en su caso, los alumnos intervendr\u00e1n en el control y gesti\u00f3n de todos los centros sostenidos por la Administraci\u00f3n con fondos p\u00fablicos\u00bb; este principio de participaci\u00f3n constituye el principal instrumento para que toda la comunidad educativa pueda implicarse directamente en la toma de decisiones del mismo.&nbsp;<\/p>\n<p>&nbsp;&nbsp;&nbsp;&nbsp;&nbsp;&nbsp;&nbsp;&nbsp;&nbsp;&nbsp;&nbsp;&nbsp;&nbsp;&nbsp;&nbsp;&nbsp;&nbsp;&nbsp;&nbsp;&nbsp;&nbsp;&nbsp;&nbsp;&nbsp;&nbsp;&nbsp;&nbsp;&nbsp;&nbsp;&nbsp;&nbsp;&nbsp;&nbsp;&nbsp;&nbsp;&nbsp;&nbsp;&nbsp;&nbsp;&nbsp;&nbsp;&nbsp;&nbsp;&nbsp;&nbsp;&nbsp;&nbsp;&nbsp;&nbsp;&nbsp;&nbsp;&nbsp;&nbsp;&nbsp;&nbsp;&nbsp;&nbsp;&nbsp;&nbsp;&nbsp;&nbsp;&nbsp;&nbsp;&nbsp;&nbsp;&nbsp;&nbsp;&nbsp;&nbsp;&nbsp;&nbsp;&nbsp;&nbsp;&nbsp;&nbsp;&nbsp;&nbsp;&nbsp;&nbsp;&nbsp;&nbsp;&nbsp;&nbsp;&nbsp;&nbsp;&nbsp;&nbsp;&nbsp;&nbsp;&nbsp;&nbsp;&nbsp;&nbsp;&nbsp;&nbsp;&nbsp;&nbsp;&nbsp;&nbsp;&nbsp;&nbsp;<\/p>\n<p>Este curso tenemos elecciones al Consejo Escolar para su renovaci\u00f3n. Todos los Padres\/Madres\/Tutores\/as Legales que lo deseen pueden presentarse a la misma. &nbsp;Participar en el Consejo Escolar, significa contribuir a mejorar el Centro Educativo donde se forman sus hijos\/as, es una manera democr\u00e1tica y real de buscar soluciones y de expresar las opiniones de todo el sector de la Comunidad Educativa al que pertenec\u00e9is. Ser\u00e9is voz y voto de todas esas familias que no participan en el Consejo Escolar, para llevar a ese \u00d3rgano Colegiado la opini\u00f3n de la mayor\u00eda.<\/p>\n<p>&nbsp;<\/p>\n<p>En el tabl\u00f3n de anuncios iremos colocando la informaci\u00f3n referente al proceso.<\/p>\n<p><strong><em>Este Equipo Directivo os anima a PARTICIPAR en estas elecciones<\/em><\/strong><strong>.<\/strong><\/p>\n<p>Si estas interesado\/da en participar solicita y entrega tu candidatura en Secretaria o Direcci\u00f3n del 20 de octubre al 3 de noviembre.<\/p>\n<p>Os dejamos la Temporalizaci\u00f3n del proceso:<\/p>\n<p><img fetchpriority=\"high\" decoding=\"async\" class=\"alignnone wp-image-3265 size-full\" src=\"https:\/\/blogsaverroes.juntadeandalucia.es\/ceipreyescatolicos\/files\/2022\/10\/127.png\" alt=\"\" width=\"723\" height=\"460\" srcset=\"https:\/\/blogsaverroes.juntadeandalucia.es\/ceipreyescatolicos\/files\/2022\/10\/127.png 723w, https:\/\/blogsaverroes.juntadeandalucia.es\/ceipreyescatolicos\/files\/2022\/10\/127-300x191.png 300w, https:\/\/blogsaverroes.juntadeandalucia.es\/ceipreyescatolicos\/files\/2022\/10\/127-150x95.png 150w, https:\/\/blogsaverroes.juntadeandalucia.es\/ceipreyescatolicos\/files\/2022\/10\/127-24x15.png 24w, https:\/\/blogsaverroes.juntadeandalucia.es\/ceipreyescatolicos\/files\/2022\/10\/127-36x23.png 36w, https:\/\/blogsaverroes.juntadeandalucia.es\/ceipreyescatolicos\/files\/2022\/10\/127-48x31.png 48w\" sizes=\"(max-width: 723px) 100vw, 723px\" \/><\/p>\n<p>Os dejamos en el siguiente enlace la resoluci\u00f3n del proceso: <a href=\"https:\/\/www.juntadeandalucia.es\/eboja\/2022\/178\/BOJA22-178-00003-14519-01_00267794.pdf\">https:\/\/www.juntadeandalucia.es\/eboja\/2022\/178\/BOJA22-178-00003-14519-01_00267794.pdf<\/a><\/p>\n<p>&nbsp;<\/p>\n<p>Un saludo<\/p>\n","protected":false},"excerpt":{"rendered":"<p>ELECCIONES CONSEJO ESCOLAR 2022\/2024 Estimadas familias, &nbsp;La Constituci\u00f3n Espa\u00f1ola, en su art\u00edculo 27, establece que \u00abLos profesores, los padres y, en su caso, los alumnos intervendr\u00e1n en el control y gesti\u00f3n de todos los centros sostenidos por la Administraci\u00f3n con&#46;&#46;&#46;<\/p>\n","protected":false},"author":7641,"featured_media":3266,"parent":0,"menu_order":0,"comment_status":"closed","ping_status":"closed","template":"","meta":{"ngg_post_thumbnail":0,"footnotes":"","_mc_calendar":[]},"aioseo_notices":[],"_links":{"self":[{"href":"https:\/\/blogsaverroes.juntadeandalucia.es\/ceipreyescatolicos\/wp-json\/wp\/v2\/pages\/2932"}],"collection":[{"href":"https:\/\/blogsaverroes.juntadeandalucia.es\/ceipreyescatolicos\/wp-json\/wp\/v2\/pages"}],"about":[{"href":"https:\/\/blogsaverroes.juntadeandalucia.es\/ceipreyescatolicos\/wp-json\/wp\/v2\/types\/page"}],"author":[{"embeddable":true,"href":"https:\/\/blogsaverroes.juntadeandalucia.es\/ceipreyescatolicos\/wp-json\/wp\/v2\/users\/7641"}],"replies":[{"embeddable":true,"href":"https:\/\/blogsaverroes.juntadeandalucia.es\/ceipreyescatolicos\/wp-json\/wp\/v2\/comments?post=2932"}],"version-history":[{"count":6,"href":"https:\/\/blogsaverroes.juntadeandalucia.es\/ceipreyescatolicos\/wp-json\/wp\/v2\/pages\/2932\/revisions"}],"predecessor-version":[{"id":3270,"href":"https:\/\/blogsaverroes.juntadeandalucia.es\/ceipreyescatolicos\/wp-json\/wp\/v2\/pages\/2932\/revisions\/3270"}],"wp:featuredmedia":[{"embeddable":true,"href":"https:\/\/blogsaverroes.juntadeandalucia.es\/ceipreyescatolicos\/wp-json\/wp\/v2\/media\/3266"}],"wp:attachment":[{"href":"https:\/\/blogsaverroes.juntadeandalucia.es\/ceipreyescatolicos\/wp-json\/wp\/v2\/media?parent=2932"}],"curies":[{"name":"wp","href":"https:\/\/api.w.org\/{rel}","templated":true}]}}