{"id":3478,"date":"2023-05-22T12:56:33","date_gmt":"2023-05-22T11:56:33","guid":{"rendered":"https:\/\/blogsaverroes.juntadeandalucia.es\/ceipreyescatolicos\/?page_id=3478"},"modified":"2025-05-30T23:33:29","modified_gmt":"2025-05-30T22:33:29","slug":"programa-de-gratuidad-de-libros-de-texto","status":"publish","type":"page","link":"https:\/\/blogsaverroes.juntadeandalucia.es\/ceipreyescatolicos\/programa-de-gratuidad-de-libros-de-texto\/","title":{"rendered":"Programa de Gratuidad de Libros de Texto"},"content":{"rendered":"<p><img fetchpriority=\"high\" decoding=\"async\" class=\"size-medium wp-image-3488 alignright\" src=\"https:\/\/blogsaverroes.juntadeandalucia.es\/ceipreyescatolicos\/files\/2023\/05\/Gratuidad-de-Libros-1-300x300.png\" alt=\"\" width=\"300\" height=\"300\" srcset=\"https:\/\/blogsaverroes.juntadeandalucia.es\/ceipreyescatolicos\/files\/2023\/05\/Gratuidad-de-Libros-1-300x300.png 300w, https:\/\/blogsaverroes.juntadeandalucia.es\/ceipreyescatolicos\/files\/2023\/05\/Gratuidad-de-Libros-1-150x150.png 150w, https:\/\/blogsaverroes.juntadeandalucia.es\/ceipreyescatolicos\/files\/2023\/05\/Gratuidad-de-Libros-1-768x768.png 768w, https:\/\/blogsaverroes.juntadeandalucia.es\/ceipreyescatolicos\/files\/2023\/05\/Gratuidad-de-Libros-1-24x24.png 24w, https:\/\/blogsaverroes.juntadeandalucia.es\/ceipreyescatolicos\/files\/2023\/05\/Gratuidad-de-Libros-1-36x36.png 36w, https:\/\/blogsaverroes.juntadeandalucia.es\/ceipreyescatolicos\/files\/2023\/05\/Gratuidad-de-Libros-1-48x48.png 48w, https:\/\/blogsaverroes.juntadeandalucia.es\/ceipreyescatolicos\/files\/2023\/05\/Gratuidad-de-Libros-1.png 800w\" sizes=\"(max-width: 300px) 100vw, 300px\" \/> Estimadas Familias:<\/p>\n<p>El pr\u00f3ximo curso escolar, la Consejer\u00eda de Educaci\u00f3n de la Junta de Andaluc\u00eda, continua con el Programa de Gratuidad de Libros de Texto y al que puede seguir acogi\u00e9ndose todo el alumnado que el pr\u00f3ximo curso escolar curse Primaria.<\/p>\n<p>Las <strong>INSTRUCCIONES de la Consejer\u00eda de Educaci\u00f3n y Deporte<\/strong>, de la Direcci\u00f3n General de Atenci\u00f3n a la Diversidad, Participaci\u00f3n y Convivencia Escolar Sobre el Programa de Gratuidad de los Libros de Texto, <strong>regula todo <\/strong><strong>el proceso para el siguiente curso<\/strong>.<\/p>\n<p>&nbsp;<\/p>\n<p><span style=\"color: #ff6600\">\ud83d\udcc4<\/span> SOLO Recibir\u00e1n <strong>cheque-libro<\/strong> en formato digital (a trav\u00e9s del Punto de Recogida de iPasen):<\/p>\n<ul>\n<li>Alumnado de <strong>5 a\u00f1os de Infantil<\/strong> que pasa a 1\u00ba de Primaria<\/li>\n<li>Alumnado de <strong>1\u00ba de Primaria<\/strong> que pasa a 2\u00ba de Primaria<\/li>\n<\/ul>\n<p>Este cheque permitir\u00e1 adquirir gratuitamente los libros de texto del pr\u00f3ximo curso en cualquier librer\u00eda autorizada.<\/p>\n<p>&nbsp;<\/p>\n<h3><span style=\"color: #ff0000\"><span style=\"color: #3366ff\"><strong>Pincha en el siguiente enlace, <a style=\"color: #3366ff\" href=\"https:\/\/blogsaverroes.juntadeandalucia.es\/ceipreyescatolicos\/files\/2025\/05\/Cheque-libro1-y-2-de-primaria.pdf\">Cheque libro1 y 2 de primaria<\/a> <\/strong><strong>, <\/strong><strong>para encontrar toda la informaci\u00f3n sobre como entregar los libros en el centro a principio de curso 202<span style=\"color: #3366ff\">4\/2025<\/span><\/strong><strong>.<\/strong><\/span><\/span><\/h3>\n<p>&nbsp;<\/p>\n<p><span style=\"color: #ff0000\"><strong>&nbsp;<\/strong><span style=\"color: #ff6600\"><strong>CUANDO ENTREGAR LOS LIBROS EN EL CENTRO:<\/strong><\/span><\/span><\/p>\n<ul style=\"list-style-type: circle\">\n<li><span style=\"color: #000000\"><strong>&nbsp;<\/strong>Entregue los libros de textos en el centro entre el 4 y 5 de septiembre de 2024, as\u00ed como el material de uso personal. Los cheques-libro que a 30 de septiembre a\u00fan no hayan sido utilizados, ser\u00e1n canjeados por el propio centro.<\/span><\/li>\n<li>&nbsp;<\/li>\n<\/ul>\n<p><span style=\"color: #ff0000\"><strong>INFORMACI\u00d3N A LA HORA DE SOLICITAR LOS LIBROS EN LOS DIFERENTES ESTABLECIMIENTOS:<\/strong><strong>&nbsp;<\/strong><\/span><\/p>\n<ul>\n<li><span style=\"color: #ff0000\">L<span style=\"color: #000000\">as familias que recogen el cheque-libro, deben encargar los libros en verano y as\u00ed tenerlos al inicio del curso. El Cheque-libro ser\u00e1 canjeado por los libros de texto en el establecimiento elegido por usted.<\/span><\/span><\/li>\n<li><span style=\"color: #000000\">El cheque libro que usted ha recibido a trav\u00e9s del Punto de Recogida lleva un <strong>c\u00f3digo QR<\/strong> que le ser\u00e1 requerido a la hora de solicitar el lote de libros.<\/span><\/li>\n<li><span style=\"color: #000000\">Si los precios establecidos en una librer\u00eda o establecimiento comercial para los libros referenciados en el Cheque-Libro superasen el m\u00e1ximo gasto indicado en el mismo, deber\u00e1 ser canjeado el Cheque-Libro en cualquier otra librer\u00eda o establecimiento comercial en el que sea suficiente el m\u00e1ximo gasto previsto indicado en el mismo. No hay que hacer aportaci\u00f3n econ\u00f3mica extra para la retirada de los libros.<\/span><\/li>\n<\/ul>\n<p>&nbsp;<\/p>\n<h1 style=\"text-align: center\"><span style=\"color: #008080\"><strong>El alumnado de 3\u00ba, 4\u00ba, 5\u00ba y 6\u00ba recibir\u00e1 el lote de libros a primeros de septiembre&nbsp;<\/strong><\/span><span style=\"color: #008080\"><strong>cuando vengan a entregar el material escolar.<\/strong><\/span><\/h1>\n<p><strong>&nbsp;<\/strong><\/p>\n<p><span style=\"color: #ff0000\"><strong><span style=\"color: #000000\">INDICACIONES SOBRE EL CUIDADO DE LOS LIBROS:<\/span> <a href=\"https:\/\/blogsaverroes.juntadeandalucia.es\/ceipreyescatolicos\/files\/2024\/05\/Indicaciones-sobre-el-cuidado-de-los-libros-de-Texto.pdf\">Indicaciones sobre el cuidado de los libros de Texto<\/a><br \/>\n<\/strong><\/span><\/p>\n<p>&nbsp;Para velar por el buen mantenimiento de los libros de texto con objeto de que puedan ser utilizados en cursos sucesivos en el mejor estado posible, se establecen las siguientes normas para todo el Centro:<\/p>\n<ul>\n<li>Deber\u00e1n forrar los libros con cantoneras en los lomos y esquineras en las tapas.<\/li>\n<li>Utilizar\u00e1n forro transparente NO ADHESIVO.<\/li>\n<li>Pondr\u00e1n el nombre, los apellidos y el curso de los alumnos y alumnas fuera del forro de pl\u00e1stico, en una pegatina.<\/li>\n<li>Dentro del libro no se escribir\u00e1 ni subrayar\u00e1 nada. Recordemos que tienen que ser utilizados por otros alumnos\/as en cursos sucesivos.<\/li>\n<li>Cuidar\u00e1n los libros como propios, sin ensuciarlos, mojarlos, guard\u00e1ndolos en la mochila sin doblar. Deber\u00e1n reintegrar los mismos al centro en la fecha que el Consejo Escolar del mismo determine, una vez finalizado el curso escolar o en el momento de su baja del centro si se produce su traslado.<\/li>\n<li>Si por alguna circunstancia se estropease un libro m\u00e1s all\u00e1 de lo normal durante el curso, o se extraviase, la familia estar\u00e1 obligada a reponerlo al Centro (tal y como figura establecido en las normas del Plan de Gratuidad).<\/li>\n<li>Todos los libros de texto adquiridos a trav\u00e9s del Programa de Gratuidad ser\u00e1n propiedad de la Administraci\u00f3n Educativa. Permanecer\u00e1n en el centro una vez concluido el curso escolar.<\/li>\n<\/ul>\n<p>&nbsp;<\/p>\n<p><strong>Pod\u00e9is descargaros esta informaci\u00f3n en PDF:<br \/>\n<\/strong><\/p>\n<ul>\n<li><a href=\"https:\/\/blogsaverroes.juntadeandalucia.es\/ceipreyescatolicos\/files\/2025\/05\/Cheque-libro1-y-2-de-primaria.pdf\">Cheque libro1\u00ba y 2\u00ba de primaria<\/a><\/li>\n<li><a href=\"https:\/\/blogsaverroes.juntadeandalucia.es\/ceipreyescatolicos\/files\/2024\/05\/Circular-Informativa-Programa-de-Gratuidad-3o-4o-5o-y-6o-de-Primaria.pdf\">Circular Informativa Programa de Gratuidad 3\u00ba, 4\u00ba 5\u00ba y 6\u00ba de Primaria<\/a><\/li>\n<\/ul>\n<p><strong>&nbsp;<\/strong><\/p>\n<p>No obstante, <strong>SI ALGUNA FAMILIA BENEFICIARIA DEL PROGRAMA DESEA RENUNCIAR A PARTICIPAR EN \u00c9L,<\/strong> deber\u00e1 <a href=\"https:\/\/blogsaverroes.juntadeandalucia.es\/ceipreyescatolicos\/files\/2024\/05\/Renuncia-Programa-de-Gratuidad-Libros-de-Texto.pdf\"><strong>rellenar el impreso de renuncia<\/strong><\/a>&nbsp; y entregarlo en la secretar\u00eda del centro de manera presencial o a trav\u00e9s de &nbsp;<a href=\"https:\/\/www.juntadeandalucia.es\/educacion\/secretariavirtual\/solicitudes\/\">la Secretar\u00eda Virtual de los Centros<\/a> <a href=\"https:\/\/www.juntadeandalucia.es\/educacion\/secretariavirtual\/solicitudes\/\">Educativos <\/a>antes <strong>del d\u00eda 10 de junio. (<\/strong>En el apartado: Otras solicitudes &gt;&gt; Tramites Generales &gt;&gt; PRESENTACI\u00d3N ELECTR\u00d3NICA GENERAL EN LOS CENTROS EDUCATIVOS).<\/p>\n<p>Documento de Renuncia en PDF: <a href=\"https:\/\/blogsaverroes.juntadeandalucia.es\/ceipreyescatolicos\/files\/2024\/05\/Renuncia-Programa-de-Gratuidad-Libros-de-Texto.pdf\">Renuncia Programa de Gratuidad Libros de Texto<\/a><\/p>\n<p>&nbsp;<\/p>\n<h1 style=\"text-align: center\"><span style=\"color: #3366ff\"><strong>Entendemos que todo el alumnado de primaria QUE NO RENUNCIE EXPL\u00cdCITAMENTE al Programa de Gratuidad <\/strong><\/span><\/h1>\n<h1 style=\"text-align: center\"><span style=\"color: #3366ff\"><strong>EST\u00c1 ACEPTANDO LA PARTICIPACI\u00d3N EN EL MISMO.<\/strong><\/span><\/h1>\n<p><strong>&nbsp;<\/strong><\/p>\n<p>&nbsp;<\/p>\n<h1><strong>Les ofrecemos un resumen del Programa de Gratuidad <\/strong>que puede ayudarles en su decisi\u00f3n:<\/h1>\n<p>&nbsp;<\/p>\n<p>Si deciden ustedes acogerse al Programa de Gratuidad de Libros de Texto, deber\u00e1n cumplir las Normas por las que este Programa se rige, seg\u00fan la Orden de 27 de abril de 2005, y que se resumen en:<\/p>\n<p>1.- Los libros de texto entregados al alumnado, en r\u00e9gimen de pr\u00e9stamo, son un bien colectivo. Es tarea de los padres\/madres\/tutores\/as transmitir a sus hijos\/as el sentido social de la propiedad colectiva y propiciar el desarrollo de h\u00e1bitos de cooperaci\u00f3n, conservaci\u00f3n y respeto del material y libros que van a utilizar durante el curso escolar.<\/p>\n<p>&nbsp;<\/p>\n<p>2.- Los libros y el material son en pr\u00e9stamo<u><strong>, a<\/strong><\/u><strong> <u>principio de curso se le dar\u00e1n instrucciones para su mejor conservaci\u00f3n<\/u><\/strong>.<\/p>\n<p>&nbsp;<\/p>\n<p>3.- <strong>Las familias <\/strong>que se acojan al Programa de Gratuidad de libros de texto deber\u00e1n comprometerse a lo siguiente:<\/p>\n<p>3.1.- Recoger en el Punto de Recogida de iPasen el correspondiente cheque-libro asignado a su hijo\/a, o&nbsp; en su defecto el correspondiente lote de libros.<\/p>\n<p>3.2.- Entregar en la librer\u00eda o establecimiento comercial el cheque-libro debidamente cumplimentado y firmado, una vez recibidos los libros de texto.<\/p>\n<p>3.3.- Depositar los libros en el centro para que sean registrados e identificados en las fechas que se indiquen en el Tabl\u00f3n de Anuncios u hoja informativa a principios de septiembre. Entregue los libros como lo recoge las instrucciones ofrecidas por el centro.<\/p>\n<p>3.4.- Comprometerse a que sus hijos\/as hagan un uso adecuado y cuidadoso de los materiales curriculares entregados, inculcando valores de conservaci\u00f3n, buen uso y respeto del material entregado, as\u00ed como los de sus compa\u00f1eros\/as.<\/p>\n<p>3.5.- Reintegrar los materiales entregados una vez finalizado el curso escolar, en la fecha y lugar que determine el Consejo Escolar, o en el momento de su baja en el centro-en este caso, se entregar\u00edan al profesor\/a tutor\/a-, si se produjese un traslado de matr\u00edcula a otro centro.<\/p>\n<p>3.6.- Reponer el material deteriorado o extraviado dentro del plazo que, para ello, acuerde la Comisi\u00f3n Permanente del Consejo Escolar.<\/p>\n<p>&nbsp;<\/p>\n<p>4.- <strong>El profesorado <\/strong>fomentar\u00e1 entre su alumnado valores de respeto y buen uso de los materiales y libros de texto entregados a \u00e9stos en pr\u00e9stamo, e inculcar\u00e1 normas de correcta utilizaci\u00f3n de los citados materiales curriculares.<\/p>\n<p>4.1.- Asimismo, los profesores tutores revisar\u00e1n cada a\u00f1o escolar, conjuntamente con las familias y su alumnado, los libros de texto y materiales curriculares entregados al alumnado en concepto de pr\u00e9stamo e informar\u00e1n, por escrito, a la Comisi\u00f3n del Consejo Escolar de los deterioros producidos para ser repuestos.<\/p>\n<p>4.2.- En las asambleas de principios de curso y en las tutor\u00edas personales, el profesorado deber\u00e1 informar de las normas recogidas en el ROF, en lo referente al uso y conservaci\u00f3n de los materiales curriculares.<\/p>\n<p>4.3.- Recoger al t\u00e9rmino del curso escolar (o en el momento de causar bajar cualquier alumno\/a) el material entregado a los alumnos y guardarlo en su propia tutor\u00eda.<\/p>\n<p>&nbsp;<\/p>\n<p>5.- <strong>El alumnado <\/strong>deber\u00e1 hacer un uso adecuado y cuidadoso de los libros de texto y materiales curriculares.<\/p>\n<p>5.1.- El alumnado y su familia deber\u00e1n revisar, en los primeros d\u00edas del nuevo curso escolar, los libros de texto y materiales que le son entregado en concepto de pr\u00e9stamo, as\u00ed como comunicar al profesor-tutor las posibles deficiencias que hayan sido encontradas.<\/p>\n<p>5.2.- El alumnado deber\u00e1 reintegrar al centro los materiales que le fueran entregados en concepto de pr\u00e9stamo en las siguientes situaciones:<\/p>\n<ul>\n<li>Al causar baja en el centro.<\/li>\n<li>Cuando le sea indicado por el profesorado.<\/li>\n<li>En cualquier caso, en las \u00faltimas semanas lectivas del curso escolar.<\/li>\n<\/ul>\n<p>5.3.- El alumnado deber\u00e1 reponer el material extraviado o deteriorado.<\/p>\n<p>5.4.- Se considerar\u00e1n conductas contrarias a las normas del uso y conservaci\u00f3n de los libros de texto y materiales curriculares en r\u00e9gimen de pr\u00e9stamo propios o de sus compa\u00f1eros y compa\u00f1eras, las siguientes:<\/p>\n<p>5.4.1.- Faltas leves:<\/p>\n<ul>\n<li>Pintar y dibujar en hojas con cualquier instrumento de escritura o pintura.<\/li>\n<li>Adherir pegatinas.<\/li>\n<li>Doblar p\u00e1ginas.<\/li>\n<li>Manchar p\u00e1ginas.<\/li>\n<li>Subrayar en el libro.<\/li>\n<li>Realizar las actividades en el libro.<\/li>\n<\/ul>\n<p>5.4.2. Faltas graves:<\/p>\n<ul>\n<li>Reiteraci\u00f3n de faltas leves.<\/li>\n<li>Rotura de hojas.<\/li>\n<li>P\u00e9rdida del material.<\/li>\n<li>Mala intenci\u00f3n en el uso y conservaci\u00f3n del material propio o de los compa\u00f1eros\/as.<\/li>\n<\/ul>\n<p>5.5.- Correcciones a las conductas contrarias a las normas de uso y conservaci\u00f3n de los libros y materiales curriculares:<\/p>\n<ul>\n<li>Las que correspondan de acuerdo con la tipificaci\u00f3n de faltas contrarias a las normas de convivencia.<\/li>\n<li>Siempre ir\u00e1n acompa\u00f1adas de la restauraci\u00f3n del posible da\u00f1o que se pudiera haber hecho en el material propio o de los compa\u00f1eros y compa\u00f1eras.<\/li>\n<li>Las faltas graves ir\u00e1n siempre acompa\u00f1adas de la reposici\u00f3n del material perdido o da\u00f1ado por parte de la familia del alumno\/a.<\/li>\n<li>Se podr\u00e1 contemplar la propuesta por parte del Consejo Escolar de la exclusi\u00f3n de la familia del Programa de Gratuidad, si no se cumpliesen las correcciones impuestas por la Comisi\u00f3n de Convivencia o la Comisi\u00f3n Permanente.<\/li>\n<\/ul>\n<p>&nbsp;<\/p>\n<p><strong>Para cualquier duda sobre el Programa de Gratuidad no dude en solicitar informaci\u00f3n al Equipo Directivo.<\/strong><\/p>\n<p><strong>Un saludo&nbsp;<\/strong><\/p>\n","protected":false},"excerpt":{"rendered":"<p>Estimadas Familias: El pr\u00f3ximo curso escolar, la Consejer\u00eda de Educaci\u00f3n de la Junta de Andaluc\u00eda, continua con el Programa de Gratuidad de Libros de Texto y al que puede seguir acogi\u00e9ndose todo el alumnado que el pr\u00f3ximo curso escolar curse&#46;&#46;&#46;<\/p>\n","protected":false},"author":7641,"featured_media":3489,"parent":0,"menu_order":0,"comment_status":"closed","ping_status":"closed","template":"","meta":{"ngg_post_thumbnail":0,"footnotes":"","_mc_calendar":[]},"aioseo_notices":[],"_links":{"self":[{"href":"https:\/\/blogsaverroes.juntadeandalucia.es\/ceipreyescatolicos\/wp-json\/wp\/v2\/pages\/3478"}],"collection":[{"href":"https:\/\/blogsaverroes.juntadeandalucia.es\/ceipreyescatolicos\/wp-json\/wp\/v2\/pages"}],"about":[{"href":"https:\/\/blogsaverroes.juntadeandalucia.es\/ceipreyescatolicos\/wp-json\/wp\/v2\/types\/page"}],"author":[{"embeddable":true,"href":"https:\/\/blogsaverroes.juntadeandalucia.es\/ceipreyescatolicos\/wp-json\/wp\/v2\/users\/7641"}],"replies":[{"embeddable":true,"href":"https:\/\/blogsaverroes.juntadeandalucia.es\/ceipreyescatolicos\/wp-json\/wp\/v2\/comments?post=3478"}],"version-history":[{"count":20,"href":"https:\/\/blogsaverroes.juntadeandalucia.es\/ceipreyescatolicos\/wp-json\/wp\/v2\/pages\/3478\/revisions"}],"predecessor-version":[{"id":4220,"href":"https:\/\/blogsaverroes.juntadeandalucia.es\/ceipreyescatolicos\/wp-json\/wp\/v2\/pages\/3478\/revisions\/4220"}],"wp:featuredmedia":[{"embeddable":true,"href":"https:\/\/blogsaverroes.juntadeandalucia.es\/ceipreyescatolicos\/wp-json\/wp\/v2\/media\/3489"}],"wp:attachment":[{"href":"https:\/\/blogsaverroes.juntadeandalucia.es\/ceipreyescatolicos\/wp-json\/wp\/v2\/media?parent=3478"}],"curies":[{"name":"wp","href":"https:\/\/api.w.org\/{rel}","templated":true}]}}