{"id":3918,"date":"2025-01-16T12:30:10","date_gmt":"2025-01-16T11:30:10","guid":{"rendered":"https:\/\/blogsaverroes.juntadeandalucia.es\/ceipreyescatolicos\/?page_id=3918"},"modified":"2025-01-16T12:30:10","modified_gmt":"2025-01-16T11:30:10","slug":"plan-de-autoproteccion","status":"publish","type":"page","link":"https:\/\/blogsaverroes.juntadeandalucia.es\/ceipreyescatolicos\/plan-de-autoproteccion\/","title":{"rendered":"Plan de Autoprotecci\u00f3n"},"content":{"rendered":"<p>Estimadas Familias,<\/p>\n<p>Os dejamos una presentaci\u00f3n del Plan de Autoprotecci\u00f3n del colegio.<\/p>\n<p>Respecto al apartado de Tsunami y Maremoto, aun esta en desarrollo y solo se muestran unas indicaciones iniciales.<\/p>\n<p>Prestaci\u00f3n Plan de Autoprotecci\u00f3n en PDF:<a href=\"https:\/\/blogsaverroes.juntadeandalucia.es\/ceipreyescatolicos\/files\/2025\/01\/PRESENTACION-PLAN-DE-AUTOPROTECCION.pdf\">PRESENTACI\u00d3N PLAN DE AUTOPROTECCI\u00d3N<\/a><\/p>\n<p>&nbsp;<\/p>\n","protected":false},"excerpt":{"rendered":"<p>Estimadas Familias, Os dejamos una presentaci\u00f3n del Plan de Autoprotecci\u00f3n del colegio. Respecto al apartado de Tsunami y Maremoto, aun esta en desarrollo y solo se muestran unas indicaciones iniciales. Prestaci\u00f3n Plan de Autoprotecci\u00f3n en PDF:PRESENTACI\u00d3N PLAN DE AUTOPROTECCI\u00d3N &nbsp;<\/p>\n","protected":false},"author":7641,"featured_media":0,"parent":0,"menu_order":0,"comment_status":"closed","ping_status":"closed","template":"","meta":{"ngg_post_thumbnail":0,"footnotes":"","_mc_calendar":[]},"aioseo_notices":[],"_links":{"self":[{"href":"https:\/\/blogsaverroes.juntadeandalucia.es\/ceipreyescatolicos\/wp-json\/wp\/v2\/pages\/3918"}],"collection":[{"href":"https:\/\/blogsaverroes.juntadeandalucia.es\/ceipreyescatolicos\/wp-json\/wp\/v2\/pages"}],"about":[{"href":"https:\/\/blogsaverroes.juntadeandalucia.es\/ceipreyescatolicos\/wp-json\/wp\/v2\/types\/page"}],"author":[{"embeddable":true,"href":"https:\/\/blogsaverroes.juntadeandalucia.es\/ceipreyescatolicos\/wp-json\/wp\/v2\/users\/7641"}],"replies":[{"embeddable":true,"href":"https:\/\/blogsaverroes.juntadeandalucia.es\/ceipreyescatolicos\/wp-json\/wp\/v2\/comments?post=3918"}],"version-history":[{"count":1,"href":"https:\/\/blogsaverroes.juntadeandalucia.es\/ceipreyescatolicos\/wp-json\/wp\/v2\/pages\/3918\/revisions"}],"predecessor-version":[{"id":3920,"href":"https:\/\/blogsaverroes.juntadeandalucia.es\/ceipreyescatolicos\/wp-json\/wp\/v2\/pages\/3918\/revisions\/3920"}],"wp:attachment":[{"href":"https:\/\/blogsaverroes.juntadeandalucia.es\/ceipreyescatolicos\/wp-json\/wp\/v2\/media?parent=3918"}],"curies":[{"name":"wp","href":"https:\/\/api.w.org\/{rel}","templated":true}]}}