{"id":44,"date":"2015-03-13T08:42:15","date_gmt":"2015-03-13T08:42:15","guid":{"rendered":"http:\/\/blogsaverroes.juntadeandalucia.es\/pre\/ceip\/?page_id=44"},"modified":"2019-11-03T12:00:57","modified_gmt":"2019-11-03T12:00:57","slug":"planes-y-proyectos","status":"publish","type":"page","link":"https:\/\/blogsaverroes.juntadeandalucia.es\/ceipreyescatolicos\/planes-y-proyectos\/","title":{"rendered":"Planes y Programas"},"content":{"rendered":"<p>el centrorealiza y participa en diferentes planes y programas, los cuales articullan la vida del centro:<\/p>\n<p><a href=\"https:\/\/blogsaverroes.juntadeandalucia.es\/ceipreyescatolicos\/files\/2019\/11\/biling\u00fae-frances.jpg\"><img decoding=\"async\" class=\"alignnone wp-image-2159\" src=\"https:\/\/blogsaverroes.juntadeandalucia.es\/ceipreyescatolicos\/files\/2019\/11\/biling\u00fae-frances.jpg\" alt=\"\" width=\"76\" height=\"76\" srcset=\"https:\/\/blogsaverroes.juntadeandalucia.es\/ceipreyescatolicos\/files\/2019\/11\/biling\u00fae-frances.jpg 225w, https:\/\/blogsaverroes.juntadeandalucia.es\/ceipreyescatolicos\/files\/2019\/11\/biling\u00fae-frances-150x150.jpg 150w, https:\/\/blogsaverroes.juntadeandalucia.es\/ceipreyescatolicos\/files\/2019\/11\/biling\u00fae-frances-100x100.jpg 100w, https:\/\/blogsaverroes.juntadeandalucia.es\/ceipreyescatolicos\/files\/2019\/11\/biling\u00fae-frances-160x160.jpg 160w, https:\/\/blogsaverroes.juntadeandalucia.es\/ceipreyescatolicos\/files\/2019\/11\/biling\u00fae-frances-24x24.jpg 24w, https:\/\/blogsaverroes.juntadeandalucia.es\/ceipreyescatolicos\/files\/2019\/11\/biling\u00fae-frances-36x36.jpg 36w, https:\/\/blogsaverroes.juntadeandalucia.es\/ceipreyescatolicos\/files\/2019\/11\/biling\u00fae-frances-48x48.jpg 48w\" sizes=\"(max-width: 76px) 100vw, 76px\" \/><\/a><\/p>\n<ul>\n<li>Plan Biling\u00fce: Nuestro centro se fundameta principlamente alrededor de su Plan Biling\u00fce, a trav\u00e9s del cual gira la mayoria de las actividades del centro. este plan nos ha dado a conocer y reconocer no soloen nuestra comuidad Autonoma, tambien hemos sido reconocido por el minsiterio frances de educacion&nbsp; por nuestro modleo de esne\u00f1anza del frances, como primera lengua extranjera<\/li>\n<\/ul>\n<p><a href=\"https:\/\/blogsaverroes.juntadeandalucia.es\/ceipreyescatolicos\/files\/2019\/11\/creciendo-en-salud.png\"><img decoding=\"async\" class=\"alignnone wp-image-2162\" src=\"https:\/\/blogsaverroes.juntadeandalucia.es\/ceipreyescatolicos\/files\/2019\/11\/creciendo-en-salud.png\" alt=\"\" width=\"156\" height=\"220\" srcset=\"https:\/\/blogsaverroes.juntadeandalucia.es\/ceipreyescatolicos\/files\/2019\/11\/creciendo-en-salud.png 189w, https:\/\/blogsaverroes.juntadeandalucia.es\/ceipreyescatolicos\/files\/2019\/11\/creciendo-en-salud-17x24.png 17w, https:\/\/blogsaverroes.juntadeandalucia.es\/ceipreyescatolicos\/files\/2019\/11\/creciendo-en-salud-25x36.png 25w, https:\/\/blogsaverroes.juntadeandalucia.es\/ceipreyescatolicos\/files\/2019\/11\/creciendo-en-salud-34x48.png 34w\" sizes=\"(max-width: 156px) 100vw, 156px\" \/><\/a><\/p>\n<ul>\n<li>Creciendo en salud: En estos \u00faltimos 5 a\u00f1os nos hemos hecho visbles a la comuidad Educativa de la provincia con la partcicipoancion en el PLan Creciendo en Salud y las buenas pr\u00e1cticas que ralizamos. En el curso 2018\/2019 recibimos un premio por nuestra labor por CASER.<\/li>\n<\/ul>\n<p><a href=\"https:\/\/blogsaverroes.juntadeandalucia.es\/ceipreyescatolicos\/files\/2019\/11\/Aula-d-ecien.png\"><img decoding=\"async\" class=\"alignnone wp-image-2158\" src=\"https:\/\/blogsaverroes.juntadeandalucia.es\/ceipreyescatolicos\/files\/2019\/11\/Aula-d-ecien-300x141.png\" alt=\"\" width=\"199\" height=\"94\" srcset=\"https:\/\/blogsaverroes.juntadeandalucia.es\/ceipreyescatolicos\/files\/2019\/11\/Aula-d-ecien-300x141.png 300w, https:\/\/blogsaverroes.juntadeandalucia.es\/ceipreyescatolicos\/files\/2019\/11\/Aula-d-ecien-24x11.png 24w, https:\/\/blogsaverroes.juntadeandalucia.es\/ceipreyescatolicos\/files\/2019\/11\/Aula-d-ecien-36x17.png 36w, https:\/\/blogsaverroes.juntadeandalucia.es\/ceipreyescatolicos\/files\/2019\/11\/Aula-d-ecien-48x23.png 48w, https:\/\/blogsaverroes.juntadeandalucia.es\/ceipreyescatolicos\/files\/2019\/11\/Aula-d-ecien.png 328w\" sizes=\"(max-width: 199px) 100vw, 199px\" \/><\/a><\/p>\n<ul>\n<li>Aula Dcine: Este plan se esta asentando en nuetra vida diaria, coemnzamo cone l en el curso 2016\/2017, viene a reforzar a traves del cine nuestra ense\u00f1anza bilingue. la visualizacion de peliculas los lunes en la tarde por parte de nuestra conidad educativa en diferntes idioimas y adapotadas a las direferentes edadesd el centro esta crando un gusto y disfrute por el cine conuna vision educativa.<\/li>\n<\/ul>\n<p><a href=\"https:\/\/blogsaverroes.juntadeandalucia.es\/ceipreyescatolicos\/files\/2019\/11\/ComunicA.png\"><img loading=\"lazy\" decoding=\"async\" class=\"alignnone size-medium wp-image-2160\" src=\"https:\/\/blogsaverroes.juntadeandalucia.es\/ceipreyescatolicos\/files\/2019\/11\/ComunicA-300x99.png\" alt=\"\" width=\"300\" height=\"99\" srcset=\"https:\/\/blogsaverroes.juntadeandalucia.es\/ceipreyescatolicos\/files\/2019\/11\/ComunicA-300x99.png 300w, https:\/\/blogsaverroes.juntadeandalucia.es\/ceipreyescatolicos\/files\/2019\/11\/ComunicA-24x8.png 24w, https:\/\/blogsaverroes.juntadeandalucia.es\/ceipreyescatolicos\/files\/2019\/11\/ComunicA-36x12.png 36w, https:\/\/blogsaverroes.juntadeandalucia.es\/ceipreyescatolicos\/files\/2019\/11\/ComunicA-48x16.png 48w, https:\/\/blogsaverroes.juntadeandalucia.es\/ceipreyescatolicos\/files\/2019\/11\/ComunicA.png 389w\" sizes=\"(max-width: 300px) 100vw, 300px\" \/><\/a><\/p>\n<ul>\n<li>ComunicA: programa que articula la mejora de la Competencia Linguistica en el centro y que viene a reforzar el magoinifico trabajhapo realizado d atravesd del Proyecto Linguistico de cenbtro.<\/li>\n<\/ul>\n<p>&nbsp;<\/p>\n<p><a href=\"https:\/\/blogsaverroes.juntadeandalucia.es\/ceipreyescatolicos\/files\/2019\/11\/IGUALDAD-DE-GENERO.jpg\"><img loading=\"lazy\" decoding=\"async\" class=\"alignnone size-medium wp-image-2164\" src=\"https:\/\/blogsaverroes.juntadeandalucia.es\/ceipreyescatolicos\/files\/2019\/11\/IGUALDAD-DE-GENERO-300x143.jpg\" alt=\"\" width=\"300\" height=\"143\" srcset=\"https:\/\/blogsaverroes.juntadeandalucia.es\/ceipreyescatolicos\/files\/2019\/11\/IGUALDAD-DE-GENERO-300x143.jpg 300w, https:\/\/blogsaverroes.juntadeandalucia.es\/ceipreyescatolicos\/files\/2019\/11\/IGUALDAD-DE-GENERO-24x11.jpg 24w, https:\/\/blogsaverroes.juntadeandalucia.es\/ceipreyescatolicos\/files\/2019\/11\/IGUALDAD-DE-GENERO-36x17.jpg 36w, https:\/\/blogsaverroes.juntadeandalucia.es\/ceipreyescatolicos\/files\/2019\/11\/IGUALDAD-DE-GENERO-48x23.jpg 48w, https:\/\/blogsaverroes.juntadeandalucia.es\/ceipreyescatolicos\/files\/2019\/11\/IGUALDAD-DE-GENERO.jpg 326w\" sizes=\"(max-width: 300px) 100vw, 300px\" \/><\/a><\/p>\n<ul>\n<li>Proyecto de Igualdad: la rervison del mismo relaizada en el curso 2018\/2019 nos adapta a las necesiodades descrita por nuestra admisnistracion y gestiona las diferentes actividades a realziar en el centro para la mejora de la convivencia y respetoi de los diefretes generos que conviven en el centro y sobre todo el repseto a las personas.<\/li>\n<\/ul>\n<p><a href=\"https:\/\/blogsaverroes.juntadeandalucia.es\/ceipreyescatolicos\/files\/2019\/11\/Aldea.jpg\"><img loading=\"lazy\" decoding=\"async\" class=\"alignnone wp-image-2157\" src=\"https:\/\/blogsaverroes.juntadeandalucia.es\/ceipreyescatolicos\/files\/2019\/11\/Aldea.jpg\" alt=\"\" width=\"171\" height=\"112\" srcset=\"https:\/\/blogsaverroes.juntadeandalucia.es\/ceipreyescatolicos\/files\/2019\/11\/Aldea.jpg 278w, https:\/\/blogsaverroes.juntadeandalucia.es\/ceipreyescatolicos\/files\/2019\/11\/Aldea-24x16.jpg 24w, https:\/\/blogsaverroes.juntadeandalucia.es\/ceipreyescatolicos\/files\/2019\/11\/Aldea-36x24.jpg 36w, https:\/\/blogsaverroes.juntadeandalucia.es\/ceipreyescatolicos\/files\/2019\/11\/Aldea-48x31.jpg 48w\" sizes=\"(max-width: 171px) 100vw, 171px\" \/><\/a><\/p>\n<p>Programa Aldea: acercar a nuestro alumnado con el objetivo de promover el desarrollo integrado de iniciativas de educaci\u00f3n para la conservaci\u00f3n de los recursos naturales y el fomento del desarrollo sostenible.<\/p>\n","protected":false},"excerpt":{"rendered":"<p>el centrorealiza y participa en diferentes planes y programas, los cuales articullan la vida del centro: Plan Biling\u00fce: Nuestro centro se fundameta principlamente alrededor de su Plan Biling\u00fce, a trav\u00e9s del cual gira la mayoria de las actividades del centro.&#46;&#46;&#46;<\/p>\n","protected":false},"author":1,"featured_media":0,"parent":0,"menu_order":0,"comment_status":"open","ping_status":"closed","template":"page-templates\/child-menu.php","meta":{"ngg_post_thumbnail":0,"footnotes":"","_mc_calendar":[]},"aioseo_notices":[],"_links":{"self":[{"href":"https:\/\/blogsaverroes.juntadeandalucia.es\/ceipreyescatolicos\/wp-json\/wp\/v2\/pages\/44"}],"collection":[{"href":"https:\/\/blogsaverroes.juntadeandalucia.es\/ceipreyescatolicos\/wp-json\/wp\/v2\/pages"}],"about":[{"href":"https:\/\/blogsaverroes.juntadeandalucia.es\/ceipreyescatolicos\/wp-json\/wp\/v2\/types\/page"}],"author":[{"embeddable":true,"href":"https:\/\/blogsaverroes.juntadeandalucia.es\/ceipreyescatolicos\/wp-json\/wp\/v2\/users\/1"}],"replies":[{"embeddable":true,"href":"https:\/\/blogsaverroes.juntadeandalucia.es\/ceipreyescatolicos\/wp-json\/wp\/v2\/comments?post=44"}],"version-history":[{"count":6,"href":"https:\/\/blogsaverroes.juntadeandalucia.es\/ceipreyescatolicos\/wp-json\/wp\/v2\/pages\/44\/revisions"}],"predecessor-version":[{"id":2156,"href":"https:\/\/blogsaverroes.juntadeandalucia.es\/ceipreyescatolicos\/wp-json\/wp\/v2\/pages\/44\/revisions\/2156"}],"wp:attachment":[{"href":"https:\/\/blogsaverroes.juntadeandalucia.es\/ceipreyescatolicos\/wp-json\/wp\/v2\/media?parent=44"}],"curies":[{"name":"wp","href":"https:\/\/api.w.org\/{rel}","templated":true}]}}