{"id":49,"date":"2015-03-13T08:47:05","date_gmt":"2015-03-13T08:47:05","guid":{"rendered":"http:\/\/blogsaverroes.juntadeandalucia.es\/pre\/ceip\/?page_id=49"},"modified":"2025-12-01T13:55:35","modified_gmt":"2025-12-01T12:55:35","slug":"proyecto-educativo","status":"publish","type":"page","link":"https:\/\/blogsaverroes.juntadeandalucia.es\/ceipreyescatolicos\/proyecto-educativo\/","title":{"rendered":"Plan de Centro"},"content":{"rendered":"<p><img fetchpriority=\"high\" decoding=\"async\" class=\"alignnone wp-image-4361 \" src=\"https:\/\/blogsaverroes.juntadeandalucia.es\/ceipreyescatolicos\/files\/2025\/12\/plan-de-centro.png\" alt=\"\" width=\"489\" height=\"326\" srcset=\"https:\/\/blogsaverroes.juntadeandalucia.es\/ceipreyescatolicos\/files\/2025\/12\/plan-de-centro.png 1536w, https:\/\/blogsaverroes.juntadeandalucia.es\/ceipreyescatolicos\/files\/2025\/12\/plan-de-centro-300x200.png 300w, https:\/\/blogsaverroes.juntadeandalucia.es\/ceipreyescatolicos\/files\/2025\/12\/plan-de-centro-1024x683.png 1024w, https:\/\/blogsaverroes.juntadeandalucia.es\/ceipreyescatolicos\/files\/2025\/12\/plan-de-centro-150x100.png 150w, https:\/\/blogsaverroes.juntadeandalucia.es\/ceipreyescatolicos\/files\/2025\/12\/plan-de-centro-768x512.png 768w\" sizes=\"(max-width: 489px) 100vw, 489px\" \/><\/p>\n<p><strong>El Plan de Centro<\/strong> es el documento que expresa nuestras se\u00f1as de identidad. Es el aut\u00e9ntico referente, con car\u00e1cter sist\u00e9mico e integrador, del principio de autonom\u00eda pedag\u00f3gica, de organizaci\u00f3n y de gesti\u00f3n .<\/p>\n<p>La Ley 17\/2007, de 10 de diciembre, de Educaci\u00f3n de Andaluc\u00eda, establece, en su Art.126, los documentos que integran el Plan de Centro. Son los siguientes:<\/p>\n<p>\u2013 El Proyecto Educativo .<\/p>\n<p>\u2013 El Reglamento de Organizaci\u00f3n y Funcionamiento.<\/p>\n<p>\u2013 El Proyecto de Gesti\u00f3n del Centro .<\/p>\n<p>El Plan de Centro se revisa de forma anual, es decir se elabora cada a\u00f1o adapt\u00e1ndose a las circunstancias, dificultades, avances, deliberaciones y acuerdos del Claustro y del Consejo Escolar. A mitad de curso se realiza una revisi\u00f3n y es al final del curso cuando se eval\u00faa el grado de cumplimiento del Plan de Centro.Las conclusiones m\u00e1s relevantes son recogidas en una Memoria que es supervisada por la Delegaci\u00f3n de Educaci\u00f3n de Sevilla. Nuestro Colegio es de titularidad p\u00fablica y depende de la Junta de Andaluc\u00eda.<\/p>\n<p>Aqu\u00ed pod\u00e9is encontrar los documentos que conforman el Plan de Centro:<\/p>\n<p>&nbsp;<\/p>\n<p><img decoding=\"async\" class=\"alignnone size-medium wp-image-3062\" src=\"https:\/\/blogsaverroes.juntadeandalucia.es\/ceipreyescatolicos\/files\/2022\/01\/1255.png\" alt=\"\" width=\"225\" height=\"225\" srcset=\"https:\/\/blogsaverroes.juntadeandalucia.es\/ceipreyescatolicos\/files\/2022\/01\/1255.png 225w, https:\/\/blogsaverroes.juntadeandalucia.es\/ceipreyescatolicos\/files\/2022\/01\/1255-150x150.png 150w, https:\/\/blogsaverroes.juntadeandalucia.es\/ceipreyescatolicos\/files\/2022\/01\/1255-24x24.png 24w, https:\/\/blogsaverroes.juntadeandalucia.es\/ceipreyescatolicos\/files\/2022\/01\/1255-36x36.png 36w, https:\/\/blogsaverroes.juntadeandalucia.es\/ceipreyescatolicos\/files\/2022\/01\/1255-48x48.png 48w\" sizes=\"(max-width: 225px) 100vw, 225px\" \/><\/p>\n<p>Proyecto de Gesti\u00f3n:&nbsp;<a href=\"https:\/\/blogsaverroes.juntadeandalucia.es\/ceipreyescatolicos\/files\/2025\/12\/Proyecto-Gestion-2025-2026.pdf\">Proyecto Gesti\u00f3n 2025-2026<\/a><\/p>\n<p>&nbsp;<\/p>\n<p><a href=\"https:\/\/blogsaverroes.juntadeandalucia.es\/ceipreyescatolicos\/files\/2021\/03\/2.jpg\"><img decoding=\"async\" class=\" wp-image-2299\" src=\"https:\/\/blogsaverroes.juntadeandalucia.es\/ceipreyescatolicos\/files\/2021\/03\/2.jpg\" alt=\"Proyecto Educativo\" width=\"342\" height=\"286\"\/><\/a><\/p>\n<p>Un centro se define en gran medida por su <strong>Proyecto Educativo<\/strong>. En \u00e9l se plasma el modelo educativo y la concreci\u00f3n de la normativa que un centro realiza respecto a las ense\u00f1anzas que imparte. Aspectos tales como las finales educativas, objetivos, atenci\u00f3n a la diversidad, etc.<\/p>\n<p><span style=\"color: #0000ff\"><strong>PROYECTO EDUCATIVO:<\/strong><\/span><\/p>\n<p><a href=\"https:\/\/blogsaverroes.juntadeandalucia.es\/ceipreyescatolicos\/files\/2025\/12\/0-Normativa.pdf\">0 &#8211; Normativa<\/a><\/p>\n<p><a href=\"https:\/\/blogsaverroes.juntadeandalucia.es\/ceipreyescatolicos\/files\/2025\/12\/1-Mision-Vision-y-Valores.pdf\">1 &#8211; Misi\u00f3n, Visi\u00f3n y Valores<\/a><\/p>\n<p><a href=\"https:\/\/blogsaverroes.juntadeandalucia.es\/ceipreyescatolicos\/files\/2025\/12\/2-Introduccion-y-Contexto.pdf\">2 &#8211; Introducci\u00f3n y Contexto<\/a><\/p>\n<p><a href=\"https:\/\/blogsaverroes.juntadeandalucia.es\/ceipreyescatolicos\/files\/2025\/12\/3-Objetivos-Generales-1.pdf\">3 &#8211; Objetivos Generales<\/a><\/p>\n<p><a href=\"https:\/\/blogsaverroes.juntadeandalucia.es\/ceipreyescatolicos\/files\/2025\/12\/4-Objetivos-Propios-del-centro-25-26.pdf\">4 &#8211; Objetivos Propios del centro 25-26<\/a><\/p>\n<p><a href=\"https:\/\/blogsaverroes.juntadeandalucia.es\/ceipreyescatolicos\/files\/2025\/12\/5-Lineas-Generales-de-Actuacion-Pedagogica.pdf\">5 &#8211; Lineas Generales de Actuaci\u00f3n Pedag\u00f3gica<\/a> <a href=\"https:\/\/blogsaverroes.juntadeandalucia.es\/ceipreyescatolicos\/files\/2025\/12\/4-Objetivos-Propios-del-Centro.pdf\">4 &#8211; Objetivos Propios del Centro<\/a><\/p>\n<p><a href=\"https:\/\/blogsaverroes.juntadeandalucia.es\/ceipreyescatolicos\/files\/2025\/12\/6-Coordniacion-y-Concrecion-de-los-Contenidos-Curriculares-Temas-Transversales.pdf\">6 &#8211; Coordinaci\u00f3n y Concreci\u00f3n de los Contenidos Curriculares, Temas Transversales<\/a><\/p>\n<p><a href=\"https:\/\/blogsaverroes.juntadeandalucia.es\/ceipreyescatolicos\/files\/2025\/12\/7-Criterios-Pedagogicos-para-la-Determinacion-de-los-Organos-de-Coordinacion-Docente.pdf\">7 &#8211; Criterios Pedag\u00f3gicos para la Determinaci\u00f3n de los \u00d3rganos de Coordinaci\u00f3n Docente<\/a><\/p>\n<p><a href=\"https:\/\/blogsaverroes.juntadeandalucia.es\/ceipreyescatolicos\/files\/2025\/12\/8-Los-Procedimientos-y-Criterios-de-Evaluacion-y-Promocion-del-Alumnado.pdf\">8 &#8211; Los Procedimientos y Criterios de Evaluaci\u00f3n y Promoci\u00f3n del Alumnado<\/a><\/p>\n<p><a href=\"https:\/\/blogsaverroes.juntadeandalucia.es\/ceipreyescatolicos\/files\/2025\/12\/9-La-Forma-de-Atencion-a-la-Diversidad-del-Alumnado.pdf\">9 &#8211; La Forma de Atenci\u00f3n a la Diversidad del Alumnado<\/a><\/p>\n<p><a href=\"https:\/\/blogsaverroes.juntadeandalucia.es\/ceipreyescatolicos\/files\/2025\/12\/10-La-Organizacion-de-las-Actividades-de-Recuperacion-Alumnado-Areas-Pendiente.pdf\">10 &#8211; La Organizaci\u00f3n de las Actividades de Recuperaci\u00f3n, Alumnado \u00c1reas Pendiente<\/a><\/p>\n<p><a href=\"https:\/\/blogsaverroes.juntadeandalucia.es\/ceipreyescatolicos\/files\/2025\/12\/11-Plan-de-Orientacion-y-Accion-Tutorial.pdf\">11 &#8211; Plan de Orientaci\u00f3n y Acci\u00f3n Tutorial<\/a><\/p>\n<p><a href=\"https:\/\/blogsaverroes.juntadeandalucia.es\/ceipreyescatolicos\/files\/2025\/12\/12-Procedimientos-para-Suscribir-Compromisos-Educativos.pdf\">12 &#8211; Procedimientos para Suscribir Compromisos Educativos<\/a><\/p>\n<p><a href=\"https:\/\/blogsaverroes.juntadeandalucia.es\/ceipreyescatolicos\/files\/2025\/12\/13-Plan-de-Convivencia.pdf\">13 &#8211; Plan de Convivencia<\/a><\/p>\n<p><a href=\"https:\/\/blogsaverroes.juntadeandalucia.es\/ceipreyescatolicos\/files\/2025\/12\/14-Plan-de-Formacion-del-Profesorado.pdf\">14 &#8211; Plan de Formaci\u00f3n del Profesorado<\/a><\/p>\n<p><a href=\"https:\/\/blogsaverroes.juntadeandalucia.es\/ceipreyescatolicos\/files\/2025\/12\/16-Procedimientos-de-Evaluacion-Interna.pdf\">16 &#8211; Procedimientos de Evaluaci\u00f3n Interna<\/a> <a href=\"https:\/\/blogsaverroes.juntadeandalucia.es\/ceipreyescatolicos\/files\/2025\/12\/15-Criterios-para-Organizar-y-Distribuir-el-Tiempo-Escolar.pdf\">15 &#8211; Criterios para Organizar y Distribuir el Tiempo Escolar<\/a><\/p>\n<p><a href=\"https:\/\/blogsaverroes.juntadeandalucia.es\/ceipreyescatolicos\/files\/2025\/12\/17-Criterios-para-Establecer-Agrupamiento-Alumnado.pdf\">17 &#8211; Criterios para Establecer Agrupamiento Alumnado<\/a><\/p>\n<p><a href=\"https:\/\/blogsaverroes.juntadeandalucia.es\/ceipreyescatolicos\/files\/2025\/12\/18-Criterios-Elaboracion-Programaciones.pdf\">18 &#8211; Criterios Elaboraci\u00f3n Programaciones<\/a><\/p>\n<p><a href=\"https:\/\/blogsaverroes.juntadeandalucia.es\/ceipreyescatolicos\/files\/2025\/12\/19-Planes-Estrategicos-del-Centro.pdf\">19 &#8211; Planes Estrat\u00e9gicos del Centro<\/a><\/p>\n<p><a href=\"https:\/\/blogsaverroes.juntadeandalucia.es\/ceipreyescatolicos\/files\/2025\/12\/ANEXO-1-Procedimiento-para-atender-las-reclamaciones-a-las-calificaciones-finales-o-a-la-decision-de-promocion.pdf\">ANEXO 1 &#8211; Procedimiento para atender las reclamaciones a las calificaciones finales o a la decisi\u00f3n de promoci\u00f3n<\/a><\/p>\n<p><a href=\"https:\/\/blogsaverroes.juntadeandalucia.es\/ceipreyescatolicos\/files\/2025\/12\/ANEXO-2-Relacion-Entre-Factores-Clave-Del-Proceso-De-Ensenanza-Aprendizaje-Y-Elementos-Del-Plan-De-Centro.pdf\">ANEXO 2 &#8211; Relaci\u00f3n Entre Factores Clave Del Proceso De Ense\u00f1anza Aprendizaje Y Elementos Del Plan De Centro<\/a><\/p>\n<p><a href=\"https:\/\/blogsaverroes.juntadeandalucia.es\/ceipreyescatolicos\/files\/2025\/12\/ANEXO-3-Guia-del-Protocolo-de-actuacion-para-la-prevencion-del-riesgo-ante-conductas-suicidas-o-autolesiones-del-alumnado.pdf\">ANEXO 3 &#8211; Gu\u00eda del Protocolo de actuaci\u00f3n para la prevenci\u00f3n del riesgo ante conductas suicidas o autolesiones del alumnado<\/a><\/p>\n<p><a href=\"https:\/\/blogsaverroes.juntadeandalucia.es\/ceipreyescatolicos\/files\/2025\/12\/ANEXO-IV-Modelo-Compromiso_Educativo.pdf\">ANEXO IV Modelo Compromiso_Educativo<\/a><\/p>\n<p><a href=\"https:\/\/blogsaverroes.juntadeandalucia.es\/ceipreyescatolicos\/files\/2025\/12\/ANEXO-IV-Modelo-Compromiso_CONVIVENCIA.pdf\">ANEXO IV Modelo Compromiso_CONVIVENCIA<\/a><\/p>\n<p><img loading=\"lazy\" decoding=\"async\" class=\"alignnone size-medium wp-image-3064\" src=\"https:\/\/blogsaverroes.juntadeandalucia.es\/ceipreyescatolicos\/files\/2022\/01\/rof-300x102.png\" alt=\"\" width=\"300\" height=\"102\" srcset=\"https:\/\/blogsaverroes.juntadeandalucia.es\/ceipreyescatolicos\/files\/2022\/01\/rof-300x102.png 300w, https:\/\/blogsaverroes.juntadeandalucia.es\/ceipreyescatolicos\/files\/2022\/01\/rof-150x51.png 150w, https:\/\/blogsaverroes.juntadeandalucia.es\/ceipreyescatolicos\/files\/2022\/01\/rof-24x8.png 24w, https:\/\/blogsaverroes.juntadeandalucia.es\/ceipreyescatolicos\/files\/2022\/01\/rof-36x12.png 36w, https:\/\/blogsaverroes.juntadeandalucia.es\/ceipreyescatolicos\/files\/2022\/01\/rof-48x16.png 48w, https:\/\/blogsaverroes.juntadeandalucia.es\/ceipreyescatolicos\/files\/2022\/01\/rof.png 385w\" sizes=\"(max-width: 300px) 100vw, 300px\" \/><\/p>\n<p><strong>El reglamento de organizaci\u00f3n y funcionamiento.<\/strong><\/p>\n<p>1. El reglamento de organizaci\u00f3n y funcionamiento recoger\u00e1 las normas organizativas y funcionales que faciliten la consecuci\u00f3n del clima adecuado para alcanzar los objetivos que el centro se haya propuesto y permitan mantener un ambiente de respeto, confianza y colaboraci\u00f3n entre todos los sectores de la comunidad educativa.<\/p>\n<p>2. El reglamento de organizaci\u00f3n y funcionamiento, teniendo en cuenta las caracter\u00edsticas propias del centro<\/p>\n<ul>\n<li><a href=\"https:\/\/blogsaverroes.juntadeandalucia.es\/ceipreyescatolicos\/files\/2025\/12\/ROF.pdf\">ROF<\/a><\/li>\n<\/ul>\n<p>&nbsp;<\/p>\n","protected":false},"excerpt":{"rendered":"<p>El Plan de Centro es el documento que expresa nuestras se\u00f1as de identidad. Es el aut\u00e9ntico referente, con car\u00e1cter sist\u00e9mico e integrador, del principio de autonom\u00eda pedag\u00f3gica, de organizaci\u00f3n y de gesti\u00f3n . La Ley 17\/2007, de 10 de diciembre,&#46;&#46;&#46;<\/p>\n","protected":false},"author":1,"featured_media":4361,"parent":0,"menu_order":0,"comment_status":"open","ping_status":"open","template":"","meta":{"ngg_post_thumbnail":0,"footnotes":"","_mc_calendar":[]},"aioseo_notices":[],"_links":{"self":[{"href":"https:\/\/blogsaverroes.juntadeandalucia.es\/ceipreyescatolicos\/wp-json\/wp\/v2\/pages\/49"}],"collection":[{"href":"https:\/\/blogsaverroes.juntadeandalucia.es\/ceipreyescatolicos\/wp-json\/wp\/v2\/pages"}],"about":[{"href":"https:\/\/blogsaverroes.juntadeandalucia.es\/ceipreyescatolicos\/wp-json\/wp\/v2\/types\/page"}],"author":[{"embeddable":true,"href":"https:\/\/blogsaverroes.juntadeandalucia.es\/ceipreyescatolicos\/wp-json\/wp\/v2\/users\/1"}],"replies":[{"embeddable":true,"href":"https:\/\/blogsaverroes.juntadeandalucia.es\/ceipreyescatolicos\/wp-json\/wp\/v2\/comments?post=49"}],"version-history":[{"count":26,"href":"https:\/\/blogsaverroes.juntadeandalucia.es\/ceipreyescatolicos\/wp-json\/wp\/v2\/pages\/49\/revisions"}],"predecessor-version":[{"id":4363,"href":"https:\/\/blogsaverroes.juntadeandalucia.es\/ceipreyescatolicos\/wp-json\/wp\/v2\/pages\/49\/revisions\/4363"}],"wp:featuredmedia":[{"embeddable":true,"href":"https:\/\/blogsaverroes.juntadeandalucia.es\/ceipreyescatolicos\/wp-json\/wp\/v2\/media\/4361"}],"wp:attachment":[{"href":"https:\/\/blogsaverroes.juntadeandalucia.es\/ceipreyescatolicos\/wp-json\/wp\/v2\/media?parent=49"}],"curies":[{"name":"wp","href":"https:\/\/api.w.org\/{rel}","templated":true}]}}