{"id":77,"date":"2015-03-16T06:54:56","date_gmt":"2015-03-16T06:54:56","guid":{"rendered":"http:\/\/blogsaverroes.juntadeandalucia.es\/pre\/ceip\/?page_id=77"},"modified":"2021-04-29T09:26:56","modified_gmt":"2021-04-29T08:26:56","slug":"secretaria","status":"publish","type":"page","link":"https:\/\/blogsaverroes.juntadeandalucia.es\/ceipreyescatolicos\/secretaria\/","title":{"rendered":"Secretar\u00eda"},"content":{"rendered":"<p>La <strong>Secretar\u00eda<\/strong> desarrolla muchas funciones importantes en la vida de un centro, especialmente en la relaci\u00f3n que mantiene con las familias en los diferentes tr\u00e1mites administrativos.<\/p>\n<p><strong>Datos secretaria del centro:<\/strong><\/p>\n<ul>\n<li>Atenci\u00f3n Secretar\u00eda: Ana Morales Romero<\/li>\n<li>Correo de secretar\u00eda: <a href=\"11001099.secretaria.edu@juntadeandalucia.es\">11001099.secretaria.edu@juntadeandalucia.es<\/a><\/li>\n<li>Horario de atenci\u00f3n al p\u00fablico: de lunes a viernes de 9:20 a 11:00 y de 12:30 a 13:30 horas<\/li>\n<li>Tel\u00e9fono: 956 243 143<\/li>\n<\/ul>\n<p>&nbsp;<\/p>\n<p>En la secretar\u00eda del centro podr\u00e1 realizar:<\/p>\n<ul>\n<li>Solicitudes de Altas\/Bajas de los Servicios del Centro (Aula Matinal, Comedor y Actividades Extraescolares)<\/li>\n<li>Solicitud de plazas escolares<\/li>\n<li>Matriculaciones<\/li>\n<li>Actualizaci\u00f3n de los datos personales del alumnado y Tutores Legales<\/li>\n<li>Solicitud de claves Pasen del alumnado y Tutores Legales<\/li>\n<li>Entrega de documentaci\u00f3n<\/li>\n<\/ul>\n<p>&nbsp;<\/p>\n","protected":false},"excerpt":{"rendered":"<p>La Secretar\u00eda desarrolla muchas funciones importantes en la vida de un centro, especialmente en la relaci\u00f3n que mantiene con las familias en los diferentes tr\u00e1mites administrativos. Datos secretaria del centro: Atenci\u00f3n Secretar\u00eda: Ana Morales Romero Correo de secretar\u00eda: 11001099.secretaria.edu@juntadeandalucia.es Horario&#46;&#46;&#46;<\/p>\n","protected":false},"author":1,"featured_media":0,"parent":0,"menu_order":0,"comment_status":"open","ping_status":"open","template":"","meta":{"ngg_post_thumbnail":0,"footnotes":"","_mc_calendar":[]},"aioseo_notices":[],"_links":{"self":[{"href":"https:\/\/blogsaverroes.juntadeandalucia.es\/ceipreyescatolicos\/wp-json\/wp\/v2\/pages\/77"}],"collection":[{"href":"https:\/\/blogsaverroes.juntadeandalucia.es\/ceipreyescatolicos\/wp-json\/wp\/v2\/pages"}],"about":[{"href":"https:\/\/blogsaverroes.juntadeandalucia.es\/ceipreyescatolicos\/wp-json\/wp\/v2\/types\/page"}],"author":[{"embeddable":true,"href":"https:\/\/blogsaverroes.juntadeandalucia.es\/ceipreyescatolicos\/wp-json\/wp\/v2\/users\/1"}],"replies":[{"embeddable":true,"href":"https:\/\/blogsaverroes.juntadeandalucia.es\/ceipreyescatolicos\/wp-json\/wp\/v2\/comments?post=77"}],"version-history":[{"count":7,"href":"https:\/\/blogsaverroes.juntadeandalucia.es\/ceipreyescatolicos\/wp-json\/wp\/v2\/pages\/77\/revisions"}],"predecessor-version":[{"id":2480,"href":"https:\/\/blogsaverroes.juntadeandalucia.es\/ceipreyescatolicos\/wp-json\/wp\/v2\/pages\/77\/revisions\/2480"}],"wp:attachment":[{"href":"https:\/\/blogsaverroes.juntadeandalucia.es\/ceipreyescatolicos\/wp-json\/wp\/v2\/media?parent=77"}],"curies":[{"name":"wp","href":"https:\/\/api.w.org\/{rel}","templated":true}]}}