{"id":870,"date":"2015-03-16T07:24:27","date_gmt":"2015-03-16T07:24:27","guid":{"rendered":"http:\/\/blogsaverroes.juntadeandalucia.es\/pre\/ceip\/?page_id=103"},"modified":"2025-09-10T13:55:12","modified_gmt":"2025-09-10T12:55:12","slug":"aula-matinal","status":"publish","type":"page","link":"https:\/\/blogsaverroes.juntadeandalucia.es\/ceipreyescatolicos\/aula-matinal\/","title":{"rendered":"Aula Matinal"},"content":{"rendered":"<h2 style=\"text-align: center\"><span style=\"color: #ff0000\">&nbsp;<strong>INSTRUCCIONES PARA LAS FAMILIAS USUARIAS DE AULA MATINAL<\/strong><\/span><\/h2>\n<p>&nbsp;<\/p>\n<p>Estimadas familias desde la empresa El Cuaderno de Rube, queremos darles la bienvenida para el servicio de aula matinal del curso 24-25. Y a continuaci\u00f3n damos una serie de instrucciones\/recomendaciones:<\/p>\n<p>&#8211; El horario del servicio de aula matinal es de 07:30 a 09:00<\/p>\n<p>&#8211; El precio es de: 17,51\u20ac se asiste 14 o m\u00e1s d\u00edas y 1,33\u20ac si asiste 13 o menos d\u00edas. Dichos precios es sin la bonificaci\u00f3n correspondiente que tenga cada familia.<\/p>\n<p>&#8211; Los recibos se cargar\u00e1n del 1 al 10 del mes vencido excepto el primer mes que habr\u00e1 que esperar a las bonificaciones de la Junta de Andaluc\u00eda. Dichos recibos se cargaran a la cuenta que hayan puesto en la matricula y est\u00e1 recogida en S\u00e9neca.<\/p>\n<p>&#8211; Dos recibos devueltos o impagados suponen, baja en los distintos servicios del plan de familia: comedor, extraescolares y aula matinal.<\/p>\n<p>&#8211; Cinco faltas de asistencia consecutivas no justificadas suponen la baja en matinal.<\/p>\n<p>&#8211; Los monitores del servicio ayudar\u00e1n en la ingesta del desayuno al alumnado que por razones de edad y\/o discapacidad, requiera de apoyo de los profesionales que gestionan el servicio p\u00fablico para tomar el desayuno que cada alumno traer\u00e1 preparado de casa. Es decir, no es objeto del contrato de gesti\u00f3n del servicio p\u00fablico de aula matinal la elaboraci\u00f3n y manipulaci\u00f3n de alimentos para la preparaci\u00f3n del desayuno en el CEIP, solo se ayudar\u00e1 a los menores que as\u00ed lo requieran a la ingesta de alimentos.<\/p>\n<p>&#8211; En la direcci\u00f3n de correo electr\u00f3nico facilitada en su solicitud al centro escolar recibir\u00e1 un mail con Usuario y una Contrase\u00f1a para poder acceder al listado de asistencias diario de su hijo\/a as\u00ed como los cobros o recibos emitidos desde la plataforma de gesti\u00f3n \u201cATENEA\u201d. <strong>En dicha plataforma se podr\u00e1 consultar como hemos especificado las asistencias y los cobros, pero en ning\u00fan caso justificar las faltas ya que est\u00e1n se notificar\u00e1n en la Secretaria del Centro.<\/strong><\/p>\n<p>&#8211; Para cambios de n\u00famero de cuenta deber\u00e1 dirigirse a la secretar\u00eda de su centro en el horario establecido.<\/p>\n<p>&#8211; El programa de trabajo lo tienen tanto los equipos directivos como los monitores\/as por si alguna familia quiere consultarlo. Hay que tener en cuenta que es una programaci\u00f3n un tanto flexible, debido a la naturaleza del servicio y sobre todo a la asistencia escalonada del alumnado.<\/p>\n<p>&nbsp;<\/p>\n<p>Descarga la informaci\u00f3n en PDF: <a href=\"https:\/\/blogsaverroes.juntadeandalucia.es\/ceipreyescatolicos\/files\/2025\/09\/Informacion-Familias-Aula-Matinal-IPASSEN.pdf\">Informacion-Familias Aula Matinal <\/a><\/p>\n<p>&nbsp;<\/p>\n<p>Para solicitar el servicio dir\u00edjase a la secretar\u00eda del centro o a trav\u00e9s de la <a href=\"https:\/\/www.juntadeandalucia.es\/educacion\/secretariavirtual\/\">Secretar\u00eda Virtual de la Junta de Andalucia<\/a>.<\/p>\n<p><i>Ruta: Solicitudes \u2013 Tramites Generales \u2013 Presentaci\u00f3n Electr\u00f3nica General en Centros Educativos. <\/i><\/p>\n<p>Enlace: <a href=\"https:\/\/www.juntadeandalucia.es\/educacion\/secretariavirtual\/accesoTramite\/462\/\">https:\/\/www.juntadeandalucia.es\/educacion\/secretariavirtual\/accesoTramite\/462<\/a><a href=\"https:\/\/www.juntadeandalucia.es\/educacion\/secretariavirtual\/accesoTramite\/462\/\">\/<\/a><\/p>\n<p>&nbsp;<\/p>\n<p>&nbsp;<\/p>\n","protected":false},"excerpt":{"rendered":"<p>&nbsp;INSTRUCCIONES PARA LAS FAMILIAS USUARIAS DE AULA MATINAL &nbsp; Estimadas familias desde la empresa El Cuaderno de Rube, queremos darles la bienvenida para el servicio de aula matinal del curso 24-25. Y a continuaci\u00f3n damos una serie de instrucciones\/recomendaciones: &#8211;&#46;&#46;&#46;<\/p>\n","protected":false},"author":1,"featured_media":2898,"parent":0,"menu_order":0,"comment_status":"open","ping_status":"open","template":"","meta":{"ngg_post_thumbnail":0,"footnotes":"","_mc_calendar":[]},"aioseo_notices":[],"_links":{"self":[{"href":"https:\/\/blogsaverroes.juntadeandalucia.es\/ceipreyescatolicos\/wp-json\/wp\/v2\/pages\/870"}],"collection":[{"href":"https:\/\/blogsaverroes.juntadeandalucia.es\/ceipreyescatolicos\/wp-json\/wp\/v2\/pages"}],"about":[{"href":"https:\/\/blogsaverroes.juntadeandalucia.es\/ceipreyescatolicos\/wp-json\/wp\/v2\/types\/page"}],"author":[{"embeddable":true,"href":"https:\/\/blogsaverroes.juntadeandalucia.es\/ceipreyescatolicos\/wp-json\/wp\/v2\/users\/1"}],"replies":[{"embeddable":true,"href":"https:\/\/blogsaverroes.juntadeandalucia.es\/ceipreyescatolicos\/wp-json\/wp\/v2\/comments?post=870"}],"version-history":[{"count":11,"href":"https:\/\/blogsaverroes.juntadeandalucia.es\/ceipreyescatolicos\/wp-json\/wp\/v2\/pages\/870\/revisions"}],"predecessor-version":[{"id":4281,"href":"https:\/\/blogsaverroes.juntadeandalucia.es\/ceipreyescatolicos\/wp-json\/wp\/v2\/pages\/870\/revisions\/4281"}],"wp:featuredmedia":[{"embeddable":true,"href":"https:\/\/blogsaverroes.juntadeandalucia.es\/ceipreyescatolicos\/wp-json\/wp\/v2\/media\/2898"}],"wp:attachment":[{"href":"https:\/\/blogsaverroes.juntadeandalucia.es\/ceipreyescatolicos\/wp-json\/wp\/v2\/media?parent=870"}],"curies":[{"name":"wp","href":"https:\/\/api.w.org\/{rel}","templated":true}]}}