{"id":141,"date":"2015-03-17T07:13:24","date_gmt":"2015-03-17T07:13:24","guid":{"rendered":"http:\/\/blogsaverroes.juntadeandalucia.es\/pre\/ceip\/?page_id=141"},"modified":"2021-03-23T17:08:29","modified_gmt":"2021-03-23T17:08:29","slug":"escolarizacion","status":"publish","type":"page","link":"https:\/\/blogsaverroes.juntadeandalucia.es\/ceipriochico\/escolarizacion\/","title":{"rendered":"Escolarizaci\u00f3n"},"content":{"rendered":"<p><img loading=\"lazy\" decoding=\"async\" class=\"aligncenter\" src=\"https:\/\/blogsaverroes.juntadeandalucia.es\/ceiptiernogalvanarmilla\/files\/2018\/03\/COVER_YOUTUBE_ADMISION.jpg\" alt=\"Inicio - Consejer\u00eda de Educaci\u00f3n y Deporte\" width=\"592\" height=\"333\"><\/p>\n<p>Esta secci\u00f3n puede contener cuanta informaci\u00f3n sea de utilidad para las familias a la hora de de iniciar el proceso de escolarizaci\u00f3n: plazos, documentos, normativa, enlaces, etc<\/p>\n<p>Desde el centro recomendamos hacer la inscripci\u00f3n telem\u00e1tica desde Secretar\u00eda virtual, adjuntamos el enlace:<\/p>\n<p><a href=\"https:\/\/www.juntadeandalucia.es\/educacion\/secretariavirtual\/accesoTramite\/543\/\"><strong><span style=\"color: #003366\">Accede al portal de escolarizaci\u00f3n haciendo click AQU\u00cd.<\/span><\/strong><\/a><\/p>\n<p>&nbsp;<\/p>\n<p>&nbsp;<\/p>\n<p>OTRA INFORMACI\u00d3N:<\/p>\n<p><span style=\"color: #003366\"><strong>Documentaci\u00f3n inicial de Admisi\u00f3n:<\/strong>&nbsp;<\/span>Haz click <a href=\"https:\/\/drive.google.com\/file\/d\/1NuuNDFsEPco5EdulaqzlZ3rNEEy8ps3u\/view?usp=sharing\">AQU\u00cd<\/a>.<\/p>\n<p><span style=\"color: #003366\"><strong>Certificado de documentaci\u00f3n inicial de admisi\u00f3n:<\/strong><\/span> Haz click <a href=\"https:\/\/drive.google.com\/file\/d\/1MzXQDv_MiDr8zIq39Xu-TRg084yMMs0y\/view?usp=sharing\">AQU\u00cd<\/a>.&nbsp;<\/p>\n<p><strong><span style=\"color: #003366\"><a style=\"color: #003366\" title=\"Procedimiento\" href=\"https:\/\/www.juntadeandalucia.es\/boja\/2021\/37\/42\" target=\"_blank\" rel=\"noopener noreferrer\">Normativa<\/a>&nbsp;<\/span><\/strong>sobre el proceso de escolarizaci\u00f3n.<\/p>\n<p>Si quer\u00e9is conocer las <span style=\"color: #003366\"><strong>\u00c1REAS DE INFLUENCIA ESCOLAR<\/strong><\/span>, pod\u00e9is hacerlo en estos MAPAS (<a href=\"https:\/\/drive.google.com\/file\/d\/1C9egk9swsElVVx7ijqnKYK4LGFYldmci\/view?usp=sharing\">MAPA 1<\/a>, <a href=\"https:\/\/drive.google.com\/file\/d\/1ZcVgjin4tYAOnnK5U59LSUqmXPWaR2Uw\/view?usp=sharing\">MAPA 2<\/a>).<\/p>\n<p>&nbsp;<\/p>\n","protected":false},"excerpt":{"rendered":"<p>Esta secci\u00f3n puede contener cuanta informaci\u00f3n sea de utilidad para las familias a la hora de de iniciar el proceso de escolarizaci\u00f3n: plazos, documentos, normativa, enlaces, etc Desde el centro recomendamos hacer la inscripci\u00f3n&#46;&#46;&#46;<\/p>\n","protected":false},"author":1,"featured_media":0,"parent":0,"menu_order":0,"comment_status":"closed","ping_status":"open","template":"","meta":{"ngg_post_thumbnail":0,"footnotes":"","_mc_calendar":[]},"aioseo_notices":[],"_links":{"self":[{"href":"https:\/\/blogsaverroes.juntadeandalucia.es\/ceipriochico\/wp-json\/wp\/v2\/pages\/141"}],"collection":[{"href":"https:\/\/blogsaverroes.juntadeandalucia.es\/ceipriochico\/wp-json\/wp\/v2\/pages"}],"about":[{"href":"https:\/\/blogsaverroes.juntadeandalucia.es\/ceipriochico\/wp-json\/wp\/v2\/types\/page"}],"author":[{"embeddable":true,"href":"https:\/\/blogsaverroes.juntadeandalucia.es\/ceipriochico\/wp-json\/wp\/v2\/users\/1"}],"replies":[{"embeddable":true,"href":"https:\/\/blogsaverroes.juntadeandalucia.es\/ceipriochico\/wp-json\/wp\/v2\/comments?post=141"}],"version-history":[{"count":11,"href":"https:\/\/blogsaverroes.juntadeandalucia.es\/ceipriochico\/wp-json\/wp\/v2\/pages\/141\/revisions"}],"predecessor-version":[{"id":2743,"href":"https:\/\/blogsaverroes.juntadeandalucia.es\/ceipriochico\/wp-json\/wp\/v2\/pages\/141\/revisions\/2743"}],"wp:attachment":[{"href":"https:\/\/blogsaverroes.juntadeandalucia.es\/ceipriochico\/wp-json\/wp\/v2\/media?parent=141"}],"curies":[{"name":"wp","href":"https:\/\/api.w.org\/{rel}","templated":true}]}}