{"id":35,"date":"2015-03-13T08:21:43","date_gmt":"2015-03-13T08:21:43","guid":{"rendered":"http:\/\/blogsaverroes.juntadeandalucia.es\/pre\/ceip\/?page_id=35"},"modified":"2020-10-27T11:15:16","modified_gmt":"2020-10-27T11:15:16","slug":"el-centro-2","status":"publish","type":"page","link":"https:\/\/blogsaverroes.juntadeandalucia.es\/ceipriochico\/el-centro-2\/","title":{"rendered":"Datos del centro"},"content":{"rendered":"<h4><a href=\"https:\/\/blogsaverroes.juntadeandalucia.es\/ceipriochico\/files\/2020\/10\/Screenshot-2020-10-27-at-12.13.49.png\"><img loading=\"lazy\" decoding=\"async\" class=\"wp-image-2242 aligncenter\" src=\"https:\/\/blogsaverroes.juntadeandalucia.es\/ceipriochico\/files\/2020\/10\/Screenshot-2020-10-27-at-12.13.49-300x224.png\" alt=\"\" width=\"473\" height=\"353\" srcset=\"https:\/\/blogsaverroes.juntadeandalucia.es\/ceipriochico\/files\/2020\/10\/Screenshot-2020-10-27-at-12.13.49-300x224.png 300w, https:\/\/blogsaverroes.juntadeandalucia.es\/ceipriochico\/files\/2020\/10\/Screenshot-2020-10-27-at-12.13.49-360x268.png 360w, https:\/\/blogsaverroes.juntadeandalucia.es\/ceipriochico\/files\/2020\/10\/Screenshot-2020-10-27-at-12.13.49-24x18.png 24w, https:\/\/blogsaverroes.juntadeandalucia.es\/ceipriochico\/files\/2020\/10\/Screenshot-2020-10-27-at-12.13.49-36x27.png 36w, https:\/\/blogsaverroes.juntadeandalucia.es\/ceipriochico\/files\/2020\/10\/Screenshot-2020-10-27-at-12.13.49-48x36.png 48w, https:\/\/blogsaverroes.juntadeandalucia.es\/ceipriochico\/files\/2020\/10\/Screenshot-2020-10-27-at-12.13.49.png 712w\" sizes=\"(max-width: 473px) 100vw, 473px\" \/><\/a><\/h4>\n<h4>&nbsp;<\/h4>\n<h4>Datos de contacto:<\/h4>\n<h4>Centro P\u00fablico de Educaci\u00f3n Infantil y Primaria R\u00edo Chico<\/h4>\n<p><strong>Direcci\u00f3n:<\/strong> Calle Huerta de Don Paco s\/n \u00b7 18440&nbsp;<em>C\u00e1diar<\/em>&nbsp;\u00b7 GRANADA<\/p>\n<p><strong>Tel\u00e9fono \/ FAX: <\/strong>958761191<\/p>\n<p><strong>Email:<\/strong> 18601400.edu@juntadeandalucia.es&nbsp;<\/p>\n<p>&nbsp;<\/p>\n<h4><strong>Oferta educativa<\/strong><\/h4>\n<p>Educaci\u00f3n Infantil<\/p>\n<p>Educaci\u00f3n Primaria<\/p>\n<h4>&nbsp;<\/h4>\n<p>&nbsp;<\/p>\n","protected":false},"excerpt":{"rendered":"<p>&nbsp; Datos de contacto: Centro P\u00fablico de Educaci\u00f3n Infantil y Primaria R\u00edo Chico Direcci\u00f3n: Calle Huerta de Don Paco s\/n \u00b7 18440&nbsp;C\u00e1diar&nbsp;\u00b7 GRANADA Tel\u00e9fono \/ FAX: 958761191 Email: 18601400.edu@juntadeandalucia.es&nbsp; &nbsp; Oferta educativa Educaci\u00f3n Infantil&#46;&#46;&#46;<\/p>\n","protected":false},"author":1,"featured_media":0,"parent":0,"menu_order":0,"comment_status":"closed","ping_status":"open","template":"","meta":{"ngg_post_thumbnail":0,"footnotes":"","_mc_calendar":[]},"aioseo_notices":[],"_links":{"self":[{"href":"https:\/\/blogsaverroes.juntadeandalucia.es\/ceipriochico\/wp-json\/wp\/v2\/pages\/35"}],"collection":[{"href":"https:\/\/blogsaverroes.juntadeandalucia.es\/ceipriochico\/wp-json\/wp\/v2\/pages"}],"about":[{"href":"https:\/\/blogsaverroes.juntadeandalucia.es\/ceipriochico\/wp-json\/wp\/v2\/types\/page"}],"author":[{"embeddable":true,"href":"https:\/\/blogsaverroes.juntadeandalucia.es\/ceipriochico\/wp-json\/wp\/v2\/users\/1"}],"replies":[{"embeddable":true,"href":"https:\/\/blogsaverroes.juntadeandalucia.es\/ceipriochico\/wp-json\/wp\/v2\/comments?post=35"}],"version-history":[{"count":24,"href":"https:\/\/blogsaverroes.juntadeandalucia.es\/ceipriochico\/wp-json\/wp\/v2\/pages\/35\/revisions"}],"predecessor-version":[{"id":2243,"href":"https:\/\/blogsaverroes.juntadeandalucia.es\/ceipriochico\/wp-json\/wp\/v2\/pages\/35\/revisions\/2243"}],"wp:attachment":[{"href":"https:\/\/blogsaverroes.juntadeandalucia.es\/ceipriochico\/wp-json\/wp\/v2\/media?parent=35"}],"curies":[{"name":"wp","href":"https:\/\/api.w.org\/{rel}","templated":true}]}}