{"id":870,"date":"2015-03-16T07:24:27","date_gmt":"2015-03-16T07:24:27","guid":{"rendered":"http:\/\/blogsaverroes.juntadeandalucia.es\/pre\/ceip\/?page_id=103"},"modified":"2021-06-07T14:21:51","modified_gmt":"2021-06-07T14:21:51","slug":"ipasen","status":"publish","type":"page","link":"https:\/\/blogsaverroes.juntadeandalucia.es\/ceipriochico\/ipasen\/","title":{"rendered":"IPASEN"},"content":{"rendered":"<h1 style=\"text-align: center\"><span style=\"color: #008000\">IPASEN<\/span><\/h1>\n<p><img loading=\"lazy\" decoding=\"async\" class=\"nofocus aligncenter\" src=\"https:\/\/www.juntadeandalucia.es\/educacion\/portalseneca\/image\/image_gallery?uuid=40e36f95-94ad-4b36-9758-3007d4ce19a1&amp;groupId=10128&amp;t=1386760195652\" alt=\"Ver las im\u00e1genes de origen\" width=\"181\" height=\"181\" aria-label=\"Ver las im\u00e1genes de origen\"><\/p>\n<p align=\"JUSTIFY\"><span style=\"color: #3b3b3b\"><span style=\"font-family: Arial, serif\"><span style=\"font-size: medium\">La <strong><span style=\"color: #008000\">Consejer\u00eda de Educaci\u00f3n y Deporte<\/span><\/strong> ha actualizado la aplicaci\u00f3n <strong><span style=\"color: #008000\">iPASEN<\/span><\/strong>, una herramienta que facilita el seguimiento educativo del alumnado y permite mantener una comunicaci\u00f3n m\u00e1s pr\u00e1ctica y fluida con la comunidad docente. Se trata de una nueva versi\u00f3n con un rendimiento mejorado que incide de forma primordial en la usabilidad y la experiencia del usuario.<br \/>\nCuenta con una nueva pantalla de inicio que centraliza y articula de forma m\u00e1s \u00e1gil la navegaci\u00f3n y operaciones m\u00e1s frecuentes para los usuarios. Adem\u00e1s, dispone de un nuevo dise\u00f1o gr\u00e1fico m\u00e1s ameno e intuitivo, y sobre todo, est\u00e1 dise\u00f1ada para poder, de forma m\u00e1s r\u00e1pida y f\u00e1cil, evolucionar e incluir en la app nuevas demandas de las familias y los docentes para mejorar la relaci\u00f3n entre los padres y madres y los centros docentes. <\/span><\/span><\/span><\/p>\n<p><span style=\"color: #3b3b3b\"><span style=\"font-family: Arial, serif\"><span style=\"font-size: medium\">La nueva versi\u00f3n de iPASEN estar\u00e1 disponible el pr\u00f3ximo 7 de junio en la AppStore y GooglePlay.<\/span><\/span><\/span><\/p>\n<p>M\u00e1s informaci\u00f3n en&nbsp;<a href=\"http:\/\/lajunta.es\/3adok\"><span style=\"color: #4881a6\"><span style=\"font-family: Arial, serif\"><span style=\"font-size: medium\">http:\/\/lajunta.es\/3adok<\/span><\/span><\/span><\/a><\/p>\n<p>V\u00eddeo promocional:&nbsp;<a href=\"https:\/\/youtu.be\/oZAcWLRNFQ0\"><span style=\"color: #4881a6\"><span style=\"font-family: Arial, serif\"><span style=\"font-size: medium\">https:\/\/youtu.be\/oZAcWLRNFQ<\/span><\/span><\/span><\/a><\/p>\n<p>&nbsp;<\/p>\n<p>&nbsp;<\/p>\n<p>A continuaci\u00f3n, dejamos diferentes enlaces de inter\u00e9s sobre iPASEN:<\/p>\n<p>&nbsp;<\/p>\n<p>ENLACES DE iPASEN:<\/p>\n<p><video controls=\"controls\" width=\"300\" height=\"150\" data-mce-fragment=\"1\"><br \/>\n<\/video><\/p>\n<p>&nbsp;<\/p>\n<ul>\n<li>Enlace para obtener aplicaci\u00f3n IPASEN y la contrase\u00f1a (Autologin): <a href=\"https:\/\/www.youtube.com\/watch?v=bjQmLlB_v14&amp;feature=youtu.be\">PINCHA AQU\u00cd<\/a><\/li>\n<li>Enlace para recuperar la contrase\u00f1a olvidada de iPASEN: <a href=\"https:\/\/www.youtube.com\/watch?v=wL8DKGU8xL4\">PINCHA AQU\u00cd<\/a><\/li>\n<li>Comunicaci\u00f3n y justificaci\u00f3n de faltas de asistencia: <a href=\"https:\/\/www.youtube.com\/watch?v=PkQABCDUuds&amp;feature=youtu.be\">PINCHA AQU\u00cd<\/a><\/li>\n<li>Autorizaci\u00f3n para la recogida del alumnado: <a href=\"https:\/\/www.youtube.com\/watch?v=RXztPN0qB3E&amp;feature=youtu.be\">PINCHA AQU\u00cd<\/a><\/li>\n<li>Consultar calificaciones trimestrales: <a href=\"https:\/\/www.youtube.com\/watch?v=KHzzuL2mjjg&amp;feature=youtu.be\">PINCHA AQU\u00cd<\/a><\/li>\n<li>Consultar observaciones compartidas: <a href=\"https:\/\/www.youtube.com\/watch?v=HLmfMbKEUgg&amp;feature=youtu.be\">PINCHA AQU\u00cd<\/a><\/li>\n<li>Consultar actividades evaluables: <a href=\"https:\/\/www.youtube.com\/watch?v=OdbWwWzVEwU&amp;feature=youtu.be\">PINCHA AQU\u00cd<\/a><\/li>\n<li>Autorizaci\u00f3n de actividades: <a href=\"https:\/\/www.youtube.com\/watch?v=-9PxJkkSf0M&amp;feature=youtu.be\">PINCHA AQU\u00cd<\/a><\/li>\n<li>Consultar clave iANDE: <a href=\"https:\/\/www.youtube.com\/watch?v=Ws16hlx1qsg&amp;feature=youtu.be\">PINCHA AQU\u00cd<\/a><\/li>\n<li>Descarga documentaci\u00f3n punto de recogida electr\u00f3nico: <a href=\"https:\/\/www.youtube.com\/watch?v=2ktEeEs63Kc&amp;feature=youtu.be\">PINCHA AQU\u00cd<\/a><\/li>\n<li>Matr\u00edcula electr\u00f3nica con iANDE: <a href=\"https:\/\/www.youtube.com\/watch?v=eHMWFfaG8rU&amp;feature=youtu.be\">PINCHA AQU\u00cd<\/a><\/li>\n<\/ul>\n<p>&nbsp;<\/p>\n","protected":false},"excerpt":{"rendered":"<p>IPASEN La Consejer\u00eda de Educaci\u00f3n y Deporte ha actualizado la aplicaci\u00f3n iPASEN, una herramienta que facilita el seguimiento educativo del alumnado y permite mantener una comunicaci\u00f3n m\u00e1s pr\u00e1ctica y fluida con la comunidad docente.&#46;&#46;&#46;<\/p>\n","protected":false},"author":1,"featured_media":0,"parent":0,"menu_order":0,"comment_status":"closed","ping_status":"open","template":"","meta":{"ngg_post_thumbnail":0,"footnotes":"","_mc_calendar":[]},"aioseo_notices":[],"_links":{"self":[{"href":"https:\/\/blogsaverroes.juntadeandalucia.es\/ceipriochico\/wp-json\/wp\/v2\/pages\/870"}],"collection":[{"href":"https:\/\/blogsaverroes.juntadeandalucia.es\/ceipriochico\/wp-json\/wp\/v2\/pages"}],"about":[{"href":"https:\/\/blogsaverroes.juntadeandalucia.es\/ceipriochico\/wp-json\/wp\/v2\/types\/page"}],"author":[{"embeddable":true,"href":"https:\/\/blogsaverroes.juntadeandalucia.es\/ceipriochico\/wp-json\/wp\/v2\/users\/1"}],"replies":[{"embeddable":true,"href":"https:\/\/blogsaverroes.juntadeandalucia.es\/ceipriochico\/wp-json\/wp\/v2\/comments?post=870"}],"version-history":[{"count":10,"href":"https:\/\/blogsaverroes.juntadeandalucia.es\/ceipriochico\/wp-json\/wp\/v2\/pages\/870\/revisions"}],"predecessor-version":[{"id":2934,"href":"https:\/\/blogsaverroes.juntadeandalucia.es\/ceipriochico\/wp-json\/wp\/v2\/pages\/870\/revisions\/2934"}],"wp:attachment":[{"href":"https:\/\/blogsaverroes.juntadeandalucia.es\/ceipriochico\/wp-json\/wp\/v2\/media?parent=870"}],"curies":[{"name":"wp","href":"https:\/\/api.w.org\/{rel}","templated":true}]}}