{"id":99,"date":"2015-03-16T07:22:54","date_gmt":"2015-03-16T07:22:54","guid":{"rendered":"http:\/\/blogsaverroes.juntadeandalucia.es\/pre\/ceip\/?page_id=99"},"modified":"2020-11-18T18:01:59","modified_gmt":"2020-11-18T18:01:59","slug":"comedor-escolar","status":"publish","type":"page","link":"https:\/\/blogsaverroes.juntadeandalucia.es\/ceipriochico\/comedor-escolar\/","title":{"rendered":"ENSE\u00d1ANZA NO PRESENCIAL"},"content":{"rendered":"<p>Para conocer las adaptaciones del plan de centro a la ENSE\u00d1ANZA NO PRESENCIAL, conoce el <a href=\"https:\/\/drive.google.com\/file\/d\/1DD4sKYqhLszsMu_aIVclHJm3g2A6b3zs\/view?usp=sharing\">PLAN DE ENSE\u00d1ANZA TELEM\u00c1TICA del CEIP RIO CHICO.&nbsp;<\/a><\/p>\n","protected":false},"excerpt":{"rendered":"<p>Para conocer las adaptaciones del plan de centro a la ENSE\u00d1ANZA NO PRESENCIAL, conoce el PLAN DE ENSE\u00d1ANZA TELEM\u00c1TICA del CEIP RIO CHICO.&nbsp;<\/p>\n","protected":false},"author":1,"featured_media":0,"parent":0,"menu_order":0,"comment_status":"closed","ping_status":"open","template":"","meta":{"ngg_post_thumbnail":0,"footnotes":"","_mc_calendar":[]},"aioseo_notices":[],"_links":{"self":[{"href":"https:\/\/blogsaverroes.juntadeandalucia.es\/ceipriochico\/wp-json\/wp\/v2\/pages\/99"}],"collection":[{"href":"https:\/\/blogsaverroes.juntadeandalucia.es\/ceipriochico\/wp-json\/wp\/v2\/pages"}],"about":[{"href":"https:\/\/blogsaverroes.juntadeandalucia.es\/ceipriochico\/wp-json\/wp\/v2\/types\/page"}],"author":[{"embeddable":true,"href":"https:\/\/blogsaverroes.juntadeandalucia.es\/ceipriochico\/wp-json\/wp\/v2\/users\/1"}],"replies":[{"embeddable":true,"href":"https:\/\/blogsaverroes.juntadeandalucia.es\/ceipriochico\/wp-json\/wp\/v2\/comments?post=99"}],"version-history":[{"count":6,"href":"https:\/\/blogsaverroes.juntadeandalucia.es\/ceipriochico\/wp-json\/wp\/v2\/pages\/99\/revisions"}],"predecessor-version":[{"id":2303,"href":"https:\/\/blogsaverroes.juntadeandalucia.es\/ceipriochico\/wp-json\/wp\/v2\/pages\/99\/revisions\/2303"}],"wp:attachment":[{"href":"https:\/\/blogsaverroes.juntadeandalucia.es\/ceipriochico\/wp-json\/wp\/v2\/media?parent=99"}],"curies":[{"name":"wp","href":"https:\/\/api.w.org\/{rel}","templated":true}]}}