{"id":141,"date":"2015-03-17T07:13:24","date_gmt":"2015-03-17T07:13:24","guid":{"rendered":"http:\/\/blogsaverroes.juntadeandalucia.es\/pre\/ceip\/?page_id=141"},"modified":"2022-05-26T08:02:38","modified_gmt":"2022-05-26T08:02:38","slug":"escolarizacion","status":"publish","type":"page","link":"https:\/\/blogsaverroes.juntadeandalucia.es\/ceipriopiedras\/escolarizacion\/","title":{"rendered":"Escolarizaci\u00f3n"},"content":{"rendered":"<p style=\"text-align: center\"><a href=\"https:\/\/blogsaverroes.juntadeandalucia.es\/ceipriopiedras\/files\/2020\/05\/Proceso-de-Admisio\u0301n-Curso-2020-2021-300x169-1.png\"><img loading=\"lazy\" decoding=\"async\" class=\"alignnone size-full wp-image-2973\" src=\"https:\/\/blogsaverroes.juntadeandalucia.es\/ceipriopiedras\/files\/2020\/05\/Proceso-de-Admisio\u0301n-Curso-2020-2021-300x169-1.png\" alt=\"\" width=\"300\" height=\"169\" srcset=\"https:\/\/blogsaverroes.juntadeandalucia.es\/ceipriopiedras\/files\/2020\/05\/Proceso-de-Admisio\u0301n-Curso-2020-2021-300x169-1.png 300w, https:\/\/blogsaverroes.juntadeandalucia.es\/ceipriopiedras\/files\/2020\/05\/Proceso-de-Admisio\u0301n-Curso-2020-2021-300x169-1-24x14.png 24w, https:\/\/blogsaverroes.juntadeandalucia.es\/ceipriopiedras\/files\/2020\/05\/Proceso-de-Admisio\u0301n-Curso-2020-2021-300x169-1-36x20.png 36w, https:\/\/blogsaverroes.juntadeandalucia.es\/ceipriopiedras\/files\/2020\/05\/Proceso-de-Admisio\u0301n-Curso-2020-2021-300x169-1-48x27.png 48w\" sizes=\"(max-width: 300px) 100vw, 300px\" \/><\/a><\/p>\n<p>Como sab\u00e9is la situaci\u00f3n actual nos ha complicado la vida en todos los sentidos, y esto incluye los tr\u00e1mites de nueva escolarizaci\u00f3n, es por ello, que facilitar el proceso de admisi\u00f3n lo m\u00e1s aconsejable es acceder a trav\u00e9s de LA V\u00cdA TELEM\u00c1TICA A TRAV\u00c9S DEL ENLACE ADJUNTO.&nbsp;<\/p>\n<p>NO ES NECESARIO TENER CERTIFICADO DIGITAL NI DNI ELECTR\u00d3NICO, AUTOM\u00c1TICAMENTE SE REGISTRA LA SOLICITUD SIN QUE TENG\u00c1IS QUE ASISTIR AL CENTRO; ADAPT\u00c1NDOSE AS\u00cd A LA SITUACI\u00d3N ACTUAL Y A LA REALIDAD DE CADA FAMILIA, INCLUYENDO CUALQUIER HORA DEL D\u00cdA SOLAMENTE PINCHANDO EN ESTE ENLACE.<\/p>\n<p style=\"text-align: center\"><strong><a href=\"https:\/\/www.juntadeandalucia.es\/educacion\/secretariavirtual\/accesoTramite\/439\/\">ADMISI\u00d3N ON-LINE<\/a><\/strong><\/p>\n","protected":false},"excerpt":{"rendered":"<p>Como sab\u00e9is la situaci\u00f3n actual nos ha complicado la vida en todos los sentidos, y esto incluye los tr\u00e1mites de nueva escolarizaci\u00f3n, es por ello, que facilitar el proceso de admisi\u00f3n lo m\u00e1s aconsejable&#46;&#46;&#46;<\/p>\n","protected":false},"author":1,"featured_media":0,"parent":0,"menu_order":0,"comment_status":"closed","ping_status":"open","template":"","meta":{"ngg_post_thumbnail":0,"footnotes":"","_mc_calendar":[]},"aioseo_notices":[],"_links":{"self":[{"href":"https:\/\/blogsaverroes.juntadeandalucia.es\/ceipriopiedras\/wp-json\/wp\/v2\/pages\/141"}],"collection":[{"href":"https:\/\/blogsaverroes.juntadeandalucia.es\/ceipriopiedras\/wp-json\/wp\/v2\/pages"}],"about":[{"href":"https:\/\/blogsaverroes.juntadeandalucia.es\/ceipriopiedras\/wp-json\/wp\/v2\/types\/page"}],"author":[{"embeddable":true,"href":"https:\/\/blogsaverroes.juntadeandalucia.es\/ceipriopiedras\/wp-json\/wp\/v2\/users\/1"}],"replies":[{"embeddable":true,"href":"https:\/\/blogsaverroes.juntadeandalucia.es\/ceipriopiedras\/wp-json\/wp\/v2\/comments?post=141"}],"version-history":[{"count":0,"href":"https:\/\/blogsaverroes.juntadeandalucia.es\/ceipriopiedras\/wp-json\/wp\/v2\/pages\/141\/revisions"}],"wp:attachment":[{"href":"https:\/\/blogsaverroes.juntadeandalucia.es\/ceipriopiedras\/wp-json\/wp\/v2\/media?parent=141"}],"curies":[{"name":"wp","href":"https:\/\/api.w.org\/{rel}","templated":true}]}}