{"id":2744,"date":"2019-07-04T09:23:18","date_gmt":"2019-07-04T09:23:18","guid":{"rendered":"https:\/\/blogsaverroes.juntadeandalucia.es\/ceipriopiedras\/?page_id=2744"},"modified":"2019-07-04T09:23:18","modified_gmt":"2019-07-04T09:23:18","slug":"lista-de-material-de-6o","status":"publish","type":"page","link":"https:\/\/blogsaverroes.juntadeandalucia.es\/ceipriopiedras\/lista-de-material-de-6o\/","title":{"rendered":"LISTA DE MATERIAL DE 6\u00ba"},"content":{"rendered":"<p><a href=\"https:\/\/blogsaverroes.juntadeandalucia.es\/ceipriopiedras\/files\/2019\/07\/Lista-material-6\u00ba-Rio-Piedras.pdf\">Lista material 6\u00ba Rio Piedras<\/a><\/p>\n<p><em>.E.I.P RIO PIEDRAS&nbsp;&nbsp;&nbsp;&nbsp;&nbsp;&nbsp;&nbsp;&nbsp;&nbsp;&nbsp;&nbsp;&nbsp;&nbsp;&nbsp;&nbsp;&nbsp;&nbsp;&nbsp;&nbsp;&nbsp;&nbsp;&nbsp;&nbsp;&nbsp;&nbsp;&nbsp;&nbsp;&nbsp;&nbsp;&nbsp;&nbsp;&nbsp;&nbsp;&nbsp; 6\u00ba PRIMARIA&nbsp;&nbsp;&nbsp;&nbsp;&nbsp;&nbsp;&nbsp;&nbsp;&nbsp;&nbsp;&nbsp;&nbsp;&nbsp;&nbsp;&nbsp;&nbsp;&nbsp;&nbsp;&nbsp;&nbsp;&nbsp;&nbsp;&nbsp;&nbsp;&nbsp;&nbsp;&nbsp;&nbsp;&nbsp;&nbsp;&nbsp; CURSO 2019\/2020<\/em><\/p>\n<p><u>RELACI\u00d3N DE LIBROS Y MATERIAL DE 6\u00ba DE PRIMARIA<\/u><\/p>\n<p><strong><em><u>Los libros deber\u00e1n cuidarse, ya que ser\u00e1n utilizados en cursos posteriores. En caso de que al final del curso dichos libros est\u00e9n deteriorados deber\u00e1n abonar su importe. <\/u><\/em><\/strong><\/p>\n<p><strong><em><u>Deben forrar todos los libros y ponerles una pegatina en el forro con el nombre y los apellidos del ni\u00f1o\/a. <\/u><\/em><\/strong><\/p>\n<p><strong>Dentro del libro no se pone el nombre.<\/strong><\/p>\n<p><strong><em><u>Material que tiene que traer el alumno: <\/u><\/em><\/strong><\/p>\n<ul>\n<li>Colores (caja de l\u00e1pices, ceras y rotuladores).<\/li>\n<li>Agenda del cole.<\/li>\n<li>6 cuadernos bloc tama\u00f1o folio de una raya.<\/li>\n<li>2 cuadernos bloc tama\u00f1o folio de lamela 3mm o de cuadritos para matem\u00e1ticas.<\/li>\n<li>Bloc de dibujo.<\/li>\n<li>1 caja de temperas y 2 pinceles.<\/li>\n<li>Archivador de fundas de pl\u00e1stico tama\u00f1o folio. (Del curso anterior).<\/li>\n<li>(Del curso anterior).<\/li>\n<li>20 fundas de pl\u00e1stico.<\/li>\n<li>Cuaderno de pentagramas. (Se puede usar el del curso anterior).<\/li>\n<li>2 carpetas de cart\u00f3n con solapas de tama\u00f1o A4. (Del curso anterior).<\/li>\n<li>(Del curso anterior).<\/li>\n<li>Bol\u00edgrafos: azul, negro y rojo.<\/li>\n<li>4 l\u00e1pices HB.<\/li>\n<li>4 gomas.<\/li>\n<li>2 Bicolor.<\/li>\n<li>2 sacapuntas con dep\u00f3sito.<\/li>\n<li>3 barras de pegamento.<\/li>\n<li>&nbsp;<\/li>\n<li>Un comp\u00e1s. (Curso anterior).<\/li>\n<li>1 paquete de toallitas y una caja de pa\u00f1uelos.<\/li>\n<\/ul>\n<p>&nbsp;<\/p>\n<p><strong><em><u>Importante:<\/u><\/em><\/strong><\/p>\n<p><strong><u>En su mochila <\/u><\/strong>deber\u00e1n traer todos los d\u00edas su estuche, que al menos debe contener: bol\u00edgrafos, l\u00e1piz negro, goma, sacapuntas, una regla peque\u00f1a que quepa en el estuche y colores de cera y madera.<\/p>\n<p>&nbsp;<\/p>\n<p><strong><u>Para la hora del recreo <\/u><\/strong>se evitar\u00e1n dulces, boller\u00edas, bolsas de fritos, siendo aconsejable fruta, yogurt, zumo o bocadillo, teniendo en cuenta que el martes se considera \u201cel d\u00eda de la fruta\u201d.<\/p>\n<p>&nbsp;<\/p>\n<p>Se ruega vayan trayendo el material y los libros lo antes posible. <strong><u>Les rogamos que tanto los libros como los materiales est\u00e9n en clase ANTES del 12 de SEPTIEMBRE<\/u><\/strong>, para poder empezar a trabajar con ellos. Por razones de higiene, les rogamos, que traigan los libros forrados y todos los libros y materiales con una pegatina donde aparezca su nombre y apellidos del ni\u00f1o\/a. Todo el material del curso anterior que est\u00e9 en buenas condiciones se podr\u00e1 reutilizar.<\/p>\n<p>&nbsp;<\/p>\n<p><u>L@s tutor@s de 6\u00ba de primaria<\/u><\/p>\n","protected":false},"excerpt":{"rendered":"<p>Lista material 6\u00ba Rio Piedras .E.I.P RIO PIEDRAS&nbsp;&nbsp;&nbsp;&nbsp;&nbsp;&nbsp;&nbsp;&nbsp;&nbsp;&nbsp;&nbsp;&nbsp;&nbsp;&nbsp;&nbsp;&nbsp;&nbsp;&nbsp;&nbsp;&nbsp;&nbsp;&nbsp;&nbsp;&nbsp;&nbsp;&nbsp;&nbsp;&nbsp;&nbsp;&nbsp;&nbsp;&nbsp;&nbsp;&nbsp; 6\u00ba PRIMARIA&nbsp;&nbsp;&nbsp;&nbsp;&nbsp;&nbsp;&nbsp;&nbsp;&nbsp;&nbsp;&nbsp;&nbsp;&nbsp;&nbsp;&nbsp;&nbsp;&nbsp;&nbsp;&nbsp;&nbsp;&nbsp;&nbsp;&nbsp;&nbsp;&nbsp;&nbsp;&nbsp;&nbsp;&nbsp;&nbsp;&nbsp; CURSO 2019\/2020 RELACI\u00d3N DE LIBROS Y MATERIAL DE 6\u00ba DE PRIMARIA Los libros deber\u00e1n cuidarse, ya que ser\u00e1n utilizados en cursos posteriores. En caso&#46;&#46;&#46;<\/p>\n","protected":false},"author":6438,"featured_media":0,"parent":0,"menu_order":0,"comment_status":"closed","ping_status":"closed","template":"","meta":{"ngg_post_thumbnail":0,"footnotes":"","_mc_calendar":[]},"aioseo_notices":[],"_links":{"self":[{"href":"https:\/\/blogsaverroes.juntadeandalucia.es\/ceipriopiedras\/wp-json\/wp\/v2\/pages\/2744"}],"collection":[{"href":"https:\/\/blogsaverroes.juntadeandalucia.es\/ceipriopiedras\/wp-json\/wp\/v2\/pages"}],"about":[{"href":"https:\/\/blogsaverroes.juntadeandalucia.es\/ceipriopiedras\/wp-json\/wp\/v2\/types\/page"}],"author":[{"embeddable":true,"href":"https:\/\/blogsaverroes.juntadeandalucia.es\/ceipriopiedras\/wp-json\/wp\/v2\/users\/6438"}],"replies":[{"embeddable":true,"href":"https:\/\/blogsaverroes.juntadeandalucia.es\/ceipriopiedras\/wp-json\/wp\/v2\/comments?post=2744"}],"version-history":[{"count":0,"href":"https:\/\/blogsaverroes.juntadeandalucia.es\/ceipriopiedras\/wp-json\/wp\/v2\/pages\/2744\/revisions"}],"wp:attachment":[{"href":"https:\/\/blogsaverroes.juntadeandalucia.es\/ceipriopiedras\/wp-json\/wp\/v2\/media?parent=2744"}],"curies":[{"name":"wp","href":"https:\/\/api.w.org\/{rel}","templated":true}]}}