{"id":3105,"date":"2020-12-14T15:51:01","date_gmt":"2020-12-14T15:51:01","guid":{"rendered":"https:\/\/blogsaverroes.juntadeandalucia.es\/ceipriopiedras\/?page_id=3105"},"modified":"2020-12-14T15:56:02","modified_gmt":"2020-12-14T15:56:02","slug":"3105-2","status":"publish","type":"page","link":"https:\/\/blogsaverroes.juntadeandalucia.es\/ceipriopiedras\/3105-2\/","title":{"rendered":"IPASEN"},"content":{"rendered":"<p class=\"CDt4Ke zfr3Q\" dir=\"ltr\">Durante el presente curso acad\u00e9mico, IPASEN ser\u00e1 una de las herramientas de comunicaci\u00f3n con padres, madres, tutores o representantes legales del alumnado que usar\u00e1 el Centro, por lo que es esencial disponer del usuario (no cambia en ning\u00fan momento) y contrase\u00f1a de acceso (s\u00ed puede cambiar).<\/p>\n<ul class=\"n8H08c UVNKR\">\n<li class=\"TYR86d zfr3Q\">\n<p class=\"CDt4Ke zfr3Q\" dir=\"ltr\">Justificar faltas y comunicar ausencias. No olvide adjuntar justificante escaneado o fotografiado.<\/p>\n<\/li>\n<li class=\"TYR86d zfr3Q\">\n<p class=\"CDt4Ke zfr3Q\" dir=\"ltr\">Ver las observaciones que se hace a los alumnos y alumnas.<\/p>\n<\/li>\n<li class=\"TYR86d zfr3Q\">\n<p class=\"CDt4Ke zfr3Q\" dir=\"ltr\">Consultar la unidad y tutor que se le ha asignado a cada alumno y alumna durante el presente curso acad\u00e9mico.<\/p>\n<\/li>\n<li class=\"TYR86d zfr3Q\">\n<p class=\"CDt4Ke zfr3Q\" dir=\"ltr\">Ver horario de cada alumno y alumna.<\/p>\n<\/li>\n<li class=\"TYR86d zfr3Q\">\n<p class=\"CDt4Ke zfr3Q\" dir=\"ltr\">Ver las materias de las que est\u00e1 matriculado cada alumno y alumna (incluidas las pendientes). Para ello dir\u00edjase en el men\u00fa de la aplicaci\u00f3n versi\u00f3n de ordenador <span class=\" aw5Odc\"><a class=\"XqQF9c\" href=\"https:\/\/www.google.com\/url?q=https%3A%2F%2Fwww.juntadeandalucia.es%2Feducacion%2Fportalseneca%2Fweb%2Fpasen%2Finicio&amp;sa=D&amp;sntz=1&amp;usg=AFQjCNF6gW6Zt8mgx8kYSAHBHVhcnBZwRQ\" target=\"_blank\" rel=\"noopener noreferrer\"><strong>PASEN<\/strong><\/a><\/span> (No IPASEN) a Seguimiento del Curso-&gt;Trayectoria Escolar.<\/p>\n<\/li>\n<li class=\"TYR86d zfr3Q\">\n<p class=\"CDt4Ke zfr3Q\" dir=\"ltr\">Ver las comunicaciones del Centro y de los Profesores y Profesoras.<\/p>\n<\/li>\n<li class=\"TYR86d zfr3Q\">\n<p class=\"CDt4Ke zfr3Q\" dir=\"ltr\">Autorizar la asistencia a actividades extraescolares.<\/p>\n<\/li>\n<\/ul>\n","protected":false},"excerpt":{"rendered":"<p>Durante el presente curso acad\u00e9mico, IPASEN ser\u00e1 una de las herramientas de comunicaci\u00f3n con padres, madres, tutores o representantes legales del alumnado que usar\u00e1 el Centro, por lo que es esencial disponer del usuario&#46;&#46;&#46;<\/p>\n","protected":false},"author":6438,"featured_media":0,"parent":0,"menu_order":0,"comment_status":"closed","ping_status":"closed","template":"","meta":{"ngg_post_thumbnail":0,"footnotes":"","_mc_calendar":[]},"aioseo_notices":[],"_links":{"self":[{"href":"https:\/\/blogsaverroes.juntadeandalucia.es\/ceipriopiedras\/wp-json\/wp\/v2\/pages\/3105"}],"collection":[{"href":"https:\/\/blogsaverroes.juntadeandalucia.es\/ceipriopiedras\/wp-json\/wp\/v2\/pages"}],"about":[{"href":"https:\/\/blogsaverroes.juntadeandalucia.es\/ceipriopiedras\/wp-json\/wp\/v2\/types\/page"}],"author":[{"embeddable":true,"href":"https:\/\/blogsaverroes.juntadeandalucia.es\/ceipriopiedras\/wp-json\/wp\/v2\/users\/6438"}],"replies":[{"embeddable":true,"href":"https:\/\/blogsaverroes.juntadeandalucia.es\/ceipriopiedras\/wp-json\/wp\/v2\/comments?post=3105"}],"version-history":[{"count":0,"href":"https:\/\/blogsaverroes.juntadeandalucia.es\/ceipriopiedras\/wp-json\/wp\/v2\/pages\/3105\/revisions"}],"wp:attachment":[{"href":"https:\/\/blogsaverroes.juntadeandalucia.es\/ceipriopiedras\/wp-json\/wp\/v2\/media?parent=3105"}],"curies":[{"name":"wp","href":"https:\/\/api.w.org\/{rel}","templated":true}]}}