{"id":330,"date":"2015-03-18T07:11:43","date_gmt":"2015-03-18T07:11:43","guid":{"rendered":"http:\/\/blogsaverroes.juntadeandalucia.es\/pre\/ceip\/?page_id=330"},"modified":"2025-10-26T12:33:27","modified_gmt":"2025-10-26T12:33:27","slug":"bibliop","status":"publish","type":"page","link":"https:\/\/blogsaverroes.juntadeandalucia.es\/ceipriopiedras\/biblioteca\/bibliop\/","title":{"rendered":"BIBLIOWEB CEIP R\u00cdO PIEDRAS"},"content":{"rendered":"<p><a href=\"https:\/\/blogsaverroes.juntadeandalucia.es\/ceipriopiedras\/files\/2025\/10\/Logo-biblioteca.jpeg\"><img loading=\"lazy\" decoding=\"async\" class=\"aligncenter size-medium wp-image-4763\" src=\"https:\/\/blogsaverroes.juntadeandalucia.es\/ceipriopiedras\/files\/2025\/10\/Logo-biblioteca-300x300.jpeg\" alt=\"\" width=\"300\" height=\"300\" srcset=\"https:\/\/blogsaverroes.juntadeandalucia.es\/ceipriopiedras\/files\/2025\/10\/Logo-biblioteca-300x300.jpeg 300w, https:\/\/blogsaverroes.juntadeandalucia.es\/ceipriopiedras\/files\/2025\/10\/Logo-biblioteca-150x150.jpeg 150w, https:\/\/blogsaverroes.juntadeandalucia.es\/ceipriopiedras\/files\/2025\/10\/Logo-biblioteca-768x768.jpeg 768w, https:\/\/blogsaverroes.juntadeandalucia.es\/ceipriopiedras\/files\/2025\/10\/Logo-biblioteca-80x80.jpeg 80w, https:\/\/blogsaverroes.juntadeandalucia.es\/ceipriopiedras\/files\/2025\/10\/Logo-biblioteca-320x320.jpeg 320w, https:\/\/blogsaverroes.juntadeandalucia.es\/ceipriopiedras\/files\/2025\/10\/Logo-biblioteca.jpeg 1024w\" sizes=\"(max-width: 300px) 100vw, 300px\" \/><\/a><\/p>\n<p>Esta subsecci\u00f3n de la Biblioteca podr\u00eda contener informaci\u00f3n m\u00e1s detallada sobre los recursos ofertados por la biblioteca.<\/p>\n<p style=\"text-align: center\"><a href=\"https:\/\/seneca.juntadeandalucia.es\/seneca\/biblioweb\/portal\/21600726\">https:\/\/seneca.juntadeandalucia.es\/seneca\/biblioweb\/portal\/21600726<\/a><\/p>\n","protected":false},"excerpt":{"rendered":"<p>Esta subsecci\u00f3n de la Biblioteca podr\u00eda contener informaci\u00f3n m\u00e1s detallada sobre los recursos ofertados por la biblioteca. https:\/\/seneca.juntadeandalucia.es\/seneca\/biblioweb\/portal\/21600726<\/p>\n","protected":false},"author":1,"featured_media":0,"parent":113,"menu_order":0,"comment_status":"closed","ping_status":"open","template":"","meta":{"ngg_post_thumbnail":0,"footnotes":"","_mc_calendar":[]},"aioseo_notices":[],"_links":{"self":[{"href":"https:\/\/blogsaverroes.juntadeandalucia.es\/ceipriopiedras\/wp-json\/wp\/v2\/pages\/330"}],"collection":[{"href":"https:\/\/blogsaverroes.juntadeandalucia.es\/ceipriopiedras\/wp-json\/wp\/v2\/pages"}],"about":[{"href":"https:\/\/blogsaverroes.juntadeandalucia.es\/ceipriopiedras\/wp-json\/wp\/v2\/types\/page"}],"author":[{"embeddable":true,"href":"https:\/\/blogsaverroes.juntadeandalucia.es\/ceipriopiedras\/wp-json\/wp\/v2\/users\/1"}],"replies":[{"embeddable":true,"href":"https:\/\/blogsaverroes.juntadeandalucia.es\/ceipriopiedras\/wp-json\/wp\/v2\/comments?post=330"}],"version-history":[{"count":3,"href":"https:\/\/blogsaverroes.juntadeandalucia.es\/ceipriopiedras\/wp-json\/wp\/v2\/pages\/330\/revisions"}],"predecessor-version":[{"id":4765,"href":"https:\/\/blogsaverroes.juntadeandalucia.es\/ceipriopiedras\/wp-json\/wp\/v2\/pages\/330\/revisions\/4765"}],"up":[{"embeddable":true,"href":"https:\/\/blogsaverroes.juntadeandalucia.es\/ceipriopiedras\/wp-json\/wp\/v2\/pages\/113"}],"wp:attachment":[{"href":"https:\/\/blogsaverroes.juntadeandalucia.es\/ceipriopiedras\/wp-json\/wp\/v2\/media?parent=330"}],"curies":[{"name":"wp","href":"https:\/\/api.w.org\/{rel}","templated":true}]}}