{"id":35,"date":"2015-03-13T08:21:43","date_gmt":"2015-03-13T08:21:43","guid":{"rendered":"http:\/\/blogsaverroes.juntadeandalucia.es\/pre\/ceip\/?page_id=35"},"modified":"2024-09-11T11:01:48","modified_gmt":"2024-09-11T11:01:48","slug":"el-centro-2","status":"publish","type":"page","link":"https:\/\/blogsaverroes.juntadeandalucia.es\/ceipriopiedras\/el-centro-2\/","title":{"rendered":"Datos del centro"},"content":{"rendered":"[googlemaps https:\/\/www.google.com\/maps\/embed?pb=!1m14!1m8!1m3!1d12702.59546690298!2d-7.209763127252786!3d37.25603769423726!3m2!1i1024!2i768!4f13.1!3m3!1m2!1s0xd1031e779c45ee3%3A0x211d8931c4fc0cea!2sColegio+P%C3%BAblico+R%C3%ADo+Piedras!5e0!3m2!1ses!2ses!4v1537023328181&amp;w=600&amp;h=450]\n<h4><strong>Datos de contacto<\/strong><\/h4>\n<p>CEIP R\u00cdO PIEDRAS<\/p>\n<p><strong>Direcci\u00f3n:<\/strong>&nbsp;Calle Hermanos Pinz\u00f3n, 21440 Lepe, Huelva<\/p>\n<p><strong>Tel\u00e9fono \/ FAX: <span class=\"GRkHZd w8qArf\">&nbsp;<\/span><span class=\"LrzXr zdqRlf kno-fv\"><a href=\"https:\/\/www.google.com\/search?q=CEIP+RIO+PIEDRAS&amp;rlz=1C1CHBF_esES903ES903&amp;oq=CEIP+RIO+PIEDRAS&amp;aqs=chrome..69i57j69i60j69i61j69i60.5639j0j4&amp;sourceid=chrome&amp;ie=UTF-8#\" data-dtype=\"d3ifr\" data-local-attribute=\"d3ph\" data-ved=\"2ahUKEwjchoO93ZvvAhUN4OAKHby-BKMQkAgoADATegQIEhAD\"><span role=\"link\" aria-label=\"Llamar al n\u00famero de tel\u00e9fono 959 48 96 18\">959 48 96 16<\/span><\/a><\/span><\/strong><br \/>\n<strong>Email:<\/strong> 21600726.edu@juntadeandalucia.es<\/p>\n<h4><strong>Horarios:&nbsp;<\/strong><\/h4>\n<h4><em><strong>Aula matinal<\/strong><\/em>: El aula matinal abre desde las 7:30 hasta 9:00h que empieza la jornada lectiva.<\/h4>\n<h4><strong><em>La jornada escolar<\/em><\/strong>: Dicha jornada tiene un horario lectivo de 5 horas cada d\u00eda en horario de 9:00 a 14:00 h.<\/h4>\n<h4><strong><em>Comedor escolar<\/em>: <\/strong>Comienza el servicio sobre las 14:00h hasta las 15:30h.<\/h4>\n<h4><strong>Oferta educativa<\/strong><\/h4>\n<p>&nbsp;<\/p>\n<h4>Instalaciones<\/h4>\n<p><!-- default-view.php -->\n<div\n\tclass=\"ngg-galleryoverview default-view\n\t ngg-ajax-pagination-none\t\"\n\tid=\"ngg-gallery-7bd57b0a1e84a07a972d91eb4118437e-1\">\n\n\t\t<!-- Thumbnails -->\n\t\t\t\t<div id=\"ngg-image-0\" class=\"ngg-gallery-thumbnail-box\n\t\t\t\t\t\t\t\t\t\t\t\"\n\t\t\t>\n\t\t\t\t\t\t<div class=\"ngg-gallery-thumbnail\">\n\t\t\t<a href=\"https:\/\/blogsaverroes.juntadeandalucia.es\/ceipriopiedras\/wp-content\/uploads\/sites\/792\/nggallery\/instalaciones\/instalacion01.jpg\"\n\t\t\t\ttitle=\"\"\n\t\t\t\tdata-src=\"https:\/\/blogsaverroes.juntadeandalucia.es\/ceipriopiedras\/wp-content\/uploads\/sites\/792\/nggallery\/instalaciones\/instalacion01.jpg\"\n\t\t\t\tdata-thumbnail=\"https:\/\/blogsaverroes.juntadeandalucia.es\/ceipriopiedras\/wp-content\/uploads\/sites\/792\/nggallery\/instalaciones\/thumbs\/thumbs_instalacion01.jpg\"\n\t\t\t\tdata-image-id=\"25\"\n\t\t\t\tdata-title=\"instalacion01\"\n\t\t\t\tdata-description=\"\"\n\t\t\t\tdata-image-slug=\"instalacion01\"\n\t\t\t\tclass=\"ngg-fancybox\" rel=\"7bd57b0a1e84a07a972d91eb4118437e\">\n\t\t\t\t<img\n\t\t\t\t\ttitle=\"instalacion01\"\n\t\t\t\t\talt=\"instalacion01\"\n\t\t\t\t\tsrc=\"https:\/\/blogsaverroes.juntadeandalucia.es\/ceipriopiedras\/wp-content\/uploads\/sites\/792\/nggallery\/instalaciones\/thumbs\/thumbs_instalacion01.jpg\"\n\t\t\t\t\twidth=\"120\"\n\t\t\t\t\theight=\"90\"\n\t\t\t\t\tstyle=\"max-width:100%;\"\n\t\t\t\t\/>\n\t\t\t<\/a>\n\t\t<\/div>\n\t\t\t\t\t\t\t<\/div>\n\t\t\t\n\t\t\t\t<div id=\"ngg-image-1\" class=\"ngg-gallery-thumbnail-box\n\t\t\t\t\t\t\t\t\t\t\t\"\n\t\t\t>\n\t\t\t\t\t\t<div class=\"ngg-gallery-thumbnail\">\n\t\t\t<a href=\"https:\/\/blogsaverroes.juntadeandalucia.es\/ceipriopiedras\/wp-content\/uploads\/sites\/792\/nggallery\/instalaciones\/instalacion02.jpg\"\n\t\t\t\ttitle=\"\"\n\t\t\t\tdata-src=\"https:\/\/blogsaverroes.juntadeandalucia.es\/ceipriopiedras\/wp-content\/uploads\/sites\/792\/nggallery\/instalaciones\/instalacion02.jpg\"\n\t\t\t\tdata-thumbnail=\"https:\/\/blogsaverroes.juntadeandalucia.es\/ceipriopiedras\/wp-content\/uploads\/sites\/792\/nggallery\/instalaciones\/thumbs\/thumbs_instalacion02.jpg\"\n\t\t\t\tdata-image-id=\"26\"\n\t\t\t\tdata-title=\"instalacion02\"\n\t\t\t\tdata-description=\"\"\n\t\t\t\tdata-image-slug=\"instalacion02\"\n\t\t\t\tclass=\"ngg-fancybox\" rel=\"7bd57b0a1e84a07a972d91eb4118437e\">\n\t\t\t\t<img\n\t\t\t\t\ttitle=\"instalacion02\"\n\t\t\t\t\talt=\"instalacion02\"\n\t\t\t\t\tsrc=\"https:\/\/blogsaverroes.juntadeandalucia.es\/ceipriopiedras\/wp-content\/uploads\/sites\/792\/nggallery\/instalaciones\/thumbs\/thumbs_instalacion02.jpg\"\n\t\t\t\t\twidth=\"120\"\n\t\t\t\t\theight=\"90\"\n\t\t\t\t\tstyle=\"max-width:100%;\"\n\t\t\t\t\/>\n\t\t\t<\/a>\n\t\t<\/div>\n\t\t\t\t\t\t\t<\/div>\n\t\t\t\n\t\t\t\t<div id=\"ngg-image-2\" class=\"ngg-gallery-thumbnail-box\n\t\t\t\t\t\t\t\t\t\t\t\"\n\t\t\t>\n\t\t\t\t\t\t<div class=\"ngg-gallery-thumbnail\">\n\t\t\t<a href=\"https:\/\/blogsaverroes.juntadeandalucia.es\/ceipriopiedras\/wp-content\/uploads\/sites\/792\/nggallery\/instalaciones\/instalacion03.jpg\"\n\t\t\t\ttitle=\"\"\n\t\t\t\tdata-src=\"https:\/\/blogsaverroes.juntadeandalucia.es\/ceipriopiedras\/wp-content\/uploads\/sites\/792\/nggallery\/instalaciones\/instalacion03.jpg\"\n\t\t\t\tdata-thumbnail=\"https:\/\/blogsaverroes.juntadeandalucia.es\/ceipriopiedras\/wp-content\/uploads\/sites\/792\/nggallery\/instalaciones\/thumbs\/thumbs_instalacion03.jpg\"\n\t\t\t\tdata-image-id=\"27\"\n\t\t\t\tdata-title=\"instalacion03\"\n\t\t\t\tdata-description=\"\"\n\t\t\t\tdata-image-slug=\"instalacion03\"\n\t\t\t\tclass=\"ngg-fancybox\" rel=\"7bd57b0a1e84a07a972d91eb4118437e\">\n\t\t\t\t<img\n\t\t\t\t\ttitle=\"instalacion03\"\n\t\t\t\t\talt=\"instalacion03\"\n\t\t\t\t\tsrc=\"https:\/\/blogsaverroes.juntadeandalucia.es\/ceipriopiedras\/wp-content\/uploads\/sites\/792\/nggallery\/instalaciones\/thumbs\/thumbs_instalacion03.jpg\"\n\t\t\t\t\twidth=\"120\"\n\t\t\t\t\theight=\"90\"\n\t\t\t\t\tstyle=\"max-width:100%;\"\n\t\t\t\t\/>\n\t\t\t<\/a>\n\t\t<\/div>\n\t\t\t\t\t\t\t<\/div>\n\t\t\t\n\t\t\t\t<div id=\"ngg-image-3\" class=\"ngg-gallery-thumbnail-box\n\t\t\t\t\t\t\t\t\t\t\t\"\n\t\t\t>\n\t\t\t\t\t\t<div class=\"ngg-gallery-thumbnail\">\n\t\t\t<a href=\"https:\/\/blogsaverroes.juntadeandalucia.es\/ceipriopiedras\/wp-content\/uploads\/sites\/792\/nggallery\/instalaciones\/instalacion04.jpg\"\n\t\t\t\ttitle=\"\"\n\t\t\t\tdata-src=\"https:\/\/blogsaverroes.juntadeandalucia.es\/ceipriopiedras\/wp-content\/uploads\/sites\/792\/nggallery\/instalaciones\/instalacion04.jpg\"\n\t\t\t\tdata-thumbnail=\"https:\/\/blogsaverroes.juntadeandalucia.es\/ceipriopiedras\/wp-content\/uploads\/sites\/792\/nggallery\/instalaciones\/thumbs\/thumbs_instalacion04.jpg\"\n\t\t\t\tdata-image-id=\"28\"\n\t\t\t\tdata-title=\"instalacion04\"\n\t\t\t\tdata-description=\"\"\n\t\t\t\tdata-image-slug=\"instalacion04\"\n\t\t\t\tclass=\"ngg-fancybox\" rel=\"7bd57b0a1e84a07a972d91eb4118437e\">\n\t\t\t\t<img\n\t\t\t\t\ttitle=\"instalacion04\"\n\t\t\t\t\talt=\"instalacion04\"\n\t\t\t\t\tsrc=\"https:\/\/blogsaverroes.juntadeandalucia.es\/ceipriopiedras\/wp-content\/uploads\/sites\/792\/nggallery\/instalaciones\/thumbs\/thumbs_instalacion04.jpg\"\n\t\t\t\t\twidth=\"120\"\n\t\t\t\t\theight=\"90\"\n\t\t\t\t\tstyle=\"max-width:100%;\"\n\t\t\t\t\/>\n\t\t\t<\/a>\n\t\t<\/div>\n\t\t\t\t\t\t\t<\/div>\n\t\t\t\n\t\n\t<br style=\"clear: both\" \/>\n\n\t\t<div class=\"slideshowlink\">\n\t\t<a href='https:\/\/blogsaverroes.juntadeandalucia.es\/ceipriopiedras\/el-centro-2\/nggallery\/slideshow'>[Mostrar presentaci\u00f3n de diapositivas]<\/a>\n\n\t<\/div>\n\t\n\t\t<!-- Pagination -->\n\t\t<div class='ngg-clear'><\/div>\t<\/div>\n<\/p>\n","protected":false},"excerpt":{"rendered":"<p>[googlemaps https:\/\/www.google.com\/maps\/embed?pb=!1m14!1m8!1m3!1d12702.59546690298!2d-7.209763127252786!3d37.25603769423726!3m2!1i1024!2i768!4f13.1!3m3!1m2!1s0xd1031e779c45ee3%3A0x211d8931c4fc0cea!2sColegio+P%C3%BAblico+R%C3%ADo+Piedras!5e0!3m2!1ses!2ses!4v1537023328181&amp;w=600&amp;h=450] Datos de contacto CEIP R\u00cdO PIEDRAS Direcci\u00f3n:&nbsp;Calle Hermanos Pinz\u00f3n, 21440 Lepe, Huelva Tel\u00e9fono \/ FAX: &nbsp;959 48 96 16 Email: 21600726.edu@juntadeandalucia.es Horarios:&nbsp; Aula matinal: El aula matinal abre desde las 7:30 hasta&#46;&#46;&#46;<\/p>\n","protected":false},"author":1,"featured_media":0,"parent":0,"menu_order":0,"comment_status":"closed","ping_status":"open","template":"","meta":{"ngg_post_thumbnail":0,"footnotes":"","_mc_calendar":[]},"aioseo_notices":[],"_links":{"self":[{"href":"https:\/\/blogsaverroes.juntadeandalucia.es\/ceipriopiedras\/wp-json\/wp\/v2\/pages\/35"}],"collection":[{"href":"https:\/\/blogsaverroes.juntadeandalucia.es\/ceipriopiedras\/wp-json\/wp\/v2\/pages"}],"about":[{"href":"https:\/\/blogsaverroes.juntadeandalucia.es\/ceipriopiedras\/wp-json\/wp\/v2\/types\/page"}],"author":[{"embeddable":true,"href":"https:\/\/blogsaverroes.juntadeandalucia.es\/ceipriopiedras\/wp-json\/wp\/v2\/users\/1"}],"replies":[{"embeddable":true,"href":"https:\/\/blogsaverroes.juntadeandalucia.es\/ceipriopiedras\/wp-json\/wp\/v2\/comments?post=35"}],"version-history":[{"count":2,"href":"https:\/\/blogsaverroes.juntadeandalucia.es\/ceipriopiedras\/wp-json\/wp\/v2\/pages\/35\/revisions"}],"predecessor-version":[{"id":4626,"href":"https:\/\/blogsaverroes.juntadeandalucia.es\/ceipriopiedras\/wp-json\/wp\/v2\/pages\/35\/revisions\/4626"}],"wp:attachment":[{"href":"https:\/\/blogsaverroes.juntadeandalucia.es\/ceipriopiedras\/wp-json\/wp\/v2\/media?parent=35"}],"curies":[{"name":"wp","href":"https:\/\/api.w.org\/{rel}","templated":true}]}}