{"id":44,"date":"2018-11-01T08:42:15","date_gmt":"2018-11-01T08:42:15","guid":{"rendered":"http:\/\/blogsaverroes.juntadeandalucia.es\/pre\/ceip\/?page_id=44"},"modified":"2025-11-04T11:01:49","modified_gmt":"2025-11-04T11:01:49","slug":"planes-y-proyectos","status":"publish","type":"page","link":"https:\/\/blogsaverroes.juntadeandalucia.es\/ceipriopiedras\/planes-y-proyectos\/","title":{"rendered":"Planes y Programas"},"content":{"rendered":"<p><a href=\"https:\/\/blogsaverroes.juntadeandalucia.es\/ceipriopiedras\/files\/2025\/11\/ChatGPT-Image-4-nov-2025-11_58_26.png\"><img loading=\"lazy\" decoding=\"async\" class=\"aligncenter size-medium wp-image-4767\" src=\"https:\/\/blogsaverroes.juntadeandalucia.es\/ceipriopiedras\/files\/2025\/11\/ChatGPT-Image-4-nov-2025-11_58_26-200x300.png\" alt=\"\" width=\"200\" height=\"300\" srcset=\"https:\/\/blogsaverroes.juntadeandalucia.es\/ceipriopiedras\/files\/2025\/11\/ChatGPT-Image-4-nov-2025-11_58_26-200x300.png 200w, https:\/\/blogsaverroes.juntadeandalucia.es\/ceipriopiedras\/files\/2025\/11\/ChatGPT-Image-4-nov-2025-11_58_26-683x1024.png 683w, https:\/\/blogsaverroes.juntadeandalucia.es\/ceipriopiedras\/files\/2025\/11\/ChatGPT-Image-4-nov-2025-11_58_26-768x1152.png 768w, https:\/\/blogsaverroes.juntadeandalucia.es\/ceipriopiedras\/files\/2025\/11\/ChatGPT-Image-4-nov-2025-11_58_26.png 1024w\" sizes=\"(max-width: 200px) 100vw, 200px\" \/><\/a><\/p>\n<p>A continuaci\u00f3n se detallan los distintos Planes, Programas y Proyectos de Innovaci\u00f3n Educativa en los que participaremos durante el curso 2025-2026, as\u00ed como los responsables de sus coordinaciones:<\/p>\n<p>\u2022 Proyectos centros TDE. C\u00d3DIGO ESCUELA 4.0 D. Francisco Javier P\u00e9rez L\u00f3pez.<\/p>\n<p>\u2022 Bibliotecas Escolares. D\u00f1a. F\u00e1tima Gonz\u00e1lez M\u00e9ndez<\/p>\n<p><strong>Equipo de Biblioteca:<\/strong><br \/>\n&#8211; D\u00f1a. Nazareth Romero Gracia.<br \/>\n&#8211; D. Jos\u00e9 M\u00aa Rodr\u00edguez Rodr\u00edguez<br \/>\n&#8211; D\u00f1a. Juana M\u00aa Morgado Orta<\/p>\n<p>\u2022 Plan de Salud laboral y PRL. D\u00f1a. Bego\u00f1a L\u00f3pez L\u00f3pez.<\/p>\n<p>\u2022 Plan de Apertura de centros docentes. D\u00f1a. Bego\u00f1a L\u00f3pez L\u00f3pez<br \/>\nL\u00f3pez.<\/p>\n<p>\u2022 Plan de Igualdad entre hombres y mujeres en la educaci\u00f3n. D\u00f1a. Bel\u00e9n G\u00f3mez Mac\u00edas.<\/p>\n<p>\u2022 Red Andaluza Escuela \u201cEspacio de Paz\u201d. D\u00f1a. Rosa M\u00aa Acosta Sequedo<\/p>\n<p>\u2022 Escuelas Deportivas. D. Mario Huertado V\u00e1zquez<\/p>\n<p>\u2022 PROGRAMA ESCUELA STEAM 4.0 Nazareth Romero Gracia<\/p>\n<p>&nbsp;\u2022 Creciendo en Salud. D. M\u00aa Jos\u00e9 \u00c1lvarez Su\u00e1rez.<\/p>\n<p>\u2022 PROA (participantes). Coordinaci\u00f3n D. Dar\u00edo Gomes Guerreiro<\/p>\n<p>&#8211; D\u00f1a. Marisa Rodr\u00edguez Rodr\u00edguez&nbsp; &nbsp; &nbsp; &nbsp; &nbsp; &nbsp; &nbsp; &nbsp; &nbsp; &nbsp; &nbsp; &nbsp; &nbsp; &nbsp; &nbsp; &nbsp; &nbsp; &nbsp; &nbsp; &nbsp; &nbsp; &nbsp; &nbsp; &nbsp; &nbsp; &nbsp; &nbsp; &nbsp; &nbsp; &nbsp; &nbsp; &nbsp; &nbsp; &nbsp; &nbsp; &nbsp; &nbsp; &nbsp; &nbsp; &nbsp; &nbsp; &nbsp; &nbsp; &nbsp; &nbsp; &nbsp; &nbsp; &nbsp; &nbsp; &nbsp; &nbsp; &nbsp; &nbsp; &nbsp; &nbsp; &nbsp; &nbsp; &nbsp; &nbsp; &nbsp; &nbsp; &nbsp; &nbsp; &nbsp; &nbsp; &nbsp; &nbsp; &nbsp; &nbsp; &nbsp; &nbsp; &nbsp; &nbsp; &nbsp; &nbsp; &nbsp; &nbsp; &nbsp; &nbsp; &nbsp; &nbsp; &nbsp; &nbsp; &nbsp; &nbsp; &nbsp; &nbsp; &nbsp; &nbsp; &nbsp; &nbsp; &nbsp; &nbsp; &nbsp; &nbsp; &nbsp; &nbsp; &nbsp; &nbsp; &nbsp; &nbsp; &nbsp; &nbsp; &nbsp; &nbsp; &nbsp; &nbsp; &nbsp; &nbsp; &nbsp; &nbsp; &nbsp; &nbsp; &nbsp; &nbsp; &nbsp;<\/p>\n<p>&nbsp;&#8211; D\u00f1a. M\u00aa &#8212; &#8211; Bego\u00f1a L\u00f3pez L\u00f3pez&nbsp; &nbsp; &nbsp; &nbsp; &nbsp; &nbsp; &nbsp; &nbsp; &nbsp; &nbsp; &nbsp; &nbsp; &nbsp; &nbsp; &nbsp; &nbsp; &nbsp; &nbsp; &nbsp; &nbsp; &nbsp; &nbsp; &nbsp; &nbsp; &nbsp; &nbsp; &nbsp; &nbsp; &nbsp; &nbsp; &nbsp; &nbsp; &nbsp; &nbsp; &nbsp; &nbsp; &nbsp; &nbsp; &nbsp; &nbsp; &nbsp; &nbsp; &nbsp; &nbsp; &nbsp; &nbsp; &nbsp; &nbsp; &nbsp; &nbsp; &nbsp; &nbsp; &nbsp; &nbsp; &nbsp; &nbsp; &nbsp;<\/p>\n<p>&#8211; D\u00f1a. Mar\u00eda Isabel Tenorio Delgado.<\/p>\n","protected":false},"excerpt":{"rendered":"<p>A continuaci\u00f3n se detallan los distintos Planes, Programas y Proyectos de Innovaci\u00f3n Educativa en los que participaremos durante el curso 2025-2026, as\u00ed como los responsables de sus coordinaciones: \u2022 Proyectos centros TDE. C\u00d3DIGO ESCUELA&#46;&#46;&#46;<\/p>\n","protected":false},"author":1,"featured_media":0,"parent":0,"menu_order":0,"comment_status":"closed","ping_status":"closed","template":"","meta":{"ngg_post_thumbnail":0,"footnotes":"","_mc_calendar":[]},"aioseo_notices":[],"_links":{"self":[{"href":"https:\/\/blogsaverroes.juntadeandalucia.es\/ceipriopiedras\/wp-json\/wp\/v2\/pages\/44"}],"collection":[{"href":"https:\/\/blogsaverroes.juntadeandalucia.es\/ceipriopiedras\/wp-json\/wp\/v2\/pages"}],"about":[{"href":"https:\/\/blogsaverroes.juntadeandalucia.es\/ceipriopiedras\/wp-json\/wp\/v2\/types\/page"}],"author":[{"embeddable":true,"href":"https:\/\/blogsaverroes.juntadeandalucia.es\/ceipriopiedras\/wp-json\/wp\/v2\/users\/1"}],"replies":[{"embeddable":true,"href":"https:\/\/blogsaverroes.juntadeandalucia.es\/ceipriopiedras\/wp-json\/wp\/v2\/comments?post=44"}],"version-history":[{"count":6,"href":"https:\/\/blogsaverroes.juntadeandalucia.es\/ceipriopiedras\/wp-json\/wp\/v2\/pages\/44\/revisions"}],"predecessor-version":[{"id":4769,"href":"https:\/\/blogsaverroes.juntadeandalucia.es\/ceipriopiedras\/wp-json\/wp\/v2\/pages\/44\/revisions\/4769"}],"wp:attachment":[{"href":"https:\/\/blogsaverroes.juntadeandalucia.es\/ceipriopiedras\/wp-json\/wp\/v2\/media?parent=44"}],"curies":[{"name":"wp","href":"https:\/\/api.w.org\/{rel}","templated":true}]}}