{"id":49,"date":"2023-06-01T08:47:05","date_gmt":"2023-06-01T08:47:05","guid":{"rendered":"http:\/\/blogsaverroes.juntadeandalucia.es\/pre\/ceip\/?page_id=49"},"modified":"2024-09-12T12:13:46","modified_gmt":"2024-09-12T12:13:46","slug":"proyecto-educativo","status":"publish","type":"page","link":"https:\/\/blogsaverroes.juntadeandalucia.es\/ceipriopiedras\/proyecto-educativo\/","title":{"rendered":"Proyecto Educativo y Proyecto de Direcci\u00f3n"},"content":{"rendered":"<p>&nbsp;Un centro se define en gran medida por su <strong>Proyecto Educativo<\/strong>. Pinchando en los siguientes archivos tienen acceso a nuestros documentos actualizados.&nbsp;<\/p>\n<p style=\"text-align: center\"><a href=\"https:\/\/view.genially.com\/665dd0f12fa4ff0014a25ee3\/horizontal-infographic-diagrams-proyecto-educativo-rio-piedras-23-24\">PROYECTO DE CENTRO R\u00cdO PIEDRAS 23-24&nbsp;<\/a><\/p>\n<p style=\"text-align: center\"><a href=\"https:\/\/docs.google.com\/document\/d\/1MKYtGG6y_8ovkusoVc15kRvuXXn2vXW_GSLGBoNDqow\/edit?usp=sharing\">R.O.F 23-24<\/a><\/p>\n<p style=\"text-align: center\"><a href=\"https:\/\/docs.google.com\/document\/d\/1HU_UI88zCDUifdzcqsZQlZn8olsR6bKx0X3NN3mpXpg\/edit?usp=sharing\">PROYECTO DE GESTI\u00d3N<\/a><\/p>\n<p style=\"text-align: center\"><a href=\"https:\/\/blogsaverroes.juntadeandalucia.es\/ceipriopiedras\/files\/2022\/05\/Proyecto-Direccion-Bego\u00f1a-L\u00f3pez-L\u00f3pez-DEF.-1.pdf\">Proyecto Direcci\u00f3n<\/a>&nbsp;<\/p>\n<div style=\"width: 100%\">\n<div style=\"position: relative;padding-bottom: 56.25%;padding-top: 0;height: 0\">&nbsp; &nbsp; &nbsp; &nbsp; &nbsp; &nbsp; &nbsp; &nbsp; &nbsp; &nbsp; &nbsp; <iframe loading=\"lazy\" src=\"https:\/\/view.genially.com\/665dd0f12fa4ff0014a25ee3\" width=\"504\" height=\"425\" frameborder=\"0\" scrolling=\"yes\"><\/iframe>&nbsp; &nbsp; &nbsp;&nbsp;<\/div>\n<\/div>\n<div style=\"width: 100%\">\n<div style=\"position: relative;padding-bottom: 56.25%;padding-top: 0;height: 0\">&nbsp;<\/div>\n<\/div>\n<div style=\"width: 100%\">\n<div style=\"position: relative;padding-bottom: 56.25%;padding-top: 0;height: 0\">&nbsp;<\/div>\n<\/div>\n<div style=\"width: 100%\">\n<div style=\"position: relative;padding-bottom: 56.25%;padding-top: 0;height: 0\">&nbsp; &nbsp; &nbsp; &nbsp; &nbsp; &nbsp; &nbsp; &nbsp; &nbsp; &nbsp;<\/div>\n<\/div>\n<div style=\"width: 100%\">\n<div style=\"position: relative;padding-bottom: 56.25%;padding-top: 0;height: 0\">&nbsp; &nbsp; &nbsp; &nbsp; &nbsp;&nbsp;<\/div>\n<\/div>\n<div style=\"width: 100%\">\n<div style=\"position: relative;padding-bottom: 56.25%;padding-top: 0;height: 0\">&nbsp; &nbsp; &nbsp;&nbsp;<\/div>\n<\/div>\n<div style=\"width: 100%\">\n<div style=\"position: relative;padding-bottom: 56.25%;padding-top: 0;height: 0\">&nbsp; &nbsp; &nbsp; &nbsp; &nbsp; &nbsp; &nbsp; &nbsp; &nbsp; &nbsp; &nbsp; &nbsp; &nbsp;&nbsp;<\/div>\n<\/div>\n<div style=\"width: 100%\">\n<div style=\"position: relative;padding-bottom: 56.25%;padding-top: 0px;height: 0px;text-align: center\">&nbsp; &nbsp; &nbsp; &nbsp; &nbsp; &nbsp; &nbsp; &nbsp; &nbsp; &nbsp; &nbsp; &nbsp; &nbsp; &nbsp;&nbsp;<\/div>\n<\/div>\n<div style=\"width: 100%\">\n<div style=\"position: relative;padding-bottom: 56.25%;padding-top: 0;height: 0\">\n<div style=\"width: 100%\">\n<div style=\"position: relative;padding-bottom: 56.25%;padding-top: 0;height: 0\">&nbsp;<\/div>\n<\/div>\n<\/div>\n<\/div>\n<p style=\"text-align: center\">&nbsp;<\/p>\n<p style=\"text-align: center\">&nbsp;<\/p>\n","protected":false},"excerpt":{"rendered":"<p>&nbsp;Un centro se define en gran medida por su Proyecto Educativo. Pinchando en los siguientes archivos tienen acceso a nuestros documentos actualizados.&nbsp; PROYECTO DE CENTRO R\u00cdO PIEDRAS 23-24&nbsp; R.O.F 23-24 PROYECTO DE GESTI\u00d3N Proyecto&#46;&#46;&#46;<\/p>\n","protected":false},"author":1,"featured_media":0,"parent":0,"menu_order":0,"comment_status":"closed","ping_status":"open","template":"","meta":{"ngg_post_thumbnail":0,"footnotes":"","_mc_calendar":[]},"aioseo_notices":[],"_links":{"self":[{"href":"https:\/\/blogsaverroes.juntadeandalucia.es\/ceipriopiedras\/wp-json\/wp\/v2\/pages\/49"}],"collection":[{"href":"https:\/\/blogsaverroes.juntadeandalucia.es\/ceipriopiedras\/wp-json\/wp\/v2\/pages"}],"about":[{"href":"https:\/\/blogsaverroes.juntadeandalucia.es\/ceipriopiedras\/wp-json\/wp\/v2\/types\/page"}],"author":[{"embeddable":true,"href":"https:\/\/blogsaverroes.juntadeandalucia.es\/ceipriopiedras\/wp-json\/wp\/v2\/users\/1"}],"replies":[{"embeddable":true,"href":"https:\/\/blogsaverroes.juntadeandalucia.es\/ceipriopiedras\/wp-json\/wp\/v2\/comments?post=49"}],"version-history":[{"count":35,"href":"https:\/\/blogsaverroes.juntadeandalucia.es\/ceipriopiedras\/wp-json\/wp\/v2\/pages\/49\/revisions"}],"predecessor-version":[{"id":4627,"href":"https:\/\/blogsaverroes.juntadeandalucia.es\/ceipriopiedras\/wp-json\/wp\/v2\/pages\/49\/revisions\/4627"}],"wp:attachment":[{"href":"https:\/\/blogsaverroes.juntadeandalucia.es\/ceipriopiedras\/wp-json\/wp\/v2\/media?parent=49"}],"curies":[{"name":"wp","href":"https:\/\/api.w.org\/{rel}","templated":true}]}}