{"id":77,"date":"2015-03-16T06:54:56","date_gmt":"2015-03-16T06:54:56","guid":{"rendered":"http:\/\/blogsaverroes.juntadeandalucia.es\/pre\/ceip\/?page_id=77"},"modified":"2023-11-08T11:59:31","modified_gmt":"2023-11-08T11:59:31","slug":"secretaria","status":"publish","type":"page","link":"https:\/\/blogsaverroes.juntadeandalucia.es\/ceipriopiedras\/secretaria\/","title":{"rendered":"Secretar\u00eda"},"content":{"rendered":"<p>El horario de atenci\u00f3n al p\u00fablico de forma presencial es de lunes a viernes, de 10:00h a 12:00h.<\/p>\n<p>Tambi\u00e9n se atiende por tel\u00e9fono, de 9:00h a 14:00h, llamando al 959489616.<\/p>\n<p>Nuestro correo electr\u00f3nico es 21600726.edu@juntadeandalucia.es<\/p>\n","protected":false},"excerpt":{"rendered":"<p>El horario de atenci\u00f3n al p\u00fablico de forma presencial es de lunes a viernes, de 10:00h a 12:00h. Tambi\u00e9n se atiende por tel\u00e9fono, de 9:00h a 14:00h, llamando al 959489616. Nuestro correo electr\u00f3nico es&#46;&#46;&#46;<\/p>\n","protected":false},"author":1,"featured_media":0,"parent":0,"menu_order":0,"comment_status":"closed","ping_status":"open","template":"","meta":{"ngg_post_thumbnail":0,"footnotes":"","_mc_calendar":[]},"aioseo_notices":[],"_links":{"self":[{"href":"https:\/\/blogsaverroes.juntadeandalucia.es\/ceipriopiedras\/wp-json\/wp\/v2\/pages\/77"}],"collection":[{"href":"https:\/\/blogsaverroes.juntadeandalucia.es\/ceipriopiedras\/wp-json\/wp\/v2\/pages"}],"about":[{"href":"https:\/\/blogsaverroes.juntadeandalucia.es\/ceipriopiedras\/wp-json\/wp\/v2\/types\/page"}],"author":[{"embeddable":true,"href":"https:\/\/blogsaverroes.juntadeandalucia.es\/ceipriopiedras\/wp-json\/wp\/v2\/users\/1"}],"replies":[{"embeddable":true,"href":"https:\/\/blogsaverroes.juntadeandalucia.es\/ceipriopiedras\/wp-json\/wp\/v2\/comments?post=77"}],"version-history":[{"count":2,"href":"https:\/\/blogsaverroes.juntadeandalucia.es\/ceipriopiedras\/wp-json\/wp\/v2\/pages\/77\/revisions"}],"predecessor-version":[{"id":4472,"href":"https:\/\/blogsaverroes.juntadeandalucia.es\/ceipriopiedras\/wp-json\/wp\/v2\/pages\/77\/revisions\/4472"}],"wp:attachment":[{"href":"https:\/\/blogsaverroes.juntadeandalucia.es\/ceipriopiedras\/wp-json\/wp\/v2\/media?parent=77"}],"curies":[{"name":"wp","href":"https:\/\/api.w.org\/{rel}","templated":true}]}}