{"id":114,"date":"2017-01-04T22:59:27","date_gmt":"2017-01-04T21:59:27","guid":{"rendered":"http:\/\/blogsaverroes.juntadeandalucia.es\/ceiprodriguezvega\/?page_id=114"},"modified":"2021-03-14T13:09:33","modified_gmt":"2021-03-14T12:09:33","slug":"proyecto-educativo","status":"publish","type":"page","link":"https:\/\/blogsaverroes.juntadeandalucia.es\/ceiprodriguezvega\/centro\/proyecto-educativo\/","title":{"rendered":"Plan de Centro"},"content":{"rendered":"<p style=\"text-align: justify\">El Plan de Centro es el documento que expresa nuestras se\u00f1as de identidad. Es el aut\u00e9ntico referente, con car\u00e1cter sist\u00e9mico e integrador, del principio de autonom\u00eda pedag\u00f3gica, de organizaci\u00f3n y de gesti\u00f3n.<\/p>\n<p style=\"text-align: justify\">De acuerdo con el Decreto 328\/2010, de 13 de julio, por el que se aprueba el Reglamento Org\u00e1nico de las escuelas infantiles de segundo ciclo, de los colegios de educaci\u00f3n primaria, y de los centros p\u00fablicos espec\u00edficos de educaci\u00f3n especial (BOJA 16\/07\/2010), los documentos que integran el Plan de Centro son los siguientes:<\/p>\n<ul>\n<li style=\"text-align: justify\">Proyecto Educativo.<\/li>\n<li style=\"text-align: justify\">Reglamento de Organizaci\u00f3n y Funcionamiento.<\/li>\n<li style=\"text-align: justify\">Proyecto de Gesti\u00f3n.<\/li>\n<\/ul>\n<p><img loading=\"lazy\" decoding=\"async\" class=\"aligncenter size-full wp-image-441\" src=\"https:\/\/blogsaverroes.juntadeandalucia.es\/ceiprodriguezvega\/files\/2021\/03\/Sin-ti\u0301tulo-2.png\" alt=\"\" width=\"1600\" height=\"451\" srcset=\"https:\/\/blogsaverroes.juntadeandalucia.es\/ceiprodriguezvega\/files\/2021\/03\/Sin-ti\u0301tulo-2.png 1600w, https:\/\/blogsaverroes.juntadeandalucia.es\/ceiprodriguezvega\/files\/2021\/03\/Sin-ti\u0301tulo-2-300x84.png 300w, https:\/\/blogsaverroes.juntadeandalucia.es\/ceiprodriguezvega\/files\/2021\/03\/Sin-ti\u0301tulo-2-1024x288.png 1024w, https:\/\/blogsaverroes.juntadeandalucia.es\/ceiprodriguezvega\/files\/2021\/03\/Sin-ti\u0301tulo-2-768x216.png 768w, https:\/\/blogsaverroes.juntadeandalucia.es\/ceiprodriguezvega\/files\/2021\/03\/Sin-ti\u0301tulo-2-1536x433.png 1536w, https:\/\/blogsaverroes.juntadeandalucia.es\/ceiprodriguezvega\/files\/2021\/03\/Sin-ti\u0301tulo-2-2048x577.png 2048w\" sizes=\"(max-width: 1600px) 100vw, 1600px\" \/><\/p>\n","protected":false},"excerpt":{"rendered":"<p>El Plan de Centro es el documento que expresa nuestras se\u00f1as de identidad. Es el aut\u00e9ntico referente, con car\u00e1cter sist\u00e9mico e integrador, del principio de autonom\u00eda pedag\u00f3gica, de organizaci\u00f3n y de gesti\u00f3n. De acuerdo&#46;&#46;&#46;<\/p>\n","protected":false},"author":2153,"featured_media":0,"parent":28,"menu_order":1,"comment_status":"open","ping_status":"closed","template":"","meta":{"ngg_post_thumbnail":0,"footnotes":""},"aioseo_notices":[],"_links":{"self":[{"href":"https:\/\/blogsaverroes.juntadeandalucia.es\/ceiprodriguezvega\/wp-json\/wp\/v2\/pages\/114"}],"collection":[{"href":"https:\/\/blogsaverroes.juntadeandalucia.es\/ceiprodriguezvega\/wp-json\/wp\/v2\/pages"}],"about":[{"href":"https:\/\/blogsaverroes.juntadeandalucia.es\/ceiprodriguezvega\/wp-json\/wp\/v2\/types\/page"}],"author":[{"embeddable":true,"href":"https:\/\/blogsaverroes.juntadeandalucia.es\/ceiprodriguezvega\/wp-json\/wp\/v2\/users\/2153"}],"replies":[{"embeddable":true,"href":"https:\/\/blogsaverroes.juntadeandalucia.es\/ceiprodriguezvega\/wp-json\/wp\/v2\/comments?post=114"}],"version-history":[{"count":6,"href":"https:\/\/blogsaverroes.juntadeandalucia.es\/ceiprodriguezvega\/wp-json\/wp\/v2\/pages\/114\/revisions"}],"predecessor-version":[{"id":442,"href":"https:\/\/blogsaverroes.juntadeandalucia.es\/ceiprodriguezvega\/wp-json\/wp\/v2\/pages\/114\/revisions\/442"}],"up":[{"embeddable":true,"href":"https:\/\/blogsaverroes.juntadeandalucia.es\/ceiprodriguezvega\/wp-json\/wp\/v2\/pages\/28"}],"wp:attachment":[{"href":"https:\/\/blogsaverroes.juntadeandalucia.es\/ceiprodriguezvega\/wp-json\/wp\/v2\/media?parent=114"}],"curies":[{"name":"wp","href":"https:\/\/api.w.org\/{rel}","templated":true}]}}