{"id":116,"date":"2017-01-04T22:59:40","date_gmt":"2017-01-04T21:59:40","guid":{"rendered":"http:\/\/blogsaverroes.juntadeandalucia.es\/ceiprodriguezvega\/?page_id=116"},"modified":"2021-03-14T13:27:16","modified_gmt":"2021-03-14T12:27:16","slug":"planes-y-programas","status":"publish","type":"page","link":"https:\/\/blogsaverroes.juntadeandalucia.es\/ceiprodriguezvega\/centro\/planes-y-programas\/","title":{"rendered":"Planes y Programas"},"content":{"rendered":"<p style=\"text-align: justify\">La cada vez m\u00e1s compleja realidad social de nuestro tiempo hace que sea necesario abordar, desde el sistema educativo, todos aquellos aspectos de la misma que puedan ser mejorados a trav\u00e9s de la educaci\u00f3n. Para ello se ha dise\u00f1ado y se va completando continuamente un variado programa de actuaciones para desarrollar las distintas tem\u00e1ticas y aspectos que preocupan en nuestra sociedad.<\/p>\n<p style=\"text-align: justify\">En este sentido nuestro Centro persigue la formaci\u00f3n integral del alumnado a trav\u00e9s del desarrollo de otras capacidades que ser\u00e1n igualmente necesarias para su futuro. Esta formaci\u00f3n se realiza a trav\u00e9s de proyectos transversales a lo largo de todos los a\u00f1os de su vida escolar. Abarcan desde la lectura y las bibliotecas escolares, el biling\u00fcismo, la educaci\u00f3n en valores, hasta la salud, el medio ambiente, el consumo responsable, etc.<\/p>\n<p style=\"text-align: justify\">Los principales planes y programas que se desarrollan en nuestro Centro son:<\/p>\n<ul>\n<li style=\"text-align: justify\"><strong><span style=\"text-decoration: underline\">Programa de Centro Biling\u00fce<\/span>.<\/strong> La implantaci\u00f3n del pluriling\u00fcismo a lo largo y ancho de Andaluc\u00eda tiene como objetivo la mejora paulatina de la competencia ling\u00fc\u00edstica, tanto de la lengua castellana, patrimonio del que gozamos como hablantes, como de, al menos, una lengua extranjera.<\/li>\n<li style=\"text-align: justify\"><strong><span style=\"text-decoration: underline\">Plan de Lectura y de Bibliotecas Escolares<\/span>.<\/strong> El Plan de Biblioteca contribuye al desarrollo de las competencias b\u00e1sicas y a apoyar a todas las \u00e1reas, facilitando acciones transversales e interdisciplinares. Se elaborar\u00e1 un plan anual de trabajo, que estar\u00e1 en estrecha colaboraci\u00f3n con el Plan Lector, el cual se encuentra en nuestro Proyecto Educativo.<\/li>\n<li style=\"text-align: justify\"><span style=\"text-decoration: underline\"><strong>Red Andaluza Escuela: \u00abEspacio de Paz\u00bb<\/strong><\/span><strong>.<\/strong> La Red Andaluza \u00abEscuela: Espacio de Paz\u00bb es una red de centros interesados en compartir iniciativas, recursos y experiencias para la mejora de la convivencia escolar y la difusi\u00f3n de la cultura de paz, contrayendo un compromiso de profundizaci\u00f3n en aspectos concretos de su Plan de Convivencia.<\/li>\n<li style=\"text-align: justify\"><strong><span style=\"text-decoration: underline\">Plan de Igualdad de G\u00e9nero en Educaci\u00f3n<\/span>. <\/strong>Orientado a toda la comunidad educativa, constituye un instrumento id\u00f3neo para programar y desarrollar actuaciones que promuevan la igualdad de g\u00e9nero en el Centro.<\/li>\n<li style=\"text-align: justify\"><strong><span style=\"text-decoration: underline\">Programa Escuelas Deportivas<\/span>. <\/strong>Programa que se proyecta como veh\u00edculo de iniciaci\u00f3n y promoci\u00f3n deportiva. La finalidad principal es realizar una oferta multideportiva, en horario no lectivo, con la intenci\u00f3n de fomentar el deporte en edad escolar, promocionando la educaci\u00f3n en valores y el desarrollo pleno e integral de la personalidad del alumnado.<\/li>\n<li style=\"text-align: justify\"><strong><span style=\"text-decoration: underline\">Plan de Transformaci\u00f3n Digital Educativa<\/span>.<\/strong> Programa de digitalizaci\u00f3n de centros, con el objetivo de impulsar y apoyar la transformaci\u00f3n de los centros docentes en organizaciones educativas digitalmente competentes.<\/li>\n<li style=\"text-align: justify\"><span style=\"text-decoration: underline\"><strong>Plan de Salud Laboral y P.R.L.<\/strong><\/span> El Plan de Autoprotecci\u00f3n del Centro es el sistema de acciones y medidas, encaminadas a prevenir y controlar los riesgos sobre las personas y los bienes, a dar respuestas adecuadas a las posibles situaciones de emergencia y a garantizar la integraci\u00f3n de estas actuaciones en el sistema p\u00fablico de protecci\u00f3n civil. Sirve para prevenir riesgos, organizando las actuaciones m\u00e1s adecuadas con los medios humanos y materiales propios disponibles en el Centro.<\/li>\n<li style=\"text-align: justify\"><strong><span style=\"text-decoration: underline\">Pr\u00e1cticas de alumnado universitario<\/span>. <\/strong>Las pr\u00e1cticas acad\u00e9micas externas contribuyen a la formaci\u00f3n integral del alumnado universitario, complementando su aprendizaje te\u00f3rico y pr\u00e1ctico, facilitando el conocimiento de la metodolog\u00eda de trabajo adecuada a la realidad profesional y favoreciendo el desarrollo de competencias t\u00e9cnicas, metodol\u00f3gicas, personales y participativas, de acuerdo con lo establecido en el Real Decreto 592\/2014, de 11 de julio, por el que se regulan las pr\u00e1cticas acad\u00e9micas externas de los estudiantes universitarios.<\/li>\n<\/ul>\n","protected":false},"excerpt":{"rendered":"<p>La cada vez m\u00e1s compleja realidad social de nuestro tiempo hace que sea necesario abordar, desde el sistema educativo, todos aquellos aspectos de la misma que puedan ser mejorados a trav\u00e9s de la educaci\u00f3n.&#46;&#46;&#46;<\/p>\n","protected":false},"author":2153,"featured_media":410,"parent":28,"menu_order":2,"comment_status":"open","ping_status":"closed","template":"","meta":{"ngg_post_thumbnail":0,"footnotes":""},"aioseo_notices":[],"_links":{"self":[{"href":"https:\/\/blogsaverroes.juntadeandalucia.es\/ceiprodriguezvega\/wp-json\/wp\/v2\/pages\/116"}],"collection":[{"href":"https:\/\/blogsaverroes.juntadeandalucia.es\/ceiprodriguezvega\/wp-json\/wp\/v2\/pages"}],"about":[{"href":"https:\/\/blogsaverroes.juntadeandalucia.es\/ceiprodriguezvega\/wp-json\/wp\/v2\/types\/page"}],"author":[{"embeddable":true,"href":"https:\/\/blogsaverroes.juntadeandalucia.es\/ceiprodriguezvega\/wp-json\/wp\/v2\/users\/2153"}],"replies":[{"embeddable":true,"href":"https:\/\/blogsaverroes.juntadeandalucia.es\/ceiprodriguezvega\/wp-json\/wp\/v2\/comments?post=116"}],"version-history":[{"count":7,"href":"https:\/\/blogsaverroes.juntadeandalucia.es\/ceiprodriguezvega\/wp-json\/wp\/v2\/pages\/116\/revisions"}],"predecessor-version":[{"id":445,"href":"https:\/\/blogsaverroes.juntadeandalucia.es\/ceiprodriguezvega\/wp-json\/wp\/v2\/pages\/116\/revisions\/445"}],"up":[{"embeddable":true,"href":"https:\/\/blogsaverroes.juntadeandalucia.es\/ceiprodriguezvega\/wp-json\/wp\/v2\/pages\/28"}],"wp:featuredmedia":[{"embeddable":true,"href":"https:\/\/blogsaverroes.juntadeandalucia.es\/ceiprodriguezvega\/wp-json\/wp\/v2\/media\/410"}],"wp:attachment":[{"href":"https:\/\/blogsaverroes.juntadeandalucia.es\/ceiprodriguezvega\/wp-json\/wp\/v2\/media?parent=116"}],"curies":[{"name":"wp","href":"https:\/\/api.w.org\/{rel}","templated":true}]}}