{"id":225,"date":"2017-01-10T21:32:15","date_gmt":"2017-01-10T20:32:15","guid":{"rendered":"http:\/\/blogsaverroes.juntadeandalucia.es\/ceiprodriguezvega\/?page_id=225"},"modified":"2021-03-25T11:36:32","modified_gmt":"2021-03-25T10:36:32","slug":"recursos-educativos","status":"publish","type":"page","link":"https:\/\/blogsaverroes.juntadeandalucia.es\/ceiprodriguezvega\/recursos-educativos\/","title":{"rendered":"Recursos educativos"},"content":{"rendered":"<p style=\"text-align: justify\">P\u00e1gina en la que accediendo a las distintas pesta\u00f1as podremos encontrar distintos recursos educativos por \u00e1reas:<\/p>\n<ul>\n<li style=\"text-align: justify\">Lengua Castellana y Literatura.<\/li>\n<li style=\"text-align: justify\">Matem\u00e1ticas.<\/li>\n<li style=\"text-align: justify\">Biling\u00fcismo.<\/li>\n<li style=\"text-align: justify\">Enlaces.<\/li>\n<\/ul>\n<p>&nbsp;<\/p>\n","protected":false},"excerpt":{"rendered":"<p>P\u00e1gina en la que accediendo a las distintas pesta\u00f1as podremos encontrar distintos recursos educativos por \u00e1reas: Lengua Castellana y Literatura. Matem\u00e1ticas. Biling\u00fcismo. Enlaces. &nbsp;<\/p>\n","protected":false},"author":2153,"featured_media":0,"parent":0,"menu_order":0,"comment_status":"open","ping_status":"open","template":"","meta":{"ngg_post_thumbnail":0,"footnotes":""},"aioseo_notices":[],"_links":{"self":[{"href":"https:\/\/blogsaverroes.juntadeandalucia.es\/ceiprodriguezvega\/wp-json\/wp\/v2\/pages\/225"}],"collection":[{"href":"https:\/\/blogsaverroes.juntadeandalucia.es\/ceiprodriguezvega\/wp-json\/wp\/v2\/pages"}],"about":[{"href":"https:\/\/blogsaverroes.juntadeandalucia.es\/ceiprodriguezvega\/wp-json\/wp\/v2\/types\/page"}],"author":[{"embeddable":true,"href":"https:\/\/blogsaverroes.juntadeandalucia.es\/ceiprodriguezvega\/wp-json\/wp\/v2\/users\/2153"}],"replies":[{"embeddable":true,"href":"https:\/\/blogsaverroes.juntadeandalucia.es\/ceiprodriguezvega\/wp-json\/wp\/v2\/comments?post=225"}],"version-history":[{"count":4,"href":"https:\/\/blogsaverroes.juntadeandalucia.es\/ceiprodriguezvega\/wp-json\/wp\/v2\/pages\/225\/revisions"}],"predecessor-version":[{"id":536,"href":"https:\/\/blogsaverroes.juntadeandalucia.es\/ceiprodriguezvega\/wp-json\/wp\/v2\/pages\/225\/revisions\/536"}],"wp:attachment":[{"href":"https:\/\/blogsaverroes.juntadeandalucia.es\/ceiprodriguezvega\/wp-json\/wp\/v2\/media?parent=225"}],"curies":[{"name":"wp","href":"https:\/\/api.w.org\/{rel}","templated":true}]}}