{"id":28,"date":"2016-10-22T23:25:25","date_gmt":"2016-10-22T21:25:25","guid":{"rendered":"http:\/\/blogsaverroes.juntadeandalucia.es\/ceiprodriguezvega\/?page_id=28"},"modified":"2021-03-12T17:45:48","modified_gmt":"2021-03-12T16:45:48","slug":"centro","status":"publish","type":"page","link":"https:\/\/blogsaverroes.juntadeandalucia.es\/ceiprodriguezvega\/centro\/","title":{"rendered":"Centro"},"content":{"rendered":"<p>P\u00e1gina en la que accediendo a las distintas pesta\u00f1as podremos encontrar informaci\u00f3n sobre:<\/p>\n<ul>\n<li>Datos del Centro.<\/li>\n<li>Historia del Centro.<\/li>\n<li>Plan de Centro.<\/li>\n<li>Planes y Programas.<\/li>\n<\/ul>\n","protected":false},"excerpt":{"rendered":"<p>P\u00e1gina en la que accediendo a las distintas pesta\u00f1as podremos encontrar informaci\u00f3n sobre: Datos del Centro. Historia del Centro. Plan de Centro. Planes y Programas.<\/p>\n","protected":false},"author":2153,"featured_media":0,"parent":0,"menu_order":0,"comment_status":"open","ping_status":"open","template":"","meta":{"ngg_post_thumbnail":0,"footnotes":""},"aioseo_notices":[],"_links":{"self":[{"href":"https:\/\/blogsaverroes.juntadeandalucia.es\/ceiprodriguezvega\/wp-json\/wp\/v2\/pages\/28"}],"collection":[{"href":"https:\/\/blogsaverroes.juntadeandalucia.es\/ceiprodriguezvega\/wp-json\/wp\/v2\/pages"}],"about":[{"href":"https:\/\/blogsaverroes.juntadeandalucia.es\/ceiprodriguezvega\/wp-json\/wp\/v2\/types\/page"}],"author":[{"embeddable":true,"href":"https:\/\/blogsaverroes.juntadeandalucia.es\/ceiprodriguezvega\/wp-json\/wp\/v2\/users\/2153"}],"replies":[{"embeddable":true,"href":"https:\/\/blogsaverroes.juntadeandalucia.es\/ceiprodriguezvega\/wp-json\/wp\/v2\/comments?post=28"}],"version-history":[{"count":5,"href":"https:\/\/blogsaverroes.juntadeandalucia.es\/ceiprodriguezvega\/wp-json\/wp\/v2\/pages\/28\/revisions"}],"predecessor-version":[{"id":417,"href":"https:\/\/blogsaverroes.juntadeandalucia.es\/ceiprodriguezvega\/wp-json\/wp\/v2\/pages\/28\/revisions\/417"}],"wp:attachment":[{"href":"https:\/\/blogsaverroes.juntadeandalucia.es\/ceiprodriguezvega\/wp-json\/wp\/v2\/media?parent=28"}],"curies":[{"name":"wp","href":"https:\/\/api.w.org\/{rel}","templated":true}]}}