{"id":347,"date":"2019-10-20T14:40:16","date_gmt":"2019-10-20T12:40:16","guid":{"rendered":"http:\/\/blogsaverroes.juntadeandalucia.es\/ceiprodriguezvega\/?page_id=347"},"modified":"2019-10-20T14:49:32","modified_gmt":"2019-10-20T12:49:32","slug":"equipos-de-ciclo","status":"publish","type":"page","link":"https:\/\/blogsaverroes.juntadeandalucia.es\/ceiprodriguezvega\/documentos\/equipos-de-ciclo\/","title":{"rendered":"Equipos de Ciclo"},"content":{"rendered":"<p><a href=\"https:\/\/blogsaverroes.juntadeandalucia.es\/ceiprodriguezvega\/files\/2019\/10\/3.-Acuerdos-espec\u00edficos-a-nivel-de-metodolog\u00eda-y-materiales-colores-1.pdf\">1. Acuerdos espec\u00edficos a nivel de metodolog\u00eda y materiales (Educaci\u00f3n Infantil)<\/a><\/p>\n<p><a href=\"https:\/\/blogsaverroes.juntadeandalucia.es\/ceiprodriguezvega\/files\/2019\/10\/3.-Acuerdos-espec\u00edficos-a-nivel-de-metodolog\u00eda-y-materiales-colores.pdf\">2. Acuerdos espec\u00edficos a nivel de metodolog\u00eda y materiales (Educaci\u00f3n Primaria)<\/a><\/p>\n","protected":false},"excerpt":{"rendered":"<p>1. Acuerdos espec\u00edficos a nivel de metodolog\u00eda y materiales (Educaci\u00f3n Infantil) 2. Acuerdos espec\u00edficos a nivel de metodolog\u00eda y materiales (Educaci\u00f3n Primaria)<\/p>\n","protected":false},"author":2153,"featured_media":0,"parent":101,"menu_order":0,"comment_status":"closed","ping_status":"closed","template":"","meta":{"ngg_post_thumbnail":0,"footnotes":""},"aioseo_notices":[],"_links":{"self":[{"href":"https:\/\/blogsaverroes.juntadeandalucia.es\/ceiprodriguezvega\/wp-json\/wp\/v2\/pages\/347"}],"collection":[{"href":"https:\/\/blogsaverroes.juntadeandalucia.es\/ceiprodriguezvega\/wp-json\/wp\/v2\/pages"}],"about":[{"href":"https:\/\/blogsaverroes.juntadeandalucia.es\/ceiprodriguezvega\/wp-json\/wp\/v2\/types\/page"}],"author":[{"embeddable":true,"href":"https:\/\/blogsaverroes.juntadeandalucia.es\/ceiprodriguezvega\/wp-json\/wp\/v2\/users\/2153"}],"replies":[{"embeddable":true,"href":"https:\/\/blogsaverroes.juntadeandalucia.es\/ceiprodriguezvega\/wp-json\/wp\/v2\/comments?post=347"}],"version-history":[{"count":4,"href":"https:\/\/blogsaverroes.juntadeandalucia.es\/ceiprodriguezvega\/wp-json\/wp\/v2\/pages\/347\/revisions"}],"predecessor-version":[{"id":355,"href":"https:\/\/blogsaverroes.juntadeandalucia.es\/ceiprodriguezvega\/wp-json\/wp\/v2\/pages\/347\/revisions\/355"}],"up":[{"embeddable":true,"href":"https:\/\/blogsaverroes.juntadeandalucia.es\/ceiprodriguezvega\/wp-json\/wp\/v2\/pages\/101"}],"wp:attachment":[{"href":"https:\/\/blogsaverroes.juntadeandalucia.es\/ceiprodriguezvega\/wp-json\/wp\/v2\/media?parent=347"}],"curies":[{"name":"wp","href":"https:\/\/api.w.org\/{rel}","templated":true}]}}