{"id":512,"date":"2021-03-17T17:34:41","date_gmt":"2021-03-17T16:34:41","guid":{"rendered":"http:\/\/blogsaverroes.juntadeandalucia.es\/ceiprodriguezvega\/?page_id=512"},"modified":"2021-03-25T14:23:56","modified_gmt":"2021-03-25T13:23:56","slug":"educacion-infantil","status":"publish","type":"page","link":"https:\/\/blogsaverroes.juntadeandalucia.es\/ceiprodriguezvega\/educacion-infantil\/","title":{"rendered":"Educaci\u00f3n Infantil"},"content":{"rendered":"<ol>\n<li style=\"text-align: justify\"><a href=\"https:\/\/drive.google.com\/file\/d\/1YME1VNXNzgta5WfoTBA5HIixy5cZQmIa\/view?usp=sharing\" target=\"_blank\" rel=\"noopener noreferrer\">Orden de 29 de diciembre de 2008, por la que se establece la ordenaci\u00f3n de la evaluaci\u00f3n en la Educaci\u00f3n Infantil en la Comunidad Aut\u00f3noma de Andaluc\u00eda.<\/a><\/li>\n<li style=\"text-align: justify\"><a href=\"https:\/\/drive.google.com\/file\/d\/1wMhu6Ik_kTV3QeT9AWVlWYQBgDkyghCn\/view?usp=sharing\" target=\"_blank\" rel=\"noopener noreferrer\">Orden de 5 de agosto de 2008, por la que se desarrolla el curr\u00edculo correspondiente a la Educaci\u00f3n Infantil en Andaluc\u00eda.<\/a><\/li>\n<li style=\"text-align: justify\"><a href=\"https:\/\/drive.google.com\/file\/d\/1D1Iz6z6fLDxx5VMJwkjE42cBE22HL7tJ\/view?usp=sharing\" target=\"_blank\" rel=\"noopener noreferrer\">Decreto 428\/2008, de 29 de julio, por el que se establece la ordenaci\u00f3n y las ense\u00f1anzas correspondientes a la Educaci\u00f3n Infantil en Andaluc\u00eda.<\/a><\/li>\n<li style=\"text-align: justify\"><a href=\"https:\/\/drive.google.com\/file\/d\/1YnqHhhNMHjjCC9FnYEQZF3OY4r2HBLHd\/view?usp=sharing\" target=\"_blank\" rel=\"noopener noreferrer\">Real Decreto 1630\/2006, de 29 de diciembre, por el que se establecen las ense\u00f1anzas m\u00ednimas del segundo ciclo de Educaci\u00f3n Infantil.<\/a><\/li>\n<\/ol>\n","protected":false},"excerpt":{"rendered":"<p>Orden de 29 de diciembre de 2008, por la que se establece la ordenaci\u00f3n de la evaluaci\u00f3n en la Educaci\u00f3n Infantil en la Comunidad Aut\u00f3noma de Andaluc\u00eda. Orden de 5 de agosto de 2008,&#46;&#46;&#46;<\/p>\n","protected":false},"author":2153,"featured_media":0,"parent":0,"menu_order":0,"comment_status":"closed","ping_status":"closed","template":"","meta":{"ngg_post_thumbnail":0,"footnotes":""},"aioseo_notices":[],"_links":{"self":[{"href":"https:\/\/blogsaverroes.juntadeandalucia.es\/ceiprodriguezvega\/wp-json\/wp\/v2\/pages\/512"}],"collection":[{"href":"https:\/\/blogsaverroes.juntadeandalucia.es\/ceiprodriguezvega\/wp-json\/wp\/v2\/pages"}],"about":[{"href":"https:\/\/blogsaverroes.juntadeandalucia.es\/ceiprodriguezvega\/wp-json\/wp\/v2\/types\/page"}],"author":[{"embeddable":true,"href":"https:\/\/blogsaverroes.juntadeandalucia.es\/ceiprodriguezvega\/wp-json\/wp\/v2\/users\/2153"}],"replies":[{"embeddable":true,"href":"https:\/\/blogsaverroes.juntadeandalucia.es\/ceiprodriguezvega\/wp-json\/wp\/v2\/comments?post=512"}],"version-history":[{"count":7,"href":"https:\/\/blogsaverroes.juntadeandalucia.es\/ceiprodriguezvega\/wp-json\/wp\/v2\/pages\/512\/revisions"}],"predecessor-version":[{"id":555,"href":"https:\/\/blogsaverroes.juntadeandalucia.es\/ceiprodriguezvega\/wp-json\/wp\/v2\/pages\/512\/revisions\/555"}],"wp:attachment":[{"href":"https:\/\/blogsaverroes.juntadeandalucia.es\/ceiprodriguezvega\/wp-json\/wp\/v2\/media?parent=512"}],"curies":[{"name":"wp","href":"https:\/\/api.w.org\/{rel}","templated":true}]}}