{"id":514,"date":"2021-03-17T17:34:55","date_gmt":"2021-03-17T16:34:55","guid":{"rendered":"http:\/\/blogsaverroes.juntadeandalucia.es\/ceiprodriguezvega\/?page_id=514"},"modified":"2021-03-25T13:34:48","modified_gmt":"2021-03-25T12:34:48","slug":"educacion-primaria","status":"publish","type":"page","link":"https:\/\/blogsaverroes.juntadeandalucia.es\/ceiprodriguezvega\/educacion-primaria\/","title":{"rendered":"Educaci\u00f3n Primaria"},"content":{"rendered":"<ol>\n<li style=\"text-align: justify\"><a href=\"https:\/\/drive.google.com\/file\/d\/16nWwzstlZR9ZNJK8S9ftXRNIUtpJXD1L\/view?usp=sharing\" target=\"_blank\" rel=\"noopener noreferrer\">Orden de 15 de enero de 2021, por la que se desarrolla el curr\u00edculo correspondiente a la etapa de Educaci\u00f3n Primaria en Andaluc\u00eda.<\/a><\/li>\n<li style=\"text-align: justify\"><a href=\"https:\/\/drive.google.com\/file\/d\/1gdnYOb8WKVPXSjDsFE8V545EvimgVT-b\/view?usp=sharing\" target=\"_blank\" rel=\"noopener noreferrer\">Anexo I. Orden de 15 de enero de 2021.<\/a><\/li>\n<li style=\"text-align: justify\"><a href=\"https:\/\/drive.google.com\/file\/d\/1FjMFXdZgawV1t4GmUsvLz2PpQKH5EYPv\/view?usp=sharing\" target=\"_blank\" rel=\"noopener noreferrer\">Anexo II. Orden de 15 de enero de 2021.<\/a><\/li>\n<li style=\"text-align: justify\"><a href=\"https:\/\/drive.google.com\/file\/d\/1nik6UTJwwkz3uPkp7Tkj2eA6iDk3UPLC\/view?usp=sharing\" target=\"_blank\" rel=\"noopener noreferrer\">Anexo III. Orden de 15 de enero de 2021.<\/a><\/li>\n<li style=\"text-align: justify\"><a href=\"https:\/\/drive.google.com\/file\/d\/1dYE4lHvA62-uDK83SQKxnYfL-_EGzNJX\/view?usp=sharing\" target=\"_blank\" rel=\"noopener noreferrer\">Anexo IV. Orden de 15 de enero de 2021.<\/a><\/li>\n<li style=\"text-align: justify\"><a href=\"https:\/\/drive.google.com\/file\/d\/1R6fauFmu6ZfR7-nPKksTKhGV0iJ9TODG\/view?usp=sharing\" target=\"_blank\" rel=\"noopener noreferrer\">Anexo V y VI. Orden de 15 de enero de 2021.<\/a><\/li>\n<li style=\"text-align: justify\"><a href=\"https:\/\/drive.google.com\/file\/d\/16m-sloRDmlZ2i1D7M9EJTD4fFr-L-KQK\/view?usp=sharing\" target=\"_blank\" rel=\"noopener noreferrer\">Decreto 97\/2015, de 3 de marzo, por la que se establece la ordenacio\u0301n y el curri\u0301culo de la Educacio\u0301n Primaria en Andaluci\u0301a.<\/a><\/li>\n<li style=\"text-align: justify\"><a href=\"https:\/\/drive.google.com\/file\/d\/1EMh83JeMVAwVY1ttaEmEkx0syhgGDToS\/view?usp=sharing\" target=\"_blank\" rel=\"noopener noreferrer\">Decreto 181\/2020, de 10 de noviembre, por el que se modifica el Decreto 97\/2015, de 3 de marzo.<\/a><\/li>\n<li style=\"text-align: justify\"><a href=\"https:\/\/drive.google.com\/file\/d\/1PIMoeSmDV1Au1Qbx4vCjcGIDDlM5X3Jp\/view?usp=sharing\" target=\"_blank\" rel=\"noopener noreferrer\">Orden de 4 de noviembre de 2015, por la que se establece la ordenaci\u00f3n de la evaluaci\u00f3n del proceso de aprendizaje del alumnado de educaci\u00f3n Primaria en la Comunidad Aut\u00f3noma de Andaluc\u00eda.<\/a><\/li>\n<\/ol>\n<p>&nbsp;<\/p>\n","protected":false},"excerpt":{"rendered":"<p>Orden de 15 de enero de 2021, por la que se desarrolla el curr\u00edculo correspondiente a la etapa de Educaci\u00f3n Primaria en Andaluc\u00eda. Anexo I. Orden de 15 de enero de 2021. Anexo II.&#46;&#46;&#46;<\/p>\n","protected":false},"author":2153,"featured_media":0,"parent":0,"menu_order":0,"comment_status":"closed","ping_status":"closed","template":"","meta":{"ngg_post_thumbnail":0,"footnotes":""},"aioseo_notices":[],"_links":{"self":[{"href":"https:\/\/blogsaverroes.juntadeandalucia.es\/ceiprodriguezvega\/wp-json\/wp\/v2\/pages\/514"}],"collection":[{"href":"https:\/\/blogsaverroes.juntadeandalucia.es\/ceiprodriguezvega\/wp-json\/wp\/v2\/pages"}],"about":[{"href":"https:\/\/blogsaverroes.juntadeandalucia.es\/ceiprodriguezvega\/wp-json\/wp\/v2\/types\/page"}],"author":[{"embeddable":true,"href":"https:\/\/blogsaverroes.juntadeandalucia.es\/ceiprodriguezvega\/wp-json\/wp\/v2\/users\/2153"}],"replies":[{"embeddable":true,"href":"https:\/\/blogsaverroes.juntadeandalucia.es\/ceiprodriguezvega\/wp-json\/wp\/v2\/comments?post=514"}],"version-history":[{"count":7,"href":"https:\/\/blogsaverroes.juntadeandalucia.es\/ceiprodriguezvega\/wp-json\/wp\/v2\/pages\/514\/revisions"}],"predecessor-version":[{"id":549,"href":"https:\/\/blogsaverroes.juntadeandalucia.es\/ceiprodriguezvega\/wp-json\/wp\/v2\/pages\/514\/revisions\/549"}],"wp:attachment":[{"href":"https:\/\/blogsaverroes.juntadeandalucia.es\/ceiprodriguezvega\/wp-json\/wp\/v2\/media?parent=514"}],"curies":[{"name":"wp","href":"https:\/\/api.w.org\/{rel}","templated":true}]}}